{"id":13626,"date":"2022-09-10T03:07:23","date_gmt":"2022-09-10T03:07:23","guid":{"rendered":"https:\/\/alterlock.net\/bewertung-feedback\/"},"modified":"2025-05-02T02:22:28","modified_gmt":"2025-05-02T02:22:28","slug":"review-feedback","status":"publish","type":"page","link":"https:\/\/alterlock.net\/de\/review-feedback","title":{"rendered":"\u00dcberpr\u00fcfung &amp; Feedback"},"content":{"rendered":"\n<div class=\"wp-block-cover alignfull is-light has-custom-content-position is-position-bottom-center page-title-cover\" style=\"min-height:320px;aspect-ratio:unset;\"><span aria-hidden=\"true\" class=\"wp-block-cover__background has-background-dim-100 has-background-dim has-background-gradient\" style=\"background:linear-gradient(135deg,rgb(1,160,196) 17%,rgb(1,67,153) 67%)\"><\/span><div class=\"wp-block-cover__inner-container is-layout-flow wp-block-cover-is-layout-flow\">\n<h1 class=\"wp-block-heading has-text-align-left has-ast-global-color-6-color has-text-color\">\u00dcberpr\u00fcfung &amp; Feedback<\/h1>\n\n\n\n<p class=\"has-ast-global-color-6-color has-text-color\"><\/p>\n<\/div><\/div>\n\n<div class=\"wp-block-group alignfull is-layout-constrained wp-container-core-group-is-layout-f92d921b wp-block-group-is-layout-constrained\">\n<p>Vielen Dank f\u00fcr die Nutzung von AlterLock.<br\/>Sollten Sie unsere Anwendung oder unseren Dienst sch\u00e4tzen, w\u00fcrden wir uns sehr dar\u00fcber freuen, wenn Sie uns Ihre Meinung in einer Bewertung mitteilen w\u00fcrden.<\/p>\n\n\n\n<div class=\"wp-block-uagb-star-rating uagb-block-ec9d390e\"><div class=\"uag-star-rating\" title=\"5\/5\"><span class=\"uag-star\">\u2605<\/span><span class=\"uag-star\">\u2605<\/span><span class=\"uag-star\">\u2605<\/span><span class=\"uag-star\">\u2605<\/span><span class=\"uag-star\">\u2605<\/span><\/div><\/div>\n\n\n\n<div class=\"wp-block-buttons is-vertical is-content-justification-center is-layout-flex wp-container-core-buttons-is-layout-ce155fab wp-block-buttons-is-layout-flex\">\n<div class=\"wp-block-button has-custom-width wp-block-button__width-100\"><a class=\"wp-block-button__link wp-element-button\" href=\"https:\/\/itunes.apple.com\/gb\/app\/itunes-u\/id1418389534?action=write-review\" target=\"_blank\" rel=\"noreferrer noopener\">Eine Bewertung schreiben (iOS)<\/a><\/div>\n\n\n\n<div class=\"wp-block-button has-custom-width wp-block-button__width-100\"><a class=\"wp-block-button__link wp-element-button\" href=\"https:\/\/play.google.com\/store\/apps\/details?id=net.nextscape.alterlock\" target=\"_blank\" rel=\"noreferrer noopener\">Eine Bewertung schreiben (Android)<\/a><\/div>\n<\/div>\n\n\n\n<div class=\"wp-block-uagb-separator uagb-block-8e81a3d6\"><div class=\"wp-block-uagb-separator__inner\" style=\"--my-background-image:\"><\/div><\/div>\n\n\n\n<h3 class=\"wp-block-heading has-text-align-center\">Feedback senden<\/h3>\n\n\n\n<p>Sollten Sie Probleme oder Anregungen haben, w\u00fcrden wir Ihr Feedback sehr sch\u00e4tzen.<br\/>Da dieses Formular keine pers\u00f6nlichen Informationen enth\u00e4lt, <strong><i><mark style=\"background-color:rgba(0, 0, 0, 0)\" class=\"has-inline-color has-ast-global-color-1-color\">sind wir leider nicht in der Lage, individuelle Antworten zu geben.<\/mark><\/i><\/strong><br\/>Falls Sie Unterst\u00fctzung oder eine R\u00fcckmeldung ben\u00f6tigen, kontaktieren Sie uns bitte \u00fcber das Men\u00fc &#8218;Support&#8216;.<\/p>\n\n\n<div class=\"wpforms-container wpforms-container-full wpforms-block wpforms-block-2ab5a4d1-dee5-45ad-b247-8cf03f15f3cd\" id=\"wpforms-773\"><form id=\"wpforms-form-773\" class=\"wpforms-validate wpforms-form wpforms-ajax-form\" data-formid=\"773\" method=\"post\" enctype=\"multipart\/form-data\" action=\"\/de\/wp-json\/wp\/v2\/pages\/13626\" data-token=\"1eb1608cc9cf9938539db0633473feff\" data-token-time=\"1777572993\"><noscript class=\"wpforms-error-noscript\">Bitte aktiviere JavaScript in deinem Browser, um dieses Formular fertigzustellen.<\/noscript><div class=\"wpforms-field-container\"><div id=\"wpforms-773-field_1-container\" class=\"wpforms-field wpforms-field-radio\" data-field-id=\"1\"><ul id=\"wpforms-773-field_1\" class=\"wpforms-field-required\"><li class=\"choice-1 depth-1\"><input type=\"radio\" id=\"wpforms-773-field_1_1\" name=\"wpforms[fields][1]\" value=\"\u00dcber das Ger\u00e4t\" required ><label class=\"wpforms-field-label-inline\" for=\"wpforms-773-field_1_1\">\u00dcber das Ger\u00e4t<\/label><\/li><li class=\"choice-2 depth-1\"><input type=\"radio\" id=\"wpforms-773-field_1_2\" name=\"wpforms[fields][1]\" value=\"\u00dcber die App\" required ><label class=\"wpforms-field-label-inline\" for=\"wpforms-773-field_1_2\">\u00dcber die App<\/label><\/li><li class=\"choice-3 depth-1\"><input type=\"radio\" id=\"wpforms-773-field_1_3\" name=\"wpforms[fields][1]\" value=\"Fehler in Rechtschreibung und Beschreibung\" required ><label class=\"wpforms-field-label-inline\" for=\"wpforms-773-field_1_3\">Fehler in Rechtschreibung und Beschreibung<\/label><\/li><li class=\"choice-4 depth-1\"><input type=\"radio\" id=\"wpforms-773-field_1_4\" name=\"wpforms[fields][1]\" value=\"Andere\" required ><label class=\"wpforms-field-label-inline\" for=\"wpforms-773-field_1_4\">Andere<\/label><\/li><\/ul><\/div><div id=\"wpforms-773-field_2-container\" class=\"wpforms-field wpforms-field-textarea\" data-field-id=\"2\"><label class=\"wpforms-field-label\" for=\"wpforms-773-field_2\">Einzelheiten zu Ihrer Stellungnahme\/Ihrem Ersuchen <span class=\"wpforms-required-label\">*<\/span><\/label><textarea id=\"wpforms-773-field_2\" class=\"wpforms-field-medium wpforms-field-required\" name=\"wpforms[fields][2]\" required><\/textarea><\/div><div id=\"wpforms-773-field_3-container\" class=\"wpforms-field wpforms-field-hidden\" data-field-id=\"3\"><input type=\"hidden\" id=\"wpforms-773-field_3\" name=\"wpforms[fields][3]\"><\/div><div id=\"wpforms-773-field_4-container\" class=\"wpforms-field wpforms-field-hidden\" data-field-id=\"4\"><input type=\"hidden\" id=\"wpforms-773-field_4\" name=\"wpforms[fields][4]\"><\/div><\/div><!-- .wpforms-field-container --><div class=\"wpforms-submit-container\" ><input type=\"hidden\" name=\"wpforms[id]\" value=\"773\"><input type=\"hidden\" name=\"page_title\" value=\"\"><input type=\"hidden\" name=\"page_url\" value=\"https:\/\/alterlock.net\/de\/wp-json\/wp\/v2\/pages\/13626\"><input type=\"hidden\" name=\"url_referer\" value=\"\"><button type=\"submit\" name=\"wpforms[submit]\" id=\"wpforms-submit-773\" class=\"wpforms-submit\" data-alt-text=\"Ich schicke...\" data-submit-text=\"Senden Sie\" aria-live=\"assertive\" value=\"wpforms-submit\">Senden Sie<\/button><img loading=\"lazy\" decoding=\"async\" src=\"https:\/\/alterlock.net\/wp-content\/plugins\/wpforms\/assets\/images\/submit-spin.svg\" class=\"wpforms-submit-spinner\" style=\"display: none;\" width=\"26\" height=\"26\" alt=\"Wird geladen\"><\/div><\/form><\/div>  <!-- .wpforms-container --><\/div>\n","protected":false},"excerpt":{"rendered":"<p>Vielen Dank f\u00fcr die Nutzung von AlterLock.Sollten Sie unsere Anwendung oder unseren Dienst sch\u00e4tzen, w\u00fcrden wir uns sehr dar\u00fcber freuen, wenn Sie uns Ihre Meinung in einer Bewertung mitteilen w\u00fcrden. Feedback senden Sollten Sie Probleme oder Anregungen haben, w\u00fcrden wir Ihr Feedback sehr sch\u00e4tzen.Da dieses Formular keine pers\u00f6nlichen Informationen enth\u00e4lt, sind wir leider nicht in [&hellip;]<\/p>\n","protected":false},"author":1,"featured_media":0,"parent":0,"menu_order":0,"comment_status":"closed","ping_status":"closed","template":"","meta":{"_seopress_robots_primary_cat":"","_seopress_titles_title":"","_seopress_titles_desc":"","_seopress_robots_index":"","_uag_custom_page_level_css":"","site-sidebar-layout":"default","site-content-layout":"","ast-site-content-layout":"default","site-content-style":"default","site-sidebar-style":"default","ast-global-header-display":"","ast-banner-title-visibility":"","ast-main-header-display":"","ast-hfb-above-header-display":"","ast-hfb-below-header-display":"","ast-hfb-mobile-header-display":"","site-post-title":"disabled","ast-breadcrumbs-content":"","ast-featured-img":"","footer-sml-layout":"","ast-disable-related-posts":"","theme-transparent-header-meta":"","adv-header-id-meta":"","stick-header-meta":"","header-above-stick-meta":"","header-main-stick-meta":"","header-below-stick-meta":"","astra-migrate-meta-layouts":"default","ast-page-background-enabled":"default","ast-page-background-meta":{"desktop":{"background-color":"var(--ast-global-color-4)","background-image":"","background-repeat":"repeat","background-position":"center center","background-size":"auto","background-attachment":"scroll","background-type":"","background-media":"","overlay-type":"","overlay-color":"","overlay-opacity":"","overlay-gradient":""},"tablet":{"background-color":"","background-image":"","background-repeat":"repeat","background-position":"center center","background-size":"auto","background-attachment":"scroll","background-type":"","background-media":"","overlay-type":"","overlay-color":"","overlay-opacity":"","overlay-gradient":""},"mobile":{"background-color":"","background-image":"","background-repeat":"repeat","background-position":"center center","background-size":"auto","background-attachment":"scroll","background-type":"","background-media":"","overlay-type":"","overlay-color":"","overlay-opacity":"","overlay-gradient":""}},"ast-content-background-meta":{"desktop":{"background-color":"var(--ast-global-color-5)","background-image":"","background-repeat":"repeat","background-position":"center center","background-size":"auto","background-attachment":"scroll","background-type":"","background-media":"","overlay-type":"","overlay-color":"","overlay-opacity":"","overlay-gradient":""},"tablet":{"background-color":"var(--ast-global-color-5)","background-image":"","background-repeat":"repeat","background-position":"center center","background-size":"auto","background-attachment":"scroll","background-type":"","background-media":"","overlay-type":"","overlay-color":"","overlay-opacity":"","overlay-gradient":""},"mobile":{"background-color":"var(--ast-global-color-5)","background-image":"","background-repeat":"repeat","background-position":"center center","background-size":"auto","background-attachment":"scroll","background-type":"","background-media":"","overlay-type":"","overlay-color":"","overlay-opacity":"","overlay-gradient":""}},"footnotes":""},"class_list":["post-13626","page","type-page","status-publish","hentry"],"uagb_featured_image_src":{"full":false,"thumbnail":false,"medium":false,"medium_large":false,"large":false,"1536x1536":false,"2048x2048":false,"woocommerce_thumbnail":false,"woocommerce_single":false,"woocommerce_gallery_thumbnail":false},"uagb_author_info":{"display_name":"Site Manager","author_link":"https:\/\/alterlock.net\/de\/author\/siteadmin"},"uagb_comment_info":0,"uagb_excerpt":"Vielen Dank f\u00fcr die Nutzung von AlterLock.Sollten Sie unsere Anwendung oder unseren Dienst sch\u00e4tzen, w\u00fcrden wir uns sehr dar\u00fcber freuen, wenn Sie uns Ihre Meinung in einer Bewertung mitteilen w\u00fcrden. Feedback senden Sollten Sie Probleme oder Anregungen haben, w\u00fcrden wir Ihr Feedback sehr sch\u00e4tzen.Da dieses Formular keine pers\u00f6nlichen Informationen enth\u00e4lt, sind wir leider nicht in&hellip;","_links":{"self":[{"href":"https:\/\/alterlock.net\/de\/wp-json\/wp\/v2\/pages\/13626","targetHints":{"allow":["GET"]}}],"collection":[{"href":"https:\/\/alterlock.net\/de\/wp-json\/wp\/v2\/pages"}],"about":[{"href":"https:\/\/alterlock.net\/de\/wp-json\/wp\/v2\/types\/page"}],"author":[{"embeddable":true,"href":"https:\/\/alterlock.net\/de\/wp-json\/wp\/v2\/users\/1"}],"replies":[{"embeddable":true,"href":"https:\/\/alterlock.net\/de\/wp-json\/wp\/v2\/comments?post=13626"}],"version-history":[{"count":18,"href":"https:\/\/alterlock.net\/de\/wp-json\/wp\/v2\/pages\/13626\/revisions"}],"predecessor-version":[{"id":27179,"href":"https:\/\/alterlock.net\/de\/wp-json\/wp\/v2\/pages\/13626\/revisions\/27179"}],"wp:attachment":[{"href":"https:\/\/alterlock.net\/de\/wp-json\/wp\/v2\/media?parent=13626"}],"curies":[{"name":"wp","href":"https:\/\/api.w.org\/{rel}","templated":true}]}}