{"id":13678,"date":"2022-09-10T06:49:14","date_gmt":"2022-09-10T06:49:14","guid":{"rendered":"https:\/\/alterlock.net\/periodische-uebermittlung\/"},"modified":"2025-01-09T02:31:46","modified_gmt":"2025-01-09T02:31:46","slug":"periodic-transmission","status":"publish","type":"page","link":"https:\/\/alterlock.net\/de\/user-manual\/alterlock-gen2\/periodic-transmission","title":{"rendered":"Periodische \u00dcbertragung"},"content":{"rendered":"\n<div class=\"wp-block-cover alignfull is-light has-custom-content-position is-position-bottom-center page-title-cover\" style=\"min-height:320px;aspect-ratio:unset;\"><span aria-hidden=\"true\" class=\"wp-block-cover__background has-background-dim-100 has-background-dim has-background-gradient\" style=\"background:linear-gradient(135deg,rgb(1,160,196) 17%,rgb(1,67,153) 67%)\"><\/span><div class=\"wp-block-cover__inner-container is-layout-flow wp-block-cover-is-layout-flow\">\n<h1 class=\"wp-block-heading has-text-align-left has-ast-global-color-6-color has-text-color\">Periodische \u00dcbertragung<\/h1>\n\n\n\n<p class=\"has-ast-global-color-6-color has-text-color\">Verwendung der periodischen \u00dcbertragung mit AlterLock Gen2<\/p>\n<\/div><\/div>\n\n<div class=\"wp-block-group alignfull is-layout-constrained wp-container-core-group-is-layout-7bec18b8 wp-block-group-is-layout-constrained\">\n<p>Die periodische \u00dcbertragung ist eine Funktion, die von vielen Benutzern gew\u00fcnscht wurde, um die Sicherheit der AlterLock-Ger\u00e4te zu verbessern.<\/p>\n\n\n\n<h3 class=\"wp-block-heading\" id=\"usage-scenarios-for-periodic-transmission-1\">Verwendungsszenarien f\u00fcr die periodische \u00dcbertragung<\/h3>\n\n\n\n<p>Die folgenden Nutzungsszenarien werden angenommen.<\/p>\n\n\n\n<ul class=\"wp-block-list\">\n<li>Ich mache mir Sorgen, wenn ich mein Fahrrad f\u00fcr l\u00e4ngere Zeit im Freien abstelle. Deshalb m\u00f6chte ich die Standortinformationen regelm\u00e4\u00dfig erhalten, auch wenn keine Anomalien festgestellt werden.<\/li>\n\n\n\n<li>Ich liefere mein Fahrrad aus und m\u00f6chte in regelm\u00e4\u00dfigen Abst\u00e4nden Standortdaten erhalten.<\/li>\n\n\n\n<li>Ich m\u00f6chte den Kommunikationsstatus des AlterLock-Ger\u00e4ts \u00fcberpr\u00fcfen.<\/li>\n<\/ul>\n\n\n\n<h3 class=\"wp-block-heading\" id=\"periodic-transmission-behavior-2\">Periodisches \u00dcbertragungsverhalten<\/h3>\n\n\n\n<ul class=\"wp-block-list\">\n<li>Wenn die periodische \u00dcbertragung aktiviert ist, werden die Standortinformationen auch dann periodisch geortet und gesendet, wenn keine Anomalien festgestellt werden, unabh\u00e4ngig vom Status &#8222;gesperrt\/ungesperrt&#8220;.<\/li>\n\n\n\n<li>Das Betriebsintervall kann in den Ger\u00e4teeinstellungen festgelegt werden.<\/li>\n\n\n\n<li>Auch w\u00e4hrend des Betriebs der periodischen \u00dcbertragung haben der Alarm und die Nachverfolgung durch die Erkennung von Anomalien im Falle eines Sperrzustands Vorrang.<\/li>\n\n\n\n<li>Sie k\u00f6nnen den Verlauf der Standortinformationen unter <strong>Standortinfo<\/strong> auf dem Hauptbildschirm \u00fcberpr\u00fcfen.<\/li>\n<\/ul>\n\n\n\n<h3 class=\"wp-block-heading\" id=\"periodic-transmission-interval-3\">Periodisches \u00dcbertragungsintervall<\/h3>\n\n\n\n<p>Das Intervall f\u00fcr periodische \u00dcbertragungen kann in den Ger\u00e4teeinstellungen zwischen 30 und 360 Minuten eingestellt werden.<\/p>\n\n\n\n<h3 class=\"wp-block-heading\" id=\"about-battery-consumption-4\">\u00dcber den Batterieverbrauch<\/h3>\n\n\n\n<p>Die Erfassung von Standortinformationen verbraucht viel Strom. Wenn Sie also die regelm\u00e4\u00dfige \u00dcbertragung \u00fcber einen l\u00e4ngeren Zeitraum aktivieren, verringert sich die Betriebszeit des Ger\u00e4ts.<br\/>Wir empfehlen Ihnen, diese Funktion nur bei Bedarf zu aktivieren oder das Intervall auf mindestens 180 Minuten einzustellen.<\/p>\n\n\n\n<p>Die ungef\u00e4hre Betriebsdauer des voll aufgeladenen Ger\u00e4ts in jedem Zustand ist wie folgt:<\/p>\n\n\n\n<figure class=\"wp-block-table aligncenter no-vertical-line\"><table><thead><tr><th class=\"has-text-align-center\" data-align=\"center\"><strong>Staat<\/strong><\/th><th class=\"has-text-align-center\" data-align=\"center\"><strong>Betriebszeit<\/strong><\/th><\/tr><\/thead><tbody><tr><td class=\"has-text-align-center\" data-align=\"center\">Keine periodische \u00dcbermittlung<\/td><td class=\"has-text-align-center\" data-align=\"center\">35-45 Tage<\/td><\/tr><tr><td class=\"has-text-align-center\" data-align=\"center\">Regelm\u00e4\u00dfige \u00dcbertragung (60 Minuten)<\/td><td class=\"has-text-align-center\" data-align=\"center\">7-15 Tage<\/td><\/tr><tr><td class=\"has-text-align-center\" data-align=\"center\">Regelm\u00e4\u00dfige \u00dcbertragungen (180 Min.)<\/td><td class=\"has-text-align-center\" data-align=\"center\">16-28 Tage<\/td><\/tr><\/tbody><\/table><\/figure>\n<\/div>\n","protected":false},"excerpt":{"rendered":"<p>Die periodische \u00dcbertragung ist eine Funktion, die von vielen Benutzern gew\u00fcnscht wurde, um die Sicherheit der AlterLock-Ger\u00e4te zu verbessern. Verwendungsszenarien f\u00fcr die periodische \u00dcbertragung Die folgenden Nutzungsszenarien werden angenommen. Periodisches \u00dcbertragungsverhalten Periodisches \u00dcbertragungsintervall Das Intervall f\u00fcr periodische \u00dcbertragungen kann in den Ger\u00e4teeinstellungen zwischen 30 und 360 Minuten eingestellt werden. \u00dcber den Batterieverbrauch Die Erfassung von [&hellip;]<\/p>\n","protected":false},"author":1,"featured_media":0,"parent":14640,"menu_order":0,"comment_status":"closed","ping_status":"closed","template":"","meta":{"_seopress_robots_primary_cat":"","_seopress_titles_title":"","_seopress_titles_desc":"","_seopress_robots_index":"","_uag_custom_page_level_css":"","site-sidebar-layout":"default","site-content-layout":"","ast-site-content-layout":"default","site-content-style":"default","site-sidebar-style":"default","ast-global-header-display":"","ast-banner-title-visibility":"","ast-main-header-display":"","ast-hfb-above-header-display":"","ast-hfb-below-header-display":"","ast-hfb-mobile-header-display":"","site-post-title":"disabled","ast-breadcrumbs-content":"","ast-featured-img":"","footer-sml-layout":"","ast-disable-related-posts":"","theme-transparent-header-meta":"","adv-header-id-meta":"","stick-header-meta":"","header-above-stick-meta":"","header-main-stick-meta":"","header-below-stick-meta":"","astra-migrate-meta-layouts":"default","ast-page-background-enabled":"default","ast-page-background-meta":{"desktop":{"background-color":"var(--ast-global-color-4)","background-image":"","background-repeat":"repeat","background-position":"center center","background-size":"auto","background-attachment":"scroll","background-type":"","background-media":"","overlay-type":"","overlay-color":"","overlay-opacity":"","overlay-gradient":""},"tablet":{"background-color":"","background-image":"","background-repeat":"repeat","background-position":"center center","background-size":"auto","background-attachment":"scroll","background-type":"","background-media":"","overlay-type":"","overlay-color":"","overlay-opacity":"","overlay-gradient":""},"mobile":{"background-color":"","background-image":"","background-repeat":"repeat","background-position":"center center","background-size":"auto","background-attachment":"scroll","background-type":"","background-media":"","overlay-type":"","overlay-color":"","overlay-opacity":"","overlay-gradient":""}},"ast-content-background-meta":{"desktop":{"background-color":"var(--ast-global-color-5)","background-image":"","background-repeat":"repeat","background-position":"center center","background-size":"auto","background-attachment":"scroll","background-type":"","background-media":"","overlay-type":"","overlay-color":"","overlay-opacity":"","overlay-gradient":""},"tablet":{"background-color":"var(--ast-global-color-5)","background-image":"","background-repeat":"repeat","background-position":"center center","background-size":"auto","background-attachment":"scroll","background-type":"","background-media":"","overlay-type":"","overlay-color":"","overlay-opacity":"","overlay-gradient":""},"mobile":{"background-color":"var(--ast-global-color-5)","background-image":"","background-repeat":"repeat","background-position":"center center","background-size":"auto","background-attachment":"scroll","background-type":"","background-media":"","overlay-type":"","overlay-color":"","overlay-opacity":"","overlay-gradient":""}},"footnotes":""},"class_list":["post-13678","page","type-page","status-publish","hentry"],"uagb_featured_image_src":{"full":false,"thumbnail":false,"medium":false,"medium_large":false,"large":false,"1536x1536":false,"2048x2048":false,"woocommerce_thumbnail":false,"woocommerce_single":false,"woocommerce_gallery_thumbnail":false},"uagb_author_info":{"display_name":"Site Manager","author_link":"https:\/\/alterlock.net\/de\/author\/siteadmin"},"uagb_comment_info":0,"uagb_excerpt":"Die periodische \u00dcbertragung ist eine Funktion, die von vielen Benutzern gew\u00fcnscht wurde, um die Sicherheit der AlterLock-Ger\u00e4te zu verbessern. Verwendungsszenarien f\u00fcr die periodische \u00dcbertragung Die folgenden Nutzungsszenarien werden angenommen. Periodisches \u00dcbertragungsverhalten Periodisches \u00dcbertragungsintervall Das Intervall f\u00fcr periodische \u00dcbertragungen kann in den Ger\u00e4teeinstellungen zwischen 30 und 360 Minuten eingestellt werden. \u00dcber den Batterieverbrauch Die Erfassung von&hellip;","_links":{"self":[{"href":"https:\/\/alterlock.net\/de\/wp-json\/wp\/v2\/pages\/13678","targetHints":{"allow":["GET"]}}],"collection":[{"href":"https:\/\/alterlock.net\/de\/wp-json\/wp\/v2\/pages"}],"about":[{"href":"https:\/\/alterlock.net\/de\/wp-json\/wp\/v2\/types\/page"}],"author":[{"embeddable":true,"href":"https:\/\/alterlock.net\/de\/wp-json\/wp\/v2\/users\/1"}],"replies":[{"embeddable":true,"href":"https:\/\/alterlock.net\/de\/wp-json\/wp\/v2\/comments?post=13678"}],"version-history":[{"count":15,"href":"https:\/\/alterlock.net\/de\/wp-json\/wp\/v2\/pages\/13678\/revisions"}],"predecessor-version":[{"id":26312,"href":"https:\/\/alterlock.net\/de\/wp-json\/wp\/v2\/pages\/13678\/revisions\/26312"}],"up":[{"embeddable":true,"href":"https:\/\/alterlock.net\/de\/wp-json\/wp\/v2\/pages\/14640"}],"wp:attachment":[{"href":"https:\/\/alterlock.net\/de\/wp-json\/wp\/v2\/media?parent=13678"}],"curies":[{"name":"wp","href":"https:\/\/api.w.org\/{rel}","templated":true}]}}