{"id":14630,"date":"2022-09-09T09:15:56","date_gmt":"2022-09-09T09:15:56","guid":{"rendered":"https:\/\/alterlock.net\/geraeteeinstellungen\/"},"modified":"2025-01-09T02:31:41","modified_gmt":"2025-01-09T02:31:41","slug":"device-settings","status":"publish","type":"page","link":"https:\/\/alterlock.net\/de\/user-manual\/alterlock-gen2\/device-settings","title":{"rendered":"Advanced Settings"},"content":{"rendered":"\n<div class=\"wp-block-cover alignfull is-light has-custom-content-position is-position-bottom-center page-title-cover\" style=\"min-height:320px;aspect-ratio:unset;\"><span aria-hidden=\"true\" class=\"wp-block-cover__background has-background-dim-100 has-background-dim has-background-gradient\" style=\"background:linear-gradient(135deg,rgb(1,160,196) 17%,rgb(1,67,153) 67%)\"><\/span><div class=\"wp-block-cover__inner-container is-layout-flow wp-block-cover-is-layout-flow\">\n<h1 class=\"wp-block-heading has-text-align-left has-ast-global-color-6-color has-text-color\">Advanced Settings<\/h1>\n\n\n\n<p class=\"has-ast-global-color-6-color has-text-color\">Erfahren Sie mehr \u00fcber Ger\u00e4teeinstellungen f\u00fcr AlterLock Gen2<\/p>\n<\/div><\/div>\n\n<div class=\"wp-block-group alignfull is-layout-constrained wp-container-core-group-is-layout-7bec18b8 wp-block-group-is-layout-constrained\">\t\t\t\t<div class=\"wp-block-uagb-table-of-contents uagb-toc__align-left uagb-toc__columns-2  uagb-block-6b80c669      \"\n\t\t\t\t\tdata-scroll= \"1\"\n\t\t\t\t\tdata-offset= \"80\"\n\t\t\t\t\tstyle=\"\"\n\t\t\t\t>\n\t\t\t\t<div class=\"uagb-toc__wrap\">\n\t\t\t\t\t\t<div class=\"uagb-toc__title\">\n\t\t\t\t\t\t\tTable of Contents\t\t\t\t\t\t<\/div>\n\t\t\t\t\t\t\t\t\t\t\t\t\t\t\t\t\t\t\t\t\t\t<div class=\"uagb-toc__list-wrap \">\n\t\t\t\t\t\t<ol class=\"uagb-toc__list\"><li class=\"uagb-toc__list\"><a href=\"#alarm\" class=\"uagb-toc-link__trigger\">Alarm<\/a><li class=\"uagb-toc__list\"><a href=\"#erster-warnton\" class=\"uagb-toc-link__trigger\">Erster Warnton<\/a><li class=\"uagb-toc__list\"><a href=\"#alarmdauer\" class=\"uagb-toc-link__trigger\">Alarmdauer<\/a><li class=\"uagb-toc__list\"><a href=\"#alarmgrenze\" class=\"uagb-toc-link__trigger\">Alarmgrenze<\/a><li class=\"uagb-toc__list\"><a href=\"#automatisches-ausschalten-des-alarms\" class=\"uagb-toc-link__trigger\">Automatisches Ausschalten des Alarms<\/a><li class=\"uagb-toc__list\"><a href=\"#periodisches-\u00fcbertragungsintervall\" class=\"uagb-toc-link__trigger\">Periodisches \u00dcbertragungsintervall<\/a><li class=\"uagb-toc__list\"><a href=\"#benachrichtigung-bei-niedrigem-batteriestand\" class=\"uagb-toc-link__trigger\">Benachrichtigung bei niedrigem Batteriestand<\/a><li class=\"uagb-toc__list\"><a href=\"#systemklang\" class=\"uagb-toc-link__trigger\">Systemklang<\/a><li class=\"uagb-toc__list\"><a href=\"#taste-betriebsbereich\" class=\"uagb-toc-link__trigger\">Taste Betriebsbereich<\/a><li class=\"uagb-toc__list\"><a href=\"#ger\u00e4t-freigeben\" class=\"uagb-toc-link__trigger\">Ger\u00e4t freigeben<\/a><li class=\"uagb-toc__list\"><a href=\"#informationen-zum-ger\u00e4t\" class=\"uagb-toc-link__trigger\">Informationen zum Ger\u00e4t<\/a><\/ol>\t\t\t\t\t<\/div>\n\t\t\t\t\t\t\t\t\t<\/div>\n\t\t\t\t<\/div>\n\t\t\t\n\n\n<h2 class=\"wp-block-heading\" id=\"alarm-1\">Alarm<\/h2>\n\n\n\n<p>Sie k\u00f6nnen einstellen, ob das Ger\u00e4t AlterLock einen Alarm ausl\u00f6st, wenn eine Bewegung erkannt wird.<br\/>Die Einstellung des Alarms ist mit der Einstellung des ersten Warntons verkn\u00fcpft.<\/p>\n\n\n\n<p>Wenn Sie sich in einem Bereich befinden, in dem der Alarm nicht ert\u00f6nen soll, empfiehlt es sich, ihn auszuschalten. Das Ausschalten des Alarms wirkt sich nicht auf Anomalie-Benachrichtigungen, Tracking oder andere Funktionen aus.<br\/>*Wenn Sie nur die Benachrichtigungen ausschalten m\u00f6chten, gehen Sie auf dem Hauptbildschirm auf die Registerkarte <strong>Steuerung<\/strong> und deaktivieren Sie die Option <strong>Benachrichtigung<\/strong>.<\/p>\n\n\n\n<h2 class=\"wp-block-heading\" id=\"initial-warning-tone-2\">Erster Warnton<\/h2>\n\n\n\n<p>Sie k\u00f6nnen einstellen, ob bei der ersten Erkennung einer Anomalie nach einem gesperrten Zustand ein Warnton mit niedriger Lautst\u00e4rke ert\u00f6nen soll oder nicht.<br\/>Wenn Sie diese Funktion ausschalten, ert\u00f6nt beim ersten Mal ein Warnton mit maximaler Lautst\u00e4rke.<\/p>\n\n\n\n<p>Es wird empfohlen, sie in Bereichen einzuschalten, in denen Ersch\u00fctterungen aufgrund anderer Faktoren als Diebstahl wahrscheinlich sind und in denen Sie keinen lauten Alarm w\u00fcnschen.<\/p>\n\n\n\n<h2 class=\"wp-block-heading\" id=\"alarm-duration-3\">Alarmdauer<\/h2>\n\n\n\n<p>Die Dauer des Alarmtons des AlterLock-Ger\u00e4ts selbst kann zwischen 5 und 60 Sekunden in 5-Sekunden-Schritten eingestellt werden.<\/p>\n\n\n\n<h2 class=\"wp-block-heading\" id=\"alarm-limit-4\">Alarmgrenze<\/h2>\n\n\n\n<p>Sie k\u00f6nnen einstellen, wie oft der Alarm nach Erreichen des Sperrzustands bis zur ersten Erkennung eines Fehlers ert\u00f6nt.<br\/>Wenn Sie den Wert auf 1-3 Mal einstellen, ert\u00f6nt der Alarm nicht und nur die Nachverfolgungsfunktion ert\u00f6nt nach dieser Anzahl von Malen.<br\/>Wenn Sie den Wert auf unbegrenzt einstellen, ert\u00f6nt der Alarm bei jeder Erkennung.<\/p>\n\n\n\n<p>Wenn Sie die M\u00f6glichkeit der R\u00fcckverfolgung des Ger\u00e4ts im Falle eines Diebstahls priorisieren m\u00f6chten, stellen Sie den Wert auf 1-3 Mal ein. Wenn Sie ihn auf unbegrenzt einstellen, ert\u00f6nt der Alarm jedes Mal und die Betriebszeit wird reduziert.<\/p>\n\n\n\n<h2 class=\"wp-block-heading\" id=\"alarm-off-automatically-5\">Automatisches Ausschalten des Alarms<\/h2>\n\n\n\n<p>In der Einstellung Ein schaltet sich der Alarm automatisch aus, wenn der Akku Ihres Telefons unter 10 % f\u00e4llt. Au\u00dferdem wird der Alarm wieder auf &#8222;Automatisch einschalten, wenn der Akku des Smartphones 50 % oder mehr erreicht hat&#8220; gestellt.<\/p>\n\n\n\n<p>Wenn der Akku Ihres Smartphones leer ist, k\u00f6nnen Sie die Sperre nicht bedienen, daher sollten Sie sie eingeschaltet lassen.<br\/>*Wenn Sie den Alarm manuell ausgeschaltet haben, wird er nicht automatisch wieder eingeschaltet.<br\/>*Diese Funktion funktioniert nur w\u00e4hrend der Bluetooth-Verbindung.<\/p>\n\n\n\n<h2 class=\"wp-block-heading\" id=\"periodic-transmission-interval-6\">Periodisches \u00dcbertragungsintervall<\/h2>\n\n\n\n<p>Legen Sie das Intervall fest, in dem periodische \u00dcbertragungen auf dem Hauptbildschirm eingeschaltet werden sollen.<\/p>\n\n\n\n<p>Periodische \u00dcbertragungen sollten nicht st\u00e4ndig eingeschaltet sein, da dies mehr Batteriestrom verbraucht und die Betriebszeit verk\u00fcrzt.<br\/>Wenn das Ger\u00e4t f\u00fcr einen l\u00e4ngeren Zeitraum eingeschaltet werden soll, empfiehlt es sich, diesen auf 180 Minuten oder mehr einzustellen, um die Betriebszeit des Ger\u00e4ts zu verl\u00e4ngern.<\/p>\n\n\n\n<h2 class=\"wp-block-heading\" id=\"low-battery-notification-7\">Benachrichtigung bei niedrigem Batteriestand<\/h2>\n\n\n\n<p>Ihr Smartphone wird benachrichtigt, wenn die Batterie Ihres AlterLock-Ger\u00e4ts schwach ist.<\/p>\n\n\n\n<p>*Benachrichtigungen sind nur w\u00e4hrend der Bluetooth-Verbindung verf\u00fcgbar.<\/p>\n\n\n\n<h2 class=\"wp-block-heading\" id=\"system-sound-8\">Systemklang<\/h2>\n\n\n\n<p>Sie k\u00f6nnen den Systemton beim Ver- und Entriegeln ein- und ausschalten. Der Systemton wird beim Verriegeln einmal und beim Entriegeln zweimal abgespielt.<\/p>\n\n\n\n<p>*Unabh\u00e4ngig von dieser Einstellung wird der Systemton abgespielt, wenn das AlterLock-Ger\u00e4t mit den Tasten ver- und entriegelt wird.<\/p>\n\n\n\n<h2 class=\"wp-block-heading\" id=\"button-operating-range-9\">Taste Betriebsbereich<\/h2>\n\n\n\n<p>Passt die Reichweite der Taste des AlterLock Ger\u00e4ts zum Sperren und Entsperren neu an.<br\/>Tippen Sie auf <strong>Anpassen<\/strong>, platzieren Sie dann das Smartphone und das AlterLock Ger\u00e4t 1-2 Meter voneinander entfernt und tippen Sie auf <strong>OK<\/strong>.<\/p>\n\n\n\n<p>*Das Sperren\/Entsperren per Taste auf dem Ger\u00e4t AlterLock funktioniert, wenn eine Bluetooth-Verbindung mit dem Smartphone besteht und die Signalst\u00e4rke \u00fcber dem eingestellten Wert liegt.<br\/>Die Bluetooth-Signalst\u00e4rke variiert je nach den Bedingungen, z. B. in Innenr\u00e4umen oder im Freien. Bitte stellen Sie die Signalst\u00e4rke in Ihrer tats\u00e4chlichen Umgebung ein, um sie zu \u00fcberpr\u00fcfen.<br\/>Wenn Sie diese Funktion deaktivieren m\u00f6chten, stellen Sie bitte das AlterLock Ger\u00e4t in engem Kontakt mit ihm ein, um die Reichweite der Taste zu minimieren. <\/p>\n\n\n\n<h2 class=\"wp-block-heading\" id=\"release-device-10\">Ger\u00e4t freigeben<\/h2>\n\n\n\n<p>Es ist m\u00f6glich, das auf Ihrem Smartphone registrierte Ger\u00e4t AlterLock freizugeben.<br\/>Das freigegebene Ger\u00e4t kann wieder verwendet werden, indem Sie den Registrierungsvorgang durchf\u00fchren.<\/p>\n\n\n\n<p>*Wenn die Verbindung zum Ger\u00e4t AlterLock deaktiviert ist, k\u00f6nnen Sie <strong>die Freigabe erzwingen<\/strong>.<br\/>Da sich das Ger\u00e4t unerwartet verhalten kann, wenn Sie die Freigabe erzwingen, sollten Sie dies normalerweise nicht tun.<\/p>\n\n\n\n<h2 class=\"wp-block-heading\" id=\"device-information-11\">Informationen zum Ger\u00e4t<\/h2>\n\n\n\n<p>Es werden die Ger\u00e4te-ID und die Firmware-Version angezeigt.<\/p>\n\n\n\n<p>Es ist m\u00f6glich, die Firmware auf die neueste Version zu aktualisieren oder die Firmware neu zu installieren.<br\/>Durch die Aktualisierung oder Neuinstallation der Firmware werden die Einstellungen nicht zur\u00fcckgesetzt.<br\/>Die Aktualisierung der Firmware dauert unter iOS etwa eine Minute und unter Android etwa zwei Minuten.<\/p>\n\n\n\n<p>*Bitte stellen Sie sicher, dass Sie das Firmware-Update mit USB-Stromversorgung und mit rot oder blau leuchtender LED durchf\u00fchren.<br\/>Wenn das Firmware-Update fehlschl\u00e4gt und Sie die Verbindung nicht wiederherstellen k\u00f6nnen, halten Sie bitte die Taste auf dem AlterLock Ger\u00e4t mindestens 10 Sekunden lang gedr\u00fcckt und versuchen Sie es erneut.<\/p>\n<\/div>\n","protected":false},"excerpt":{"rendered":"<p>Alarm Sie k\u00f6nnen einstellen, ob das Ger\u00e4t AlterLock einen Alarm ausl\u00f6st, wenn eine Bewegung erkannt wird.Die Einstellung des Alarms ist mit der Einstellung des ersten Warntons verkn\u00fcpft. Wenn Sie sich in einem Bereich befinden, in dem der Alarm nicht ert\u00f6nen soll, empfiehlt es sich, ihn auszuschalten. Das Ausschalten des Alarms wirkt sich nicht auf Anomalie-Benachrichtigungen, [&hellip;]<\/p>\n","protected":false},"author":1,"featured_media":0,"parent":14640,"menu_order":0,"comment_status":"closed","ping_status":"closed","template":"","meta":{"_seopress_robots_primary_cat":"","_seopress_titles_title":"","_seopress_titles_desc":"","_seopress_robots_index":"","_uag_custom_page_level_css":"","site-sidebar-layout":"default","site-content-layout":"","ast-site-content-layout":"default","site-content-style":"default","site-sidebar-style":"default","ast-global-header-display":"","ast-banner-title-visibility":"","ast-main-header-display":"","ast-hfb-above-header-display":"","ast-hfb-below-header-display":"","ast-hfb-mobile-header-display":"","site-post-title":"disabled","ast-breadcrumbs-content":"","ast-featured-img":"","footer-sml-layout":"","ast-disable-related-posts":"","theme-transparent-header-meta":"","adv-header-id-meta":"","stick-header-meta":"","header-above-stick-meta":"","header-main-stick-meta":"","header-below-stick-meta":"","astra-migrate-meta-layouts":"default","ast-page-background-enabled":"default","ast-page-background-meta":{"desktop":{"background-color":"var(--ast-global-color-4)","background-image":"","background-repeat":"repeat","background-position":"center center","background-size":"auto","background-attachment":"scroll","background-type":"","background-media":"","overlay-type":"","overlay-color":"","overlay-opacity":"","overlay-gradient":""},"tablet":{"background-color":"","background-image":"","background-repeat":"repeat","background-position":"center center","background-size":"auto","background-attachment":"scroll","background-type":"","background-media":"","overlay-type":"","overlay-color":"","overlay-opacity":"","overlay-gradient":""},"mobile":{"background-color":"","background-image":"","background-repeat":"repeat","background-position":"center center","background-size":"auto","background-attachment":"scroll","background-type":"","background-media":"","overlay-type":"","overlay-color":"","overlay-opacity":"","overlay-gradient":""}},"ast-content-background-meta":{"desktop":{"background-color":"var(--ast-global-color-5)","background-image":"","background-repeat":"repeat","background-position":"center center","background-size":"auto","background-attachment":"scroll","background-type":"","background-media":"","overlay-type":"","overlay-color":"","overlay-opacity":"","overlay-gradient":""},"tablet":{"background-color":"var(--ast-global-color-5)","background-image":"","background-repeat":"repeat","background-position":"center center","background-size":"auto","background-attachment":"scroll","background-type":"","background-media":"","overlay-type":"","overlay-color":"","overlay-opacity":"","overlay-gradient":""},"mobile":{"background-color":"var(--ast-global-color-5)","background-image":"","background-repeat":"repeat","background-position":"center center","background-size":"auto","background-attachment":"scroll","background-type":"","background-media":"","overlay-type":"","overlay-color":"","overlay-opacity":"","overlay-gradient":""}},"footnotes":""},"class_list":["post-14630","page","type-page","status-publish","hentry"],"uagb_featured_image_src":{"full":false,"thumbnail":false,"medium":false,"medium_large":false,"large":false,"1536x1536":false,"2048x2048":false,"woocommerce_thumbnail":false,"woocommerce_single":false,"woocommerce_gallery_thumbnail":false},"uagb_author_info":{"display_name":"Site Manager","author_link":"https:\/\/alterlock.net\/de\/author\/siteadmin"},"uagb_comment_info":0,"uagb_excerpt":"Alarm Sie k\u00f6nnen einstellen, ob das Ger\u00e4t AlterLock einen Alarm ausl\u00f6st, wenn eine Bewegung erkannt wird.Die Einstellung des Alarms ist mit der Einstellung des ersten Warntons verkn\u00fcpft. Wenn Sie sich in einem Bereich befinden, in dem der Alarm nicht ert\u00f6nen soll, empfiehlt es sich, ihn auszuschalten. Das Ausschalten des Alarms wirkt sich nicht auf Anomalie-Benachrichtigungen,&hellip;","_links":{"self":[{"href":"https:\/\/alterlock.net\/de\/wp-json\/wp\/v2\/pages\/14630","targetHints":{"allow":["GET"]}}],"collection":[{"href":"https:\/\/alterlock.net\/de\/wp-json\/wp\/v2\/pages"}],"about":[{"href":"https:\/\/alterlock.net\/de\/wp-json\/wp\/v2\/types\/page"}],"author":[{"embeddable":true,"href":"https:\/\/alterlock.net\/de\/wp-json\/wp\/v2\/users\/1"}],"replies":[{"embeddable":true,"href":"https:\/\/alterlock.net\/de\/wp-json\/wp\/v2\/comments?post=14630"}],"version-history":[{"count":9,"href":"https:\/\/alterlock.net\/de\/wp-json\/wp\/v2\/pages\/14630\/revisions"}],"predecessor-version":[{"id":26301,"href":"https:\/\/alterlock.net\/de\/wp-json\/wp\/v2\/pages\/14630\/revisions\/26301"}],"up":[{"embeddable":true,"href":"https:\/\/alterlock.net\/de\/wp-json\/wp\/v2\/pages\/14640"}],"wp:attachment":[{"href":"https:\/\/alterlock.net\/de\/wp-json\/wp\/v2\/media?parent=14630"}],"curies":[{"name":"wp","href":"https:\/\/api.w.org\/{rel}","templated":true}]}}