{"id":16367,"date":"2022-11-18T07:24:11","date_gmt":"2022-11-18T07:24:11","guid":{"rendered":"https:\/\/alterlock.net\/versandpolitik\/"},"modified":"2025-01-09T02:25:33","modified_gmt":"2025-01-09T02:25:33","slug":"shipping-policy","status":"publish","type":"page","link":"https:\/\/alterlock.net\/de\/shipping-policy","title":{"rendered":"Shipping policy"},"content":{"rendered":"\n<div class=\"wp-block-cover alignfull is-light has-custom-content-position is-position-bottom-center page-title-cover\" style=\"min-height:320px;aspect-ratio:unset;\"><span aria-hidden=\"true\" class=\"wp-block-cover__background has-background-dim-100 has-background-dim has-background-gradient\" style=\"background:linear-gradient(135deg,rgb(1,160,196) 17%,rgb(1,67,153) 67%)\"><\/span><div class=\"wp-block-cover__inner-container is-layout-flow wp-block-cover-is-layout-flow\">\n<h1 class=\"wp-block-heading has-text-align-left has-ast-global-color-6-color has-text-color\">Shipping policy<\/h1>\n\n\n\n<p class=\"has-ast-global-color-6-color has-text-color\"><\/p>\n<\/div><\/div>\n\n<div class=\"wp-block-group alignfull is-layout-constrained wp-container-core-group-is-layout-7bec18b8 wp-block-group-is-layout-constrained\">\t\t\t\t<div class=\"wp-block-uagb-table-of-contents uagb-toc__align-left uagb-toc__columns-2  uagb-block-6b80c669      \"\n\t\t\t\t\tdata-scroll= \"1\"\n\t\t\t\t\tdata-offset= \"80\"\n\t\t\t\t\tstyle=\"\"\n\t\t\t\t>\n\t\t\t\t<div class=\"uagb-toc__wrap\">\n\t\t\t\t\t\t<div class=\"uagb-toc__title\">\n\t\t\t\t\t\t\tTable of Contents\t\t\t\t\t\t<\/div>\n\t\t\t\t\t\t\t\t\t\t\t\t\t\t\t\t\t\t\t\t\t\t<div class=\"uagb-toc__list-wrap \">\n\t\t\t\t\t\t<ol class=\"uagb-toc__list\"><li class=\"uagb-toc__list\"><a href=\"#kosten-f\u00fcr-den-versand\" class=\"uagb-toc-link__trigger\">Kosten f\u00fcr den Versand<\/a><li class=\"uagb-toc__list\"><a href=\"#produkt-liefermethode\" class=\"uagb-toc-link__trigger\">Produkt-Liefermethode<\/a><li class=\"uagb-toc__list\"><a href=\"#anzahl-der-tage-bis-zum-versand\" class=\"uagb-toc-link__trigger\">Anzahl der Tage bis zum Versand<\/a><li class=\"uagb-toc__list\"><a href=\"#angaben-zu-datum-und-uhrzeit\" class=\"uagb-toc-link__trigger\">Angaben zu Datum und Uhrzeit<\/a><li class=\"uagb-toc__list\"><a href=\"#hinweise\" class=\"uagb-toc-link__trigger\">Hinweise.<\/a><\/ol>\t\t\t\t\t<\/div>\n\t\t\t\t\t\t\t\t\t<\/div>\n\t\t\t\t<\/div>\n\t\t\t\n\n\n<h3 class=\"wp-block-heading\" id=\"article-1-consent-to-alterlock-terms-of-service-3\">Kosten f\u00fcr den Versand<\/h3>\n\n\n\n<p>Kostenlos *Einige Produkte sind nicht w\u00e4hlbar.<\/p>\n\n\n\n<h3 class=\"wp-block-heading\" id=\"article-2-use-of-the-services-4\">Produkt-Liefermethode<\/h3>\n\n\n\n<figure class=\"wp-block-table aligncenter no-vertical-line\"><table><thead><tr><th class=\"has-text-align-center\" data-align=\"center\">Land<\/th><th class=\"has-text-align-center\" data-align=\"center\"><strong>Versandunternehmen<\/strong><\/th><\/tr><\/thead><tbody><tr><td class=\"has-text-align-center\" data-align=\"center\">Japan<\/td><td class=\"has-text-align-center\" data-align=\"center\">Japanische Post, Sagawa Express, Yamato Transport<\/td><\/tr><tr><td class=\"has-text-align-center\" data-align=\"center\">Vereinigtes K\u00f6nigreich<\/td><td class=\"has-text-align-center\" data-align=\"center\">Amazon Multichannel-Dienste (MCF)<\/td><\/tr><tr><td class=\"has-text-align-center\" data-align=\"center\">EU-L\u00e4nder<\/td><td class=\"has-text-align-center\" data-align=\"center\">Amazon Multichannel-Dienste (MCF)<\/td><\/tr><\/tbody><\/table><\/figure>\n\n\n\n<p>*Das Lieferunternehmen kann nicht angegeben werden.<\/p>\n\n\n\n<h3 class=\"wp-block-heading\" id=\"article-3-use-of-the-services-by-minors-5\">Anzahl der Tage bis zum Versand<\/h3>\n\n\n\n<figure class=\"wp-block-table aligncenter no-vertical-line\"><table><thead><tr><th class=\"has-text-align-center\" data-align=\"center\">Land<\/th><th class=\"has-text-align-center\" data-align=\"center\"><strong>Versandunternehmen<\/strong><\/th><\/tr><\/thead><tbody><tr><td class=\"has-text-align-center\" data-align=\"center\">Japan<\/td><td class=\"has-text-align-center\" data-align=\"center\">Der Versand erfolgt innerhalb von 2 bis 3 Werktagen nach Zahlungseingang.<\/td><\/tr><tr><td class=\"has-text-align-center\" data-align=\"center\">Vereinigtes K\u00f6nigreich<\/td><td class=\"has-text-align-center\" data-align=\"center\">Der Versand erfolgt innerhalb von 2 bis 3 Werktagen nach Zahlungseingang.<\/td><\/tr><tr><td class=\"has-text-align-center\" data-align=\"center\">EU-L\u00e4nder<\/td><td class=\"has-text-align-center\" data-align=\"center\">Der Versand erfolgt innerhalb von 2 bis 3 Werktagen nach Zahlungseingang.<\/td><\/tr><\/tbody><\/table><\/figure>\n\n\n\n<p>*Dies gilt nicht f\u00fcr Vorbestellungen und Artikel, die auf den Versand warten. Bitte pr\u00fcfen Sie auf der Produktseite, wann der Versand beginnt.<\/p>\n\n\n\n<h3 class=\"wp-block-heading\" id=\"article-4-account-6\">Angaben zu Datum und Uhrzeit<\/h3>\n\n\n\n<p>Lieferdatum und -uhrzeit k\u00f6nnen nicht angegeben werden.<\/p>\n\n\n\n<h3 class=\"wp-block-heading\" id=\"article-5-error-or-inaccuracy-33\">Hinweise.<\/h3>\n\n\n\n<ul class=\"wp-block-list\">\n<li>Die Lieferung kann sich aufgrund von Verkehrs- und Wetterbedingungen verz\u00f6gern.<\/li>\n\n\n\n<li>Bitte beachten Sie, dass nach der Bestellung keine \u00c4nderungen mehr vorgenommen werden k\u00f6nnen.<\/li>\n\n\n\n<li>Wenn das Paket aus Gr\u00fcnden der Bequemlichkeit des Kunden zur\u00fcckgeschickt wird, z. B. bei l\u00e4ngerer Abwesenheit oder Verweigerung der Annahme des Pakets, k\u00f6nnen dem Kunden die Kosten f\u00fcr die R\u00fccksendung und die Bearbeitungsgeb\u00fchren in Rechnung gestellt werden.<\/li>\n<\/ul>\n<\/div>\n","protected":false},"excerpt":{"rendered":"<p>Kosten f\u00fcr den Versand Kostenlos *Einige Produkte sind nicht w\u00e4hlbar. Produkt-Liefermethode Land Versandunternehmen Japan Japanische Post, Sagawa Express, Yamato Transport Vereinigtes K\u00f6nigreich Amazon Multichannel-Dienste (MCF) EU-L\u00e4nder Amazon Multichannel-Dienste (MCF) *Das Lieferunternehmen kann nicht angegeben werden. Anzahl der Tage bis zum Versand Land Versandunternehmen Japan Der Versand erfolgt innerhalb von 2 bis 3 Werktagen nach Zahlungseingang. [&hellip;]<\/p>\n","protected":false},"author":1,"featured_media":0,"parent":0,"menu_order":0,"comment_status":"closed","ping_status":"closed","template":"","meta":{"_seopress_robots_primary_cat":"","_seopress_titles_title":"","_seopress_titles_desc":"","_seopress_robots_index":"","_uag_custom_page_level_css":"","site-sidebar-layout":"default","site-content-layout":"","ast-site-content-layout":"default","site-content-style":"default","site-sidebar-style":"default","ast-global-header-display":"","ast-banner-title-visibility":"","ast-main-header-display":"","ast-hfb-above-header-display":"","ast-hfb-below-header-display":"","ast-hfb-mobile-header-display":"","site-post-title":"disabled","ast-breadcrumbs-content":"","ast-featured-img":"","footer-sml-layout":"","ast-disable-related-posts":"","theme-transparent-header-meta":"","adv-header-id-meta":"","stick-header-meta":"","header-above-stick-meta":"","header-main-stick-meta":"","header-below-stick-meta":"","astra-migrate-meta-layouts":"default","ast-page-background-enabled":"default","ast-page-background-meta":{"desktop":{"background-color":"var(--ast-global-color-4)","background-image":"","background-repeat":"repeat","background-position":"center center","background-size":"auto","background-attachment":"scroll","background-type":"","background-media":"","overlay-type":"","overlay-color":"","overlay-opacity":"","overlay-gradient":""},"tablet":{"background-color":"","background-image":"","background-repeat":"repeat","background-position":"center center","background-size":"auto","background-attachment":"scroll","background-type":"","background-media":"","overlay-type":"","overlay-color":"","overlay-opacity":"","overlay-gradient":""},"mobile":{"background-color":"","background-image":"","background-repeat":"repeat","background-position":"center center","background-size":"auto","background-attachment":"scroll","background-type":"","background-media":"","overlay-type":"","overlay-color":"","overlay-opacity":"","overlay-gradient":""}},"ast-content-background-meta":{"desktop":{"background-color":"var(--ast-global-color-5)","background-image":"","background-repeat":"repeat","background-position":"center center","background-size":"auto","background-attachment":"scroll","background-type":"","background-media":"","overlay-type":"","overlay-color":"","overlay-opacity":"","overlay-gradient":""},"tablet":{"background-color":"var(--ast-global-color-5)","background-image":"","background-repeat":"repeat","background-position":"center center","background-size":"auto","background-attachment":"scroll","background-type":"","background-media":"","overlay-type":"","overlay-color":"","overlay-opacity":"","overlay-gradient":""},"mobile":{"background-color":"var(--ast-global-color-5)","background-image":"","background-repeat":"repeat","background-position":"center center","background-size":"auto","background-attachment":"scroll","background-type":"","background-media":"","overlay-type":"","overlay-color":"","overlay-opacity":"","overlay-gradient":""}},"footnotes":""},"class_list":["post-16367","page","type-page","status-publish","hentry"],"uagb_featured_image_src":{"full":false,"thumbnail":false,"medium":false,"medium_large":false,"large":false,"1536x1536":false,"2048x2048":false,"woocommerce_thumbnail":false,"woocommerce_single":false,"woocommerce_gallery_thumbnail":false},"uagb_author_info":{"display_name":"Site Manager","author_link":"https:\/\/alterlock.net\/de\/author\/siteadmin"},"uagb_comment_info":0,"uagb_excerpt":"Kosten f\u00fcr den Versand Kostenlos *Einige Produkte sind nicht w\u00e4hlbar. Produkt-Liefermethode Land Versandunternehmen Japan Japanische Post, Sagawa Express, Yamato Transport Vereinigtes K\u00f6nigreich Amazon Multichannel-Dienste (MCF) EU-L\u00e4nder Amazon Multichannel-Dienste (MCF) *Das Lieferunternehmen kann nicht angegeben werden. Anzahl der Tage bis zum Versand Land Versandunternehmen Japan Der Versand erfolgt innerhalb von 2 bis 3 Werktagen nach Zahlungseingang.&hellip;","_links":{"self":[{"href":"https:\/\/alterlock.net\/de\/wp-json\/wp\/v2\/pages\/16367","targetHints":{"allow":["GET"]}}],"collection":[{"href":"https:\/\/alterlock.net\/de\/wp-json\/wp\/v2\/pages"}],"about":[{"href":"https:\/\/alterlock.net\/de\/wp-json\/wp\/v2\/types\/page"}],"author":[{"embeddable":true,"href":"https:\/\/alterlock.net\/de\/wp-json\/wp\/v2\/users\/1"}],"replies":[{"embeddable":true,"href":"https:\/\/alterlock.net\/de\/wp-json\/wp\/v2\/comments?post=16367"}],"version-history":[{"count":9,"href":"https:\/\/alterlock.net\/de\/wp-json\/wp\/v2\/pages\/16367\/revisions"}],"predecessor-version":[{"id":26192,"href":"https:\/\/alterlock.net\/de\/wp-json\/wp\/v2\/pages\/16367\/revisions\/26192"}],"wp:attachment":[{"href":"https:\/\/alterlock.net\/de\/wp-json\/wp\/v2\/media?parent=16367"}],"curies":[{"name":"wp","href":"https:\/\/api.w.org\/{rel}","templated":true}]}}