{"id":21440,"date":"2024-03-06T04:00:27","date_gmt":"2024-03-06T04:00:27","guid":{"rendered":"https:\/\/alterlock.net\/?page_id=21440"},"modified":"2025-01-09T02:31:53","modified_gmt":"2025-01-09T02:31:53","slug":"device-settings","status":"publish","type":"page","link":"https:\/\/alterlock.net\/de\/user-manual\/alterlock-gen3\/device-settings","title":{"rendered":"Advanced Settings"},"content":{"rendered":"\n<div class=\"wp-block-cover alignfull is-light has-custom-content-position is-position-bottom-center page-title-cover\" style=\"min-height:320px;aspect-ratio:unset;\"><span aria-hidden=\"true\" class=\"wp-block-cover__background has-background-dim-100 has-background-dim has-background-gradient\" style=\"background:linear-gradient(135deg,rgb(1,160,196) 17%,rgb(1,67,153) 67%)\"><\/span><div class=\"wp-block-cover__inner-container is-layout-flow wp-block-cover-is-layout-flow\">\n<h1 class=\"wp-block-heading has-text-align-left has-ast-global-color-6-color has-text-color\">Advanced Settings<\/h1>\n\n\n\n<p class=\"has-ast-global-color-6-color has-text-color\">Erfahren Sie mehr \u00fcber die erweiterten Einstellungen von AlterLock Gen3.<\/p>\n<\/div><\/div>\n\n<div class=\"wp-block-group alignfull is-layout-constrained wp-container-core-group-is-layout-d3c951e3 wp-block-group-is-layout-constrained\">\t\t\t\t<div class=\"wp-block-uagb-table-of-contents uagb-toc__align-left uagb-toc__columns-2  uagb-block-6b80c669      \"\n\t\t\t\t\tdata-scroll= \"1\"\n\t\t\t\t\tdata-offset= \"80\"\n\t\t\t\t\tstyle=\"\"\n\t\t\t\t>\n\t\t\t\t<div class=\"uagb-toc__wrap\">\n\t\t\t\t\t\t<div class=\"uagb-toc__title\">\n\t\t\t\t\t\t\tTable of contents\t\t\t\t\t\t<\/div>\n\t\t\t\t\t\t\t\t\t\t\t\t\t\t\t\t\t\t\t\t\t\t<div class=\"uagb-toc__list-wrap \">\n\t\t\t\t\t\t<ol class=\"uagb-toc__list\"><li class=\"uagb-toc__list\"><a href=\"#alarm\" class=\"uagb-toc-link__trigger\">Alarm<\/a><ul class=\"uagb-toc__list\"><li class=\"uagb-toc__list\"><a href=\"#alarm\" class=\"uagb-toc-link__trigger\">Alarm<\/a><li class=\"uagb-toc__list\"><li class=\"uagb-toc__list\"><a href=\"#alarmton\" class=\"uagb-toc-link__trigger\">Alarmton<\/a><li class=\"uagb-toc__list\"><li class=\"uagb-toc__list\"><a href=\"#alarmdauer\" class=\"uagb-toc-link__trigger\">Alarmdauer<\/a><li class=\"uagb-toc__list\"><li class=\"uagb-toc__list\"><a href=\"#alarmgrenze\" class=\"uagb-toc-link__trigger\">Alarmgrenze<\/a><li class=\"uagb-toc__list\"><li class=\"uagb-toc__list\"><a href=\"#automatisches-ausschalten-des-alarms\" class=\"uagb-toc-link__trigger\">Automatisches Ausschalten des Alarms<\/a><\/li><\/ul><\/li><li class=\"uagb-toc__list\"><a href=\"#mobile-kommunikation\" class=\"uagb-toc-link__trigger\">Mobile Kommunikation<\/a><ul class=\"uagb-toc__list\"><li class=\"uagb-toc__list\"><a href=\"#periodisches-\u00fcbertragungsintervall\" class=\"uagb-toc-link__trigger\">Periodisches \u00dcbertragungsintervall<\/a><\/li><\/ul><\/li><\/ul><\/li><li class=\"uagb-toc__list\"><a href=\"#benachrichtigungen-und-systemt\u00f6ne\" class=\"uagb-toc-link__trigger\">Benachrichtigungen und Systemt\u00f6ne<\/a><ul class=\"uagb-toc__list\"><li class=\"uagb-toc__list\"><a href=\"#benachrichtigung-bei-erkennung\" class=\"uagb-toc-link__trigger\">Benachrichtigung bei Erkennung<\/a><li class=\"uagb-toc__list\"><li class=\"uagb-toc__list\"><a href=\"#benachrichtigung-bei-niedrigem-batteriestand\" class=\"uagb-toc-link__trigger\">Benachrichtigung bei niedrigem Batteriestand<\/a><li class=\"uagb-toc__list\"><li class=\"uagb-toc__list\"><a href=\"#systemklang\" class=\"uagb-toc-link__trigger\">Systemklang<\/a><\/li><\/ul><\/li><\/ul><\/li><\/ul><\/li><li class=\"uagb-toc__list\"><a href=\"#crash-erkennung\" class=\"uagb-toc-link__trigger\">Crash-Erkennung<\/a><ul class=\"uagb-toc__list\"><li class=\"uagb-toc__list\"><a href=\"#crash-erkennung\" class=\"uagb-toc-link__trigger\">Crash-Erkennung<\/a><li class=\"uagb-toc__list\"><li class=\"uagb-toc__list\"><a href=\"#kontakt-f\u00fcr-notf\u00e4lle\" class=\"uagb-toc-link__trigger\">Kontakt f\u00fcr Notf\u00e4lle<\/a><\/li><\/ul><\/li><\/ul><\/li><\/ul><\/li><\/ul><\/li><li class=\"uagb-toc__list\"><a href=\"#ger\u00e4t\" class=\"uagb-toc-link__trigger\">Ger\u00e4t<\/a><ul class=\"uagb-toc__list\"><li class=\"uagb-toc__list\"><a href=\"#informationen-zum-ger\u00e4t\" class=\"uagb-toc-link__trigger\">Informationen zum Ger\u00e4t<\/a><li class=\"uagb-toc__list\"><li class=\"uagb-toc__list\"><a href=\"#firmware-aktualisierung\" class=\"uagb-toc-link__trigger\">Firmware-Aktualisierung<\/a><li class=\"uagb-toc__list\"><li class=\"uagb-toc__list\"><a href=\"#empfindlichkeit-der-tasten\" class=\"uagb-toc-link__trigger\">Empfindlichkeit der Tasten<\/a><li class=\"uagb-toc__list\"><li class=\"uagb-toc__list\"><a href=\"#auto-lock-empfindlichkeit\" class=\"uagb-toc-link__trigger\">Auto-Lock-Empfindlichkeit<\/a><li class=\"uagb-toc__list\"><li class=\"uagb-toc__list\"><a href=\"#zur\u00fccksetzen\" class=\"uagb-toc-link__trigger\">Zur\u00fccksetzen<\/a><li class=\"uagb-toc__list\"><li class=\"uagb-toc__list\"><a href=\"#abschaltung\" class=\"uagb-toc-link__trigger\">Abschaltung<\/a><li class=\"uagb-toc__list\"><li class=\"uagb-toc__list\"><a href=\"#ger\u00e4t-freigeben\" class=\"uagb-toc-link__trigger\">Ger\u00e4t freigeben<\/a><\/ul><\/ul><\/ul><\/ul><\/ul><\/ol>\t\t\t\t\t<\/div>\n\t\t\t\t\t\t\t\t\t<\/div>\n\t\t\t\t<\/div>\n\t\t\t\n\n\n<h2 class=\"wp-block-heading\" id=\"alarm-1\">Alarm<\/h2>\n\n\n\n<h4 class=\"wp-block-heading\">Alarm<\/h4>\n\n\n\n<p>Sie k\u00f6nnen einstellen, ob das Ger\u00e4t AlterLock einen Alarm ausl\u00f6st, wenn eine Bewegung erkannt wird.<br\/>Sie k\u00f6nnen auch einen leisen Warnton f\u00fcr die erste Erkennung nach dem Abschlie\u00dfen w\u00e4hlen.<\/p>\n\n\n\n<figure class=\"wp-block-table no-vertical-line\"><table><tbody><tr><td>Erster Warnton und lauter Alarm<\/td><td>Bei der ersten Erkennung nach der Verriegelung ert\u00f6nt ein 10-sek\u00fcndiger Warnton, gefolgt von einem lauten Alarm bei der zweiten Erkennung.<\/td><\/tr><tr><td>Nur lauter Alarm<\/td><td>Bei der ersten Erkennung ert\u00f6nt ein lauter Alarm ohne Warnton.<\/td><\/tr><tr><td>Kein Warn- oder Alarmton.<\/td><td>Bei Erkennung wird kein Alarm ausgel\u00f6st.\nEs erfolgt nur eine Benachrichtigung an die App und eine Standortverfolgung. <\/td><\/tr><\/tbody><\/table><\/figure>\n\n\n\n<h4 class=\"wp-block-heading\">Alarmton<\/h4>\n\n\n\n<p>Drei Arten von lauten Alarmmustern stehen zur Auswahl.<br\/>Um den Alarmton zu testen, tippen Sie auf die Schaltfl\u00e4che <strong>Test<\/strong>. Der gew\u00e4hlte Alarmton ert\u00f6nt 5 Sekunden lang.<\/p>\n\n\n\n<h4 class=\"wp-block-heading\">Alarmdauer<\/h4>\n\n\n\n<p>Die Dauer des Alarmsignals kann zwischen 5 und 60 Sekunden in 5-Sekunden-Schritten eingestellt werden.<br\/>*Ungeachtet dieser Einstellung betr\u00e4gt der erste Warnton standardm\u00e4\u00dfig immer 10 Sekunden.<\/p>\n\n\n\n<h4 class=\"wp-block-heading\">Alarmgrenze<\/h4>\n\n\n\n<p>Wenn die Anzahl der Erkennungen nach dem Sperren die eingestellte Anzahl von Malen \u00fcbersteigt, wird nur die Standortverfolgung durchgef\u00fchrt, ohne dass ein weiterer Alarm ert\u00f6nt.<br\/>Bei einer Einstellung von 1-3 Alarmen f\u00fchrt das Ger\u00e4t nur die Standortverfolgung durch, ohne einen Alarm auszul\u00f6sen, wenn die eingestellte Anzahl von Malen \u00fcberschritten wird.<br\/>Bei einer Einstellung von unbegrenzt ert\u00f6nt bei jeder Erkennung ein Alarm.<br\/>*Die Anzahl der Male schlie\u00dft den ersten Warnton ein.<\/p>\n\n\n\n<p>Wenn das Alarmlimit beispielsweise auf drei Alarme eingestellt ist, funktioniert es wie folgt<br\/>1. Mal: erster Warnton, 2. Mal: Alarmton, 3. Mal: Alarmton, 4. und weitere Male: nur Tracking<\/p>\n\n\n\n<p>Alarmierungsbeschr\u00e4nkungen k\u00f6nnen die Wahrscheinlichkeit erh\u00f6hen, dass Ihr Fahrzeug im Falle eines Diebstahls vom T\u00e4ter unbemerkt verfolgt werden kann.<\/p>\n\n\n\n<h4 class=\"wp-block-heading\">Automatisches Ausschalten des Alarms<\/h4>\n\n\n\n<p>Die Alarme werden in Abh\u00e4ngigkeit vom verbleibenden Akkustand des Smartphones gesteuert.<br\/>Wenn diese Funktion aktiviert ist, funktioniert sie wie folgt:<\/p>\n\n\n\n<ul class=\"wp-block-list\">\n<li>Batterie unter 10%: Der Alarm schaltet sich automatisch aus<\/li>\n\n\n\n<li>Batterie \u00fcber 50%: R\u00fcckkehr zu den urspr\u00fcnglichen Alarmeinstellungen<\/li>\n<\/ul>\n\n\n\n<p>*Diese Funktion funktioniert nur, wenn das Ger\u00e4t \u00fcber Bluetooth verbunden ist.<\/p>\n\n\n\n<div class=\"wp-block-uagb-separator uagb-block-b79bcf82\"><div class=\"wp-block-uagb-separator__inner\" style=\"--my-background-image:\"><\/div><\/div>\n\n\n\n<h2 class=\"wp-block-heading\">Mobile Kommunikation<\/h2>\n\n\n\n<p>Die mobile Kommunikationsfunktion wird automatisch aktiviert, wenn Sie sich f\u00fcr den Dienst anmelden.<br\/>Empfangen Sie Benachrichtigungen und verfolgen Sie Ihren Standort au\u00dferhalb der Bluetooth-Reichweite \u00fcber LTE-M \/ NB IoT-Kommunikation.<br\/>*Die mobile Kommunikation wird aktiviert, indem Sie das Ger\u00e4t registrieren oder nach der Anmeldung f\u00fcr den Dienst in einen gesperrten Zustand versetzen.<\/p>\n\n\n\n<h4 class=\"wp-block-heading\" id=\"periodic-transmission-interval-6\">Periodisches \u00dcbertragungsintervall<\/h4>\n\n\n\n<p>\u00dcbertragen Sie in regelm\u00e4\u00dfigen Abst\u00e4nden Informationen zum Standort des Ger\u00e4ts \u00fcber den Mobilfunk.<br\/>Die Kommunikationsintervalle k\u00f6nnen zwischen 6, 12 und 24 Stunden gew\u00e4hlt werden.<br\/>*Eine Verl\u00e4ngerung des Kommunikationsintervalls erh\u00f6ht die Betriebszeit des Ger\u00e4ts.<\/p>\n\n\n\n<div class=\"wp-block-uagb-separator uagb-block-863fd6fc\"><div class=\"wp-block-uagb-separator__inner\" style=\"--my-background-image:\"><\/div><\/div>\n\n\n\n<h2 class=\"wp-block-heading\">Benachrichtigungen und Systemt\u00f6ne<\/h2>\n\n\n\n<h4 class=\"wp-block-heading\">Benachrichtigung bei Erkennung<\/h4>\n\n\n\n<p>Benachrichtigen Sie Ihr Smartphone, wenn das Ger\u00e4t eine Bewegung erkennt.<br\/>Es wird empfohlen, das Ger\u00e4t immer eingeschaltet zu lassen, damit Sie im Falle eines Diebstahls oder anderer ungew\u00f6hnlicher Umst\u00e4nde sofort informiert werden k\u00f6nnen.<\/p>\n\n\n\n<h4 class=\"wp-block-heading\" id=\"low-battery-notification-7\">Benachrichtigung bei niedrigem Batteriestand<\/h4>\n\n\n\n<p>Benachrichtigt das Smartphone, wenn der Akku des Ger\u00e4ts zur Neige geht.<br\/>Diese Funktion funktioniert, w\u00e4hrend das Ger\u00e4t \u00fcber Bluetooth verbunden ist.<\/p>\n\n\n\n<h4 class=\"wp-block-heading\" id=\"system-sound-8\">Systemklang<\/h4>\n\n\n\n<p>Der Systemton kann beim Verriegeln\/Entriegeln ein-\/ausgeschaltet werden. Das System gibt beim Verriegeln einen und beim Entriegeln zwei Signalt\u00f6ne ab.<\/p>\n\n\n\n<div class=\"wp-block-uagb-separator uagb-block-376245cc\"><div class=\"wp-block-uagb-separator__inner\" style=\"--my-background-image:\"><\/div><\/div>\n\n\n\n<h2 class=\"wp-block-heading\">Crash-Erkennung<\/h2>\n\n\n\n<h4 class=\"wp-block-heading\">Crash-Erkennung<\/h4>\n\n\n\n<p>Wenn die Funktion Crash Detection aktiviert ist, sendet sie eine Kurznachricht mit Standortinformationen an einen angegebenen Notfallkontakt, wenn ein erheblicher Aufprall und ein Sturz festgestellt werden.<br\/>Der Notfallkontakt muss im Voraus eingerichtet werden, damit diese Funktion ordnungsgem\u00e4\u00df funktioniert.<\/p>\n\n\n\n<h4 class=\"wp-block-heading\">Kontakt f\u00fcr Notf\u00e4lle<\/h4>\n\n\n\n<p>Legen Sie die Informationen f\u00fcr den Notfallkontakt fest.<\/p>\n\n\n\n<ul class=\"wp-block-list\">\n<li>Telefonnummer des Notfallkontakts und L\u00e4nderinformationen<\/li>\n\n\n\n<li>Name, der in Notfallmeldungen angezeigt werden soll<\/li>\n<\/ul>\n\n\n\n<div class=\"wp-block-uagb-separator uagb-block-29355f04\"><div class=\"wp-block-uagb-separator__inner\" style=\"--my-background-image:\"><\/div><\/div>\n\n\n\n<h2 class=\"wp-block-heading\">Ger\u00e4t<\/h2>\n\n\n\n<h4 class=\"wp-block-heading\" id=\"device-information-11\">Informationen zum Ger\u00e4t<\/h4>\n\n\n\n<p>Sie k\u00f6nnen die Ger\u00e4te-ID und die Firmware-Version \u00fcberpr\u00fcfen.<br\/>Der als Bluetooth-Ger\u00e4t auf dem Smartphone registrierte Ger\u00e4tename lautet &lt;AlterLock3-deviceID&gt;.<\/p>\n\n\n\n<h4 class=\"wp-block-heading\">Firmware-Aktualisierung<\/h4>\n\n\n\n<p>Es ist m\u00f6glich, auf die neueste Firmware zu aktualisieren oder die Firmware neu zu installieren.<br\/>Die Einstellungen bleiben erhalten, auch wenn die Firmware auf die neueste Version aktualisiert wird.<br\/>Die Aktualisierung der Firmware dauert etwa ein bis zwei Minuten.<\/p>\n\n\n\n<h4 class=\"wp-block-heading\" id=\"button-operating-range-9\">Empfindlichkeit der Tasten<\/h4>\n\n\n\n<p>Passen Sie die Empfindlichkeit der Sperre\/Entsperrung \u00fcber die physische Taste auf dem Ger\u00e4t an.<br\/>Die Empfindlichkeit basiert auf der Bluetooth-Signalst\u00e4rke zwischen dem Smartphone und dem Ger\u00e4t.<\/p>\n\n\n\n<p>Die Bluetooth-Signalst\u00e4rke variiert je nach Smartphone-Modell und Betriebsumgebung.<br\/>Die Signalst\u00e4rke verringert sich, wenn das Smartphone in eine Tasche gesteckt wird.<br\/>Wenn die Taste in der tats\u00e4chlichen Betriebsumgebung nicht gut reagiert, k\u00f6nnen Sie die Empfindlichkeitsstufe niedriger einstellen, damit das Ger\u00e4t auch dann reagiert, wenn das Bluetooth-Signal des Smartphones schwach ist.<br\/>Nachdem Sie die Einstellungen ge\u00e4ndert haben, \u00fcberpr\u00fcfen Sie bitte die tats\u00e4chliche Betriebsumgebung.<\/p>\n\n\n\n<h4 class=\"wp-block-heading\">Auto-Lock-Empfindlichkeit<\/h4>\n\n\n\n<p>Stellen Sie die Reichweite und Empfindlichkeit der automatischen Sperr-\/Entsperrfunktion ein.<br\/>Die Empfindlichkeit basiert auf der Bluetooth-Signalst\u00e4rke zwischen dem Smartphone und dem Ger\u00e4t.<\/p>\n\n\n\n<p>Wenn sich das Ger\u00e4t w\u00e4hrend der Fahrt verriegelt, kann eine niedrigere Empfindlichkeitsstufe verhindern, dass es ungewollt aktiviert wird. Selbst wenn Sie die h\u00f6chste Einstellung w\u00e4hlen, wird das Ger\u00e4t gesperrt, wenn die Bluetooth-Verbindung getrennt wird.<\/p>\n\n\n\n<h4 class=\"wp-block-heading\">Zur\u00fccksetzen<\/h4>\n\n\n\n<p>Setzt alle Ger\u00e4teeinstellungen auf ihre Standardwerte zur\u00fcck. Die Verbindung zum Ger\u00e4t bleibt bestehen.<\/p>\n\n\n\n<h4 class=\"wp-block-heading\">Abschaltung<\/h4>\n\n\n\n<p>Schalten Sie das Ger\u00e4t ab. Um das Ger\u00e4t zu starten, halten Sie die Taste an der Seite des Ger\u00e4ts 3 Sekunden lang gedr\u00fcckt.<br\/>Aus Sicherheitsgr\u00fcnden kann das Ger\u00e4t nicht durch Bet\u00e4tigung der Taste am Hauptger\u00e4t ausgeschaltet werden. Bitte \u00fcber die App herunterfahren.<\/p>\n\n\n\n<h4 class=\"wp-block-heading\" id=\"release-device-10\">Ger\u00e4t freigeben<\/h4>\n\n\n\n<p>Heben Sie die Registrierung der auf Ihrem Smartphone registrierten AlterLock Ger\u00e4te auf.<br\/>Ger\u00e4te k\u00f6nnen erneut registriert und auf demselben oder einem anderen Smartphone verwendet werden.<\/p>\n\n\n\n<p>Bei iPhones deaktivieren Sie bitte nach der Deaktivierung des Ger\u00e4ts auch die Kopplung mit AlterLock in den Bluetooth-Einstellungen von iOS.<\/p>\n\n\n\n<p>Wenn die Bluetooth-Verbindung zum Ger\u00e4t AlterLock nicht mehr verf\u00fcgbar ist, kann sie zwangsweise getrennt werden.<br\/>Um ein Ger\u00e4t, das zwangsweise deaktiviert wurde, erneut zu registrieren, f\u00fchren Sie einen <a href=\"https:\/\/alterlock.net\/de\/user-manual\/alterlock-gen3#factory-reset\" data-type=\"page\" data-id=\"19523\">Werksreset<\/a> durch.<\/p>\n<\/div>\n","protected":false},"excerpt":{"rendered":"<p>Alarm Alarm Sie k\u00f6nnen einstellen, ob das Ger\u00e4t AlterLock einen Alarm ausl\u00f6st, wenn eine Bewegung erkannt wird.Sie k\u00f6nnen auch einen leisen Warnton f\u00fcr die erste Erkennung nach dem Abschlie\u00dfen w\u00e4hlen. Erster Warnton und lauter Alarm Bei der ersten Erkennung nach der Verriegelung ert\u00f6nt ein 10-sek\u00fcndiger Warnton, gefolgt von einem lauten Alarm bei der zweiten Erkennung. [&hellip;]<\/p>\n","protected":false},"author":1,"featured_media":699,"parent":21426,"menu_order":0,"comment_status":"closed","ping_status":"closed","template":"","meta":{"_seopress_robots_primary_cat":"","_seopress_titles_title":"","_seopress_titles_desc":"","_seopress_robots_index":"","_uag_custom_page_level_css":"","site-sidebar-layout":"default","site-content-layout":"","ast-site-content-layout":"default","site-content-style":"default","site-sidebar-style":"default","ast-global-header-display":"","ast-banner-title-visibility":"","ast-main-header-display":"","ast-hfb-above-header-display":"","ast-hfb-below-header-display":"","ast-hfb-mobile-header-display":"","site-post-title":"disabled","ast-breadcrumbs-content":"","ast-featured-img":"","footer-sml-layout":"","ast-disable-related-posts":"","theme-transparent-header-meta":"","adv-header-id-meta":"","stick-header-meta":"","header-above-stick-meta":"","header-main-stick-meta":"","header-below-stick-meta":"","astra-migrate-meta-layouts":"default","ast-page-background-enabled":"default","ast-page-background-meta":{"desktop":{"background-color":"var(--ast-global-color-4)","background-image":"","background-repeat":"repeat","background-position":"center center","background-size":"auto","background-attachment":"scroll","background-type":"","background-media":"","overlay-type":"","overlay-color":"","overlay-opacity":"","overlay-gradient":""},"tablet":{"background-color":"","background-image":"","background-repeat":"repeat","background-position":"center center","background-size":"auto","background-attachment":"scroll","background-type":"","background-media":"","overlay-type":"","overlay-color":"","overlay-opacity":"","overlay-gradient":""},"mobile":{"background-color":"","background-image":"","background-repeat":"repeat","background-position":"center center","background-size":"auto","background-attachment":"scroll","background-type":"","background-media":"","overlay-type":"","overlay-color":"","overlay-opacity":"","overlay-gradient":""}},"ast-content-background-meta":{"desktop":{"background-color":"var(--ast-global-color-5)","background-image":"","background-repeat":"repeat","background-position":"center center","background-size":"auto","background-attachment":"scroll","background-type":"","background-media":"","overlay-type":"","overlay-color":"","overlay-opacity":"","overlay-gradient":""},"tablet":{"background-color":"var(--ast-global-color-5)","background-image":"","background-repeat":"repeat","background-position":"center center","background-size":"auto","background-attachment":"scroll","background-type":"","background-media":"","overlay-type":"","overlay-color":"","overlay-opacity":"","overlay-gradient":""},"mobile":{"background-color":"var(--ast-global-color-5)","background-image":"","background-repeat":"repeat","background-position":"center center","background-size":"auto","background-attachment":"scroll","background-type":"","background-media":"","overlay-type":"","overlay-color":"","overlay-opacity":"","overlay-gradient":""}},"footnotes":""},"class_list":["post-21440","page","type-page","status-publish","has-post-thumbnail","hentry"],"uagb_featured_image_src":{"full":["https:\/\/alterlock.net\/wp-content\/uploads\/2022\/08\/OgImage.png",1200,630,false],"thumbnail":["https:\/\/alterlock.net\/wp-content\/uploads\/2022\/08\/OgImage-150x150.png",150,150,true],"medium":["https:\/\/alterlock.net\/wp-content\/uploads\/2022\/08\/OgImage-300x158.png",300,158,true],"medium_large":["https:\/\/alterlock.net\/wp-content\/uploads\/2022\/08\/OgImage-768x403.png",768,403,true],"large":["https:\/\/alterlock.net\/wp-content\/uploads\/2022\/08\/OgImage-1024x538.png",1024,538,true],"1536x1536":["https:\/\/alterlock.net\/wp-content\/uploads\/2022\/08\/OgImage.png",1200,630,false],"2048x2048":["https:\/\/alterlock.net\/wp-content\/uploads\/2022\/08\/OgImage.png",1200,630,false],"woocommerce_thumbnail":["https:\/\/alterlock.net\/wp-content\/uploads\/2022\/08\/OgImage-300x300.png",300,300,true],"woocommerce_single":["https:\/\/alterlock.net\/wp-content\/uploads\/2022\/08\/OgImage-600x315.png",600,315,true],"woocommerce_gallery_thumbnail":["https:\/\/alterlock.net\/wp-content\/uploads\/2022\/08\/OgImage-100x100.png",100,100,true]},"uagb_author_info":{"display_name":"Site Manager","author_link":"https:\/\/alterlock.net\/de\/author\/siteadmin"},"uagb_comment_info":0,"uagb_excerpt":"Alarm Alarm Sie k\u00f6nnen einstellen, ob das Ger\u00e4t AlterLock einen Alarm ausl\u00f6st, wenn eine Bewegung erkannt wird.Sie k\u00f6nnen auch einen leisen Warnton f\u00fcr die erste Erkennung nach dem Abschlie\u00dfen w\u00e4hlen. Erster Warnton und lauter Alarm Bei der ersten Erkennung nach der Verriegelung ert\u00f6nt ein 10-sek\u00fcndiger Warnton, gefolgt von einem lauten Alarm bei der zweiten Erkennung.&hellip;","_links":{"self":[{"href":"https:\/\/alterlock.net\/de\/wp-json\/wp\/v2\/pages\/21440","targetHints":{"allow":["GET"]}}],"collection":[{"href":"https:\/\/alterlock.net\/de\/wp-json\/wp\/v2\/pages"}],"about":[{"href":"https:\/\/alterlock.net\/de\/wp-json\/wp\/v2\/types\/page"}],"author":[{"embeddable":true,"href":"https:\/\/alterlock.net\/de\/wp-json\/wp\/v2\/users\/1"}],"replies":[{"embeddable":true,"href":"https:\/\/alterlock.net\/de\/wp-json\/wp\/v2\/comments?post=21440"}],"version-history":[{"count":8,"href":"https:\/\/alterlock.net\/de\/wp-json\/wp\/v2\/pages\/21440\/revisions"}],"predecessor-version":[{"id":26324,"href":"https:\/\/alterlock.net\/de\/wp-json\/wp\/v2\/pages\/21440\/revisions\/26324"}],"up":[{"embeddable":true,"href":"https:\/\/alterlock.net\/de\/wp-json\/wp\/v2\/pages\/21426"}],"wp:featuredmedia":[{"embeddable":true,"href":"https:\/\/alterlock.net\/de\/wp-json\/wp\/v2\/media\/699"}],"wp:attachment":[{"href":"https:\/\/alterlock.net\/de\/wp-json\/wp\/v2\/media?parent=21440"}],"curies":[{"name":"wp","href":"https:\/\/api.w.org\/{rel}","templated":true}]}}