{"id":17295,"date":"2023-01-27T08:07:52","date_gmt":"2023-01-27T08:07:52","guid":{"rendered":"https:\/\/alterlock.net\/product\/alterlock"},"modified":"2026-04-14T19:10:11","modified_gmt":"2026-04-14T19:10:11","slug":"al02eb-uk","status":"publish","type":"product","link":"https:\/\/alterlock.net\/de\/product\/al02eb-uk","title":{"rendered":"AlterLock Gen2"},"content":{"rendered":"<h2>Specification<\/h2>\n<p><strong>Size:<\/strong>\u00a0159\u00d738\u00d79mm<br \/>\n<strong>Weight:<\/strong>\u00a050 g<br \/>\n<strong>Battery type:<\/strong>\u00a0Lithium polymer<br \/>\n<strong>Battery life:<\/strong>\u00a0up to 1.5 months\/charge *1<br \/>\n<strong>Charging Socket:<\/strong>\u00a0USB Type-C *2<br \/>\n<strong>Operating Temperature:<\/strong> -20 &#8211; 60\u00b0C<br \/>\n<strong>Charging Temperature:<\/strong> 0 &#8211; 45\u00b0C<br \/>\n<strong>Communication:<\/strong>\u00a0Bluetooth Low Energy \/ Sigfox<br \/>\n<strong>Tracking:<\/strong>\u00a0GPS (GNSS) \/ Wi-Fi<br \/>\n<strong>Protection:<\/strong> Water\/Dustproofing IP66<br \/>\n<sub>*1 Varies according to use<br \/>\n*2 Charging cable is NOT included<\/sub><\/p>\n<hr \/>\n<h2>FAQ<\/h2>\n<h4>Can AlterLock be installed on any bicycle?<\/h4>\n<p>AlterLock fits neatly on bottle cage bosses of most sports bikes and can be mounted underneath a bottle cage.<\/p>\n<h4>Is AlterLock easily removed from a bike?<\/h4>\n<p>When in lock mode, removing motion will be detected on the device and will trigger the alarm to notify on your phone. You will receive a notification and be aware of any attempts to remove the device.<\/p>\n<h4>What is the difference between a Bluetooth tracker and AlterLock?<\/h4>\n<p>Bluetooth-based trackers are primarily intended to prevent the loss of portable items. They transmit location information when a smartphone is in the vicinity, but are not suitable for tracking moving bicycles.<br \/>\nAlterLock has a stand-alone communication function and supports GPS \/ Wi-Fi positioning, allowing you to track wherever you go.<\/p>\n<h4>Can AlterLock constantly receive GPS data to track?<\/h4>\n<p>Since this product is specialized for theft prevention, it cannot be used as a GPS tracker that displays location information at all times. By activating GPS after detecting movement in lock mode, the product can be used for long-term tracking with significantly lower power consumption.<\/p>\n<h4>Can the alarm sound and motion detection sensitivity be adjusted?<\/h4>\n<p>The frequency and duration of the alarm and the motion detection sensitivity can be adjusted using the AlterLock App.<\/p>\n<h4>Communication Areas<\/h4>\n<p>To see if the area you are trying to use AlterLock is within the range of Sigfox, please visit <a href=\"https:\/\/www.sigfox.com\/en\/coverage\">this page<\/a>.<br \/>\nThe European version is available in the following countries:<br \/>\nAustria, Belgium, Croatia, Denmark, Estonia, Finland, France, Germany, Greece, Ireland, Italy, Latvia, Lithuania, Luxembourg, Netherlands, Poland, Portugal, Spain, Ukraine and United Kingdom.<\/p>\n","protected":false},"excerpt":{"rendered":"<p>AlterLock ist ein Alarm\/GPS-Tracking-Sicherheitsger\u00e4t f\u00fcr Fahrr\u00e4der. Es erm\u00f6glicht Ihnen, Ihr Fahrrad aus der Ferne zu \u00fcberwachen und benachrichtigt Sie auf Ihrem Handy, wenn das Ger\u00e4t eine Bewegung erkennt, w\u00e4hrend das Fahrrad weggeschlossen ist. <\/p>\n<p>Weitere Informationen zu diesem Produkt finden Sie <a href=\"https:\/\/alterlock.net\/de\/how-gen2-works\">hier<\/a>.<\/p>\n<ul>\n<li><a href=\"https:\/\/alterlock.net\/de\/how-to-start-gen2\/\">Servicegeb\u00fchren gelten<\/a> gesondert<\/li>\n<li>Beim ersten Mal bis zu 30 Tage lang kostenlos<\/li>\n<li>Wenn Sie Fragen zum Produkt haben, klicken Sie <a href=\"https:\/\/alterlock.net\/en\/support\/faq\">hier<\/a> <\/li>\n<\/ul>\n<h3>Versand- und Bearbeitungskosten<\/h3>\n<p>Die Waren werden aus Japan verschickt. Die internationale Lieferung von Waren unterliegt m\u00f6glicherweise der Zollabfertigung und zus\u00e4tzlichen Geb\u00fchren. <strong>Die EU-Mehrwertsteuer ist nicht<\/strong> im Produktpreis <strong>enthalten<\/strong>. Z\u00f6lle, verschiedene Geb\u00fchren und Steuern k\u00f6nnen zum Zeitpunkt der Lieferung anfallen, je nach den Gesetzen und Vorschriften Ihres Wohnsitzlandes.<\/p>\n<p><span data-teams=\"true\">Wenn die Lieferung aus Gr\u00fcnden des Empf\u00e4ngers nicht zustande kommt (z.B. weil er sich weigert, Z\u00f6lle, Steuern und andere von der Regierung auferlegte Geb\u00fchren zu zahlen), akzeptieren wir die R\u00fccksendung und erstatten den Kaufpreis abz\u00fcglich der Liefer- und R\u00fccksendekosten.<\/span><\/p>\n","protected":false},"featured_media":872,"comment_status":"open","ping_status":"closed","template":"","meta":{"_seopress_robots_primary_cat":"none","_seopress_titles_title":"AlterLock Official Store %%sep%% Movement Detection Alarm & GPS Tracking Device","_seopress_titles_desc":"AlterLock is a security service for sports bikes. It lets you keep a remote eye on your bike with a movement detection alarm and smartphone notification. In the unlikely event that the alarm doesn\u2019t prevent theft, GPS tracking helps you find your bike. It\u2019s a new way to enjoy your life as a cyclist with peace of mind.","_seopress_robots_index":"","_uag_custom_page_level_css":"","site-sidebar-layout":"no-sidebar","site-content-layout":"default","ast-site-content-layout":"default","site-content-style":"default","site-sidebar-style":"default","ast-global-header-display":"","ast-banner-title-visibility":"","ast-main-header-display":"","ast-hfb-above-header-display":"","ast-hfb-below-header-display":"","ast-hfb-mobile-header-display":"","site-post-title":"","ast-breadcrumbs-content":"","ast-featured-img":"","footer-sml-layout":"","ast-disable-related-posts":"","theme-transparent-header-meta":"default","adv-header-id-meta":"","stick-header-meta":"","header-above-stick-meta":"","header-main-stick-meta":"","header-below-stick-meta":"","astra-migrate-meta-layouts":"default","ast-page-background-enabled":"default","ast-page-background-meta":{"desktop":{"background-color":"var(--ast-global-color-4)","background-image":"","background-repeat":"repeat","background-position":"center center","background-size":"auto","background-attachment":"scroll","background-type":"","background-media":"","overlay-type":"","overlay-color":"","overlay-opacity":"","overlay-gradient":""},"tablet":{"background-color":"","background-image":"","background-repeat":"repeat","background-position":"center center","background-size":"auto","background-attachment":"scroll","background-type":"","background-media":"","overlay-type":"","overlay-color":"","overlay-opacity":"","overlay-gradient":""},"mobile":{"background-color":"","background-image":"","background-repeat":"repeat","background-position":"center center","background-size":"auto","background-attachment":"scroll","background-type":"","background-media":"","overlay-type":"","overlay-color":"","overlay-opacity":"","overlay-gradient":""}},"ast-content-background-meta":{"desktop":{"background-color":"var(--ast-global-color-5)","background-image":"","background-repeat":"repeat","background-position":"center center","background-size":"auto","background-attachment":"scroll","background-type":"","background-media":"","overlay-type":"","overlay-color":"","overlay-opacity":"","overlay-gradient":""},"tablet":{"background-color":"var(--ast-global-color-5)","background-image":"","background-repeat":"repeat","background-position":"center center","background-size":"auto","background-attachment":"scroll","background-type":"","background-media":"","overlay-type":"","overlay-color":"","overlay-opacity":"","overlay-gradient":""},"mobile":{"background-color":"var(--ast-global-color-5)","background-image":"","background-repeat":"repeat","background-position":"center center","background-size":"auto","background-attachment":"scroll","background-type":"","background-media":"","overlay-type":"","overlay-color":"","overlay-opacity":"","overlay-gradient":""}}},"product_brand":[],"product_cat":[147],"product_tag":[],"class_list":{"0":"post-17295","1":"product","2":"type-product","3":"status-publish","4":"has-post-thumbnail","6":"product_cat-anti-theft-devices-de","7":"product_shipping_class-gen2-direct-de","8":"desktop-align-left","9":"tablet-align-left","10":"mobile-align-left","12":"first","13":"outofstock","14":"taxable","15":"shipping-taxable","16":"purchasable","17":"product-type-simple"},"uagb_featured_image_src":{"full":["https:\/\/alterlock.net\/wp-content\/uploads\/2022\/09\/product01.png",1600,1600,false],"thumbnail":["https:\/\/alterlock.net\/wp-content\/uploads\/2022\/09\/product01-150x150.png",150,150,true],"medium":["https:\/\/alterlock.net\/wp-content\/uploads\/2022\/09\/product01-300x300.png",300,300,true],"medium_large":["https:\/\/alterlock.net\/wp-content\/uploads\/2022\/09\/product01-768x768.png",768,768,true],"large":["https:\/\/alterlock.net\/wp-content\/uploads\/2022\/09\/product01-1024x1024.png",1024,1024,true],"1536x1536":["https:\/\/alterlock.net\/wp-content\/uploads\/2022\/09\/product01-1536x1536.png",1536,1536,true],"2048x2048":["https:\/\/alterlock.net\/wp-content\/uploads\/2022\/09\/product01.png",1600,1600,false],"woocommerce_thumbnail":["https:\/\/alterlock.net\/wp-content\/uploads\/2022\/09\/product01-300x300.png",300,300,true],"woocommerce_single":["https:\/\/alterlock.net\/wp-content\/uploads\/2022\/09\/product01-600x600.png",600,600,true],"woocommerce_gallery_thumbnail":["https:\/\/alterlock.net\/wp-content\/uploads\/2022\/09\/product01-100x100.png",100,100,true]},"uagb_author_info":{"display_name":"Site Manager","author_link":"https:\/\/alterlock.net\/de\/author"},"uagb_comment_info":159,"uagb_excerpt":"AlterLock ist ein Alarm\/GPS-Tracking-Sicherheitsger\u00e4t f\u00fcr Fahrr\u00e4der. Es erm\u00f6glicht Ihnen, Ihr Fahrrad aus der Ferne zu \u00fcberwachen und benachrichtigt Sie auf Ihrem Handy, wenn das Ger\u00e4t eine Bewegung erkennt, w\u00e4hrend das Fahrrad weggeschlossen ist. Weitere Informationen zu diesem Produkt finden Sie hier. Servicegeb\u00fchren gelten gesondert Beim ersten Mal bis zu 30 Tage lang kostenlos Wenn Sie&hellip;","_links":{"self":[{"href":"https:\/\/alterlock.net\/de\/wp-json\/wp\/v2\/product\/17295","targetHints":{"allow":["GET"]}}],"collection":[{"href":"https:\/\/alterlock.net\/de\/wp-json\/wp\/v2\/product"}],"about":[{"href":"https:\/\/alterlock.net\/de\/wp-json\/wp\/v2\/types\/product"}],"replies":[{"embeddable":true,"href":"https:\/\/alterlock.net\/de\/wp-json\/wp\/v2\/comments?post=17295"}],"wp:featuredmedia":[{"embeddable":true,"href":"https:\/\/alterlock.net\/de\/wp-json\/wp\/v2\/media\/872"}],"wp:attachment":[{"href":"https:\/\/alterlock.net\/de\/wp-json\/wp\/v2\/media?parent=17295"}],"wp:term":[{"taxonomy":"product_brand","embeddable":true,"href":"https:\/\/alterlock.net\/de\/wp-json\/wp\/v2\/product_brand?post=17295"},{"taxonomy":"product_cat","embeddable":true,"href":"https:\/\/alterlock.net\/de\/wp-json\/wp\/v2\/product_cat?post=17295"},{"taxonomy":"product_tag","embeddable":true,"href":"https:\/\/alterlock.net\/de\/wp-json\/wp\/v2\/product_tag?post=17295"}],"curies":[{"name":"wp","href":"https:\/\/api.w.org\/{rel}","templated":true}]}}