{"id":17307,"date":"2022-10-19T06:30:41","date_gmt":"2022-10-19T06:30:41","guid":{"rendered":"https:\/\/alterlock.net\/product\/alterlock"},"modified":"2026-04-07T06:34:55","modified_gmt":"2026-04-07T06:34:55","slug":"al02jb","status":"publish","type":"product","link":"https:\/\/alterlock.net\/de\/product\/al02jb","title":{"rendered":"AlterLock Gen2"},"content":{"rendered":"<h2>Spezifikation<\/h2>\n<p><strong>Gr\u00f6\u00dfe:<\/strong> 159\u00d738\u00d79mm<br \/>\n<strong>Gewicht:<\/strong> 50 g<br \/>\n<strong>Akku-Typ:<\/strong> Lithium-Polymer<br \/>\n<strong>Batterielebensdauer:<\/strong> bis zu 1,5 Monate\/Ladung *1<br \/>\n<strong>Ladebuchse:<\/strong> USB Typ-C *2<br \/>\n<strong>Betriebstemperatur:<\/strong> -20 bis 60\u00b0C<br \/>\n<strong>Ladetemperatur:<\/strong> 0 bis 45\u00b0C<br \/>\n<strong>Kommunikation:<\/strong> Bluetooth Low Energy \/ Sigfox<br \/>\n<strong>Verfolgung:<\/strong> GPS (GNSS) \/ Wi-Fi<br \/>\n<strong>Schutz:<\/strong> Wasser-\/Staubdichtheit IP66<br \/>\n<sub>*1 Variiert je nach Verwendung<br \/>\n*2 Das Ladekabel ist NICHT enthalten<\/sub><\/p>\n<hr>\n<h2>FAQ<\/h2>\n<h4>Kann AlterLock an jedem Fahrrad angebracht werden?<\/h4>\n<p>AlterLock passt genau auf die Flaschenhalteraufs\u00e4tze der meisten Sportr\u00e4der und kann unter einem Flaschenhalter montiert werden.<\/p>\n<h4>L\u00e4sst sich AlterLock leicht von einem Fahrrad entfernen?<\/h4>\n<p>Im Sperrmodus wird die Entfernung von Bewegungen auf dem Ger\u00e4t erkannt und der Alarm auf Ihrem Telefon ausgel\u00f6st. Dadurch wird das Entfernen des Ger\u00e4ts sehr schwierig. Wir verkaufen auch separate Diebstahlsicherungsbolzen, um besonders sicher zu gehen, dass das Ger\u00e4t nicht entfernt werden kann.  <\/p>\n<h4>Was ist der Unterschied zwischen einem Bluetooth-Tracker und AlterLock?<\/h4>\n<p>Bluetooth-basierte Tracker sollen in erster Linie den Verlust von tragbaren Gegenst\u00e4nden verhindern. Sie \u00fcbermitteln Standortinformationen, wenn sich ein Smartphone in der N\u00e4he befindet, eignen sich aber nicht f\u00fcr die Verfolgung von Fahrr\u00e4dern in Bewegung.<br \/>\nAlterLock verf\u00fcgt \u00fcber eine eigenst\u00e4ndige Kommunikationsfunktion und unterst\u00fctzt die GPS-\/Wi-Fi-Positionierung, so dass Sie Ihr Fahrrad \u00fcberallhin verfolgen k\u00f6nnen.<\/p>\n<h4>Kann AlterLock st\u00e4ndig GPS-Daten zur Verfolgung empfangen?<\/h4>\n<p>Typische Bluetooth-basierte Tracker k\u00f6nnen nur innerhalb der Reichweite einer Bluetooth-Verbindung kommunizieren, was es schwierig macht, sie zu verfolgen, sobald sie aus der Hand gelegt werden. AlterLock verwendet jedoch GPS und Wi-Fi-Positionierung, so dass es \u00fcberall geortet werden kann.<\/p>\n<h4>K\u00f6nnen der Alarmton und die Empfindlichkeit der Bewegungserkennung eingestellt werden?<\/h4>\n<p>Die H\u00e4ufigkeit und Dauer des Alarms sowie die Empfindlichkeit der Bewegungserkennung k\u00f6nnen \u00fcber die AlterLock App eingestellt werden.<\/p>\n<h4>Bereiche der Kommunikation<\/h4>\n<p>Um herauszufinden, ob das Gebiet, das Sie versuchen, AlterLock zu nutzen, innerhalb der Reichweite von Sigfox liegt, besuchen Sie bitte <a href=\"https:\/\/www.sigfox.com\/en\/coverage\">diese Seite<\/a>. Die japanische Version ist nur in Japan erh\u00e4ltlich. Das Sigfox-Versorgungsgebiet in Japan hat eine Bev\u00f6lkerungsabdeckung von 96 % erreicht.<\/p>\n","protected":false},"excerpt":{"rendered":"<p>AlterLock ist ein Alarm\/GPS-Tracking-Sicherheitsger\u00e4t f\u00fcr Fahrr\u00e4der. Es erm\u00f6glicht Ihnen, Ihr Fahrrad aus der Ferne zu \u00fcberwachen und benachrichtigt Sie auf Ihrem Handy, wenn das Ger\u00e4t eine Bewegung erkennt, w\u00e4hrend das Fahrrad weggeschlossen ist. <\/p>\n<p>Weitere Informationen zu diesem Produkt finden Sie <a href=\"https:\/\/alterlock.net\/de\/how-gen2-works\">hier<\/a>.<\/p>\n<ul>\n<li><a href=\"https:\/\/alterlock.net\/de\/how-to-start-gen2\/\">Servicegeb\u00fchren gelten<\/a> gesondert<\/li>\n<li><a href=\"https:\/\/alterlock.net\/de\/service-terms\/#article-5-30-day-satisfaction-guarantee-39\">30 Tage Zufriedenheitsgarantie<\/a><\/li>\n<li>Kostenlose Servicegeb\u00fchr in den ersten 30 Tagen<\/li>\n<li>F\u00fcr Informationen zur Zustellung, klicken Sie <a href=\"https:\/\/alterlock.net\/de\/shipping-policy\/\">hier<\/a><\/li>\n<li>Wenn Sie Fragen zum Produkt haben, klicken Sie <a href=\"https:\/\/alterlock.net\/de\/hc\/\">hier<\/a> <\/li>\n<\/ul>\n","protected":false},"featured_media":872,"comment_status":"open","ping_status":"closed","template":"","meta":{"_seopress_robots_primary_cat":"none","_seopress_titles_title":"AlterLock Official Store %%sep%% Bewegungserkennungsalarm & GPS-Ortungsger\u00e4t","_seopress_titles_desc":"AlterLock ist ein Sicherheitsdienst f\u00fcr Sportfahrr\u00e4der. Mit einem Bewegungserkennungsalarm und Smartphone-Benachrichtigung k\u00f6nnen Sie Ihr Fahrrad aus der Ferne im Auge behalten.  F\u00fcr den unwahrscheinlichen Fall, dass die Alarmanlage einen Diebstahl nicht verhindern kann, hilft Ihnen die GPS-Ortung, Ihr Fahrrad wiederzufinden. Es ist eine neue Art, das Leben als Radfahrer in aller Ruhe zu genie\u00dfen.","_seopress_robots_index":"","_uag_custom_page_level_css":"","site-sidebar-layout":"default","site-content-layout":"default","ast-site-content-layout":"default","site-content-style":"default","site-sidebar-style":"default","ast-global-header-display":"","ast-banner-title-visibility":"","ast-main-header-display":"","ast-hfb-above-header-display":"","ast-hfb-below-header-display":"","ast-hfb-mobile-header-display":"","site-post-title":"","ast-breadcrumbs-content":"","ast-featured-img":"","footer-sml-layout":"","ast-disable-related-posts":"","theme-transparent-header-meta":"default","adv-header-id-meta":"","stick-header-meta":"","header-above-stick-meta":"","header-main-stick-meta":"","header-below-stick-meta":"","astra-migrate-meta-layouts":"default","ast-page-background-enabled":"default","ast-page-background-meta":{"desktop":{"background-color":"var(--ast-global-color-4)","background-image":"","background-repeat":"repeat","background-position":"center center","background-size":"auto","background-attachment":"scroll","background-type":"","background-media":"","overlay-type":"","overlay-color":"","overlay-opacity":"","overlay-gradient":""},"tablet":{"background-color":"","background-image":"","background-repeat":"repeat","background-position":"center center","background-size":"auto","background-attachment":"scroll","background-type":"","background-media":"","overlay-type":"","overlay-color":"","overlay-opacity":"","overlay-gradient":""},"mobile":{"background-color":"","background-image":"","background-repeat":"repeat","background-position":"center center","background-size":"auto","background-attachment":"scroll","background-type":"","background-media":"","overlay-type":"","overlay-color":"","overlay-opacity":"","overlay-gradient":""}},"ast-content-background-meta":{"desktop":{"background-color":"var(--ast-global-color-5)","background-image":"","background-repeat":"repeat","background-position":"center center","background-size":"auto","background-attachment":"scroll","background-type":"","background-media":"","overlay-type":"","overlay-color":"","overlay-opacity":"","overlay-gradient":""},"tablet":{"background-color":"var(--ast-global-color-5)","background-image":"","background-repeat":"repeat","background-position":"center center","background-size":"auto","background-attachment":"scroll","background-type":"","background-media":"","overlay-type":"","overlay-color":"","overlay-opacity":"","overlay-gradient":""},"mobile":{"background-color":"var(--ast-global-color-5)","background-image":"","background-repeat":"repeat","background-position":"center center","background-size":"auto","background-attachment":"scroll","background-type":"","background-media":"","overlay-type":"","overlay-color":"","overlay-opacity":"","overlay-gradient":""}}},"product_brand":[],"product_cat":[147],"product_tag":[],"class_list":{"0":"post-17307","1":"product","2":"type-product","3":"status-publish","4":"has-post-thumbnail","6":"product_cat-anti-theft-devices-de","7":"desktop-align-left","8":"tablet-align-left","9":"mobile-align-left","11":"first","12":"instock","13":"sale","14":"taxable","15":"shipping-taxable","16":"purchasable","17":"product-type-variable","18":"has-default-attributes"},"uagb_featured_image_src":{"full":["https:\/\/alterlock.net\/wp-content\/uploads\/2022\/09\/product01.png",1600,1600,false],"thumbnail":["https:\/\/alterlock.net\/wp-content\/uploads\/2022\/09\/product01-150x150.png",150,150,true],"medium":["https:\/\/alterlock.net\/wp-content\/uploads\/2022\/09\/product01-300x300.png",300,300,true],"medium_large":["https:\/\/alterlock.net\/wp-content\/uploads\/2022\/09\/product01-768x768.png",768,768,true],"large":["https:\/\/alterlock.net\/wp-content\/uploads\/2022\/09\/product01-1024x1024.png",1024,1024,true],"1536x1536":["https:\/\/alterlock.net\/wp-content\/uploads\/2022\/09\/product01-1536x1536.png",1536,1536,true],"2048x2048":["https:\/\/alterlock.net\/wp-content\/uploads\/2022\/09\/product01.png",1600,1600,false],"woocommerce_thumbnail":["https:\/\/alterlock.net\/wp-content\/uploads\/2022\/09\/product01-300x300.png",300,300,true],"woocommerce_single":["https:\/\/alterlock.net\/wp-content\/uploads\/2022\/09\/product01-600x600.png",600,600,true],"woocommerce_gallery_thumbnail":["https:\/\/alterlock.net\/wp-content\/uploads\/2022\/09\/product01-100x100.png",100,100,true]},"uagb_author_info":{"display_name":"Site Manager","author_link":"https:\/\/alterlock.net\/de\/author"},"uagb_comment_info":198,"uagb_excerpt":"AlterLock ist ein Alarm\/GPS-Tracking-Sicherheitsger\u00e4t f\u00fcr Fahrr\u00e4der. Es erm\u00f6glicht Ihnen, Ihr Fahrrad aus der Ferne zu \u00fcberwachen und benachrichtigt Sie auf Ihrem Handy, wenn das Ger\u00e4t eine Bewegung erkennt, w\u00e4hrend das Fahrrad weggeschlossen ist. Weitere Informationen zu diesem Produkt finden Sie hier. Servicegeb\u00fchren gelten gesondert 30 Tage Zufriedenheitsgarantie Kostenlose Servicegeb\u00fchr in den ersten 30 Tagen F\u00fcr&hellip;","_links":{"self":[{"href":"https:\/\/alterlock.net\/de\/wp-json\/wp\/v2\/product\/17307","targetHints":{"allow":["GET"]}}],"collection":[{"href":"https:\/\/alterlock.net\/de\/wp-json\/wp\/v2\/product"}],"about":[{"href":"https:\/\/alterlock.net\/de\/wp-json\/wp\/v2\/types\/product"}],"replies":[{"embeddable":true,"href":"https:\/\/alterlock.net\/de\/wp-json\/wp\/v2\/comments?post=17307"}],"wp:featuredmedia":[{"embeddable":true,"href":"https:\/\/alterlock.net\/de\/wp-json\/wp\/v2\/media\/872"}],"wp:attachment":[{"href":"https:\/\/alterlock.net\/de\/wp-json\/wp\/v2\/media?parent=17307"}],"wp:term":[{"taxonomy":"product_brand","embeddable":true,"href":"https:\/\/alterlock.net\/de\/wp-json\/wp\/v2\/product_brand?post=17307"},{"taxonomy":"product_cat","embeddable":true,"href":"https:\/\/alterlock.net\/de\/wp-json\/wp\/v2\/product_cat?post=17307"},{"taxonomy":"product_tag","embeddable":true,"href":"https:\/\/alterlock.net\/de\/wp-json\/wp\/v2\/product_tag?post=17307"}],"curies":[{"name":"wp","href":"https:\/\/api.w.org\/{rel}","templated":true}]}}