{"id":22466,"date":"2024-05-13T08:33:44","date_gmt":"2024-05-13T08:33:44","guid":{"rendered":"https:\/\/alterlock.net\/?post_type=product&#038;p=22466"},"modified":"2026-04-14T04:32:41","modified_gmt":"2026-04-14T04:32:41","slug":"al03gb","status":"publish","type":"product","link":"https:\/\/alterlock.net\/de\/product\/al03gb","title":{"rendered":"AlterLock Gen3"},"content":{"rendered":"\n<div class=\"wp-block-uagb-container uagb-block-15daed3d alignfull uagb-is-root-container\"><div class=\"uagb-container-inner-blocks-wrap\">\n<h3 class=\"wp-block-heading has-text-align-center\">Produkt Spezifikationen<\/h3>\n\n\n\n<div class=\"wp-block-group is-layout-constrained wp-block-group-is-layout-constrained\">\n<figure class=\"wp-block-table no-vertical-line has-small-font-size\"><table class=\"has-border-color has-ast-global-color-3-border-color\"><tbody><tr><td>Produktname \/ Modellnummer<\/td><td>AlterLock Gen3 \/ AL03GB<\/td><\/tr><tr><td>Abmessungen des Hauptger\u00e4ts \/ Gewicht<\/td><td>L\u00e4nge: 167mm Breite: 28mm Dicke: 9mm \/ 53g *1<\/td><\/tr><tr><td>Batterie<\/td><td>Lithium-Polymer \/ Bis zu 3 Monate Laufzeit *2<\/td><\/tr><tr><td>Anschluss zum Aufladen<\/td><td>USB Typ-C *3<\/td><\/tr><tr><td>Betriebs-\/Ladetemperatur<\/td><td>-20 &#8211; 60\u00b0C \/ 0 &#8211; 45\u00b0C<\/td><\/tr><tr><td>\u00dcbertragungssystem<\/td><td>Kurze Reichweite: Bluetooth, Gro\u00dfe Reichweite: LTE-M \/ NB-IoT *4<\/td><\/tr><tr><td>Positionierungssystem<\/td><td>GNSS (GPS \/ Galileo), Wi-Fi, 4G-Basisstationen<\/td><\/tr><tr><td>Sensor<\/td><td>3-Achsen-Beschleunigungsmesser<\/td><\/tr><tr><td>Alarm<\/td><td>Maximal 95dB *5<\/td><\/tr><tr><td>Wasser- und staubdicht<\/td><td>IP66<\/td><\/tr><tr><td>Zubeh\u00f6r<\/td><td>Sicherungsbolzen, Montagewerkzeug, Aufkleber<\/td><\/tr><\/tbody><\/table><\/figure>\n\n\n\n<p class=\"has-small-font-size\">*1 Inklusive Sicherungsbolzen.<br\/>*2 Variiert je nach Einsatzbedingungen.<br\/>*3 Das Ladekabel ist nicht im Lieferumfang enthalten.<br\/>*4 Die Methode f\u00fcr die Fern\u00fcbertragung \u00e4ndert sich automatisch je nach der verwendeten Region.<br\/>*5 Gemessen in einer Entfernung von 10 cm vom Produkt.<\/p>\n<\/div>\n\n\n\n<div class=\"wp-block-group is-layout-constrained wp-block-group-is-layout-constrained\">\n<p class=\"has-text-align-center\">AlterLock Gen3 ist in den folgenden L\u00e4ndern erh\u00e4ltlich<\/p>\n\n\n\n<p class=\"has-text-align-center\" style=\"font-size:14px\">Japan, Australien, Belgien, D\u00e4nemark, Deutschland, Estland, Finnland, Frankreich, Kroatien, Lettland, Luxemburg, Niederlande, Norwegen, Rum\u00e4nien, Schweden, Slowakische Republik, Slowenien, Spanien, Tschechische Republik, Vereinigte Staaten<\/p>\n\n\n\n<p class=\"has-text-align-center\" style=\"font-size:12px\">*In Gro\u00dfbritannien, Irland, Italien und Kanada wurde das Ger\u00e4t aufgrund von Verbindungsproblemen mit Kommunikationsanbietern vor\u00fcbergehend aus dem Kommunikationsbereich entfernt.<\/p>\n<\/div>\n\n\n\n<div class=\"wp-block-group is-layout-constrained wp-block-group-is-layout-constrained\">\n<h2 class=\"wp-block-heading has-text-align-center\">FAQ<\/h2>\n\n\n<div class=\"wp-block-uagb-faq uagb-faq__outer-wrap uagb-block-e056e7b3 uagb-faq-icon-row uagb-faq-layout-accordion uagb-faq-expand-first-false uagb-faq-inactive-other-true uagb-faq__wrap uagb-buttons-layout-wrap uagb-faq-equal-height     \" data-faqtoggle=\"true\" role=\"tablist\"><script type=\"application\/ld+json\">{\"@context\":\"https:\\\/\\\/schema.org\",\"@type\":\"FAQPage\",\"@id\":\"https:\\\/\\\/alterlock.net\\\/de\\\/product\\\/al03gb\",\"mainEntity\":[{\"@type\":\"Question\",\"name\":\"Kann AlterLock an jedem Fahrrad installiert werden?\",\"acceptedAnswer\":{\"@type\":\"Answer\",\"text\":\"Er kann mit seiner Flaschenhalterhalterung oder in Verbindung mit Ihrem vorhandenen Flaschenhalter an den meisten Standard-Sportfahrr\\u00e4dern befestigt werden.\"}},{\"@type\":\"Question\",\"name\":\"Kann es auf einem Motorrad verwendet werden?\",\"acceptedAnswer\":{\"@type\":\"Answer\",\"text\":\"Viele Benutzer verwenden AlterLock auch auf Motorr\\u00e4dern. Es sollte unter einem verschlossenen Sitz oder an einem anderen Ort aufbewahrt werden, der vor hohen Temperaturen gesch\\u00fctzt ist.\"}},{\"@type\":\"Question\",\"name\":\"K\\u00f6nnen sie leicht entfernt werden?\",\"acceptedAnswer\":{\"@type\":\"Answer\",\"text\":\"Ein Sicherungsbolzen und ein Montagewerkzeug sind im Lieferumfang enthalten, so dass die Entfernung mit normalen Werkzeugen schwierig ist. Au\\u00dferdem wird bei dem Versuch, das Ger\\u00e4t im Sperrmodus zu entfernen, eine Bewegung erkannt und ein lauter Alarm ausgel\\u00f6st, um Diebe abzuschrecken und Ihr Telefon zu benachrichtigen, damit Sie eingreifen k\\u00f6nnen.\"}},{\"@type\":\"Question\",\"name\":\"Kann es ein physisches Schloss ersetzen?\",\"acceptedAnswer\":{\"@type\":\"Answer\",\"text\":\"AlterLock ist keine physische Sperre. Um die Sicherheit zu erh\\u00f6hen, empfehlen wir dringend ein Drahtschloss oder ein anderes physisches Schloss in Verbindung mit dem AlterLock zu verwenden.\"}},{\"@type\":\"Question\",\"name\":\"Was ist der Unterschied zu Bluetooth-Trackern wie AirTag?\",\"acceptedAnswer\":{\"@type\":\"Answer\",\"text\":\"Bluetooth-basierte Tracker sind in erster Linie dazu gedacht, den Verlust von tragbaren Gegenst\\u00e4nden zu verhindern. Sie \\u00fcbermitteln Standortinformationen, wenn sich ein Smartphone in der N\\u00e4he befindet, eignen sich aber nicht f\\u00fcr die Verfolgung fahrender Fahrzeuge.<br>AlterLock verf\\u00fcgt \\u00fcber eine eigenst\\u00e4ndige Kommunikationsf\\u00e4higkeit und unterst\\u00fctzt GPS\\\/Wi-Fi-Positionierung, so dass es \\u00fcberall geortet werden kann.\"}},{\"@type\":\"Question\",\"name\":\"Kann ich den Standort des Ger\\u00e4ts jederzeit \\u00fcberpr\\u00fcfen?\",\"acceptedAnswer\":{\"@type\":\"Answer\",\"text\":\"AlterLock ist als Diebstahlschutz gedacht und funktioniert nicht wie ein Echtzeit-GPS-Tracker, der jederzeit Standortinformationen anzeigt. Indem Standortdaten nur dann gesendet werden, wenn eine Bewegung w\\u00e4hrend des gesperrten Zustands erkannt wird, kann der Stromverbrauch gesenkt werden und eine langfristige Verfolgung ist m\\u00f6glich, um die Wiederherstellung zu unterst\\u00fctzen.\"}},{\"@type\":\"Question\",\"name\":\"K\\u00f6nnen der Alarmton und die Erkennungsempfindlichkeit eingestellt werden?\",\"acceptedAnswer\":{\"@type\":\"Answer\",\"text\":\"Sie k\\u00f6nnen zwischen 3 Arten von Alarmt\\u00f6nen w\\u00e4hlen, ein\\\/aus, die Alarmdauer und die Anzahl der erlaubten Alarme k\\u00f6nnen fein eingestellt werden. Die Erkennungsempfindlichkeit kann ebenfalls in drei Stufen eingestellt werden.\"}}]}<\/script><div class=\"wp-block-uagb-faq-child uagb-faq-child__outer-wrap uagb-faq-item uagb-block-9500679f \" role=\"tab\" tabindex=\"0\"><div class=\"uagb-faq-questions-button uagb-faq-questions\">\t\t\t<span class=\"uagb-icon uagb-faq-icon-wrap\">\n\t\t\t\t\t\t\t\t<svg xmlns=\"https:\/\/www.w3.org\/2000\/svg\" viewBox= \"0 0 448 512\"><path d=\"M432 256c0 17.69-14.33 32.01-32 32.01H256v144c0 17.69-14.33 31.99-32 31.99s-32-14.3-32-31.99v-144H48c-17.67 0-32-14.32-32-32.01s14.33-31.99 32-31.99H192v-144c0-17.69 14.33-32.01 32-32.01s32 14.32 32 32.01v144h144C417.7 224 432 238.3 432 256z\"><\/path><\/svg>\n\t\t\t\t\t\t\t<\/span>\n\t\t\t\t\t\t<span class=\"uagb-icon-active uagb-faq-icon-wrap\">\n\t\t\t\t\t\t\t\t<svg xmlns=\"https:\/\/www.w3.org\/2000\/svg\" viewBox= \"0 0 448 512\"><path d=\"M400 288h-352c-17.69 0-32-14.32-32-32.01s14.31-31.99 32-31.99h352c17.69 0 32 14.3 32 31.99S417.7 288 400 288z\"><\/path><\/svg>\n\t\t\t\t\t\t\t<\/span>\n\t\t\t<span class=\"uagb-question\">Kann AlterLock an jedem Fahrrad installiert werden?<\/span><\/div><div class=\"uagb-faq-content\"><p>Er kann mit seiner Flaschenhalterhalterung oder in Verbindung mit Ihrem vorhandenen Flaschenhalter an den meisten Standard-Sportfahrr\u00e4dern befestigt werden.<\/p><\/div><\/div><div class=\"wp-block-uagb-faq-child uagb-faq-child__outer-wrap uagb-faq-item uagb-block-cd41dc23 \" role=\"tab\" tabindex=\"0\"><div class=\"uagb-faq-questions-button uagb-faq-questions\">\t\t\t<span class=\"uagb-icon uagb-faq-icon-wrap\">\n\t\t\t\t\t\t\t\t<svg xmlns=\"https:\/\/www.w3.org\/2000\/svg\" viewBox= \"0 0 448 512\"><path d=\"M432 256c0 17.69-14.33 32.01-32 32.01H256v144c0 17.69-14.33 31.99-32 31.99s-32-14.3-32-31.99v-144H48c-17.67 0-32-14.32-32-32.01s14.33-31.99 32-31.99H192v-144c0-17.69 14.33-32.01 32-32.01s32 14.32 32 32.01v144h144C417.7 224 432 238.3 432 256z\"><\/path><\/svg>\n\t\t\t\t\t\t\t<\/span>\n\t\t\t\t\t\t<span class=\"uagb-icon-active uagb-faq-icon-wrap\">\n\t\t\t\t\t\t\t\t<svg xmlns=\"https:\/\/www.w3.org\/2000\/svg\" viewBox= \"0 0 448 512\"><path d=\"M400 288h-352c-17.69 0-32-14.32-32-32.01s14.31-31.99 32-31.99h352c17.69 0 32 14.3 32 31.99S417.7 288 400 288z\"><\/path><\/svg>\n\t\t\t\t\t\t\t<\/span>\n\t\t\t<span class=\"uagb-question\">Kann es auf einem Motorrad verwendet werden?<\/span><\/div><div class=\"uagb-faq-content\"><p>Viele Benutzer verwenden AlterLock auch auf Motorr\u00e4dern. Es sollte unter einem verschlossenen Sitz oder an einem anderen Ort aufbewahrt werden, der vor hohen Temperaturen gesch\u00fctzt ist.<\/p><\/div><\/div><div class=\"wp-block-uagb-faq-child uagb-faq-child__outer-wrap uagb-faq-item uagb-block-87974ae9 \" role=\"tab\" tabindex=\"0\"><div class=\"uagb-faq-questions-button uagb-faq-questions\">\t\t\t<span class=\"uagb-icon uagb-faq-icon-wrap\">\n\t\t\t\t\t\t\t\t<svg xmlns=\"https:\/\/www.w3.org\/2000\/svg\" viewBox= \"0 0 448 512\"><path d=\"M432 256c0 17.69-14.33 32.01-32 32.01H256v144c0 17.69-14.33 31.99-32 31.99s-32-14.3-32-31.99v-144H48c-17.67 0-32-14.32-32-32.01s14.33-31.99 32-31.99H192v-144c0-17.69 14.33-32.01 32-32.01s32 14.32 32 32.01v144h144C417.7 224 432 238.3 432 256z\"><\/path><\/svg>\n\t\t\t\t\t\t\t<\/span>\n\t\t\t\t\t\t<span class=\"uagb-icon-active uagb-faq-icon-wrap\">\n\t\t\t\t\t\t\t\t<svg xmlns=\"https:\/\/www.w3.org\/2000\/svg\" viewBox= \"0 0 448 512\"><path d=\"M400 288h-352c-17.69 0-32-14.32-32-32.01s14.31-31.99 32-31.99h352c17.69 0 32 14.3 32 31.99S417.7 288 400 288z\"><\/path><\/svg>\n\t\t\t\t\t\t\t<\/span>\n\t\t\t<span class=\"uagb-question\">K\u00f6nnen sie leicht entfernt werden?<\/span><\/div><div class=\"uagb-faq-content\"><p>Ein Sicherungsbolzen und ein Montagewerkzeug sind im Lieferumfang enthalten, so dass die Entfernung mit normalen Werkzeugen schwierig ist. Au\u00dferdem wird bei dem Versuch, das Ger\u00e4t im Sperrmodus zu entfernen, eine Bewegung erkannt und ein lauter Alarm ausgel\u00f6st, um Diebe abzuschrecken und Ihr Telefon zu benachrichtigen, damit Sie eingreifen k\u00f6nnen.<\/p><\/div><\/div><div class=\"wp-block-uagb-faq-child uagb-faq-child__outer-wrap uagb-faq-item uagb-block-d63640f3 \" role=\"tab\" tabindex=\"0\"><div class=\"uagb-faq-questions-button uagb-faq-questions\">\t\t\t<span class=\"uagb-icon uagb-faq-icon-wrap\">\n\t\t\t\t\t\t\t\t<svg xmlns=\"https:\/\/www.w3.org\/2000\/svg\" viewBox= \"0 0 448 512\"><path d=\"M432 256c0 17.69-14.33 32.01-32 32.01H256v144c0 17.69-14.33 31.99-32 31.99s-32-14.3-32-31.99v-144H48c-17.67 0-32-14.32-32-32.01s14.33-31.99 32-31.99H192v-144c0-17.69 14.33-32.01 32-32.01s32 14.32 32 32.01v144h144C417.7 224 432 238.3 432 256z\"><\/path><\/svg>\n\t\t\t\t\t\t\t<\/span>\n\t\t\t\t\t\t<span class=\"uagb-icon-active uagb-faq-icon-wrap\">\n\t\t\t\t\t\t\t\t<svg xmlns=\"https:\/\/www.w3.org\/2000\/svg\" viewBox= \"0 0 448 512\"><path d=\"M400 288h-352c-17.69 0-32-14.32-32-32.01s14.31-31.99 32-31.99h352c17.69 0 32 14.3 32 31.99S417.7 288 400 288z\"><\/path><\/svg>\n\t\t\t\t\t\t\t<\/span>\n\t\t\t<span class=\"uagb-question\">Kann es ein physisches Schloss ersetzen?<\/span><\/div><div class=\"uagb-faq-content\"><p>AlterLock ist keine physische Sperre. Um die Sicherheit zu erh\u00f6hen, empfehlen wir dringend ein Drahtschloss oder ein anderes physisches Schloss in Verbindung mit dem AlterLock zu verwenden.<\/p><\/div><\/div><div class=\"wp-block-uagb-faq-child uagb-faq-child__outer-wrap uagb-faq-item uagb-block-9a190a52 \" role=\"tab\" tabindex=\"0\"><div class=\"uagb-faq-questions-button uagb-faq-questions\">\t\t\t<span class=\"uagb-icon uagb-faq-icon-wrap\">\n\t\t\t\t\t\t\t\t<svg xmlns=\"https:\/\/www.w3.org\/2000\/svg\" viewBox= \"0 0 448 512\"><path d=\"M432 256c0 17.69-14.33 32.01-32 32.01H256v144c0 17.69-14.33 31.99-32 31.99s-32-14.3-32-31.99v-144H48c-17.67 0-32-14.32-32-32.01s14.33-31.99 32-31.99H192v-144c0-17.69 14.33-32.01 32-32.01s32 14.32 32 32.01v144h144C417.7 224 432 238.3 432 256z\"><\/path><\/svg>\n\t\t\t\t\t\t\t<\/span>\n\t\t\t\t\t\t<span class=\"uagb-icon-active uagb-faq-icon-wrap\">\n\t\t\t\t\t\t\t\t<svg xmlns=\"https:\/\/www.w3.org\/2000\/svg\" viewBox= \"0 0 448 512\"><path d=\"M400 288h-352c-17.69 0-32-14.32-32-32.01s14.31-31.99 32-31.99h352c17.69 0 32 14.3 32 31.99S417.7 288 400 288z\"><\/path><\/svg>\n\t\t\t\t\t\t\t<\/span>\n\t\t\t<span class=\"uagb-question\">Was ist der Unterschied zu Bluetooth-Trackern wie AirTag?<\/span><\/div><div class=\"uagb-faq-content\"><p>Bluetooth-basierte Tracker sind in erster Linie dazu gedacht, den Verlust von tragbaren Gegenst\u00e4nden zu verhindern. Sie \u00fcbermitteln Standortinformationen, wenn sich ein Smartphone in der N\u00e4he befindet, eignen sich aber nicht f\u00fcr die Verfolgung fahrender Fahrzeuge.<br>AlterLock verf\u00fcgt \u00fcber eine eigenst\u00e4ndige Kommunikationsf\u00e4higkeit und unterst\u00fctzt GPS\/Wi-Fi-Positionierung, so dass es \u00fcberall geortet werden kann.<\/p><\/div><\/div><div class=\"wp-block-uagb-faq-child uagb-faq-child__outer-wrap uagb-faq-item uagb-block-4b9aad92 \" role=\"tab\" tabindex=\"0\"><div class=\"uagb-faq-questions-button uagb-faq-questions\">\t\t\t<span class=\"uagb-icon uagb-faq-icon-wrap\">\n\t\t\t\t\t\t\t\t<svg xmlns=\"https:\/\/www.w3.org\/2000\/svg\" viewBox= \"0 0 448 512\"><path d=\"M432 256c0 17.69-14.33 32.01-32 32.01H256v144c0 17.69-14.33 31.99-32 31.99s-32-14.3-32-31.99v-144H48c-17.67 0-32-14.32-32-32.01s14.33-31.99 32-31.99H192v-144c0-17.69 14.33-32.01 32-32.01s32 14.32 32 32.01v144h144C417.7 224 432 238.3 432 256z\"><\/path><\/svg>\n\t\t\t\t\t\t\t<\/span>\n\t\t\t\t\t\t<span class=\"uagb-icon-active uagb-faq-icon-wrap\">\n\t\t\t\t\t\t\t\t<svg xmlns=\"https:\/\/www.w3.org\/2000\/svg\" viewBox= \"0 0 448 512\"><path d=\"M400 288h-352c-17.69 0-32-14.32-32-32.01s14.31-31.99 32-31.99h352c17.69 0 32 14.3 32 31.99S417.7 288 400 288z\"><\/path><\/svg>\n\t\t\t\t\t\t\t<\/span>\n\t\t\t<span class=\"uagb-question\">Kann ich den Standort des Ger\u00e4ts jederzeit \u00fcberpr\u00fcfen?<\/span><\/div><div class=\"uagb-faq-content\"><p>AlterLock ist als Diebstahlschutz gedacht und funktioniert nicht wie ein Echtzeit-GPS-Tracker, der jederzeit Standortinformationen anzeigt. Indem Standortdaten nur dann gesendet werden, wenn eine Bewegung w\u00e4hrend des gesperrten Zustands erkannt wird, kann der Stromverbrauch gesenkt werden und eine langfristige Verfolgung ist m\u00f6glich, um die Wiederherstellung zu unterst\u00fctzen.<\/p><\/div><\/div><div class=\"wp-block-uagb-faq-child uagb-faq-child__outer-wrap uagb-faq-item uagb-block-94cc50c7 \" role=\"tab\" tabindex=\"0\"><div class=\"uagb-faq-questions-button uagb-faq-questions\">\t\t\t<span class=\"uagb-icon uagb-faq-icon-wrap\">\n\t\t\t\t\t\t\t\t<svg xmlns=\"https:\/\/www.w3.org\/2000\/svg\" viewBox= \"0 0 448 512\"><path d=\"M432 256c0 17.69-14.33 32.01-32 32.01H256v144c0 17.69-14.33 31.99-32 31.99s-32-14.3-32-31.99v-144H48c-17.67 0-32-14.32-32-32.01s14.33-31.99 32-31.99H192v-144c0-17.69 14.33-32.01 32-32.01s32 14.32 32 32.01v144h144C417.7 224 432 238.3 432 256z\"><\/path><\/svg>\n\t\t\t\t\t\t\t<\/span>\n\t\t\t\t\t\t<span class=\"uagb-icon-active uagb-faq-icon-wrap\">\n\t\t\t\t\t\t\t\t<svg xmlns=\"https:\/\/www.w3.org\/2000\/svg\" viewBox= \"0 0 448 512\"><path d=\"M400 288h-352c-17.69 0-32-14.32-32-32.01s14.31-31.99 32-31.99h352c17.69 0 32 14.3 32 31.99S417.7 288 400 288z\"><\/path><\/svg>\n\t\t\t\t\t\t\t<\/span>\n\t\t\t<span class=\"uagb-question\">K\u00f6nnen der Alarmton und die Erkennungsempfindlichkeit eingestellt werden?<\/span><\/div><div class=\"uagb-faq-content\"><p>Sie k\u00f6nnen zwischen 3 Arten von Alarmt\u00f6nen w\u00e4hlen, ein\/aus, die Alarmdauer und die Anzahl der erlaubten Alarme k\u00f6nnen fein eingestellt werden. Die Erkennungsempfindlichkeit kann ebenfalls in drei Stufen eingestellt werden.<\/p><\/div><\/div><\/div><\/div>\n<\/div><\/div>\n\n<p><\/p>\n","protected":false},"excerpt":{"rendered":"<hr>\n<p>AlterLock hat sich noch weiter entwickelt. Wir haben das Konzept der Bewegungserkennungsalarme und der Verfolgungsfunktionen beibehalten und gleichzeitig den Sendebereich, die Leistung der Ger\u00e4teverfolgung, die Haltbarkeit und die Betriebszeit verbessert.  Mit Blick auf die Fahrer und Radfahrer haben wir die Funktionalit\u00e4t in jeder erdenklichen Weise modernisiert. Das fortschrittliche AlterLock Gen3 System verst\u00e4rkt das Gef\u00fchl der Sicherheit und hebt die Freude am Fahren auf ein neues Niveau. F\u00fcr weitere Informationen \u00fcber dieses Produkt besuchen Sie bitte <a href=\"https:\/\/alterlock.net\/de\/how-gen3-works\">diese Seite<\/a>.<\/p>\n<h3>Dienstleistungsvertrag<\/h3>\n<p>F\u00fcr die Nutzung der Daten\u00fcbertragung und anderer Funktionen des AlterLock Gen3 Ger\u00e4ts ist ein Servicevertrag erforderlich.<\/p>\n<ul>\n<li>Benachrichtigung bei Bluetooth-Reichweiten\u00fcberschreitung, Standortverfolgung<\/li>\n<li>Abrufen von Standortinformationen durch regelm\u00e4\u00dfige \u00dcbermittlung<\/li>\n<li>Unfallerkennung und SMS-Benachrichtigung an Notfallkontakte<\/li>\n<li>Verwalten Sie bis zu 3 Ger\u00e4te mit einem Servicekonto ohne zus\u00e4tzliche Kosten<\/li>\n<\/ul>\n<p>Bitte pr\u00fcfen Sie auf <a href=\"https:\/\/alterlock.net\/de\/service-description\">dieser Seite<\/a> die Servicevereinbarung.<\/p>\n<h3>Versand- und Bearbeitungskosten<\/h3>\n<p>Eine Versandgeb\u00fchr wird an der Kasse ausgewiesen. Sendungen nach Europa werden von unserem internationalen Lager aus versandt. <strong>Die EU-Mehrwertsteuer ist nicht im Produktpreis enthalten. Zollabfertigung, Z\u00f6lle und Steuern k\u00f6nnen zum Zeitpunkt der Lieferung anfallen, abh\u00e4ngig von den Gesetzen und Bestimmungen Ihres Wohnsitzlandes.<\/strong> <\/p>\n<p><span data-teams=\"true\">Wenn die Lieferung aus Gr\u00fcnden des Empf\u00e4ngers nicht zustande kommt (z.B. weil er sich weigert, Z\u00f6lle, Steuern und andere von der Regierung auferlegte Geb\u00fchren zu zahlen), akzeptieren wir die R\u00fccksendung und erstatten den Kaufpreis abz\u00fcglich der Liefer- und R\u00fccksendekosten.<\/span><\/p>\n","protected":false},"featured_media":20754,"comment_status":"open","ping_status":"closed","template":"","meta":{"_seopress_robots_primary_cat":"none","_seopress_titles_title":"AlterLock Official Store | Motion Detection Alarm & GPS Tracking Device","_seopress_titles_desc":"","_seopress_robots_index":"","_uag_custom_page_level_css":"","site-sidebar-layout":"default","site-content-layout":"","ast-site-content-layout":"default","site-content-style":"default","site-sidebar-style":"default","ast-global-header-display":"","ast-banner-title-visibility":"","ast-main-header-display":"","ast-hfb-above-header-display":"","ast-hfb-below-header-display":"","ast-hfb-mobile-header-display":"","site-post-title":"","ast-breadcrumbs-content":"","ast-featured-img":"","footer-sml-layout":"","ast-disable-related-posts":"","theme-transparent-header-meta":"default","adv-header-id-meta":"","stick-header-meta":"","header-above-stick-meta":"","header-main-stick-meta":"","header-below-stick-meta":"","astra-migrate-meta-layouts":"set","ast-page-background-enabled":"default","ast-page-background-meta":{"desktop":{"background-color":"var(--ast-global-color-4)","background-image":"","background-repeat":"repeat","background-position":"center center","background-size":"auto","background-attachment":"scroll","background-type":"","background-media":"","overlay-type":"","overlay-color":"","overlay-opacity":"","overlay-gradient":""},"tablet":{"background-color":"","background-image":"","background-repeat":"repeat","background-position":"center center","background-size":"auto","background-attachment":"scroll","background-type":"","background-media":"","overlay-type":"","overlay-color":"","overlay-opacity":"","overlay-gradient":""},"mobile":{"background-color":"","background-image":"","background-repeat":"repeat","background-position":"center center","background-size":"auto","background-attachment":"scroll","background-type":"","background-media":"","overlay-type":"","overlay-color":"","overlay-opacity":"","overlay-gradient":""}},"ast-content-background-meta":{"desktop":{"background-color":"var(--ast-global-color-5)","background-image":"","background-repeat":"repeat","background-position":"center center","background-size":"auto","background-attachment":"scroll","background-type":"","background-media":"","overlay-type":"","overlay-color":"","overlay-opacity":"","overlay-gradient":""},"tablet":{"background-color":"var(--ast-global-color-5)","background-image":"","background-repeat":"repeat","background-position":"center center","background-size":"auto","background-attachment":"scroll","background-type":"","background-media":"","overlay-type":"","overlay-color":"","overlay-opacity":"","overlay-gradient":""},"mobile":{"background-color":"var(--ast-global-color-5)","background-image":"","background-repeat":"repeat","background-position":"center center","background-size":"auto","background-attachment":"scroll","background-type":"","background-media":"","overlay-type":"","overlay-color":"","overlay-opacity":"","overlay-gradient":""}}},"product_brand":[],"product_cat":[147],"product_tag":[],"class_list":{"0":"post-22466","1":"product","2":"type-product","3":"status-publish","4":"has-post-thumbnail","6":"product_cat-anti-theft-devices-de","7":"product_shipping_class-gen3-de","8":"desktop-align-left","9":"tablet-align-left","10":"mobile-align-left","12":"first","13":"instock","14":"taxable","15":"shipping-taxable","16":"purchasable","17":"product-type-simple"},"uagb_featured_image_src":{"full":["https:\/\/alterlock.net\/wp-content\/uploads\/2024\/03\/gen3-product-image11.jpg",1600,1600,false],"thumbnail":["https:\/\/alterlock.net\/wp-content\/uploads\/2024\/03\/gen3-product-image11-150x150.jpg",150,150,true],"medium":["https:\/\/alterlock.net\/wp-content\/uploads\/2024\/03\/gen3-product-image11-300x300.jpg",300,300,true],"medium_large":["https:\/\/alterlock.net\/wp-content\/uploads\/2024\/03\/gen3-product-image11-768x768.jpg",768,768,true],"large":["https:\/\/alterlock.net\/wp-content\/uploads\/2024\/03\/gen3-product-image11-1024x1024.jpg",1024,1024,true],"1536x1536":["https:\/\/alterlock.net\/wp-content\/uploads\/2024\/03\/gen3-product-image11-1536x1536.jpg",1536,1536,true],"2048x2048":["https:\/\/alterlock.net\/wp-content\/uploads\/2024\/03\/gen3-product-image11.jpg",1600,1600,false],"woocommerce_thumbnail":["https:\/\/alterlock.net\/wp-content\/uploads\/2024\/03\/gen3-product-image11-300x300.jpg",300,300,true],"woocommerce_single":["https:\/\/alterlock.net\/wp-content\/uploads\/2024\/03\/gen3-product-image11-600x600.jpg",600,600,true],"woocommerce_gallery_thumbnail":["https:\/\/alterlock.net\/wp-content\/uploads\/2024\/03\/gen3-product-image11-100x100.jpg",100,100,true]},"uagb_author_info":{"display_name":"Site Manager","author_link":"https:\/\/alterlock.net\/de\/author"},"uagb_comment_info":169,"uagb_excerpt":"AlterLock hat sich noch weiter entwickelt. Wir haben das Konzept der Bewegungserkennungsalarme und der Verfolgungsfunktionen beibehalten und gleichzeitig den Sendebereich, die Leistung der Ger\u00e4teverfolgung, die Haltbarkeit und die Betriebszeit verbessert. Mit Blick auf die Fahrer und Radfahrer haben wir die Funktionalit\u00e4t in jeder erdenklichen Weise modernisiert. Das fortschrittliche AlterLock Gen3 System verst\u00e4rkt das Gef\u00fchl der&hellip;","_links":{"self":[{"href":"https:\/\/alterlock.net\/de\/wp-json\/wp\/v2\/product\/22466","targetHints":{"allow":["GET"]}}],"collection":[{"href":"https:\/\/alterlock.net\/de\/wp-json\/wp\/v2\/product"}],"about":[{"href":"https:\/\/alterlock.net\/de\/wp-json\/wp\/v2\/types\/product"}],"replies":[{"embeddable":true,"href":"https:\/\/alterlock.net\/de\/wp-json\/wp\/v2\/comments?post=22466"}],"wp:featuredmedia":[{"embeddable":true,"href":"https:\/\/alterlock.net\/de\/wp-json\/wp\/v2\/media\/20754"}],"wp:attachment":[{"href":"https:\/\/alterlock.net\/de\/wp-json\/wp\/v2\/media?parent=22466"}],"wp:term":[{"taxonomy":"product_brand","embeddable":true,"href":"https:\/\/alterlock.net\/de\/wp-json\/wp\/v2\/product_brand?post=22466"},{"taxonomy":"product_cat","embeddable":true,"href":"https:\/\/alterlock.net\/de\/wp-json\/wp\/v2\/product_cat?post=22466"},{"taxonomy":"product_tag","embeddable":true,"href":"https:\/\/alterlock.net\/de\/wp-json\/wp\/v2\/product_tag?post=22466"}],"curies":[{"name":"wp","href":"https:\/\/api.w.org\/{rel}","templated":true}]}}