{"id":13596,"date":"2022-09-06T08:14:52","date_gmt":"2022-09-06T08:14:52","guid":{"rendered":"https:\/\/alterlock.net\/como-empezar\/"},"modified":"2025-01-09T02:21:15","modified_gmt":"2025-01-09T02:21:15","slug":"how-to-start-gen2","status":"publish","type":"page","link":"https:\/\/alterlock.net\/es\/how-to-start-gen2","title":{"rendered":"C\u00f3mo iniciar AlterLock Gen2"},"content":{"rendered":"\n<div class=\"wp-block-cover alignfull has-custom-content-position is-position-bottom-center page-title-cover\"><span aria-hidden=\"true\" class=\"wp-block-cover__background has-background-dim\"><\/span><img loading=\"lazy\" decoding=\"async\" width=\"1080\" height=\"864\" class=\"wp-block-cover__image-background wp-image-1275\" alt=\"\" src=\"https:\/\/alterlock.net\/wp-content\/uploads\/2022\/09\/AlterLockImage08.jpg\" style=\"object-position:50% 40%\" data-object-fit=\"cover\" data-object-position=\"50% 40%\" srcset=\"https:\/\/alterlock.net\/wp-content\/uploads\/2022\/09\/AlterLockImage08.jpg 1080w, https:\/\/alterlock.net\/wp-content\/uploads\/2022\/09\/AlterLockImage08-300x240.jpg 300w, https:\/\/alterlock.net\/wp-content\/uploads\/2022\/09\/AlterLockImage08-1024x819.jpg 1024w, https:\/\/alterlock.net\/wp-content\/uploads\/2022\/09\/AlterLockImage08-768x614.jpg 768w, https:\/\/alterlock.net\/wp-content\/uploads\/2022\/09\/AlterLockImage08-600x480.jpg 600w\" sizes=\"auto, (max-width: 1080px) 100vw, 1080px\" \/><div class=\"wp-block-cover__inner-container is-layout-flow wp-block-cover-is-layout-flow\">\n<h1 class=\"wp-block-heading has-text-align-left has-ast-global-color-6-color has-text-color\">C\u00f3mo iniciar AlterLock Gen2<\/h1>\n\n\n\n<p class=\"has-ast-global-color-6-color has-text-color\">Pasos para empezar a utilizar el dispositivo AlterLock Gen2.<\/p>\n<\/div><\/div>\n\n<div class=\"wp-block-group alignfull is-layout-constrained wp-container-core-group-is-layout-ef8ee0a1 wp-block-group-is-layout-constrained\">\n<div class=\"wp-block-uagb-container uagb-block-7317c644 alignfull uagb-is-root-container\"><div class=\"uagb-container-inner-blocks-wrap\">\n<h2 class=\"wp-block-heading has-text-align-center has--font-size has-ast-global-color-6-color has-ast-global-color-0-background-color has-text-color has-background has-link-color wp-elements-3008850d86f8fd06ff1ba8a067f21a55\" style=\"padding-top:var(--wp--preset--spacing--30);padding-bottom:var(--wp--preset--spacing--30)\">01. Confirmaci\u00f3n del \u00e1rea de servicio<\/h2>\n\n\n\n<p class=\"has-text-align-center\">El dispositivo AlterLock utiliza \u00abSigfox\u00bb como m\u00e9todo de comunicaci\u00f3n.<br\/>Comprueba si tu zona est\u00e1 en el \u00e1rea de servicio de Sigfox.<\/p>\n\n\n\n<button type=\"submit\" id=\"check-location\" style=\"width:unset;\">Compruebe su posici\u00f3n actual<\/button>\n\n\n\n<div class=\"wp-block-uagb-forms-name uagb-forms-name-wrap uagb-forms-field-set has-text-align-center\">\n<div class=\"uagb-forms-name-label uagb-forms-input-label\">C\u00f3digo postal<\/div>\n<input class=\"uagb-forms-name-input uagb-forms-input\" autocomplete=\"postal-code\" type=\"text\" id=\"postal-code\" size=\"12\" maxlength=\"16\"\/>\n<\/div>\n<button type=\"submit\" id=\"check-postalcode\" style=\"width:unset;\">Confirmaci\u00f3n por c\u00f3digo postal<\/button>\n<div class=\"loading-circle is-hide\"><\/div>\n\n\n\n<p class=\"has-text-align-center\">Las \u00e1reas disponibles se est\u00e1n ampliando!<br\/>Para m\u00e1s informaci\u00f3n sobre Sigfox, visita <a rel=\"noreferrer noopener\" href=\"https:\/\/www.sigfox.com\/en\/coverage\" target=\"_blank\">esta p\u00e1gina<\/a>.<\/p>\n\n\n\n<p class=\"has--font-size has-ast-global-color-3-background-color has-background\">Si ves una ventana emergente que te pide permiso para utilizar la informaci\u00f3n de localizaci\u00f3n, selecciona \u00abPermitir\u00bb.<br\/>*Por favor, compruebe su c\u00f3digo postal si utiliza un PC.<\/p>\n\n\n\n<div id=\"msg-location-not-allow\" style=\"display:none;\">El uso de informaci\u00f3n de localizaci\u00f3n no est\u00e1 permitido en este entorno. Utilice su c\u00f3digo postal para comprobarlo.<\/div>\n<div id=\"msg-location-fail\" style=\"display:none;\">No se ha podido obtener la ubicaci\u00f3n actual. Por favor, utilice el c\u00f3digo postal.<\/div>\n<div id=\"msg-location-timeout\" style=\"display:none;\">El tiempo de espera se produjo. Por favor, int\u00e9ntalo despu\u00e9s de un tiempo.<\/div>\n<div id=\"msg-location-error\" style=\"display:none;\">Se ha producido un error. Por favor, utilice la confirmaci\u00f3n del c\u00f3digo postal.<\/div>\n<div id=\"msg-postalcode-invalid\" style=\"display:none;\">Por favor, introduzca un c\u00f3digo postal v\u00e1lido.<\/div>\n<div id=\"msg-phone-not-phone\" style=\"display:none;\">Por favor, compru\u00e9balo desde tu smartphone.<\/div>\n<div id=\"msg-phone-support\" style=\"display:none;\">Versi\u00f3n del sistema operativo compatible.<\/div>\n<div id=\"msg-phone-not-support\" style=\"display:none;\">No se admite.<\/div>\n<\/div><\/div>\n\n\n\n<div class=\"wp-block-uagb-container uagb-block-4153ebcf alignfull uagb-is-root-container\"><div class=\"uagb-container-inner-blocks-wrap\">\n<h2 class=\"wp-block-heading has-text-align-center has--font-size has-ast-global-color-6-color has-ast-global-color-0-background-color has-text-color has-background has-link-color wp-elements-69b7f8c0c17d011fe767866b6dbae8ff\" style=\"padding-top:var(--wp--preset--spacing--30);padding-bottom:var(--wp--preset--spacing--30)\">02. Conseguir AlterLock<\/h2>\n\n\n\n<div class=\"wp-block-cover alignfull is-light\"><span aria-hidden=\"true\" class=\"wp-block-cover__background has-background-dim-40 has-background-dim\"><\/span><img loading=\"lazy\" decoding=\"async\" width=\"362\" height=\"272\" class=\"wp-block-cover__image-background wp-image-95\" alt=\"\" src=\"https:\/\/alterlock.net\/wp-content\/uploads\/2022\/08\/installation1.jpg\" data-object-fit=\"cover\" srcset=\"https:\/\/alterlock.net\/wp-content\/uploads\/2022\/08\/installation1.jpg 362w, https:\/\/alterlock.net\/wp-content\/uploads\/2022\/08\/installation1-300x225.jpg 300w\" sizes=\"auto, (max-width: 362px) 100vw, 362px\" \/><div class=\"wp-block-cover__inner-container is-layout-flow wp-block-cover-is-layout-flow\">\n<div class=\"wp-block-buttons is-content-justification-center is-layout-flex wp-container-core-buttons-is-layout-a89b3969 wp-block-buttons-is-layout-flex\">\n<div class=\"wp-block-button has-custom-width wp-block-button__width-75 has-custom-font-size\" style=\"font-size:18px\"><a class=\"wp-block-button__link has-ast-global-color-1-background-color has-background wp-element-button\" href=\"https:\/\/alterlock.net\/products\/alterlock-gen2\" style=\"padding-top:var(--wp--preset--spacing--40);padding-right:var(--wp--preset--spacing--40);padding-bottom:var(--wp--preset--spacing--40);padding-left:var(--wp--preset--spacing--40)\"><strong>Pida aqu\u00ed<\/strong><\/a><\/div>\n<\/div>\n<\/div><\/div>\n<\/div><\/div>\n\n\n\n<div class=\"wp-block-uagb-container uagb-block-e5a0be7e alignfull uagb-is-root-container\"><div class=\"uagb-container-inner-blocks-wrap\">\n<h2 class=\"wp-block-heading has-text-align-center has--font-size has-ast-global-color-6-color has-ast-global-color-0-background-color has-text-color has-background has-link-color wp-elements-575b0954ba6b26af6678ad47f162735e\" style=\"padding-top:var(--wp--preset--spacing--30);padding-bottom:var(--wp--preset--spacing--30)\">03. Instalar la aplicaci\u00f3n<\/h2>\n\n\n\n<p class=\"has-text-align-center has--font-size\">Compatible con Android 8.0 y superior e iOS 15 y superior que admitan BLE.<br\/>Puedes descargarlo gratuitamente desde el siguiente enlace.<\/p>\n\n\n\n<div class=\"wp-block-group is-content-justification-center is-nowrap is-layout-flex wp-container-core-group-is-layout-8c5b8f94 wp-block-group-is-layout-flex\" style=\"padding-top:var(--wp--preset--spacing--50);padding-bottom:var(--wp--preset--spacing--50)\">\n<figure class=\"wp-block-image size-full is-resized\"><a href=\"https:\/\/appstore.com\/nextscapeinc\/alterlock\" target=\"_blank\" rel=\"noreferrer noopener\"><img loading=\"lazy\" decoding=\"async\" width=\"277\" height=\"83\" src=\"https:\/\/alterlock.net\/wp-content\/uploads\/2022\/08\/AppStore.png\" alt=\"\" class=\"wp-image-233\" style=\"width:139px\"\/><\/a><\/figure>\n\n\n\n<figure class=\"wp-block-image size-full is-resized\"><a href=\"https:\/\/play.google.com\/store\/apps\/details?id=net.nextscape.alterlock\" target=\"_blank\" rel=\"noreferrer noopener\"><img loading=\"lazy\" decoding=\"async\" width=\"279\" height=\"83\" src=\"https:\/\/alterlock.net\/wp-content\/uploads\/2022\/08\/GooglePlay-1.png\" alt=\"\" class=\"wp-image-232\" style=\"width:140px\"\/><\/a><\/figure>\n<\/div>\n<\/div><\/div>\n\n\n\n<div class=\"wp-block-uagb-container uagb-block-fe921d4c alignfull uagb-is-root-container\"><div class=\"uagb-container-inner-blocks-wrap\">\n<h2 class=\"wp-block-heading has-text-align-center has--font-size has-ast-global-color-6-color has-ast-global-color-0-background-color has-text-color has-background has-link-color wp-elements-8ce521be04438171178acb36ec99daed\" style=\"padding-top:var(--wp--preset--spacing--30);padding-bottom:var(--wp--preset--spacing--30)\">04. Afiliaci\u00f3n<\/h2>\n\n\n\n<p class=\"has-text-align-center has--font-size\">Para utilizar los dispositivos AlterLock es necesario suscribirse al Contrato de Servicio AlterLock.<\/p>\n\n\n\n<div class=\"wp-block-buttons is-content-justification-center is-layout-flex wp-container-core-buttons-is-layout-a89b3969 wp-block-buttons-is-layout-flex\">\n<div class=\"wp-block-button has-custom-width wp-block-button__width-75\"><a class=\"wp-block-button__link wp-element-button\" href=\"https:\/\/alterlock.net\/en\/service-description\" style=\"padding-top:16px;padding-right:16px;padding-bottom:16px;padding-left:16px\" target=\"_blank\" rel=\"noreferrer noopener\">Acuerdo de servicio<\/a><\/div>\n<\/div>\n<\/div><\/div>\n\n\n\n<div class=\"wp-block-uagb-container uagb-block-fa4e0ac8 alignfull uagb-is-root-container\"><div class=\"uagb-container-inner-blocks-wrap\">\n<h2 class=\"wp-block-heading has-text-align-center has--font-size has-ast-global-color-6-color has-ast-global-color-0-background-color has-text-color has-background has-link-color wp-elements-ee444f8aac099944ae4122d836b3e4ac\" style=\"padding-top:var(--wp--preset--spacing--30);padding-bottom:var(--wp--preset--spacing--30)\">\u00a1Est\u00e1s listo!<\/h2>\n\n\n\n<p class=\"has-text-align-center\">Registra tu dispositivo AlterLock en la aplicaci\u00f3n para poder utilizarlo.<\/p>\n<\/div><\/div>\n\n\n\n<script>jQuery('#check-location').click(function () {\n        checkLocation();\n    });\n\n    function checkLocation() {\n        jQuery('#check-location').prop('disabled', true);\n    jQuery('#check-area-message').remove();\n    jQuery('.loading-circle').removeClass(\"is-hide\");\n    navigator.geolocation.getCurrentPosition(\n    function (position) {\n        jQuery.ajax({\n            type: \"GET\",\n            url: \"https:\/\/alterlock.net\/app\/v2\/sigfoxarea\/checklocation\",\n            data: {\n                \"lat\": position.coords.latitude,\n                \"lng\": position.coords.longitude,\n                \"radiusMeters\": 200\n            }\n        }).done(function (data) {\n            if (data.result) {\n                jQuery('#check-postalcode').after('<p id=\"check-area-message\" class=\"has-ast-global-color-6-color has-ast-global-color-0-background-color has-background\">' + data.message + '');\n            } else {\n                jQuery('#check-postalcode').after('<p id=\"check-area-message\" class=\"has-ast-global-color-1-color has-ast-global-color-3-background-color has-background\">' + data.message + '');\n            }\n        }).fail(function (data) {\n            jQuery('#check-postalcode').after('<p id=\"check-area-message\" class=\"has-ast-global-color-1-color has-ast-global-color-3-background-color has-background\">' + data + '');\n        }).always(function (data) {\n            jQuery('.loading-circle').addClass(\"is-hide\");\n            jQuery('#check-location').prop('disabled', false);\n        });\n            },\n    function (error) {\n        jQuery('.loading-circle').addClass(\"is-hide\");\n    var message;\n    switch (error.code) {\n                    case 1:\n    message = document.getElementById(\"msg-location-not-allow\").textContent;\n    break;\n    case 2:\n    message = document.getElementById(\"msg-location-fail\").textContent;\n    break;\n    case 3:\n    message = document.getElementById(\"msg-location-timeout\").textContent;\n    break;\n    default:\n    message = document.getElementById(\"msg-location-error\").textContent;\n    break;\n                }\n    jQuery('#check-postalcode').after('<p id=\"check-area-message\" class=\"has-ast-global-color-1-color has-ast-global-color-3-background-color has-background\">' + message + '');\n            }\n    );\n    }\n\n    jQuery('#check-postalcode').click(function () {\n        checkPostalCode();\n    });\n\n    function checkPostalCode() {\n        jQuery('#check-area-message').remove();\n    var postalCode = jQuery('#postal-code').val();\n    if (postalCode) {\n        jQuery('#check-postalcode').prop('disabled', true);\n    jQuery('.loading-circle').removeClass(\"is-hide\");\n    jQuery.ajax({\n        type: \"GET\",\n    url: \"https:\/\/alterlock.net\/app\/v2\/sigfoxarea\/checkpostalcode\",\n    data: {\n        \"postalCode\": postalCode,\n    \"radiusMeters\": 200\n                }\n            }).done(function (data) {\n                if (data.result) {\n        jQuery('#check-postalcode').after('<p id=\"check-area-message\" class=\"has-ast-global-color-6-color has-ast-global-color-0-background-color has-background\">' + data.message + '');\n                } else {\n        jQuery('#check-postalcode').after('<p id=\"check-area-message\" class=\"has-ast-global-color-1-color has-ast-global-color-3-background-color has-background\">' + data.message + '');\n                }\n            }).fail(function (data) {\n        jQuery('#check-postalcode').after('<p id=\"check-area-message\" class=\"has-ast-global-color-1-color has-ast-global-color-3-background-color has-background\">' + data + '');\n            }).always(function (data) {\n        jQuery('.loading-circle').addClass(\"is-hide\");\n    jQuery('#check-postalcode').prop('disabled', false);\n            });\n        } else {\n        jQuery('#check-postalcode').after('<p id=\"check-area-message\" class=\"has-ast-global-color-1-color has-ast-global-color-3-background-color has-background\">' + document.getElementById(\"msg-postalcode-invalid\").textContent + '');\n        }\n    }\n<\/script>\n<\/div>\n","protected":false},"excerpt":{"rendered":"<p>01. Confirmaci\u00f3n del \u00e1rea de servicio El dispositivo AlterLock utiliza \u00abSigfox\u00bb como m\u00e9todo de comunicaci\u00f3n.Comprueba si tu zona est\u00e1 en el \u00e1rea de servicio de Sigfox. Compruebe su posici\u00f3n actual C\u00f3digo postal Confirmaci\u00f3n por c\u00f3digo postal Las \u00e1reas disponibles se est\u00e1n ampliando!Para m\u00e1s informaci\u00f3n sobre Sigfox, visita esta p\u00e1gina. Si ves una ventana emergente que [&hellip;]<\/p>\n","protected":false},"author":1,"featured_media":0,"parent":0,"menu_order":0,"comment_status":"closed","ping_status":"closed","template":"","meta":{"_seopress_robots_primary_cat":"","_seopress_titles_title":"","_seopress_titles_desc":"","_seopress_robots_index":"","_uag_custom_page_level_css":"","site-sidebar-layout":"default","site-content-layout":"","ast-site-content-layout":"default","site-content-style":"default","site-sidebar-style":"default","ast-global-header-display":"","ast-banner-title-visibility":"","ast-main-header-display":"","ast-hfb-above-header-display":"","ast-hfb-below-header-display":"","ast-hfb-mobile-header-display":"","site-post-title":"disabled","ast-breadcrumbs-content":"","ast-featured-img":"","footer-sml-layout":"","ast-disable-related-posts":"","theme-transparent-header-meta":"","adv-header-id-meta":"","stick-header-meta":"","header-above-stick-meta":"","header-main-stick-meta":"","header-below-stick-meta":"","astra-migrate-meta-layouts":"default","ast-page-background-enabled":"default","ast-page-background-meta":{"desktop":{"background-color":"var(--ast-global-color-4)","background-image":"","background-repeat":"repeat","background-position":"center center","background-size":"auto","background-attachment":"scroll","background-type":"","background-media":"","overlay-type":"","overlay-color":"","overlay-opacity":"","overlay-gradient":""},"tablet":{"background-color":"","background-image":"","background-repeat":"repeat","background-position":"center center","background-size":"auto","background-attachment":"scroll","background-type":"","background-media":"","overlay-type":"","overlay-color":"","overlay-opacity":"","overlay-gradient":""},"mobile":{"background-color":"","background-image":"","background-repeat":"repeat","background-position":"center center","background-size":"auto","background-attachment":"scroll","background-type":"","background-media":"","overlay-type":"","overlay-color":"","overlay-opacity":"","overlay-gradient":""}},"ast-content-background-meta":{"desktop":{"background-color":"var(--ast-global-color-5)","background-image":"","background-repeat":"repeat","background-position":"center center","background-size":"auto","background-attachment":"scroll","background-type":"","background-media":"","overlay-type":"","overlay-color":"","overlay-opacity":"","overlay-gradient":""},"tablet":{"background-color":"var(--ast-global-color-5)","background-image":"","background-repeat":"repeat","background-position":"center center","background-size":"auto","background-attachment":"scroll","background-type":"","background-media":"","overlay-type":"","overlay-color":"","overlay-opacity":"","overlay-gradient":""},"mobile":{"background-color":"var(--ast-global-color-5)","background-image":"","background-repeat":"repeat","background-position":"center center","background-size":"auto","background-attachment":"scroll","background-type":"","background-media":"","overlay-type":"","overlay-color":"","overlay-opacity":"","overlay-gradient":""}},"footnotes":""},"class_list":["post-13596","page","type-page","status-publish","hentry"],"uagb_featured_image_src":{"full":false,"thumbnail":false,"medium":false,"medium_large":false,"large":false,"1536x1536":false,"2048x2048":false,"woocommerce_thumbnail":false,"woocommerce_single":false,"woocommerce_gallery_thumbnail":false},"uagb_author_info":{"display_name":"Site Manager","author_link":"https:\/\/alterlock.net\/es\/author\/siteadmin"},"uagb_comment_info":0,"uagb_excerpt":"01. Confirmaci\u00f3n del \u00e1rea de servicio El dispositivo AlterLock utiliza \u00abSigfox\u00bb como m\u00e9todo de comunicaci\u00f3n.Comprueba si tu zona est\u00e1 en el \u00e1rea de servicio de Sigfox. Compruebe su posici\u00f3n actual C\u00f3digo postal Confirmaci\u00f3n por c\u00f3digo postal Las \u00e1reas disponibles se est\u00e1n ampliando!Para m\u00e1s informaci\u00f3n sobre Sigfox, visita esta p\u00e1gina. Si ves una ventana emergente que&hellip;","_links":{"self":[{"href":"https:\/\/alterlock.net\/es\/wp-json\/wp\/v2\/pages\/13596","targetHints":{"allow":["GET"]}}],"collection":[{"href":"https:\/\/alterlock.net\/es\/wp-json\/wp\/v2\/pages"}],"about":[{"href":"https:\/\/alterlock.net\/es\/wp-json\/wp\/v2\/types\/page"}],"author":[{"embeddable":true,"href":"https:\/\/alterlock.net\/es\/wp-json\/wp\/v2\/users\/1"}],"replies":[{"embeddable":true,"href":"https:\/\/alterlock.net\/es\/wp-json\/wp\/v2\/comments?post=13596"}],"version-history":[{"count":22,"href":"https:\/\/alterlock.net\/es\/wp-json\/wp\/v2\/pages\/13596\/revisions"}],"predecessor-version":[{"id":26130,"href":"https:\/\/alterlock.net\/es\/wp-json\/wp\/v2\/pages\/13596\/revisions\/26130"}],"wp:attachment":[{"href":"https:\/\/alterlock.net\/es\/wp-json\/wp\/v2\/media?parent=13596"}],"curies":[{"name":"wp","href":"https:\/\/api.w.org\/{rel}","templated":true}]}}