{"id":13620,"date":"2022-09-01T06:04:55","date_gmt":"2022-09-01T06:04:55","guid":{"rendered":"https:\/\/alterlock.net\/dossier-de-prensa\/"},"modified":"2025-03-21T11:00:12","modified_gmt":"2025-03-21T11:00:12","slug":"press-kit","status":"publish","type":"page","link":"https:\/\/alterlock.net\/es\/press-kit","title":{"rendered":"Kit de prensa"},"content":{"rendered":"\n<div class=\"wp-block-cover alignfull is-light has-custom-content-position is-position-bottom-center page-title-cover\"><span aria-hidden=\"true\" class=\"wp-block-cover__background has-background-dim\"><\/span><img loading=\"lazy\" decoding=\"async\" width=\"1080\" height=\"1080\" class=\"wp-block-cover__image-background wp-image-1254\" alt=\"\" src=\"https:\/\/alterlock.net\/wp-content\/uploads\/2022\/09\/AlterLockImage05.jpg\" style=\"object-position:50% 32%\" data-object-fit=\"cover\" data-object-position=\"50% 32%\" srcset=\"https:\/\/alterlock.net\/wp-content\/uploads\/2022\/09\/AlterLockImage05.jpg 1080w, https:\/\/alterlock.net\/wp-content\/uploads\/2022\/09\/AlterLockImage05-300x300.jpg 300w, https:\/\/alterlock.net\/wp-content\/uploads\/2022\/09\/AlterLockImage05-1024x1024.jpg 1024w, https:\/\/alterlock.net\/wp-content\/uploads\/2022\/09\/AlterLockImage05-150x150.jpg 150w, https:\/\/alterlock.net\/wp-content\/uploads\/2022\/09\/AlterLockImage05-768x768.jpg 768w, https:\/\/alterlock.net\/wp-content\/uploads\/2022\/09\/AlterLockImage05-600x600.jpg 600w, https:\/\/alterlock.net\/wp-content\/uploads\/2022\/09\/AlterLockImage05-100x100.jpg 100w\" sizes=\"auto, (max-width: 1080px) 100vw, 1080px\" \/><div class=\"wp-block-cover__inner-container is-layout-flow wp-block-cover-is-layout-flow\">\n<h1 class=\"wp-block-heading has-text-align-left has-ast-global-color-6-color has-text-color\">Kit de prensa<\/h1>\n\n\n\n<p class=\"has-ast-global-color-6-color has-text-color\">Gracias por tu inter\u00e9s en AlterLock.<\/p>\n<\/div><\/div>\n\n<div class=\"wp-block-group alignfull is-layout-constrained wp-container-core-group-is-layout-7bec18b8 wp-block-group-is-layout-constrained\">\n<p>Esta p\u00e1gina proporciona recursos de marca que puedes utilizar para presentar AlterLock en los medios de comunicaci\u00f3n, blogs, etc.<\/p>\n\n\n\n<h2 class=\"wp-block-heading has-text-align-center\">Directrices<\/h2>\n\n\n\n<ul class=\"wp-block-list\">\n<li>Los recursos de la marca s\u00f3lo pueden utilizarse para presentar la propia AlterLock. Por favor, abst\u00e9ngase de utilizarlos para cualquier otro fin.<\/li>\n\n\n\n<li>No modifique el contenido descargado ni lo utilice de forma que se confunda con otras marcas o nombres.<\/li>\n\n\n\n<li>Le rogamos que se abstenga de utilizar este sitio de forma que parezca que somos un patrocinador o un afiliado del usuario.<\/li>\n\n\n\n<li>Todos los derechos (incluidos, entre otros, los derechos de autor, las marcas comerciales y otros derechos de propiedad intelectual) del contenido de esta p\u00e1gina pertenecen a la empresa.<\/li>\n<\/ul>\n\n\n\n<div class=\"wp-block-uagb-separator uagb-block-a56bb003\"><div class=\"wp-block-uagb-separator__inner\" style=\"--my-background-image:\"><\/div><\/div>\n\n\n\n<h2 class=\"wp-block-heading has-text-align-center\">\u00bfQu\u00e9 es AlterLock?<\/h2>\n\n\n\n<p>Alter Lock es un dispositivo y servicio antirrobo para bicicletas deportivas.<br\/>Un dispositivo peque\u00f1o y ligero que se puede fijar a la base del portabid\u00f3n vigila tu querido coche con una alarma de detecci\u00f3n de vibraci\u00f3n sonora y notificaciones a tu smartphone.<br\/>En el improbable caso de una emergencia, el GPS, el posicionamiento Wi-Fi y las capacidades de comunicaci\u00f3n IoT ayudar\u00e1n a rastrearlos y encontrarlos. Proporciona un ciclo de vida diferente y m\u00e1s seguro.<\/p>\n\n\n\n<div class=\"wp-block-buttons is-content-justification-center is-layout-flex wp-container-core-buttons-is-layout-a89b3969 wp-block-buttons-is-layout-flex\">\n<div class=\"wp-block-button\"><a class=\"wp-block-button__link wp-element-button\" href=\"https:\/\/alterlock.net\/en\/how-gen3-works\">M\u00e1s informaci\u00f3n<\/a><\/div>\n<\/div>\n\n\n\n<div class=\"wp-block-uagb-separator uagb-block-1e3f4c6e\"><div class=\"wp-block-uagb-separator__inner\" style=\"--my-background-image:\"><\/div><\/div>\n\n\n\n<h2 class=\"wp-block-heading has-text-align-center\">Sobre nosotros<\/h2>\n\n\n\n<p>Conoce la historia del nacimiento de AlterLock en Jap\u00f3n, el equipo e informaci\u00f3n sobre la empresa.<\/p>\n\n\n\n<div class=\"wp-block-buttons is-content-justification-center is-layout-flex wp-container-core-buttons-is-layout-a89b3969 wp-block-buttons-is-layout-flex\">\n<div class=\"wp-block-button\"><a class=\"wp-block-button__link wp-element-button\" href=\"https:\/\/alterlock.net\/en\/about-us\">Historia<\/a><\/div>\n\n\n\n<div class=\"wp-block-button\"><a class=\"wp-block-button__link wp-element-button\" href=\"https:\/\/www.nextscape.net\/en\/company\">Informaci\u00f3n de la empresa<\/a><\/div>\n<\/div>\n\n\n\n<div class=\"wp-block-uagb-separator uagb-block-81bb2b00\"><div class=\"wp-block-uagb-separator__inner\" style=\"--my-background-image:\"><\/div><\/div>\n\n\n\n<h2 class=\"wp-block-heading has-text-align-center\">Logotipo<\/h2>\n\n\n\n<div class=\"wp-block-group is-content-justification-center is-nowrap is-layout-flex wp-container-core-group-is-layout-23441af8 wp-block-group-is-layout-flex\">\n<figure class=\"wp-block-image size-full is-resized\"><img loading=\"lazy\" decoding=\"async\" width=\"512\" height=\"512\" src=\"https:\/\/alterlock.net\/wp-content\/uploads\/2024\/12\/alterlock-logo1-s.png\" alt=\"\" class=\"wp-image-25527\" style=\"width:180px\" srcset=\"https:\/\/alterlock.net\/wp-content\/uploads\/2024\/12\/alterlock-logo1-s.png 512w, https:\/\/alterlock.net\/wp-content\/uploads\/2024\/12\/alterlock-logo1-s-300x300.png 300w, https:\/\/alterlock.net\/wp-content\/uploads\/2024\/12\/alterlock-logo1-s-150x150.png 150w, https:\/\/alterlock.net\/wp-content\/uploads\/2024\/12\/alterlock-logo1-s-100x100.png 100w\" sizes=\"auto, (max-width: 512px) 100vw, 512px\" \/><\/figure>\n\n\n\n<figure class=\"wp-block-image size-full is-resized\"><img loading=\"lazy\" decoding=\"async\" width=\"512\" height=\"512\" src=\"https:\/\/alterlock.net\/wp-content\/uploads\/2024\/12\/alterlock-logo2-s-1.png\" alt=\"\" class=\"wp-image-25540\" style=\"width:180px\" srcset=\"https:\/\/alterlock.net\/wp-content\/uploads\/2024\/12\/alterlock-logo2-s-1.png 512w, https:\/\/alterlock.net\/wp-content\/uploads\/2024\/12\/alterlock-logo2-s-1-300x300.png 300w, https:\/\/alterlock.net\/wp-content\/uploads\/2024\/12\/alterlock-logo2-s-1-150x150.png 150w, https:\/\/alterlock.net\/wp-content\/uploads\/2024\/12\/alterlock-logo2-s-1-100x100.png 100w\" sizes=\"auto, (max-width: 512px) 100vw, 512px\" \/><\/figure>\n<\/div>\n\n\n\n<div class=\"wp-block-group is-content-justification-center is-nowrap is-layout-flex wp-container-core-group-is-layout-23441af8 wp-block-group-is-layout-flex\">\n<figure class=\"wp-block-image size-full is-resized\"><img loading=\"lazy\" decoding=\"async\" width=\"360\" height=\"120\" src=\"https:\/\/alterlock.net\/wp-content\/uploads\/2022\/09\/alterlock-logo4-s.png\" alt=\"\" class=\"wp-image-841\" style=\"width:180px\" srcset=\"https:\/\/alterlock.net\/wp-content\/uploads\/2022\/09\/alterlock-logo4-s.png 360w, https:\/\/alterlock.net\/wp-content\/uploads\/2022\/09\/alterlock-logo4-s-300x100.png 300w\" sizes=\"auto, (max-width: 360px) 100vw, 360px\" \/><\/figure>\n\n\n\n<figure class=\"wp-block-image size-full is-resized\"><img loading=\"lazy\" decoding=\"async\" width=\"360\" height=\"120\" src=\"https:\/\/alterlock.net\/wp-content\/uploads\/2022\/09\/alterlock-logo3-s.png\" alt=\"\" class=\"wp-image-862\" style=\"width:180px\" srcset=\"https:\/\/alterlock.net\/wp-content\/uploads\/2022\/09\/alterlock-logo3-s.png 360w, https:\/\/alterlock.net\/wp-content\/uploads\/2022\/09\/alterlock-logo3-s-300x100.png 300w\" sizes=\"auto, (max-width: 360px) 100vw, 360px\" \/><\/figure>\n<\/div>\n\n\n\n<div class=\"wp-block-buttons is-content-justification-center is-layout-flex wp-container-core-buttons-is-layout-a89b3969 wp-block-buttons-is-layout-flex\">\n<div class=\"wp-block-button\"><a class=\"wp-block-button__link wp-element-button\" href=\"https:\/\/drive.google.com\/drive\/folders\/14U7c6i37NKVKn1TDElqz4BJkEfugZbPs?usp=drive_link\">Ver todo<\/a><\/div>\n<\/div>\n\n\n\n<div class=\"wp-block-uagb-separator uagb-block-fdc1ea38\"><div class=\"wp-block-uagb-separator__inner\" style=\"--my-background-image:\"><\/div><\/div>\n\n\n\n<h2 class=\"wp-block-heading has-text-align-center\">Fotos del producto<\/h2>\n\n\n\n<div class=\"wp-block-group is-content-justification-center is-nowrap is-layout-flex wp-container-core-group-is-layout-23441af8 wp-block-group-is-layout-flex\">\n<figure class=\"wp-block-image size-full is-resized\"><img loading=\"lazy\" decoding=\"async\" width=\"1600\" height=\"1600\" src=\"https:\/\/alterlock.net\/wp-content\/uploads\/2024\/03\/gen3-product-image11.jpg\" alt=\"\" class=\"wp-image-20754\" style=\"width:400px\" srcset=\"https:\/\/alterlock.net\/wp-content\/uploads\/2024\/03\/gen3-product-image11.jpg 1600w, https:\/\/alterlock.net\/wp-content\/uploads\/2024\/03\/gen3-product-image11-300x300.jpg 300w, https:\/\/alterlock.net\/wp-content\/uploads\/2024\/03\/gen3-product-image11-1024x1024.jpg 1024w, https:\/\/alterlock.net\/wp-content\/uploads\/2024\/03\/gen3-product-image11-150x150.jpg 150w, https:\/\/alterlock.net\/wp-content\/uploads\/2024\/03\/gen3-product-image11-768x768.jpg 768w, https:\/\/alterlock.net\/wp-content\/uploads\/2024\/03\/gen3-product-image11-50x50.jpg 50w, https:\/\/alterlock.net\/wp-content\/uploads\/2024\/03\/gen3-product-image11-1536x1536.jpg 1536w, https:\/\/alterlock.net\/wp-content\/uploads\/2024\/03\/gen3-product-image11-600x600.jpg 600w, https:\/\/alterlock.net\/wp-content\/uploads\/2024\/03\/gen3-product-image11-100x100.jpg 100w\" sizes=\"auto, (max-width: 1600px) 100vw, 1600px\" \/><\/figure>\n\n\n\n<figure class=\"wp-block-image size-full is-resized\"><img loading=\"lazy\" decoding=\"async\" width=\"1600\" height=\"1600\" src=\"https:\/\/alterlock.net\/wp-content\/uploads\/2024\/05\/gen3-product-image02.jpg\" alt=\"\" class=\"wp-image-22540\" style=\"width:400px\" srcset=\"https:\/\/alterlock.net\/wp-content\/uploads\/2024\/05\/gen3-product-image02.jpg 1600w, https:\/\/alterlock.net\/wp-content\/uploads\/2024\/05\/gen3-product-image02-300x300.jpg 300w, https:\/\/alterlock.net\/wp-content\/uploads\/2024\/05\/gen3-product-image02-1024x1024.jpg 1024w, https:\/\/alterlock.net\/wp-content\/uploads\/2024\/05\/gen3-product-image02-150x150.jpg 150w, https:\/\/alterlock.net\/wp-content\/uploads\/2024\/05\/gen3-product-image02-768x768.jpg 768w, https:\/\/alterlock.net\/wp-content\/uploads\/2024\/05\/gen3-product-image02-1536x1536.jpg 1536w, https:\/\/alterlock.net\/wp-content\/uploads\/2024\/05\/gen3-product-image02-600x600.jpg 600w, https:\/\/alterlock.net\/wp-content\/uploads\/2024\/05\/gen3-product-image02-100x100.jpg 100w\" sizes=\"auto, (max-width: 1600px) 100vw, 1600px\" \/><\/figure>\n<\/div>\n\n\n\n<div class=\"wp-block-buttons is-content-justification-center is-layout-flex wp-container-core-buttons-is-layout-a89b3969 wp-block-buttons-is-layout-flex\">\n<div class=\"wp-block-button\"><a class=\"wp-block-button__link wp-element-button\" href=\"https:\/\/drive.google.com\/drive\/folders\/1Q48-9-rnzKS24xojsNsIxvGwvMdzN-AO?usp=drive_link\">Ver todo<\/a><\/div>\n<\/div>\n\n\n\n<div class=\"wp-block-uagb-separator uagb-block-1281e84e\"><div class=\"wp-block-uagb-separator__inner\" style=\"--my-background-image:\"><\/div><\/div>\n\n\n\n<h2 class=\"wp-block-heading has-text-align-center\">Captura de pantalla<\/h2>\n\n\n\n<div class=\"wp-block-group is-content-justification-center is-nowrap is-layout-flex wp-container-core-group-is-layout-23441af8 wp-block-group-is-layout-flex\">\n<figure class=\"wp-block-image size-full is-resized\"><img loading=\"lazy\" decoding=\"async\" width=\"480\" height=\"1016\" src=\"https:\/\/alterlock.net\/wp-content\/uploads\/2022\/09\/app-lock-en.png\" alt=\"\" class=\"wp-image-883\" style=\"width:240px\" srcset=\"https:\/\/alterlock.net\/wp-content\/uploads\/2022\/09\/app-lock-en.png 480w, https:\/\/alterlock.net\/wp-content\/uploads\/2022\/09\/app-lock-en-142x300.png 142w\" sizes=\"auto, (max-width: 480px) 100vw, 480px\" \/><\/figure>\n\n\n\n<figure class=\"wp-block-image size-full is-resized\"><img loading=\"lazy\" decoding=\"async\" width=\"480\" height=\"1016\" src=\"https:\/\/alterlock.net\/wp-content\/uploads\/2022\/09\/app-tracking-en.png\" alt=\"\" class=\"wp-image-890\" style=\"width:240px\" srcset=\"https:\/\/alterlock.net\/wp-content\/uploads\/2022\/09\/app-tracking-en.png 480w, https:\/\/alterlock.net\/wp-content\/uploads\/2022\/09\/app-tracking-en-142x300.png 142w\" sizes=\"auto, (max-width: 480px) 100vw, 480px\" \/><\/figure>\n<\/div>\n\n\n\n<div class=\"wp-block-buttons is-content-justification-center is-layout-flex wp-container-core-buttons-is-layout-a89b3969 wp-block-buttons-is-layout-flex\">\n<div class=\"wp-block-button\"><a class=\"wp-block-button__link wp-element-button\" href=\"https:\/\/drive.google.com\/drive\/folders\/1FhoAEea4IhC4RPKCCe0AeKw0FJnPH28u?usp=drive_link\">Ver todo<\/a><\/div>\n<\/div>\n\n\n\n<div class=\"wp-block-uagb-separator uagb-block-a8830f67\"><div class=\"wp-block-uagb-separator__inner\" style=\"--my-background-image:\"><\/div><\/div>\n\n\n\n<h2 class=\"wp-block-heading has-text-align-center\">Materiales fotogr\u00e1ficos<\/h2>\n\n\n\n<div class=\"wp-block-group is-content-justification-center is-nowrap is-layout-flex wp-container-core-group-is-layout-23441af8 wp-block-group-is-layout-flex\">\n<figure class=\"wp-block-image size-large\"><img loading=\"lazy\" decoding=\"async\" width=\"1024\" height=\"683\" src=\"https:\/\/alterlock.net\/wp-content\/uploads\/2022\/09\/alterlock-photo03-1024x683.jpg\" alt=\"\" class=\"wp-image-897\" style=\"aspect-ratio:1;object-fit:cover\" srcset=\"https:\/\/alterlock.net\/wp-content\/uploads\/2022\/09\/alterlock-photo03-1024x683.jpg 1024w, https:\/\/alterlock.net\/wp-content\/uploads\/2022\/09\/alterlock-photo03-300x200.jpg 300w, https:\/\/alterlock.net\/wp-content\/uploads\/2022\/09\/alterlock-photo03-768x512.jpg 768w, https:\/\/alterlock.net\/wp-content\/uploads\/2022\/09\/alterlock-photo03-1600x1067.jpg 1600w, https:\/\/alterlock.net\/wp-content\/uploads\/2022\/09\/alterlock-photo03-1536x1024.jpg 1536w, https:\/\/alterlock.net\/wp-content\/uploads\/2022\/09\/alterlock-photo03-600x400.jpg 600w, https:\/\/alterlock.net\/wp-content\/uploads\/2022\/09\/alterlock-photo03.jpg 1920w\" sizes=\"auto, (max-width: 1024px) 100vw, 1024px\" \/><\/figure>\n\n\n\n<figure class=\"wp-block-image size-large\"><img loading=\"lazy\" decoding=\"async\" width=\"1024\" height=\"683\" src=\"https:\/\/alterlock.net\/wp-content\/uploads\/2022\/09\/alterlock-photo04-1024x683.jpg\" alt=\"\" class=\"wp-image-904\" style=\"aspect-ratio:1;object-fit:cover\" srcset=\"https:\/\/alterlock.net\/wp-content\/uploads\/2022\/09\/alterlock-photo04-1024x683.jpg 1024w, https:\/\/alterlock.net\/wp-content\/uploads\/2022\/09\/alterlock-photo04-300x200.jpg 300w, https:\/\/alterlock.net\/wp-content\/uploads\/2022\/09\/alterlock-photo04-768x512.jpg 768w, https:\/\/alterlock.net\/wp-content\/uploads\/2022\/09\/alterlock-photo04-1600x1067.jpg 1600w, https:\/\/alterlock.net\/wp-content\/uploads\/2022\/09\/alterlock-photo04-1536x1024.jpg 1536w, https:\/\/alterlock.net\/wp-content\/uploads\/2022\/09\/alterlock-photo04-600x400.jpg 600w, https:\/\/alterlock.net\/wp-content\/uploads\/2022\/09\/alterlock-photo04.jpg 1920w\" sizes=\"auto, (max-width: 1024px) 100vw, 1024px\" \/><\/figure>\n<\/div>\n\n\n\n<div class=\"wp-block-buttons is-content-justification-center is-layout-flex wp-container-core-buttons-is-layout-a89b3969 wp-block-buttons-is-layout-flex\">\n<div class=\"wp-block-button\"><a class=\"wp-block-button__link wp-element-button\" href=\"https:\/\/drive.google.com\/drive\/folders\/1uUvCtRkdlZm1_SCrD_HQdli_oJsmxQVt?usp=drive_link\">Ver todo<\/a><\/div>\n<\/div>\n\n\n\n<div class=\"wp-block-uagb-separator uagb-block-20dda5ba\"><div class=\"wp-block-uagb-separator__inner\" style=\"--my-background-image:\"><\/div><\/div>\n\n\n\n<h2 class=\"wp-block-heading has-text-align-center\">Contacto con nosotros<\/h2>\n\n\n\n<div class=\"wp-block-buttons is-content-justification-center is-layout-flex wp-container-core-buttons-is-layout-a89b3969 wp-block-buttons-is-layout-flex\">\n<div class=\"wp-block-button\"><a class=\"wp-block-button__link wp-element-button\" href=\"https:\/\/alterlock.net\/en\/support\/press-contact\">Consultas de prensa<\/a><\/div>\n<\/div>\n<\/div>\n","protected":false},"excerpt":{"rendered":"<p>Esta p\u00e1gina proporciona recursos de marca que puedes utilizar para presentar AlterLock en los medios de comunicaci\u00f3n, blogs, etc. Directrices \u00bfQu\u00e9 es AlterLock? Alter Lock es un dispositivo y servicio antirrobo para bicicletas deportivas.Un dispositivo peque\u00f1o y ligero que se puede fijar a la base del portabid\u00f3n vigila tu querido coche con una alarma de [&hellip;]<\/p>\n","protected":false},"author":1,"featured_media":0,"parent":0,"menu_order":0,"comment_status":"closed","ping_status":"closed","template":"","meta":{"_seopress_robots_primary_cat":"","_seopress_titles_title":"","_seopress_titles_desc":"","_seopress_robots_index":"","_uag_custom_page_level_css":"","site-sidebar-layout":"default","site-content-layout":"default","ast-site-content-layout":"default","site-content-style":"default","site-sidebar-style":"default","ast-global-header-display":"","ast-banner-title-visibility":"","ast-main-header-display":"","ast-hfb-above-header-display":"","ast-hfb-below-header-display":"","ast-hfb-mobile-header-display":"","site-post-title":"disabled","ast-breadcrumbs-content":"","ast-featured-img":"","footer-sml-layout":"","ast-disable-related-posts":"","theme-transparent-header-meta":"","adv-header-id-meta":"","stick-header-meta":"","header-above-stick-meta":"","header-main-stick-meta":"","header-below-stick-meta":"","astra-migrate-meta-layouts":"default","ast-page-background-enabled":"default","ast-page-background-meta":{"desktop":{"background-color":"var(--ast-global-color-4)","background-image":"","background-repeat":"repeat","background-position":"center center","background-size":"auto","background-attachment":"scroll","background-type":"","background-media":"","overlay-type":"","overlay-color":"","overlay-opacity":"","overlay-gradient":""},"tablet":{"background-color":"","background-image":"","background-repeat":"repeat","background-position":"center center","background-size":"auto","background-attachment":"scroll","background-type":"","background-media":"","overlay-type":"","overlay-color":"","overlay-opacity":"","overlay-gradient":""},"mobile":{"background-color":"","background-image":"","background-repeat":"repeat","background-position":"center center","background-size":"auto","background-attachment":"scroll","background-type":"","background-media":"","overlay-type":"","overlay-color":"","overlay-opacity":"","overlay-gradient":""}},"ast-content-background-meta":{"desktop":{"background-color":"var(--ast-global-color-5)","background-image":"","background-repeat":"repeat","background-position":"center center","background-size":"auto","background-attachment":"scroll","background-type":"","background-media":"","overlay-type":"","overlay-color":"","overlay-opacity":"","overlay-gradient":""},"tablet":{"background-color":"var(--ast-global-color-5)","background-image":"","background-repeat":"repeat","background-position":"center center","background-size":"auto","background-attachment":"scroll","background-type":"","background-media":"","overlay-type":"","overlay-color":"","overlay-opacity":"","overlay-gradient":""},"mobile":{"background-color":"var(--ast-global-color-5)","background-image":"","background-repeat":"repeat","background-position":"center center","background-size":"auto","background-attachment":"scroll","background-type":"","background-media":"","overlay-type":"","overlay-color":"","overlay-opacity":"","overlay-gradient":""}},"footnotes":""},"class_list":["post-13620","page","type-page","status-publish","hentry"],"uagb_featured_image_src":{"full":false,"thumbnail":false,"medium":false,"medium_large":false,"large":false,"1536x1536":false,"2048x2048":false,"woocommerce_thumbnail":false,"woocommerce_single":false,"woocommerce_gallery_thumbnail":false},"uagb_author_info":{"display_name":"Site Manager","author_link":"https:\/\/alterlock.net\/es\/author\/siteadmin"},"uagb_comment_info":0,"uagb_excerpt":"Esta p\u00e1gina proporciona recursos de marca que puedes utilizar para presentar AlterLock en los medios de comunicaci\u00f3n, blogs, etc. Directrices \u00bfQu\u00e9 es AlterLock? Alter Lock es un dispositivo y servicio antirrobo para bicicletas deportivas.Un dispositivo peque\u00f1o y ligero que se puede fijar a la base del portabid\u00f3n vigila tu querido coche con una alarma de&hellip;","_links":{"self":[{"href":"https:\/\/alterlock.net\/es\/wp-json\/wp\/v2\/pages\/13620","targetHints":{"allow":["GET"]}}],"collection":[{"href":"https:\/\/alterlock.net\/es\/wp-json\/wp\/v2\/pages"}],"about":[{"href":"https:\/\/alterlock.net\/es\/wp-json\/wp\/v2\/types\/page"}],"author":[{"embeddable":true,"href":"https:\/\/alterlock.net\/es\/wp-json\/wp\/v2\/users\/1"}],"replies":[{"embeddable":true,"href":"https:\/\/alterlock.net\/es\/wp-json\/wp\/v2\/comments?post=13620"}],"version-history":[{"count":28,"href":"https:\/\/alterlock.net\/es\/wp-json\/wp\/v2\/pages\/13620\/revisions"}],"predecessor-version":[{"id":26940,"href":"https:\/\/alterlock.net\/es\/wp-json\/wp\/v2\/pages\/13620\/revisions\/26940"}],"wp:attachment":[{"href":"https:\/\/alterlock.net\/es\/wp-json\/wp\/v2\/media?parent=13620"}],"curies":[{"name":"wp","href":"https:\/\/api.w.org\/{rel}","templated":true}]}}