{"id":13674,"date":"2022-09-10T06:49:14","date_gmt":"2022-09-10T06:49:14","guid":{"rendered":"https:\/\/alterlock.net\/transmision-periodica\/"},"modified":"2025-01-09T02:31:46","modified_gmt":"2025-01-09T02:31:46","slug":"periodic-transmission","status":"publish","type":"page","link":"https:\/\/alterlock.net\/es\/user-manual\/alterlock-gen2\/periodic-transmission","title":{"rendered":"Transmisi\u00f3n peri\u00f3dica"},"content":{"rendered":"\n<div class=\"wp-block-cover alignfull is-light has-custom-content-position is-position-bottom-center page-title-cover\" style=\"min-height:320px;aspect-ratio:unset;\"><span aria-hidden=\"true\" class=\"wp-block-cover__background has-background-dim-100 has-background-dim has-background-gradient\" style=\"background:linear-gradient(135deg,rgb(1,160,196) 17%,rgb(1,67,153) 67%)\"><\/span><div class=\"wp-block-cover__inner-container is-layout-flow wp-block-cover-is-layout-flow\">\n<h1 class=\"wp-block-heading has-text-align-left has-ast-global-color-6-color has-text-color\">Transmisi\u00f3n peri\u00f3dica<\/h1>\n\n\n\n<p class=\"has-ast-global-color-6-color has-text-color\">Uso de la transmisi\u00f3n peri\u00f3dica con AlterLock Gen2<\/p>\n<\/div><\/div>\n\n<div class=\"wp-block-group alignfull is-layout-constrained wp-container-core-group-is-layout-7bec18b8 wp-block-group-is-layout-constrained\">\n<p>La transmisi\u00f3n peri\u00f3dica es una funci\u00f3n que han solicitado muchos usuarios para mejorar la seguridad de los dispositivos AlterLock.<\/p>\n\n\n\n<h3 class=\"wp-block-heading\" id=\"usage-scenarios-for-periodic-transmission-1\">Escenarios de uso de la transmisi\u00f3n peri\u00f3dica<\/h3>\n\n\n\n<p>Se suponen los siguientes escenarios de uso.<\/p>\n\n\n\n<ul class=\"wp-block-list\">\n<li>Me preocupa aparcar la moto a la intemperie durante mucho tiempo, por lo que me gustar\u00eda conocer la informaci\u00f3n de localizaci\u00f3n peri\u00f3dicamente aunque no se detecte ninguna anomal\u00eda.<\/li>\n\n\n\n<li>Entrego mi moto y quiero obtener datos de localizaci\u00f3n peri\u00f3dicamente.<\/li>\n\n\n\n<li>Quiero comprobar el estado de la comunicaci\u00f3n del dispositivo AlterLock.<\/li>\n<\/ul>\n\n\n\n<h3 class=\"wp-block-heading\" id=\"periodic-transmission-behavior-2\">Comportamiento de la transmisi\u00f3n peri\u00f3dica<\/h3>\n\n\n\n<ul class=\"wp-block-list\">\n<li>Cuando la transmisi\u00f3n peri\u00f3dica est\u00e1 activada, la informaci\u00f3n de localizaci\u00f3n se localiza y se env\u00eda peri\u00f3dicamente incluso cuando no se detecta ninguna anomal\u00eda, independientemente del estado de bloqueo\/desbloqueo.<\/li>\n\n\n\n<li>El intervalo de funcionamiento se puede establecer desde la configuraci\u00f3n del dispositivo.<\/li>\n\n\n\n<li>Incluso durante la operaci\u00f3n de transmisi\u00f3n peri\u00f3dica, la operaci\u00f3n de alarma y seguimiento por detecci\u00f3n de anomal\u00edas tiene prioridad en caso de estado de bloqueo.<\/li>\n\n\n\n<li>Puede comprobar el historial de la informaci\u00f3n de localizaci\u00f3n desde <strong>Informaci\u00f3n de localizaci\u00f3n<\/strong> en la pantalla principal.<\/li>\n<\/ul>\n\n\n\n<h3 class=\"wp-block-heading\" id=\"periodic-transmission-interval-3\">Intervalo de transmisi\u00f3n peri\u00f3dica<\/h3>\n\n\n\n<p>El intervalo de las transmisiones peri\u00f3dicas puede fijarse entre 30 y 360 minutos en los ajustes del aparato.<\/p>\n\n\n\n<h3 class=\"wp-block-heading\" id=\"about-battery-consumption-4\">Sobre el consumo de la bater\u00eda<\/h3>\n\n\n\n<p>La adquisici\u00f3n de informaci\u00f3n de localizaci\u00f3n consume mucha energ\u00eda, por lo que habilitar la transmisi\u00f3n peri\u00f3dica durante un largo periodo de tiempo reducir\u00e1 el tiempo de actividad del dispositivo.<br\/>Te recomendamos que la habilites s\u00f3lo cuando sea necesario, o que establezcas el intervalo en 180 minutos como m\u00ednimo.<\/p>\n\n\n\n<p>El tiempo aproximado de funcionamiento del dispositivo completamente cargado en cada estado es el siguiente:<\/p>\n\n\n\n<figure class=\"wp-block-table aligncenter no-vertical-line\"><table><thead><tr><th class=\"has-text-align-center\" data-align=\"center\"><strong>Estado<\/strong><\/th><th class=\"has-text-align-center\" data-align=\"center\"><strong>Tiempo de funcionamiento<\/strong><\/th><\/tr><\/thead><tbody><tr><td class=\"has-text-align-center\" data-align=\"center\">No hay transmisi\u00f3n peri\u00f3dica<\/td><td class=\"has-text-align-center\" data-align=\"center\">35-45 d\u00edas<\/td><\/tr><tr><td class=\"has-text-align-center\" data-align=\"center\">Transmisi\u00f3n peri\u00f3dica (60 minutos)<\/td><td class=\"has-text-align-center\" data-align=\"center\">7-15 d\u00edas<\/td><\/tr><tr><td class=\"has-text-align-center\" data-align=\"center\">Transmisiones peri\u00f3dicas (180 minutos)<\/td><td class=\"has-text-align-center\" data-align=\"center\">16-28 d\u00edas<\/td><\/tr><\/tbody><\/table><\/figure>\n<\/div>\n","protected":false},"excerpt":{"rendered":"<p>La transmisi\u00f3n peri\u00f3dica es una funci\u00f3n que han solicitado muchos usuarios para mejorar la seguridad de los dispositivos AlterLock. Escenarios de uso de la transmisi\u00f3n peri\u00f3dica Se suponen los siguientes escenarios de uso. Comportamiento de la transmisi\u00f3n peri\u00f3dica Intervalo de transmisi\u00f3n peri\u00f3dica El intervalo de las transmisiones peri\u00f3dicas puede fijarse entre 30 y 360 minutos [&hellip;]<\/p>\n","protected":false},"author":1,"featured_media":0,"parent":14644,"menu_order":0,"comment_status":"closed","ping_status":"closed","template":"","meta":{"_seopress_robots_primary_cat":"","_seopress_titles_title":"","_seopress_titles_desc":"","_seopress_robots_index":"","_uag_custom_page_level_css":"","site-sidebar-layout":"default","site-content-layout":"","ast-site-content-layout":"default","site-content-style":"default","site-sidebar-style":"default","ast-global-header-display":"","ast-banner-title-visibility":"","ast-main-header-display":"","ast-hfb-above-header-display":"","ast-hfb-below-header-display":"","ast-hfb-mobile-header-display":"","site-post-title":"disabled","ast-breadcrumbs-content":"","ast-featured-img":"","footer-sml-layout":"","ast-disable-related-posts":"","theme-transparent-header-meta":"","adv-header-id-meta":"","stick-header-meta":"","header-above-stick-meta":"","header-main-stick-meta":"","header-below-stick-meta":"","astra-migrate-meta-layouts":"default","ast-page-background-enabled":"default","ast-page-background-meta":{"desktop":{"background-color":"var(--ast-global-color-4)","background-image":"","background-repeat":"repeat","background-position":"center center","background-size":"auto","background-attachment":"scroll","background-type":"","background-media":"","overlay-type":"","overlay-color":"","overlay-opacity":"","overlay-gradient":""},"tablet":{"background-color":"","background-image":"","background-repeat":"repeat","background-position":"center center","background-size":"auto","background-attachment":"scroll","background-type":"","background-media":"","overlay-type":"","overlay-color":"","overlay-opacity":"","overlay-gradient":""},"mobile":{"background-color":"","background-image":"","background-repeat":"repeat","background-position":"center center","background-size":"auto","background-attachment":"scroll","background-type":"","background-media":"","overlay-type":"","overlay-color":"","overlay-opacity":"","overlay-gradient":""}},"ast-content-background-meta":{"desktop":{"background-color":"var(--ast-global-color-5)","background-image":"","background-repeat":"repeat","background-position":"center center","background-size":"auto","background-attachment":"scroll","background-type":"","background-media":"","overlay-type":"","overlay-color":"","overlay-opacity":"","overlay-gradient":""},"tablet":{"background-color":"var(--ast-global-color-5)","background-image":"","background-repeat":"repeat","background-position":"center center","background-size":"auto","background-attachment":"scroll","background-type":"","background-media":"","overlay-type":"","overlay-color":"","overlay-opacity":"","overlay-gradient":""},"mobile":{"background-color":"var(--ast-global-color-5)","background-image":"","background-repeat":"repeat","background-position":"center center","background-size":"auto","background-attachment":"scroll","background-type":"","background-media":"","overlay-type":"","overlay-color":"","overlay-opacity":"","overlay-gradient":""}},"footnotes":""},"class_list":["post-13674","page","type-page","status-publish","hentry"],"uagb_featured_image_src":{"full":false,"thumbnail":false,"medium":false,"medium_large":false,"large":false,"1536x1536":false,"2048x2048":false,"woocommerce_thumbnail":false,"woocommerce_single":false,"woocommerce_gallery_thumbnail":false},"uagb_author_info":{"display_name":"Site Manager","author_link":"https:\/\/alterlock.net\/es\/author\/siteadmin"},"uagb_comment_info":0,"uagb_excerpt":"La transmisi\u00f3n peri\u00f3dica es una funci\u00f3n que han solicitado muchos usuarios para mejorar la seguridad de los dispositivos AlterLock. Escenarios de uso de la transmisi\u00f3n peri\u00f3dica Se suponen los siguientes escenarios de uso. Comportamiento de la transmisi\u00f3n peri\u00f3dica Intervalo de transmisi\u00f3n peri\u00f3dica El intervalo de las transmisiones peri\u00f3dicas puede fijarse entre 30 y 360 minutos&hellip;","_links":{"self":[{"href":"https:\/\/alterlock.net\/es\/wp-json\/wp\/v2\/pages\/13674","targetHints":{"allow":["GET"]}}],"collection":[{"href":"https:\/\/alterlock.net\/es\/wp-json\/wp\/v2\/pages"}],"about":[{"href":"https:\/\/alterlock.net\/es\/wp-json\/wp\/v2\/types\/page"}],"author":[{"embeddable":true,"href":"https:\/\/alterlock.net\/es\/wp-json\/wp\/v2\/users\/1"}],"replies":[{"embeddable":true,"href":"https:\/\/alterlock.net\/es\/wp-json\/wp\/v2\/comments?post=13674"}],"version-history":[{"count":11,"href":"https:\/\/alterlock.net\/es\/wp-json\/wp\/v2\/pages\/13674\/revisions"}],"predecessor-version":[{"id":26314,"href":"https:\/\/alterlock.net\/es\/wp-json\/wp\/v2\/pages\/13674\/revisions\/26314"}],"up":[{"embeddable":true,"href":"https:\/\/alterlock.net\/es\/wp-json\/wp\/v2\/pages\/14644"}],"wp:attachment":[{"href":"https:\/\/alterlock.net\/es\/wp-json\/wp\/v2\/media?parent=13674"}],"curies":[{"name":"wp","href":"https:\/\/api.w.org\/{rel}","templated":true}]}}