{"id":14636,"date":"2022-09-09T09:15:56","date_gmt":"2022-09-09T09:15:56","guid":{"rendered":"https:\/\/alterlock.net\/ajustes-del-dispositivo\/"},"modified":"2025-01-09T02:31:41","modified_gmt":"2025-01-09T02:31:41","slug":"device-settings","status":"publish","type":"page","link":"https:\/\/alterlock.net\/es\/user-manual\/alterlock-gen2\/device-settings","title":{"rendered":"Advanced Settings"},"content":{"rendered":"\n<div class=\"wp-block-cover alignfull is-light has-custom-content-position is-position-bottom-center page-title-cover\" style=\"min-height:320px;aspect-ratio:unset;\"><span aria-hidden=\"true\" class=\"wp-block-cover__background has-background-dim-100 has-background-dim has-background-gradient\" style=\"background:linear-gradient(135deg,rgb(1,160,196) 17%,rgb(1,67,153) 67%)\"><\/span><div class=\"wp-block-cover__inner-container is-layout-flow wp-block-cover-is-layout-flow\">\n<h1 class=\"wp-block-heading has-text-align-left has-ast-global-color-6-color has-text-color\">Advanced Settings<\/h1>\n\n\n\n<p class=\"has-ast-global-color-6-color has-text-color\">M\u00e1s informaci\u00f3n sobre la configuraci\u00f3n del dispositivo para AlterLock Gen2<\/p>\n<\/div><\/div>\n\n<div class=\"wp-block-group alignfull is-layout-constrained wp-container-core-group-is-layout-7bec18b8 wp-block-group-is-layout-constrained\">\t\t\t\t<div class=\"wp-block-uagb-table-of-contents uagb-toc__align-left uagb-toc__columns-2  uagb-block-6b80c669      \"\n\t\t\t\t\tdata-scroll= \"1\"\n\t\t\t\t\tdata-offset= \"80\"\n\t\t\t\t\tstyle=\"\"\n\t\t\t\t>\n\t\t\t\t<div class=\"uagb-toc__wrap\">\n\t\t\t\t\t\t<div class=\"uagb-toc__title\">\n\t\t\t\t\t\t\tTable of Contents\t\t\t\t\t\t<\/div>\n\t\t\t\t\t\t\t\t\t\t\t\t\t\t\t\t\t\t\t\t\t\t<div class=\"uagb-toc__list-wrap \">\n\t\t\t\t\t\t<ol class=\"uagb-toc__list\"><li class=\"uagb-toc__list\"><a href=\"#alarma\" class=\"uagb-toc-link__trigger\">Alarma<\/a><li class=\"uagb-toc__list\"><a href=\"#tono-de-aviso-inicial\" class=\"uagb-toc-link__trigger\">Tono de aviso inicial<\/a><li class=\"uagb-toc__list\"><a href=\"#duraci\u00f3n-de-la-alarma\" class=\"uagb-toc-link__trigger\">Duraci\u00f3n de la alarma<\/a><li class=\"uagb-toc__list\"><a href=\"#l\u00edmite-de-alarma\" class=\"uagb-toc-link__trigger\">L\u00edmite de alarma<\/a><li class=\"uagb-toc__list\"><a href=\"#alarma-apagada-autom\u00e1ticamente\" class=\"uagb-toc-link__trigger\">Alarma apagada autom\u00e1ticamente<\/a><li class=\"uagb-toc__list\"><a href=\"#intervalo-de-transmisi\u00f3n-peri\u00f3dica\" class=\"uagb-toc-link__trigger\">Intervalo de transmisi\u00f3n peri\u00f3dica<\/a><li class=\"uagb-toc__list\"><a href=\"#notificaci\u00f3n-de-bater\u00eda-baja\" class=\"uagb-toc-link__trigger\">Notificaci\u00f3n de bater\u00eda baja<\/a><li class=\"uagb-toc__list\"><a href=\"#sonido-del-sistema\" class=\"uagb-toc-link__trigger\">Sonido del sistema<\/a><li class=\"uagb-toc__list\"><a href=\"#rango-de-funcionamiento-de-los-botones\" class=\"uagb-toc-link__trigger\">Rango de funcionamiento de los botones<\/a><li class=\"uagb-toc__list\"><a href=\"#dispositivo-de-liberaci\u00f3n\" class=\"uagb-toc-link__trigger\">Dispositivo de liberaci\u00f3n<\/a><li class=\"uagb-toc__list\"><a href=\"#informaci\u00f3n-sobre-el-dispositivo\" class=\"uagb-toc-link__trigger\">Informaci\u00f3n sobre el dispositivo<\/a><\/ol>\t\t\t\t\t<\/div>\n\t\t\t\t\t\t\t\t\t<\/div>\n\t\t\t\t<\/div>\n\t\t\t\n\n\n<h2 class=\"wp-block-heading\" id=\"alarm-1\">Alarma<\/h2>\n\n\n\n<p>Puedes configurar si el dispositivo AlterLock emitir\u00e1 o no una alarma cuando detecte movimiento.<br\/>La configuraci\u00f3n de la alarma est\u00e1 vinculada a la configuraci\u00f3n del primer sonido de aviso.<\/p>\n\n\n\n<p>Si se encuentra en una zona en la que no desea que suene la alarma, se recomienda apagarla. Desactivar la alarma no afecta a las notificaciones de anomal\u00edas, al seguimiento ni a otras funciones.<br\/>*Si s\u00f3lo quieres desactivar las notificaciones, ve a la pesta\u00f1a <strong>Control<\/strong> de la pantalla principal y desactiva <strong>Notificaci\u00f3n<\/strong>.<\/p>\n\n\n\n<h2 class=\"wp-block-heading\" id=\"initial-warning-tone-2\">Tono de aviso inicial<\/h2>\n\n\n\n<p>Puedes configurar si se emite o no un tono de aviso de volumen bajo en la primera detecci\u00f3n de una anomal\u00eda tras un estado de bloqueo.<br\/>Si lo desactivas, se emitir\u00e1 un sonido de alarma de volumen m\u00e1ximo la primera vez.<\/p>\n\n\n\n<p>Se recomienda encenderlo en las zonas en las que es probable que se produzcan choques por factores distintos al robo y en las que no se desea que suene una alarma fuerte.<\/p>\n\n\n\n<h2 class=\"wp-block-heading\" id=\"alarm-duration-3\">Duraci\u00f3n de la alarma<\/h2>\n\n\n\n<p>La duraci\u00f3n del sonido de la alarma del propio dispositivo AlterLock se puede ajustar entre 5 segundos y 60 segundos en incrementos de 5 segundos.<\/p>\n\n\n\n<h2 class=\"wp-block-heading\" id=\"alarm-limit-4\">L\u00edmite de alarma<\/h2>\n\n\n\n<p>Es posible ajustar el n\u00famero de veces que sonar\u00e1 la alarma tras alcanzar el estado de bloqueo, hasta la primera detecci\u00f3n de un error.<br\/>Si se ajusta a 1-3 veces, la alarma no sonar\u00e1 y s\u00f3lo sonar\u00e1 la funci\u00f3n de seguimiento tras ese n\u00famero de veces.<br\/>Si se ajusta a ilimitado, sonar\u00e1 una alarma cada vez que se produzca una detecci\u00f3n.<\/p>\n\n\n\n<p>Si quieres priorizar la posibilidad de poder rastrear el dispositivo en caso de que se lo lleven, config\u00faralo entre 1 y 3 veces. Si lo pones en ilimitado, la alarma sonar\u00e1 cada vez y el tiempo de funcionamiento se reducir\u00e1.<\/p>\n\n\n\n<h2 class=\"wp-block-heading\" id=\"alarm-off-automatically-5\">Alarma apagada autom\u00e1ticamente<\/h2>\n\n\n\n<p>Si est\u00e1 activada, la alarma se apagar\u00e1 autom\u00e1ticamente cuando la bater\u00eda del tel\u00e9fono caiga por debajo del 10%. Adem\u00e1s, la alarma volver\u00e1 a \u00abActivarse autom\u00e1ticamente cuando la bater\u00eda del smartphone alcance el 50% o m\u00e1s\u00bb.<\/p>\n\n\n\n<p>Si la bater\u00eda de su smartphone est\u00e1 agotada, no podr\u00e1 operar el estado de bloqueo, por lo que se recomienda dejarlo encendido.<br\/>*Si has apagado manualmente la alarma, no se encender\u00e1 autom\u00e1ticamente.<br\/>*Esta funci\u00f3n s\u00f3lo funciona durante la conexi\u00f3n Bluetooth.<\/p>\n\n\n\n<h2 class=\"wp-block-heading\" id=\"periodic-transmission-interval-6\">Intervalo de transmisi\u00f3n peri\u00f3dica<\/h2>\n\n\n\n<p>Establezca el intervalo de activaci\u00f3n de las transmisiones peri\u00f3dicas en la pantalla principal.<\/p>\n\n\n\n<p>Las transmisiones peri\u00f3dicas no deben estar encendidas todo el tiempo, ya que esto consumir\u00e1 m\u00e1s bater\u00eda y reducir\u00e1 el tiempo de funcionamiento.<br\/>Si el aparato va a estar encendido durante un periodo de tiempo m\u00e1s largo, se recomienda ajustarlo a 180 minutos o m\u00e1s para prolongar el tiempo de funcionamiento del aparato.<\/p>\n\n\n\n<h2 class=\"wp-block-heading\" id=\"low-battery-notification-7\">Notificaci\u00f3n de bater\u00eda baja<\/h2>\n\n\n\n<p>Su smartphone recibir\u00e1 una notificaci\u00f3n cuando la bater\u00eda de su dispositivo AlterLock est\u00e9 baja.<\/p>\n\n\n\n<p>*Las notificaciones s\u00f3lo est\u00e1n disponibles durante la conexi\u00f3n Bluetooth.<\/p>\n\n\n\n<h2 class=\"wp-block-heading\" id=\"system-sound-8\">Sonido del sistema<\/h2>\n\n\n\n<p>Puede activar y desactivar el sonido del sistema al bloquear y desbloquear. El sonido del sistema se reproducir\u00e1 una vez cuando se bloquee y dos veces cuando se desbloquee.<\/p>\n\n\n\n<p>*Independientemente de este ajuste, el sonido del sistema se reproducir\u00e1 cuando el dispositivo AlterLock se bloquee y desbloquee mediante los botones.<\/p>\n\n\n\n<h2 class=\"wp-block-heading\" id=\"button-operating-range-9\">Rango de funcionamiento de los botones<\/h2>\n\n\n\n<p>Reajusta el alcance operativo del bot\u00f3n del dispositivo AlterLock para bloquear y desbloquear.<br\/>Toca <strong>Ajustar<\/strong>, luego coloca el smartphone y el dispositivo AlterLock a 1-2 metros de distancia y toca <strong>Aceptar<\/strong>.<\/p>\n\n\n\n<p>*El bloqueo\/desbloqueo mediante el bot\u00f3n del dispositivo AlterLock funcionar\u00e1 cuando exista una conexi\u00f3n Bluetooth con el smartphone y la intensidad de la se\u00f1al est\u00e9 por encima del valor establecido.<br\/>La intensidad de la se\u00f1al Bluetooth variar\u00e1 en funci\u00f3n de las condiciones, como en interiores o exteriores. Por favor, ajusta la intensidad de la se\u00f1al en tu entorno real para comprobarlo.<br\/>Si deseas desactivar esta funci\u00f3n, ajusta el dispositivo AlterLock en contacto con \u00e9l para minimizar el alcance del bot\u00f3n. <\/p>\n\n\n\n<h2 class=\"wp-block-heading\" id=\"release-device-10\">Dispositivo de liberaci\u00f3n<\/h2>\n\n\n\n<p>Es posible liberar el dispositivo AlterLock registrado en tu smartphone.<br\/>El dispositivo liberado se puede volver a utilizar realizando la operaci\u00f3n de registro.<\/p>\n\n\n\n<p>*Si la conexi\u00f3n con el dispositivo AlterLock est\u00e1 desactivada, puedes <strong>Forzar<\/strong> la Liberaci\u00f3n.<br\/>Dado que el dispositivo puede comportarse de forma inesperada si lo fuerzas, no lo hagas normalmente.<\/p>\n\n\n\n<h2 class=\"wp-block-heading\" id=\"device-information-11\">Informaci\u00f3n sobre el dispositivo<\/h2>\n\n\n\n<p>Se mostrar\u00e1 el ID del dispositivo y la versi\u00f3n del firmware.<\/p>\n\n\n\n<p>Es posible actualizar el firmware a la \u00faltima versi\u00f3n o reinstalar el firmware.<br\/>Actualizar o reinstalar el firmware no restablece los ajustes.<br\/>Actualizar el firmware llevar\u00e1 aproximadamente un minuto en iOS y unos dos minutos en Android.<\/p>\n\n\n\n<p>*Aseg\u00farate de realizar la actualizaci\u00f3n del firmware con alimentaci\u00f3n USB y con el LED encendido en rojo o azul.<br\/>Si falla la actualizaci\u00f3n del firmware y no puedes volver a conectarte, mant\u00e9n pulsado el bot\u00f3n del dispositivo AlterLock durante al menos 10 segundos y vuelve a intentarlo.<\/p>\n<\/div>\n","protected":false},"excerpt":{"rendered":"<p>Alarma Puedes configurar si el dispositivo AlterLock emitir\u00e1 o no una alarma cuando detecte movimiento.La configuraci\u00f3n de la alarma est\u00e1 vinculada a la configuraci\u00f3n del primer sonido de aviso. Si se encuentra en una zona en la que no desea que suene la alarma, se recomienda apagarla. Desactivar la alarma no afecta a las notificaciones [&hellip;]<\/p>\n","protected":false},"author":1,"featured_media":0,"parent":14644,"menu_order":0,"comment_status":"closed","ping_status":"closed","template":"","meta":{"_seopress_robots_primary_cat":"","_seopress_titles_title":"","_seopress_titles_desc":"","_seopress_robots_index":"","_uag_custom_page_level_css":"","site-sidebar-layout":"default","site-content-layout":"","ast-site-content-layout":"default","site-content-style":"default","site-sidebar-style":"default","ast-global-header-display":"","ast-banner-title-visibility":"","ast-main-header-display":"","ast-hfb-above-header-display":"","ast-hfb-below-header-display":"","ast-hfb-mobile-header-display":"","site-post-title":"disabled","ast-breadcrumbs-content":"","ast-featured-img":"","footer-sml-layout":"","ast-disable-related-posts":"","theme-transparent-header-meta":"","adv-header-id-meta":"","stick-header-meta":"","header-above-stick-meta":"","header-main-stick-meta":"","header-below-stick-meta":"","astra-migrate-meta-layouts":"default","ast-page-background-enabled":"default","ast-page-background-meta":{"desktop":{"background-color":"var(--ast-global-color-4)","background-image":"","background-repeat":"repeat","background-position":"center center","background-size":"auto","background-attachment":"scroll","background-type":"","background-media":"","overlay-type":"","overlay-color":"","overlay-opacity":"","overlay-gradient":""},"tablet":{"background-color":"","background-image":"","background-repeat":"repeat","background-position":"center center","background-size":"auto","background-attachment":"scroll","background-type":"","background-media":"","overlay-type":"","overlay-color":"","overlay-opacity":"","overlay-gradient":""},"mobile":{"background-color":"","background-image":"","background-repeat":"repeat","background-position":"center center","background-size":"auto","background-attachment":"scroll","background-type":"","background-media":"","overlay-type":"","overlay-color":"","overlay-opacity":"","overlay-gradient":""}},"ast-content-background-meta":{"desktop":{"background-color":"var(--ast-global-color-5)","background-image":"","background-repeat":"repeat","background-position":"center center","background-size":"auto","background-attachment":"scroll","background-type":"","background-media":"","overlay-type":"","overlay-color":"","overlay-opacity":"","overlay-gradient":""},"tablet":{"background-color":"var(--ast-global-color-5)","background-image":"","background-repeat":"repeat","background-position":"center center","background-size":"auto","background-attachment":"scroll","background-type":"","background-media":"","overlay-type":"","overlay-color":"","overlay-opacity":"","overlay-gradient":""},"mobile":{"background-color":"var(--ast-global-color-5)","background-image":"","background-repeat":"repeat","background-position":"center center","background-size":"auto","background-attachment":"scroll","background-type":"","background-media":"","overlay-type":"","overlay-color":"","overlay-opacity":"","overlay-gradient":""}},"footnotes":""},"class_list":["post-14636","page","type-page","status-publish","hentry"],"uagb_featured_image_src":{"full":false,"thumbnail":false,"medium":false,"medium_large":false,"large":false,"1536x1536":false,"2048x2048":false,"woocommerce_thumbnail":false,"woocommerce_single":false,"woocommerce_gallery_thumbnail":false},"uagb_author_info":{"display_name":"Site Manager","author_link":"https:\/\/alterlock.net\/es\/author\/siteadmin"},"uagb_comment_info":0,"uagb_excerpt":"Alarma Puedes configurar si el dispositivo AlterLock emitir\u00e1 o no una alarma cuando detecte movimiento.La configuraci\u00f3n de la alarma est\u00e1 vinculada a la configuraci\u00f3n del primer sonido de aviso. Si se encuentra en una zona en la que no desea que suene la alarma, se recomienda apagarla. Desactivar la alarma no afecta a las notificaciones&hellip;","_links":{"self":[{"href":"https:\/\/alterlock.net\/es\/wp-json\/wp\/v2\/pages\/14636","targetHints":{"allow":["GET"]}}],"collection":[{"href":"https:\/\/alterlock.net\/es\/wp-json\/wp\/v2\/pages"}],"about":[{"href":"https:\/\/alterlock.net\/es\/wp-json\/wp\/v2\/types\/page"}],"author":[{"embeddable":true,"href":"https:\/\/alterlock.net\/es\/wp-json\/wp\/v2\/users\/1"}],"replies":[{"embeddable":true,"href":"https:\/\/alterlock.net\/es\/wp-json\/wp\/v2\/comments?post=14636"}],"version-history":[{"count":7,"href":"https:\/\/alterlock.net\/es\/wp-json\/wp\/v2\/pages\/14636\/revisions"}],"predecessor-version":[{"id":26303,"href":"https:\/\/alterlock.net\/es\/wp-json\/wp\/v2\/pages\/14636\/revisions\/26303"}],"up":[{"embeddable":true,"href":"https:\/\/alterlock.net\/es\/wp-json\/wp\/v2\/pages\/14644"}],"wp:attachment":[{"href":"https:\/\/alterlock.net\/es\/wp-json\/wp\/v2\/media?parent=14636"}],"curies":[{"name":"wp","href":"https:\/\/api.w.org\/{rel}","templated":true}]}}