{"id":16371,"date":"2022-11-18T07:24:11","date_gmt":"2022-11-18T07:24:11","guid":{"rendered":"https:\/\/alterlock.net\/politica-de-envios\/"},"modified":"2025-01-09T02:25:33","modified_gmt":"2025-01-09T02:25:33","slug":"shipping-policy","status":"publish","type":"page","link":"https:\/\/alterlock.net\/es\/shipping-policy","title":{"rendered":"Shipping policy"},"content":{"rendered":"\n<div class=\"wp-block-cover alignfull is-light has-custom-content-position is-position-bottom-center page-title-cover\" style=\"min-height:320px;aspect-ratio:unset;\"><span aria-hidden=\"true\" class=\"wp-block-cover__background has-background-dim-100 has-background-dim has-background-gradient\" style=\"background:linear-gradient(135deg,rgb(1,160,196) 17%,rgb(1,67,153) 67%)\"><\/span><div class=\"wp-block-cover__inner-container is-layout-flow wp-block-cover-is-layout-flow\">\n<h1 class=\"wp-block-heading has-text-align-left has-ast-global-color-6-color has-text-color\">Shipping policy<\/h1>\n\n\n\n<p class=\"has-ast-global-color-6-color has-text-color\"><\/p>\n<\/div><\/div>\n\n<div class=\"wp-block-group alignfull is-layout-constrained wp-container-core-group-is-layout-7bec18b8 wp-block-group-is-layout-constrained\">\t\t\t\t<div class=\"wp-block-uagb-table-of-contents uagb-toc__align-left uagb-toc__columns-2  uagb-block-6b80c669      \"\n\t\t\t\t\tdata-scroll= \"1\"\n\t\t\t\t\tdata-offset= \"80\"\n\t\t\t\t\tstyle=\"\"\n\t\t\t\t>\n\t\t\t\t<div class=\"uagb-toc__wrap\">\n\t\t\t\t\t\t<div class=\"uagb-toc__title\">\n\t\t\t\t\t\t\tTable of Contents\t\t\t\t\t\t<\/div>\n\t\t\t\t\t\t\t\t\t\t\t\t\t\t\t\t\t\t\t\t\t\t<div class=\"uagb-toc__list-wrap \">\n\t\t\t\t\t\t<ol class=\"uagb-toc__list\"><li class=\"uagb-toc__list\"><a href=\"#gastos-de-env\u00edo\" class=\"uagb-toc-link__trigger\">Gastos de env\u00edo<\/a><li class=\"uagb-toc__list\"><a href=\"#m\u00e9todo-de-env\u00edo\" class=\"uagb-toc-link__trigger\">M\u00e9todo de env\u00edo<\/a><li class=\"uagb-toc__list\"><a href=\"#n\u00famero-de-d\u00edas-para-el-env\u00edo\" class=\"uagb-toc-link__trigger\">N\u00famero de d\u00edas para el env\u00edo<\/a><li class=\"uagb-toc__list\"><a href=\"#especificaci\u00f3n-de-fecha-y-hora\" class=\"uagb-toc-link__trigger\">Especificaci\u00f3n de fecha y hora<\/a><li class=\"uagb-toc__list\"><a href=\"#notas\" class=\"uagb-toc-link__trigger\">Notas.<\/a><\/ol>\t\t\t\t\t<\/div>\n\t\t\t\t\t\t\t\t\t<\/div>\n\t\t\t\t<\/div>\n\t\t\t\n\n\n<h3 class=\"wp-block-heading\" id=\"article-1-consent-to-alterlock-terms-of-service-3\">Gastos de env\u00edo<\/h3>\n\n\n\n<p>Gratuito *Algunos productos est\u00e1n excluidos.<\/p>\n\n\n\n<h3 class=\"wp-block-heading\" id=\"article-2-use-of-the-services-4\">M\u00e9todo de env\u00edo<\/h3>\n\n\n\n<figure class=\"wp-block-table aligncenter no-vertical-line\"><table><thead><tr><th class=\"has-text-align-center\" data-align=\"center\">Pa\u00eds<\/th><th class=\"has-text-align-center\" data-align=\"center\"><strong>Empresa de transporte<\/strong><\/th><\/tr><\/thead><tbody><tr><td class=\"has-text-align-center\" data-align=\"center\">Jap\u00f3n<\/td><td class=\"has-text-align-center\" data-align=\"center\">Japan Post, Sagawa Express, Yamato Transport<\/td><\/tr><tr><td class=\"has-text-align-center\" data-align=\"center\">Reino Unido<\/td><td class=\"has-text-align-center\" data-align=\"center\">Servicios Multicanal de Amazon (MCF)<\/td><\/tr><tr><td class=\"has-text-align-center\" data-align=\"center\">Pa\u00edses de la UE<\/td><td class=\"has-text-align-center\" data-align=\"center\">Servicios Multicanal de Amazon (MCF)<\/td><\/tr><\/tbody><\/table><\/figure>\n\n\n\n<p>*No se puede especificar la empresa de entrega.<\/p>\n\n\n\n<h3 class=\"wp-block-heading\" id=\"article-3-use-of-the-services-by-minors-5\">N\u00famero de d\u00edas para el env\u00edo<\/h3>\n\n\n\n<figure class=\"wp-block-table aligncenter no-vertical-line\"><table><thead><tr><th class=\"has-text-align-center\" data-align=\"center\">Pa\u00eds<\/th><th class=\"has-text-align-center\" data-align=\"center\"><strong>Empresa de transporte<\/strong><\/th><\/tr><\/thead><tbody><tr><td class=\"has-text-align-center\" data-align=\"center\">Jap\u00f3n<\/td><td class=\"has-text-align-center\" data-align=\"center\">Env\u00edo en un plazo de 2 a 3 d\u00edas laborables una vez completado el pago.<\/td><\/tr><tr><td class=\"has-text-align-center\" data-align=\"center\">Reino Unido<\/td><td class=\"has-text-align-center\" data-align=\"center\">Env\u00edo en un plazo de 2 a 3 d\u00edas laborables una vez completado el pago.<\/td><\/tr><tr><td class=\"has-text-align-center\" data-align=\"center\">Pa\u00edses de la UE<\/td><td class=\"has-text-align-center\" data-align=\"center\">Env\u00edo en un plazo de 2 a 3 d\u00edas laborables una vez completado el pago.<\/td><\/tr><\/tbody><\/table><\/figure>\n\n\n\n<p>*Esto no se aplica a los art\u00edculos de pre-pedido y a los art\u00edculos en espera de env\u00edo. Consulte la p\u00e1gina del producto para conocer la fecha de inicio del env\u00edo.<\/p>\n\n\n\n<h3 class=\"wp-block-heading\" id=\"article-4-account-6\">Especificaci\u00f3n de fecha y hora<\/h3>\n\n\n\n<p>No se puede especificar la fecha y la hora de entrega.<\/p>\n\n\n\n<h3 class=\"wp-block-heading\" id=\"article-5-error-or-inaccuracy-33\">Notas.<\/h3>\n\n\n\n<ul class=\"wp-block-list\">\n<li>La entrega puede retrasarse debido al tr\u00e1fico y a las condiciones meteorol\u00f3gicas.<\/li>\n\n\n\n<li>Tenga en cuenta que no se pueden realizar cambios una vez realizado el pedido.<\/li>\n\n\n\n<li>Si el paquete se devuelve debido a la conveniencia del cliente, como la ausencia prolongada o la negativa a recibir el paquete, el cliente puede tener que pagar los gastos de env\u00edo de la devoluci\u00f3n.<\/li>\n<\/ul>\n<\/div>\n","protected":false},"excerpt":{"rendered":"<p>Gastos de env\u00edo Gratuito *Algunos productos est\u00e1n excluidos. M\u00e9todo de env\u00edo Pa\u00eds Empresa de transporte Jap\u00f3n Japan Post, Sagawa Express, Yamato Transport Reino Unido Servicios Multicanal de Amazon (MCF) Pa\u00edses de la UE Servicios Multicanal de Amazon (MCF) *No se puede especificar la empresa de entrega. N\u00famero de d\u00edas para el env\u00edo Pa\u00eds Empresa de [&hellip;]<\/p>\n","protected":false},"author":1,"featured_media":0,"parent":0,"menu_order":0,"comment_status":"closed","ping_status":"closed","template":"","meta":{"_seopress_robots_primary_cat":"","_seopress_titles_title":"","_seopress_titles_desc":"","_seopress_robots_index":"","_uag_custom_page_level_css":"","site-sidebar-layout":"default","site-content-layout":"","ast-site-content-layout":"default","site-content-style":"default","site-sidebar-style":"default","ast-global-header-display":"","ast-banner-title-visibility":"","ast-main-header-display":"","ast-hfb-above-header-display":"","ast-hfb-below-header-display":"","ast-hfb-mobile-header-display":"","site-post-title":"disabled","ast-breadcrumbs-content":"","ast-featured-img":"","footer-sml-layout":"","ast-disable-related-posts":"","theme-transparent-header-meta":"","adv-header-id-meta":"","stick-header-meta":"","header-above-stick-meta":"","header-main-stick-meta":"","header-below-stick-meta":"","astra-migrate-meta-layouts":"default","ast-page-background-enabled":"default","ast-page-background-meta":{"desktop":{"background-color":"var(--ast-global-color-4)","background-image":"","background-repeat":"repeat","background-position":"center center","background-size":"auto","background-attachment":"scroll","background-type":"","background-media":"","overlay-type":"","overlay-color":"","overlay-opacity":"","overlay-gradient":""},"tablet":{"background-color":"","background-image":"","background-repeat":"repeat","background-position":"center center","background-size":"auto","background-attachment":"scroll","background-type":"","background-media":"","overlay-type":"","overlay-color":"","overlay-opacity":"","overlay-gradient":""},"mobile":{"background-color":"","background-image":"","background-repeat":"repeat","background-position":"center center","background-size":"auto","background-attachment":"scroll","background-type":"","background-media":"","overlay-type":"","overlay-color":"","overlay-opacity":"","overlay-gradient":""}},"ast-content-background-meta":{"desktop":{"background-color":"var(--ast-global-color-5)","background-image":"","background-repeat":"repeat","background-position":"center center","background-size":"auto","background-attachment":"scroll","background-type":"","background-media":"","overlay-type":"","overlay-color":"","overlay-opacity":"","overlay-gradient":""},"tablet":{"background-color":"var(--ast-global-color-5)","background-image":"","background-repeat":"repeat","background-position":"center center","background-size":"auto","background-attachment":"scroll","background-type":"","background-media":"","overlay-type":"","overlay-color":"","overlay-opacity":"","overlay-gradient":""},"mobile":{"background-color":"var(--ast-global-color-5)","background-image":"","background-repeat":"repeat","background-position":"center center","background-size":"auto","background-attachment":"scroll","background-type":"","background-media":"","overlay-type":"","overlay-color":"","overlay-opacity":"","overlay-gradient":""}},"footnotes":""},"class_list":["post-16371","page","type-page","status-publish","hentry"],"uagb_featured_image_src":{"full":false,"thumbnail":false,"medium":false,"medium_large":false,"large":false,"1536x1536":false,"2048x2048":false,"woocommerce_thumbnail":false,"woocommerce_single":false,"woocommerce_gallery_thumbnail":false},"uagb_author_info":{"display_name":"Site Manager","author_link":"https:\/\/alterlock.net\/es\/author\/siteadmin"},"uagb_comment_info":0,"uagb_excerpt":"Gastos de env\u00edo Gratuito *Algunos productos est\u00e1n excluidos. M\u00e9todo de env\u00edo Pa\u00eds Empresa de transporte Jap\u00f3n Japan Post, Sagawa Express, Yamato Transport Reino Unido Servicios Multicanal de Amazon (MCF) Pa\u00edses de la UE Servicios Multicanal de Amazon (MCF) *No se puede especificar la empresa de entrega. N\u00famero de d\u00edas para el env\u00edo Pa\u00eds Empresa de&hellip;","_links":{"self":[{"href":"https:\/\/alterlock.net\/es\/wp-json\/wp\/v2\/pages\/16371","targetHints":{"allow":["GET"]}}],"collection":[{"href":"https:\/\/alterlock.net\/es\/wp-json\/wp\/v2\/pages"}],"about":[{"href":"https:\/\/alterlock.net\/es\/wp-json\/wp\/v2\/types\/page"}],"author":[{"embeddable":true,"href":"https:\/\/alterlock.net\/es\/wp-json\/wp\/v2\/users\/1"}],"replies":[{"embeddable":true,"href":"https:\/\/alterlock.net\/es\/wp-json\/wp\/v2\/comments?post=16371"}],"version-history":[{"count":9,"href":"https:\/\/alterlock.net\/es\/wp-json\/wp\/v2\/pages\/16371\/revisions"}],"predecessor-version":[{"id":26194,"href":"https:\/\/alterlock.net\/es\/wp-json\/wp\/v2\/pages\/16371\/revisions\/26194"}],"wp:attachment":[{"href":"https:\/\/alterlock.net\/es\/wp-json\/wp\/v2\/media?parent=16371"}],"curies":[{"name":"wp","href":"https:\/\/api.w.org\/{rel}","templated":true}]}}