{"id":21444,"date":"2024-03-06T04:00:27","date_gmt":"2024-03-06T04:00:27","guid":{"rendered":"https:\/\/alterlock.net\/?page_id=21444"},"modified":"2025-01-09T02:31:53","modified_gmt":"2025-01-09T02:31:53","slug":"device-settings","status":"publish","type":"page","link":"https:\/\/alterlock.net\/es\/user-manual\/alterlock-gen3\/device-settings","title":{"rendered":"Advanced Settings"},"content":{"rendered":"\n<div class=\"wp-block-cover alignfull is-light has-custom-content-position is-position-bottom-center page-title-cover\" style=\"min-height:320px;aspect-ratio:unset;\"><span aria-hidden=\"true\" class=\"wp-block-cover__background has-background-dim-100 has-background-dim has-background-gradient\" style=\"background:linear-gradient(135deg,rgb(1,160,196) 17%,rgb(1,67,153) 67%)\"><\/span><div class=\"wp-block-cover__inner-container is-layout-flow wp-block-cover-is-layout-flow\">\n<h1 class=\"wp-block-heading has-text-align-left has-ast-global-color-6-color has-text-color\">Advanced Settings<\/h1>\n\n\n\n<p class=\"has-ast-global-color-6-color has-text-color\">M\u00e1s informaci\u00f3n sobre la configuraci\u00f3n avanzada de AlterLock Gen3.<\/p>\n<\/div><\/div>\n\n<div class=\"wp-block-group alignfull is-layout-constrained wp-container-core-group-is-layout-d3c951e3 wp-block-group-is-layout-constrained\">\t\t\t\t<div class=\"wp-block-uagb-table-of-contents uagb-toc__align-left uagb-toc__columns-2  uagb-block-6b80c669      \"\n\t\t\t\t\tdata-scroll= \"1\"\n\t\t\t\t\tdata-offset= \"80\"\n\t\t\t\t\tstyle=\"\"\n\t\t\t\t>\n\t\t\t\t<div class=\"uagb-toc__wrap\">\n\t\t\t\t\t\t<div class=\"uagb-toc__title\">\n\t\t\t\t\t\t\tTable of contents\t\t\t\t\t\t<\/div>\n\t\t\t\t\t\t\t\t\t\t\t\t\t\t\t\t\t\t\t\t\t\t<div class=\"uagb-toc__list-wrap \">\n\t\t\t\t\t\t<ol class=\"uagb-toc__list\"><li class=\"uagb-toc__list\"><a href=\"#alarma\" class=\"uagb-toc-link__trigger\">Alarma<\/a><ul class=\"uagb-toc__list\"><li class=\"uagb-toc__list\"><a href=\"#alarma\" class=\"uagb-toc-link__trigger\">Alarma<\/a><li class=\"uagb-toc__list\"><li class=\"uagb-toc__list\"><a href=\"#sonido-de-alarma\" class=\"uagb-toc-link__trigger\">Sonido de alarma<\/a><li class=\"uagb-toc__list\"><li class=\"uagb-toc__list\"><a href=\"#duraci\u00f3n-de-la-alarma\" class=\"uagb-toc-link__trigger\">Duraci\u00f3n de la alarma<\/a><li class=\"uagb-toc__list\"><li class=\"uagb-toc__list\"><a href=\"#l\u00edmite-de-alarma\" class=\"uagb-toc-link__trigger\">L\u00edmite de alarma<\/a><li class=\"uagb-toc__list\"><li class=\"uagb-toc__list\"><a href=\"#alarma-apagada-autom\u00e1ticamente\" class=\"uagb-toc-link__trigger\">Alarma apagada autom\u00e1ticamente<\/a><\/li><\/ul><\/li><li class=\"uagb-toc__list\"><a href=\"#comunicaci\u00f3n-m\u00f3vil\" class=\"uagb-toc-link__trigger\">Comunicaci\u00f3n m\u00f3vil<\/a><ul class=\"uagb-toc__list\"><li class=\"uagb-toc__list\"><a href=\"#intervalo-de-transmisi\u00f3n-peri\u00f3dica\" class=\"uagb-toc-link__trigger\">Intervalo de transmisi\u00f3n peri\u00f3dica<\/a><\/li><\/ul><\/li><\/ul><\/li><li class=\"uagb-toc__list\"><a href=\"#notificaciones-y-sonidos-del-sistema\" class=\"uagb-toc-link__trigger\">Notificaciones y sonidos del sistema<\/a><ul class=\"uagb-toc__list\"><li class=\"uagb-toc__list\"><a href=\"#notificaci\u00f3n-de-detecci\u00f3n\" class=\"uagb-toc-link__trigger\">Notificaci\u00f3n de detecci\u00f3n<\/a><li class=\"uagb-toc__list\"><li class=\"uagb-toc__list\"><a href=\"#notificaci\u00f3n-de-bater\u00eda-baja\" class=\"uagb-toc-link__trigger\">Notificaci\u00f3n de bater\u00eda baja<\/a><li class=\"uagb-toc__list\"><li class=\"uagb-toc__list\"><a href=\"#sonido-del-sistema\" class=\"uagb-toc-link__trigger\">Sonido del sistema<\/a><\/li><\/ul><\/li><\/ul><\/li><\/ul><\/li><li class=\"uagb-toc__list\"><a href=\"#detecci\u00f3n-de-colisiones\" class=\"uagb-toc-link__trigger\">Detecci\u00f3n de colisiones<\/a><ul class=\"uagb-toc__list\"><li class=\"uagb-toc__list\"><a href=\"#detecci\u00f3n-de-colisiones\" class=\"uagb-toc-link__trigger\">Detecci\u00f3n de colisiones<\/a><li class=\"uagb-toc__list\"><li class=\"uagb-toc__list\"><a href=\"#contacto-en-caso-de-emergencia\" class=\"uagb-toc-link__trigger\">Contacto en caso de emergencia<\/a><\/li><\/ul><\/li><\/ul><\/li><\/ul><\/li><\/ul><\/li><li class=\"uagb-toc__list\"><a href=\"#dispositivo\" class=\"uagb-toc-link__trigger\">Dispositivo<\/a><ul class=\"uagb-toc__list\"><li class=\"uagb-toc__list\"><a href=\"#informaci\u00f3n-sobre-el-dispositivo\" class=\"uagb-toc-link__trigger\">Informaci\u00f3n sobre el dispositivo<\/a><li class=\"uagb-toc__list\"><li class=\"uagb-toc__list\"><a href=\"#actualizaci\u00f3n-del-firmware\" class=\"uagb-toc-link__trigger\">Actualizaci\u00f3n del firmware<\/a><li class=\"uagb-toc__list\"><li class=\"uagb-toc__list\"><a href=\"#sensibilidad-de-los-botones\" class=\"uagb-toc-link__trigger\">Sensibilidad de los botones<\/a><li class=\"uagb-toc__list\"><li class=\"uagb-toc__list\"><a href=\"#bloqueo-autom\u00e1tico-sensibilidad\" class=\"uagb-toc-link__trigger\">Bloqueo autom\u00e1tico Sensibilidad<\/a><li class=\"uagb-toc__list\"><li class=\"uagb-toc__list\"><a href=\"#restablecer\" class=\"uagb-toc-link__trigger\">Restablecer<\/a><li class=\"uagb-toc__list\"><li class=\"uagb-toc__list\"><a href=\"#cierre\" class=\"uagb-toc-link__trigger\">Cierre<\/a><li class=\"uagb-toc__list\"><li class=\"uagb-toc__list\"><a href=\"#dispositivo-de-liberaci\u00f3n\" class=\"uagb-toc-link__trigger\">Dispositivo de liberaci\u00f3n<\/a><\/ul><\/ul><\/ul><\/ul><\/ul><\/ol>\t\t\t\t\t<\/div>\n\t\t\t\t\t\t\t\t\t<\/div>\n\t\t\t\t<\/div>\n\t\t\t\n\n\n<h2 class=\"wp-block-heading\" id=\"alarm-1\">Alarma<\/h2>\n\n\n\n<h4 class=\"wp-block-heading\">Alarma<\/h4>\n\n\n\n<p>Puedes configurar si el dispositivo AlterLock emitir\u00e1 o no una alarma cuando detecte movimiento.<br\/>Tambi\u00e9n puedes elegir utilizar un sonido de aviso a bajo volumen para la detecci\u00f3n inicial tras el bloqueo.<\/p>\n\n\n\n<figure class=\"wp-block-table no-vertical-line\"><table><tbody><tr><td>Primer aviso sonoro y alarma sonora<\/td><td>La primera detecci\u00f3n despu\u00e9s del bloqueo emitir\u00e1 un sonido de advertencia de 10 segundos, seguido de una fuerte alarma de la segunda detecci\u00f3n.<\/td><\/tr><tr><td>S\u00f3lo alarma sonora<\/td><td>A partir de la primera detecci\u00f3n suena una fuerte alarma sin sonido de aviso.<\/td><\/tr><tr><td>No hay aviso ni sonido de alarma.<\/td><td>No emite ninguna alarma en caso de detecci\u00f3n.\nSolo se realiza la notificaci\u00f3n a la aplicaci\u00f3n y el seguimiento de la ubicaci\u00f3n. <\/td><\/tr><\/tbody><\/table><\/figure>\n\n\n\n<h4 class=\"wp-block-heading\">Sonido de alarma<\/h4>\n\n\n\n<p>Tres tipos de patrones de alarma fuerte para elegir.<br\/>Para probar el sonido de la alarma, toca el bot\u00f3n <strong>Probar<\/strong>. El tono de alarma seleccionado sonar\u00e1 durante 5 segundos.<\/p>\n\n\n\n<h4 class=\"wp-block-heading\">Duraci\u00f3n de la alarma<\/h4>\n\n\n\n<p>El tiempo de sonido de la alarma puede ajustarse entre 5 y 60 segundos en intervalos de 5 segundos.<br\/>*A pesar de este ajuste, el tono de aviso inicial es siempre de 10 segundos por defecto.<\/p>\n\n\n\n<h4 class=\"wp-block-heading\">L\u00edmite de alarma<\/h4>\n\n\n\n<p>Si el n\u00famero de detecciones tras el bloqueo supera el n\u00famero de veces establecido, s\u00f3lo se realizar\u00e1 el seguimiento de la ubicaci\u00f3n sin que suene m\u00e1s una alarma.<br\/>Si se ajusta a entre 1 y 3 alarmas, el aparato s\u00f3lo realizar\u00e1 la funci\u00f3n de seguimiento de la ubicaci\u00f3n sin que suene una alarma cuando se supere el n\u00famero de veces establecido.<br\/>Si se ajusta a ilimitado, sonar\u00e1 una alarma cada vez que se realice una detecci\u00f3n.<br\/>*El n\u00famero de veces incluye el primer sonido de aviso.<\/p>\n\n\n\n<p>Por ejemplo, si el l\u00edmite de alarma est\u00e1 ajustado a tres alarmas, funciona de la siguiente manera<br\/>1\u00aa vez: sonido de aviso inicial, 2\u00aa vez: sonido de alarma, 3\u00aa vez: sonido de alarma, 4\u00aa vez y siguientes: s\u00f3lo seguimiento<\/p>\n\n\n\n<p>Las restricciones de las alarmas pueden aumentar la probabilidad de rastrear su veh\u00edculo sin que el autor se d\u00e9 cuenta en caso de robo.<\/p>\n\n\n\n<h4 class=\"wp-block-heading\">Alarma apagada autom\u00e1ticamente<\/h4>\n\n\n\n<p>Las alarmas se controlan en funci\u00f3n del nivel de bater\u00eda restante del smartphone.<br\/>Cuando est\u00e1 activada, funciona del siguiente modo:<\/p>\n\n\n\n<ul class=\"wp-block-list\">\n<li>Bater\u00eda por debajo del 10%: La alarma se apaga autom\u00e1ticamente<\/li>\n\n\n\n<li>Bater\u00eda superior al 50%: volver a los ajustes de alarma originales<\/li>\n<\/ul>\n\n\n\n<p>*Esta funci\u00f3n s\u00f3lo funciona cuando el dispositivo est\u00e1 conectado mediante Bluetooth.<\/p>\n\n\n\n<div class=\"wp-block-uagb-separator uagb-block-b79bcf82\"><div class=\"wp-block-uagb-separator__inner\" style=\"--my-background-image:\"><\/div><\/div>\n\n\n\n<h2 class=\"wp-block-heading\">Comunicaci\u00f3n m\u00f3vil<\/h2>\n\n\n\n<p>La funci\u00f3n de comunicaci\u00f3n m\u00f3vil se activa autom\u00e1ticamente cuando te das de alta en el servicio.<br\/>Recibe notificaciones y rastrea tu ubicaci\u00f3n fuera del alcance de Bluetooth mediante la comunicaci\u00f3n LTE-M \/ NB IoT.<br\/>*La comunicaci\u00f3n m\u00f3vil se activa registrando el dispositivo o cambi\u00e1ndolo a un estado bloqueado despu\u00e9s de darte de alta en el servicio.<\/p>\n\n\n\n<h4 class=\"wp-block-heading\" id=\"periodic-transmission-interval-6\">Intervalo de transmisi\u00f3n peri\u00f3dica<\/h4>\n\n\n\n<p>Transmite peri\u00f3dicamente informaci\u00f3n sobre la ubicaci\u00f3n del dispositivo mediante comunicaciones m\u00f3viles.<br\/>Los intervalos de comunicaci\u00f3n pueden seleccionarse entre 6, 12 y 24 horas.<br\/>*Alargando el intervalo de comunicaci\u00f3n aumenta el tiempo de funcionamiento del dispositivo.<\/p>\n\n\n\n<div class=\"wp-block-uagb-separator uagb-block-863fd6fc\"><div class=\"wp-block-uagb-separator__inner\" style=\"--my-background-image:\"><\/div><\/div>\n\n\n\n<h2 class=\"wp-block-heading\">Notificaciones y sonidos del sistema<\/h2>\n\n\n\n<h4 class=\"wp-block-heading\">Notificaci\u00f3n de detecci\u00f3n<\/h4>\n\n\n\n<p>Notifica a tu smartphone cuando el dispositivo detecte movimiento.<br\/>Se recomienda que est\u00e9 siempre encendido para que puedas ser informado inmediatamente en caso de robo u otras circunstancias inusuales.<\/p>\n\n\n\n<h4 class=\"wp-block-heading\" id=\"low-battery-notification-7\">Notificaci\u00f3n de bater\u00eda baja<\/h4>\n\n\n\n<p>Notifica al smartphone cuando la bater\u00eda del dispositivo se est\u00e1 agotando.<br\/>Esta funci\u00f3n funciona mientras el dispositivo est\u00e1 conectado mediante Bluetooth.<\/p>\n\n\n\n<h4 class=\"wp-block-heading\" id=\"system-sound-8\">Sonido del sistema<\/h4>\n\n\n\n<p>Se puede activar\/desactivar el sonido del sistema al bloquear\/desbloquear. El sistema emite un pitido al bloquear y dos al desbloquear.<\/p>\n\n\n\n<div class=\"wp-block-uagb-separator uagb-block-376245cc\"><div class=\"wp-block-uagb-separator__inner\" style=\"--my-background-image:\"><\/div><\/div>\n\n\n\n<h2 class=\"wp-block-heading\">Detecci\u00f3n de colisiones<\/h2>\n\n\n\n<h4 class=\"wp-block-heading\">Detecci\u00f3n de colisiones<\/h4>\n\n\n\n<p>Cuando est\u00e1 activada, la funci\u00f3n Detecci\u00f3n de colisi\u00f3n env\u00eda un mensaje corto con informaci\u00f3n sobre la ubicaci\u00f3n a un contacto de emergencia especificado cuando se detectan un impacto y una ca\u00edda significativos.<br\/>El contacto de emergencia debe configurarse previamente para que esta funci\u00f3n funcione correctamente.<\/p>\n\n\n\n<h4 class=\"wp-block-heading\">Contacto en caso de emergencia<\/h4>\n\n\n\n<p>Establece la informaci\u00f3n para el contacto de emergencia.<\/p>\n\n\n\n<ul class=\"wp-block-list\">\n<li>N\u00famero de tel\u00e9fono de contacto en caso de emergencia e informaci\u00f3n sobre el pa\u00eds<\/li>\n\n\n\n<li>Nombre que debe aparecer en los mensajes de contacto de emergencia<\/li>\n<\/ul>\n\n\n\n<div class=\"wp-block-uagb-separator uagb-block-29355f04\"><div class=\"wp-block-uagb-separator__inner\" style=\"--my-background-image:\"><\/div><\/div>\n\n\n\n<h2 class=\"wp-block-heading\">Dispositivo<\/h2>\n\n\n\n<h4 class=\"wp-block-heading\" id=\"device-information-11\">Informaci\u00f3n sobre el dispositivo<\/h4>\n\n\n\n<p>Puedes comprobar el ID del dispositivo y la versi\u00f3n del firmware.<br\/>El nombre del dispositivo registrado como dispositivo Bluetooth en el smartphone es &lt;AlterLock3-deviceID&gt;.<\/p>\n\n\n\n<h4 class=\"wp-block-heading\">Actualizaci\u00f3n del firmware<\/h4>\n\n\n\n<p>Es posible actualizar al firmware m\u00e1s reciente o reinstalar el firmware.<br\/>Los ajustes se mantienen aunque el firmware se actualice a la versi\u00f3n m\u00e1s reciente.<br\/>Actualizar el firmware lleva entre uno y dos minutos.<\/p>\n\n\n\n<h4 class=\"wp-block-heading\" id=\"button-operating-range-9\">Sensibilidad de los botones<\/h4>\n\n\n\n<p>Ajusta la sensibilidad de la acci\u00f3n de bloqueo\/desbloqueo mediante el bot\u00f3n f\u00edsico del dispositivo.<br\/>La sensibilidad se basa en la intensidad de la se\u00f1al Bluetooth entre el smartphone y el dispositivo.<\/p>\n\n\n\n<p>La intensidad de la se\u00f1al Bluetooth var\u00eda en funci\u00f3n del modelo de tel\u00e9fono inteligente y del entorno operativo.<br\/>La intensidad de la se\u00f1al se reduce cuando el tel\u00e9fono inteligente se coloca en un bolsillo.<br\/>Si el bot\u00f3n no responde bien en el entorno de uso real, ajustar el nivel de sensibilidad m\u00e1s bajo puede permitir que el dispositivo responda aunque la se\u00f1al Bluetooth del tel\u00e9fono inteligente sea d\u00e9bil.<br\/>Despu\u00e9s de cambiar los ajustes, compru\u00e9balo en el entorno operativo real.<\/p>\n\n\n\n<h4 class=\"wp-block-heading\">Bloqueo autom\u00e1tico Sensibilidad<\/h4>\n\n\n\n<p>Ajusta el alcance y la sensibilidad de la funci\u00f3n de bloqueo\/desbloqueo autom\u00e1tico.<br\/>La sensibilidad se basa en la intensidad de la se\u00f1al Bluetooth entre el smartphone y el dispositivo.<\/p>\n\n\n\n<p>Si el dispositivo se bloquea mientras conduces, ajustar el nivel de sensibilidad m\u00e1s bajo puede evitar que se active involuntariamente. Aunque lo configures al m\u00e1ximo, se bloquear\u00e1 cuando se desconecte el Bluetooth.<\/p>\n\n\n\n<h4 class=\"wp-block-heading\">Restablecer<\/h4>\n\n\n\n<p>Restablece todos los ajustes del dispositivo a sus valores por defecto. Se mantiene la conexi\u00f3n con el dispositivo.<\/p>\n\n\n\n<h4 class=\"wp-block-heading\">Cierre<\/h4>\n\n\n\n<p>Apaga el dispositivo. Para encender el aparato, mant\u00e9n pulsado el bot\u00f3n del lateral del aparato durante 3 segundos.<br\/>Por motivos de seguridad, no se puede apagar el aparato accionando el bot\u00f3n de la unidad principal. Por favor, apague a trav\u00e9s de la aplicaci\u00f3n.<\/p>\n\n\n\n<h4 class=\"wp-block-heading\" id=\"release-device-10\">Dispositivo de liberaci\u00f3n<\/h4>\n\n\n\n<p>Anula el registro de los dispositivos AlterLock registrados en tu smartphone.<br\/>Los dispositivos se pueden volver a registrar y utilizar en el mismo smartphone o en otro.<\/p>\n\n\n\n<p>Para iPhones, despu\u00e9s de desactivar el dispositivo, por favor, desactive tambi\u00e9n el emparejamiento con AlterLock desde los ajustes de Bluetooth en iOS.<\/p>\n\n\n\n<p>Si la conexi\u00f3n Bluetooth con el dispositivo AlterLock ya no est\u00e1 disponible, se puede desconectar a la fuerza.<br\/>Para volver a registrar un dispositivo que se ha desactivado a la fuerza, realiza un <a href=\"https:\/\/alterlock.net\/es\/user-manual\/alterlock-gen3#factory-reset\" data-type=\"page\" data-id=\"19523\">restablecimiento de f\u00e1brica<\/a>.<\/p>\n<\/div>\n","protected":false},"excerpt":{"rendered":"<p>Alarma Alarma Puedes configurar si el dispositivo AlterLock emitir\u00e1 o no una alarma cuando detecte movimiento.Tambi\u00e9n puedes elegir utilizar un sonido de aviso a bajo volumen para la detecci\u00f3n inicial tras el bloqueo. Primer aviso sonoro y alarma sonora La primera detecci\u00f3n despu\u00e9s del bloqueo emitir\u00e1 un sonido de advertencia de 10 segundos, seguido de [&hellip;]<\/p>\n","protected":false},"author":1,"featured_media":702,"parent":21434,"menu_order":0,"comment_status":"closed","ping_status":"closed","template":"","meta":{"_seopress_robots_primary_cat":"","_seopress_titles_title":"","_seopress_titles_desc":"","_seopress_robots_index":"","_uag_custom_page_level_css":"","site-sidebar-layout":"default","site-content-layout":"","ast-site-content-layout":"default","site-content-style":"default","site-sidebar-style":"default","ast-global-header-display":"","ast-banner-title-visibility":"","ast-main-header-display":"","ast-hfb-above-header-display":"","ast-hfb-below-header-display":"","ast-hfb-mobile-header-display":"","site-post-title":"disabled","ast-breadcrumbs-content":"","ast-featured-img":"","footer-sml-layout":"","ast-disable-related-posts":"","theme-transparent-header-meta":"","adv-header-id-meta":"","stick-header-meta":"","header-above-stick-meta":"","header-main-stick-meta":"","header-below-stick-meta":"","astra-migrate-meta-layouts":"default","ast-page-background-enabled":"default","ast-page-background-meta":{"desktop":{"background-color":"var(--ast-global-color-4)","background-image":"","background-repeat":"repeat","background-position":"center center","background-size":"auto","background-attachment":"scroll","background-type":"","background-media":"","overlay-type":"","overlay-color":"","overlay-opacity":"","overlay-gradient":""},"tablet":{"background-color":"","background-image":"","background-repeat":"repeat","background-position":"center center","background-size":"auto","background-attachment":"scroll","background-type":"","background-media":"","overlay-type":"","overlay-color":"","overlay-opacity":"","overlay-gradient":""},"mobile":{"background-color":"","background-image":"","background-repeat":"repeat","background-position":"center center","background-size":"auto","background-attachment":"scroll","background-type":"","background-media":"","overlay-type":"","overlay-color":"","overlay-opacity":"","overlay-gradient":""}},"ast-content-background-meta":{"desktop":{"background-color":"var(--ast-global-color-5)","background-image":"","background-repeat":"repeat","background-position":"center center","background-size":"auto","background-attachment":"scroll","background-type":"","background-media":"","overlay-type":"","overlay-color":"","overlay-opacity":"","overlay-gradient":""},"tablet":{"background-color":"var(--ast-global-color-5)","background-image":"","background-repeat":"repeat","background-position":"center center","background-size":"auto","background-attachment":"scroll","background-type":"","background-media":"","overlay-type":"","overlay-color":"","overlay-opacity":"","overlay-gradient":""},"mobile":{"background-color":"var(--ast-global-color-5)","background-image":"","background-repeat":"repeat","background-position":"center center","background-size":"auto","background-attachment":"scroll","background-type":"","background-media":"","overlay-type":"","overlay-color":"","overlay-opacity":"","overlay-gradient":""}},"footnotes":""},"class_list":["post-21444","page","type-page","status-publish","has-post-thumbnail","hentry"],"uagb_featured_image_src":{"full":["https:\/\/alterlock.net\/wp-content\/uploads\/2022\/08\/OgImage.png",1200,630,false],"thumbnail":["https:\/\/alterlock.net\/wp-content\/uploads\/2022\/08\/OgImage-150x150.png",150,150,true],"medium":["https:\/\/alterlock.net\/wp-content\/uploads\/2022\/08\/OgImage-300x158.png",300,158,true],"medium_large":["https:\/\/alterlock.net\/wp-content\/uploads\/2022\/08\/OgImage-768x403.png",768,403,true],"large":["https:\/\/alterlock.net\/wp-content\/uploads\/2022\/08\/OgImage-1024x538.png",1024,538,true],"1536x1536":["https:\/\/alterlock.net\/wp-content\/uploads\/2022\/08\/OgImage.png",1200,630,false],"2048x2048":["https:\/\/alterlock.net\/wp-content\/uploads\/2022\/08\/OgImage.png",1200,630,false],"woocommerce_thumbnail":["https:\/\/alterlock.net\/wp-content\/uploads\/2022\/08\/OgImage-300x300.png",300,300,true],"woocommerce_single":["https:\/\/alterlock.net\/wp-content\/uploads\/2022\/08\/OgImage-600x315.png",600,315,true],"woocommerce_gallery_thumbnail":["https:\/\/alterlock.net\/wp-content\/uploads\/2022\/08\/OgImage-100x100.png",100,100,true]},"uagb_author_info":{"display_name":"Site Manager","author_link":"https:\/\/alterlock.net\/es\/author\/siteadmin"},"uagb_comment_info":0,"uagb_excerpt":"Alarma Alarma Puedes configurar si el dispositivo AlterLock emitir\u00e1 o no una alarma cuando detecte movimiento.Tambi\u00e9n puedes elegir utilizar un sonido de aviso a bajo volumen para la detecci\u00f3n inicial tras el bloqueo. Primer aviso sonoro y alarma sonora La primera detecci\u00f3n despu\u00e9s del bloqueo emitir\u00e1 un sonido de advertencia de 10 segundos, seguido de&hellip;","_links":{"self":[{"href":"https:\/\/alterlock.net\/es\/wp-json\/wp\/v2\/pages\/21444","targetHints":{"allow":["GET"]}}],"collection":[{"href":"https:\/\/alterlock.net\/es\/wp-json\/wp\/v2\/pages"}],"about":[{"href":"https:\/\/alterlock.net\/es\/wp-json\/wp\/v2\/types\/page"}],"author":[{"embeddable":true,"href":"https:\/\/alterlock.net\/es\/wp-json\/wp\/v2\/users\/1"}],"replies":[{"embeddable":true,"href":"https:\/\/alterlock.net\/es\/wp-json\/wp\/v2\/comments?post=21444"}],"version-history":[{"count":8,"href":"https:\/\/alterlock.net\/es\/wp-json\/wp\/v2\/pages\/21444\/revisions"}],"predecessor-version":[{"id":26326,"href":"https:\/\/alterlock.net\/es\/wp-json\/wp\/v2\/pages\/21444\/revisions\/26326"}],"up":[{"embeddable":true,"href":"https:\/\/alterlock.net\/es\/wp-json\/wp\/v2\/pages\/21434"}],"wp:featuredmedia":[{"embeddable":true,"href":"https:\/\/alterlock.net\/es\/wp-json\/wp\/v2\/media\/702"}],"wp:attachment":[{"href":"https:\/\/alterlock.net\/es\/wp-json\/wp\/v2\/media?parent=21444"}],"curies":[{"name":"wp","href":"https:\/\/api.w.org\/{rel}","templated":true}]}}