{"id":17218,"date":"2023-02-01T08:20:44","date_gmt":"2023-02-01T08:20:44","guid":{"rendered":"https:\/\/alterlock.net\/product\/alterlock"},"modified":"2025-12-15T21:37:11","modified_gmt":"2025-12-15T21:37:11","slug":"al02eb-eu","status":"publish","type":"product","link":"https:\/\/alterlock.net\/es\/product\/al02eb-eu","title":{"rendered":"AlterLock Gen2"},"content":{"rendered":"<h2>Especificaci\u00f3n<\/h2>\n<p><strong>Tama\u00f1o:<\/strong> 159\u00d738\u00d79mm<br \/>\n<strong>Peso:<\/strong> 50 g<br \/>\n<strong>Tipo de bater\u00eda:<\/strong> Pol\u00edmero de litio<br \/>\n<strong>Duraci\u00f3n de la bater\u00eda:<\/strong> hasta 1,5 meses\/carga *1<br \/>\n<strong>Toma de carga:<\/strong> USB Tipo-C *2<br \/>\n<strong>Temperatura de funcionamiento:<\/strong> -20 &#8211; 60\u00b0C<br \/>\n<strong>Temperatura de carga:<\/strong> 0 &#8211; 45\u00b0C<br \/>\n<strong>Comunicaci\u00f3n:<\/strong> Bluetooth Low Energy \/ Sigfox<br \/>\n<strong>Seguimiento:<\/strong> GPS (GNSS) \/ Wi-Fi<br \/>\n<strong>Protecci\u00f3n:<\/strong> Impermeabilidad al agua\/polvo IP66<br \/>\n<sub>*1 Var\u00eda seg\u00fan el uso<br \/>\n*2 El cable de carga NO est\u00e1 incluido<\/sub><\/p>\n<hr>\n<h2>PREGUNTAS FRECUENTES<\/h2>\n<h4>\u00bfSe puede instalar AlterLock en cualquier bicicleta?<\/h4>\n<p>AlterLock encaja perfectamente en los resaltes de los portabidones de la mayor\u00eda de las bicicletas deportivas y puede montarse debajo de un portabid\u00f3n.<\/p>\n<h4>\u00bfEs f\u00e1cil quitar AlterLock de una bicicleta?<\/h4>\n<p>Cuando est\u00e9 en modo de bloqueo, se detectar\u00e1 el movimiento de eliminaci\u00f3n en el dispositivo y se activar\u00e1 la alarma para notificar en su tel\u00e9fono. Recibir\u00e1s una notificaci\u00f3n y estar\u00e1s al tanto de cualquier intento de retirar el dispositivo.<\/p>\n<h4>\u00bfCu\u00e1l es la diferencia entre un rastreador Bluetooth y AlterLock?<\/h4>\n<p>Los rastreadores basados en Bluetooth est\u00e1n pensados principalmente para evitar la p\u00e9rdida de objetos port\u00e1tiles. Transmiten informaci\u00f3n de localizaci\u00f3n cuando un smartphone est\u00e1 cerca, pero no son adecuados para seguir bicicletas en movimiento.<br \/>\nAlterLock tiene una funci\u00f3n de comunicaci\u00f3n aut\u00f3noma y admite posicionamiento GPS \/ Wi-Fi, lo que te permite hacer un seguimiento vayas donde vayas.<\/p>\n<h4>\u00bfPuede AlterLock recibir constantemente datos GPS para rastrear?<\/h4>\n<p>Dado que este producto est\u00e1 especializado en la prevenci\u00f3n de robos, no puede utilizarse como un localizador GPS que muestre informaci\u00f3n sobre la ubicaci\u00f3n en todo momento. Al activar el GPS tras detectar movimiento en el modo de bloqueo, el producto puede utilizarse para un seguimiento a largo plazo con un consumo de energ\u00eda significativamente menor. <\/p>\n<h4>\u00bfSe puede ajustar el sonido de la alarma y la sensibilidad de la detecci\u00f3n de movimiento?<\/h4>\n<p>La duraci\u00f3n de la alarma y la sensibilidad de la detecci\u00f3n de movimiento se pueden ajustar con la aplicaci\u00f3n AlterLock.<\/p>\n<h4>\u00c1reas de comunicaci\u00f3n<\/h4>\n<p>Para ver si la zona en la que intentas utilizar AlterLock est\u00e1 dentro del alcance de Sigfox, visita <a href=\"https:\/\/www.sigfox.com\/en\/coverage\">esta p\u00e1gina<\/a>.<br \/>\nLa versi\u00f3n europea est\u00e1 disponible en los siguientes pa\u00edses:<br \/>\nAlemania, Austria, B\u00e9lgica, Croacia, Dinamarca, Espa\u00f1a, Estonia, Finlandia, Francia, Grecia, Irlanda, Italia, Letonia, Lituania, Luxemburgo, Pa\u00edses Bajos, Polonia, Portugal, Reino Unido y Ucrania.<\/p>\n","protected":false},"excerpt":{"rendered":"<p>AlterLock es un dispositivo de seguridad con alarma\/seguimiento GPS para bicicletas. Le permite vigilar su bicicleta a distancia y le notifica en su tel\u00e9fono cuando el dispositivo detecta movimiento mientras la bicicleta est\u00e1 bloqueada. <\/p>\n<p>Para m\u00e1s informaci\u00f3n sobre este producto, consulte <a href=\"https:\/\/alterlock.net\/es\/how-gen2-works\">aqu\u00ed<\/a>.<\/p>\n<ul>\n<li><a href=\"https:\/\/alterlock.net\/es\/how-to-start-gen2\/\">Gastos de servicio<\/a> se aplican por separado<\/li>\n<li>Gratis hasta 30 d\u00edas la primera vez<\/li>\n<li>Si tiene preguntas sobre el producto, pulse <a href=\"https:\/\/alterlock.net\/en\/support\/faq\">aqu\u00ed<\/a> <\/li>\n<\/ul>\n<h3>Gastos de env\u00edo<\/h3>\n<p>Los productos se env\u00edan desde Jap\u00f3n. La entrega internacional de productos puede estar sujeta a despacho de aduanas y cargos adicionales. El <strong>IVA de la UE no est\u00e1 incluido<\/strong> en el precio del producto. Pueden aplicarse aranceles, tasas e impuestos diversos en el momento de la entrega, dependiendo de las leyes y normativas de tu pa\u00eds de residencia.<\/p>\n<p><span data-teams=\"true\">Si la entrega no se completa por motivos del destinatario (por ejemplo, negarse a pagar aranceles, impuestos y otras tasas impuestas por el gobierno), aceptaremos devoluciones y reembolsaremos el precio de compra menos los gastos de env\u00edo y de devoluci\u00f3n.<\/span><\/p>\n","protected":false},"featured_media":875,"comment_status":"open","ping_status":"closed","template":"","meta":{"_seopress_robots_primary_cat":"none","_seopress_titles_title":"AlterLock Tienda Oficial %%sep%% Alarma de Detecci\u00f3n de Movimiento y Dispositivo de Seguimiento GPS","_seopress_titles_desc":"AlterLock es un servicio de seguridad para bicicletas deportivas. Vigila tu bicicleta con una alarma de detecci\u00f3n por vibraci\u00f3n y una notificaci\u00f3n al smartphone.  En el improbable caso de un robo, el seguimiento por GPS te ayuda a encontrarla. Es una nueva forma de vivir tu vida ciclista con tranquilidad.","_seopress_robots_index":"s\u00ed","_uag_custom_page_level_css":"","site-sidebar-layout":"default","site-content-layout":"default","ast-site-content-layout":"default","site-content-style":"default","site-sidebar-style":"default","ast-global-header-display":"","ast-banner-title-visibility":"","ast-main-header-display":"","ast-hfb-above-header-display":"","ast-hfb-below-header-display":"","ast-hfb-mobile-header-display":"","site-post-title":"","ast-breadcrumbs-content":"","ast-featured-img":"","footer-sml-layout":"","ast-disable-related-posts":"","theme-transparent-header-meta":"default","adv-header-id-meta":"","stick-header-meta":"","header-above-stick-meta":"","header-main-stick-meta":"","header-below-stick-meta":"","astra-migrate-meta-layouts":"default","ast-page-background-enabled":"default","ast-page-background-meta":{"desktop":{"background-color":"var(--ast-global-color-4)","background-image":"","background-repeat":"repeat","background-position":"center center","background-size":"auto","background-attachment":"scroll","background-type":"","background-media":"","overlay-type":"","overlay-color":"","overlay-opacity":"","overlay-gradient":""},"tablet":{"background-color":"","background-image":"","background-repeat":"repeat","background-position":"center center","background-size":"auto","background-attachment":"scroll","background-type":"","background-media":"","overlay-type":"","overlay-color":"","overlay-opacity":"","overlay-gradient":""},"mobile":{"background-color":"","background-image":"","background-repeat":"repeat","background-position":"center center","background-size":"auto","background-attachment":"scroll","background-type":"","background-media":"","overlay-type":"","overlay-color":"","overlay-opacity":"","overlay-gradient":""}},"ast-content-background-meta":{"desktop":{"background-color":"var(--ast-global-color-5)","background-image":"","background-repeat":"repeat","background-position":"center center","background-size":"auto","background-attachment":"scroll","background-type":"","background-media":"","overlay-type":"","overlay-color":"","overlay-opacity":"","overlay-gradient":""},"tablet":{"background-color":"var(--ast-global-color-5)","background-image":"","background-repeat":"repeat","background-position":"center center","background-size":"auto","background-attachment":"scroll","background-type":"","background-media":"","overlay-type":"","overlay-color":"","overlay-opacity":"","overlay-gradient":""},"mobile":{"background-color":"var(--ast-global-color-5)","background-image":"","background-repeat":"repeat","background-position":"center center","background-size":"auto","background-attachment":"scroll","background-type":"","background-media":"","overlay-type":"","overlay-color":"","overlay-opacity":"","overlay-gradient":""}}},"product_brand":[],"product_cat":[149],"product_tag":[],"class_list":{"0":"post-17218","1":"product","2":"type-product","3":"status-publish","4":"has-post-thumbnail","6":"product_cat-anti-theft-devices-es","7":"product_shipping_class-gen2-direct-es","8":"desktop-align-left","9":"tablet-align-left","10":"mobile-align-left","12":"first","13":"outofstock","14":"taxable","15":"shipping-taxable","16":"purchasable","17":"product-type-simple"},"uagb_featured_image_src":{"full":["https:\/\/alterlock.net\/wp-content\/uploads\/2022\/09\/product01.png",1600,1600,false],"thumbnail":["https:\/\/alterlock.net\/wp-content\/uploads\/2022\/09\/product01-150x150.png",150,150,true],"medium":["https:\/\/alterlock.net\/wp-content\/uploads\/2022\/09\/product01-300x300.png",300,300,true],"medium_large":["https:\/\/alterlock.net\/wp-content\/uploads\/2022\/09\/product01-768x768.png",768,768,true],"large":["https:\/\/alterlock.net\/wp-content\/uploads\/2022\/09\/product01-1024x1024.png",1024,1024,true],"1536x1536":["https:\/\/alterlock.net\/wp-content\/uploads\/2022\/09\/product01-1536x1536.png",1536,1536,true],"2048x2048":["https:\/\/alterlock.net\/wp-content\/uploads\/2022\/09\/product01.png",1600,1600,false],"woocommerce_thumbnail":["https:\/\/alterlock.net\/wp-content\/uploads\/2022\/09\/product01-300x300.png",300,300,true],"woocommerce_single":["https:\/\/alterlock.net\/wp-content\/uploads\/2022\/09\/product01-600x600.png",600,600,true],"woocommerce_gallery_thumbnail":["https:\/\/alterlock.net\/wp-content\/uploads\/2022\/09\/product01-100x100.png",100,100,true]},"uagb_author_info":{"display_name":"Site Manager","author_link":"https:\/\/alterlock.net\/es\/author"},"uagb_comment_info":158,"uagb_excerpt":"AlterLock es un dispositivo de seguridad con alarma\/seguimiento GPS para bicicletas. Le permite vigilar su bicicleta a distancia y le notifica en su tel\u00e9fono cuando el dispositivo detecta movimiento mientras la bicicleta est\u00e1 bloqueada. Para m\u00e1s informaci\u00f3n sobre este producto, consulte aqu\u00ed. Gastos de servicio se aplican por separado Gratis hasta 30 d\u00edas la primera&hellip;","_links":{"self":[{"href":"https:\/\/alterlock.net\/es\/wp-json\/wp\/v2\/product\/17218","targetHints":{"allow":["GET"]}}],"collection":[{"href":"https:\/\/alterlock.net\/es\/wp-json\/wp\/v2\/product"}],"about":[{"href":"https:\/\/alterlock.net\/es\/wp-json\/wp\/v2\/types\/product"}],"replies":[{"embeddable":true,"href":"https:\/\/alterlock.net\/es\/wp-json\/wp\/v2\/comments?post=17218"}],"wp:featuredmedia":[{"embeddable":true,"href":"https:\/\/alterlock.net\/es\/wp-json\/wp\/v2\/media\/875"}],"wp:attachment":[{"href":"https:\/\/alterlock.net\/es\/wp-json\/wp\/v2\/media?parent=17218"}],"wp:term":[{"taxonomy":"product_brand","embeddable":true,"href":"https:\/\/alterlock.net\/es\/wp-json\/wp\/v2\/product_brand?post=17218"},{"taxonomy":"product_cat","embeddable":true,"href":"https:\/\/alterlock.net\/es\/wp-json\/wp\/v2\/product_cat?post=17218"},{"taxonomy":"product_tag","embeddable":true,"href":"https:\/\/alterlock.net\/es\/wp-json\/wp\/v2\/product_tag?post=17218"}],"curies":[{"name":"wp","href":"https:\/\/api.w.org\/{rel}","templated":true}]}}