{"id":17313,"date":"2022-10-19T06:30:41","date_gmt":"2022-10-19T06:30:41","guid":{"rendered":"https:\/\/alterlock.net\/product\/alterlock"},"modified":"2026-04-07T06:34:55","modified_gmt":"2026-04-07T06:34:55","slug":"al02jb","status":"publish","type":"product","link":"https:\/\/alterlock.net\/es\/product\/al02jb","title":{"rendered":"AlterLock Gen2"},"content":{"rendered":"<h2>Especificaci\u00f3n<\/h2>\n<p><strong>Tama\u00f1o:<\/strong> 159\u00d738\u00d79mm<br \/>\n<strong>Peso:<\/strong> 50 g<br \/>\n<strong>Tipo de bater\u00eda:<\/strong> Pol\u00edmero de litio<br \/>\n<strong>Duraci\u00f3n de la bater\u00eda:<\/strong> hasta 1,5 meses\/carga *1<br \/>\n<strong>Toma de carga:<\/strong> USB Tipo-C *2<br \/>\n<strong>Temperatura de funcionamiento:<\/strong> de -20 a 60\u00b0C<br \/>\n<strong>Temperatura de carga:<\/strong> 0 a 45\u00b0C<br \/>\n<strong>Comunicaci\u00f3n:<\/strong> Bluetooth Low Energy \/ Sigfox<br \/>\n<strong>Seguimiento:<\/strong> GPS (GNSS) \/ Wi-Fi<br \/>\n<strong>Protecci\u00f3n:<\/strong> Impermeabilidad al agua\/polvo IP66<br \/>\n<sub>*1 Var\u00eda seg\u00fan el uso<br \/>\n*2 El cable de carga NO est\u00e1 incluido<\/sub><\/p>\n<hr>\n<h2>PREGUNTAS FRECUENTES<\/h2>\n<h4>\u00bfSe puede instalar AlterLock en cualquier bicicleta?<\/h4>\n<p>AlterLock encaja perfectamente en los resaltes de los portabidones de la mayor\u00eda de las bicicletas deportivas y puede montarse debajo de un portabid\u00f3n.<\/p>\n<h4>\u00bfEs f\u00e1cil quitar AlterLock de una bicicleta?<\/h4>\n<p>Cuando est\u00e9 en modo de bloqueo, se detectar\u00e1 el movimiento de eliminaci\u00f3n en el dispositivo y se activar\u00e1 la alarma para notificar en su tel\u00e9fono. Esto har\u00e1 que la extracci\u00f3n del dispositivo sea muy dif\u00edcil. Tambi\u00e9n vendemos pernos antirrobo por separado para tener una mayor seguridad de que el dispositivo no ser\u00e1 retirado.  <\/p>\n<h4>\u00bfCu\u00e1l es la diferencia entre un rastreador Bluetooth y AlterLock?<\/h4>\n<p>Los rastreadores basados en Bluetooth est\u00e1n pensados principalmente para evitar la p\u00e9rdida de objetos port\u00e1tiles. Transmiten informaci\u00f3n de localizaci\u00f3n cuando un smartphone est\u00e1 cerca, pero no son adecuados para seguir bicicletas en movimiento.<br \/>\nAlterLock tiene una funci\u00f3n de comunicaci\u00f3n aut\u00f3noma y admite posicionamiento GPS \/ Wi-Fi, lo que te permite hacer un seguimiento vayas donde vayas.<\/p>\n<h4>\u00bfPuede AlterLock recibir constantemente datos GPS para rastrear?<\/h4>\n<p>Los t\u00edpicos rastreadores basados en Bluetooth s\u00f3lo pueden comunicarse dentro del alcance de una conexi\u00f3n Bluetooth, lo que dificulta su seguimiento una vez que salen de la mano. Sin embargo, AlterLock utiliza posicionamiento GPS y Wi-Fi, por lo que se puede rastrear en cualquier lugar.<\/p>\n<h4>\u00bfSe puede ajustar el sonido de la alarma y la sensibilidad de la detecci\u00f3n de movimiento?<\/h4>\n<p>La frecuencia y duraci\u00f3n de la alarma y la sensibilidad de la detecci\u00f3n de movimiento se pueden ajustar con la aplicaci\u00f3n AlterLock.<\/p>\n<h4>\u00c1reas de comunicaci\u00f3n<\/h4>\n<p>Para ver si la zona en la que intentas utilizar AlterLock est\u00e1 dentro del alcance de Sigfox, visita <a href=\"https:\/\/www.sigfox.com\/en\/coverage\">esta p\u00e1gina<\/a>. La versi\u00f3n japonesa s\u00f3lo est\u00e1 disponible en Jap\u00f3n. El \u00e1rea de cobertura de Sigfox en Jap\u00f3n ha alcanzado una cobertura del 96% de la poblaci\u00f3n.<\/p>\n","protected":false},"excerpt":{"rendered":"<p>AlterLock es un dispositivo de seguridad con alarma\/seguimiento GPS para bicicletas. Le permite vigilar su bicicleta a distancia y le notifica en su tel\u00e9fono cuando el dispositivo detecta movimiento mientras la bicicleta est\u00e1 bloqueada. <\/p>\n<p>Para m\u00e1s informaci\u00f3n sobre este producto, consulte <a href=\"https:\/\/alterlock.net\/es\/how-gen2-works\">aqu\u00ed<\/a>.<\/p>\n<ul>\n<li><a href=\"https:\/\/alterlock.net\/es\/how-to-start-gen2\/\">Gastos de servicio<\/a> se aplican por separado<\/li>\n<li><a href=\"https:\/\/alterlock.net\/es\/service-terms\/#article-5-30-day-satisfaction-guarantee-39\">Garant\u00eda de satisfacci\u00f3n de 30 d\u00edas<\/a><\/li>\n<li>Servicio gratuito durante los primeros 30 d\u00edas<\/li>\n<li>Para obtener informaci\u00f3n sobre la entrega, pulse <a href=\"https:\/\/alterlock.net\/es\/shipping-policy\/\">aqu\u00ed<\/a><\/li>\n<li>Si tiene preguntas sobre el producto, pulse <a href=\"https:\/\/alterlock.net\/es\/hc\/\">aqu\u00ed<\/a> <\/li>\n<\/ul>\n","protected":false},"featured_media":875,"comment_status":"open","ping_status":"closed","template":"","meta":{"_seopress_robots_primary_cat":"none","_seopress_titles_title":"AlterLock Tienda Oficial %%sep%% Alarma de Detecci\u00f3n de Movimiento y Dispositivo de Seguimiento GPS","_seopress_titles_desc":"AlterLock es un servicio de seguridad para bicicletas deportivas. Vigila tu bicicleta con una alarma de detecci\u00f3n por vibraci\u00f3n y una notificaci\u00f3n al smartphone.  En el improbable caso de un robo, el seguimiento por GPS te ayuda a encontrarla. Es una nueva forma de vivir tu vida ciclista con tranquilidad.","_seopress_robots_index":"","_uag_custom_page_level_css":"","site-sidebar-layout":"default","site-content-layout":"default","ast-site-content-layout":"default","site-content-style":"default","site-sidebar-style":"default","ast-global-header-display":"","ast-banner-title-visibility":"","ast-main-header-display":"","ast-hfb-above-header-display":"","ast-hfb-below-header-display":"","ast-hfb-mobile-header-display":"","site-post-title":"","ast-breadcrumbs-content":"","ast-featured-img":"","footer-sml-layout":"","ast-disable-related-posts":"","theme-transparent-header-meta":"default","adv-header-id-meta":"","stick-header-meta":"","header-above-stick-meta":"","header-main-stick-meta":"","header-below-stick-meta":"","astra-migrate-meta-layouts":"default","ast-page-background-enabled":"default","ast-page-background-meta":{"desktop":{"background-color":"var(--ast-global-color-4)","background-image":"","background-repeat":"repeat","background-position":"center center","background-size":"auto","background-attachment":"scroll","background-type":"","background-media":"","overlay-type":"","overlay-color":"","overlay-opacity":"","overlay-gradient":""},"tablet":{"background-color":"","background-image":"","background-repeat":"repeat","background-position":"center center","background-size":"auto","background-attachment":"scroll","background-type":"","background-media":"","overlay-type":"","overlay-color":"","overlay-opacity":"","overlay-gradient":""},"mobile":{"background-color":"","background-image":"","background-repeat":"repeat","background-position":"center center","background-size":"auto","background-attachment":"scroll","background-type":"","background-media":"","overlay-type":"","overlay-color":"","overlay-opacity":"","overlay-gradient":""}},"ast-content-background-meta":{"desktop":{"background-color":"var(--ast-global-color-5)","background-image":"","background-repeat":"repeat","background-position":"center center","background-size":"auto","background-attachment":"scroll","background-type":"","background-media":"","overlay-type":"","overlay-color":"","overlay-opacity":"","overlay-gradient":""},"tablet":{"background-color":"var(--ast-global-color-5)","background-image":"","background-repeat":"repeat","background-position":"center center","background-size":"auto","background-attachment":"scroll","background-type":"","background-media":"","overlay-type":"","overlay-color":"","overlay-opacity":"","overlay-gradient":""},"mobile":{"background-color":"var(--ast-global-color-5)","background-image":"","background-repeat":"repeat","background-position":"center center","background-size":"auto","background-attachment":"scroll","background-type":"","background-media":"","overlay-type":"","overlay-color":"","overlay-opacity":"","overlay-gradient":""}}},"product_brand":[],"product_cat":[149],"product_tag":[],"class_list":{"0":"post-17313","1":"product","2":"type-product","3":"status-publish","4":"has-post-thumbnail","6":"product_cat-anti-theft-devices-es","7":"desktop-align-left","8":"tablet-align-left","9":"mobile-align-left","11":"first","12":"instock","13":"sale","14":"taxable","15":"shipping-taxable","16":"purchasable","17":"product-type-variable","18":"has-default-attributes"},"uagb_featured_image_src":{"full":["https:\/\/alterlock.net\/wp-content\/uploads\/2022\/09\/product01.png",1600,1600,false],"thumbnail":["https:\/\/alterlock.net\/wp-content\/uploads\/2022\/09\/product01-150x150.png",150,150,true],"medium":["https:\/\/alterlock.net\/wp-content\/uploads\/2022\/09\/product01-300x300.png",300,300,true],"medium_large":["https:\/\/alterlock.net\/wp-content\/uploads\/2022\/09\/product01-768x768.png",768,768,true],"large":["https:\/\/alterlock.net\/wp-content\/uploads\/2022\/09\/product01-1024x1024.png",1024,1024,true],"1536x1536":["https:\/\/alterlock.net\/wp-content\/uploads\/2022\/09\/product01-1536x1536.png",1536,1536,true],"2048x2048":["https:\/\/alterlock.net\/wp-content\/uploads\/2022\/09\/product01.png",1600,1600,false],"woocommerce_thumbnail":["https:\/\/alterlock.net\/wp-content\/uploads\/2022\/09\/product01-300x300.png",300,300,true],"woocommerce_single":["https:\/\/alterlock.net\/wp-content\/uploads\/2022\/09\/product01-600x600.png",600,600,true],"woocommerce_gallery_thumbnail":["https:\/\/alterlock.net\/wp-content\/uploads\/2022\/09\/product01-100x100.png",100,100,true]},"uagb_author_info":{"display_name":"Site Manager","author_link":"https:\/\/alterlock.net\/es\/author"},"uagb_comment_info":198,"uagb_excerpt":"AlterLock es un dispositivo de seguridad con alarma\/seguimiento GPS para bicicletas. Le permite vigilar su bicicleta a distancia y le notifica en su tel\u00e9fono cuando el dispositivo detecta movimiento mientras la bicicleta est\u00e1 bloqueada. Para m\u00e1s informaci\u00f3n sobre este producto, consulte aqu\u00ed. Gastos de servicio se aplican por separado Garant\u00eda de satisfacci\u00f3n de 30 d\u00edas&hellip;","_links":{"self":[{"href":"https:\/\/alterlock.net\/es\/wp-json\/wp\/v2\/product\/17313","targetHints":{"allow":["GET"]}}],"collection":[{"href":"https:\/\/alterlock.net\/es\/wp-json\/wp\/v2\/product"}],"about":[{"href":"https:\/\/alterlock.net\/es\/wp-json\/wp\/v2\/types\/product"}],"replies":[{"embeddable":true,"href":"https:\/\/alterlock.net\/es\/wp-json\/wp\/v2\/comments?post=17313"}],"wp:featuredmedia":[{"embeddable":true,"href":"https:\/\/alterlock.net\/es\/wp-json\/wp\/v2\/media\/875"}],"wp:attachment":[{"href":"https:\/\/alterlock.net\/es\/wp-json\/wp\/v2\/media?parent=17313"}],"wp:term":[{"taxonomy":"product_brand","embeddable":true,"href":"https:\/\/alterlock.net\/es\/wp-json\/wp\/v2\/product_brand?post=17313"},{"taxonomy":"product_cat","embeddable":true,"href":"https:\/\/alterlock.net\/es\/wp-json\/wp\/v2\/product_cat?post=17313"},{"taxonomy":"product_tag","embeddable":true,"href":"https:\/\/alterlock.net\/es\/wp-json\/wp\/v2\/product_tag?post=17313"}],"curies":[{"name":"wp","href":"https:\/\/api.w.org\/{rel}","templated":true}]}}