{"id":22469,"date":"2024-05-13T08:33:44","date_gmt":"2024-05-13T08:33:44","guid":{"rendered":"https:\/\/alterlock.net\/?post_type=product&#038;p=22469"},"modified":"2026-04-19T13:24:01","modified_gmt":"2026-04-19T13:24:01","slug":"al03gb","status":"publish","type":"product","link":"https:\/\/alterlock.net\/es\/product\/al03gb","title":{"rendered":"AlterLock Gen3"},"content":{"rendered":"\n<div class=\"wp-block-uagb-container uagb-block-15daed3d alignfull uagb-is-root-container\"><div class=\"uagb-container-inner-blocks-wrap\">\n<h3 class=\"wp-block-heading has-text-align-center\">Especificaciones del producto<\/h3>\n\n\n\n<div class=\"wp-block-group is-layout-constrained wp-block-group-is-layout-constrained\">\n<figure class=\"wp-block-table no-vertical-line has-small-font-size\"><table class=\"has-border-color has-ast-global-color-3-border-color\"><tbody><tr><td>Nombre del producto \/ N\u00famero de modelo<\/td><td>AlterLock Gen3 \/ AL03GB<\/td><\/tr><tr><td>Dimensiones de la unidad principal \/ Peso<\/td><td>Longitud: 167 mm Anchura: 28 mm Grosor: 9 mm \/ 53 g *1<\/td><\/tr><tr><td>Bater\u00eda<\/td><td>Pol\u00edmero de litio \/ Hasta 3 meses de autonom\u00eda *2<\/td><\/tr><tr><td>Puerto de carga<\/td><td>USB Tipo-C *3<\/td><\/tr><tr><td>Temperatura de funcionamiento \/ carga<\/td><td>-20 &#8211; 60\u00b0C \/ 0 &#8211; 45\u00b0C<\/td><\/tr><tr><td>Sistema de transmisi\u00f3n<\/td><td>Corto alcance: Bluetooth, Largo alcance: LTE-M \/ NB-IoT *4<\/td><\/tr><tr><td>Sistema de posicionamiento<\/td><td>GNSS (GPS \/ Galileo), Wi-Fi, estaciones base 4G<\/td><\/tr><tr><td>Sensor<\/td><td>Aceler\u00f3metro de 3 ejes<\/td><\/tr><tr><td>Alarma<\/td><td>M\u00e1ximo 95 dB *5<\/td><\/tr><tr><td>Resistencia al agua y al polvo<\/td><td>IP66<\/td><\/tr><tr><td>Accesorio<\/td><td>Perno de seguridad, herramienta de instalaci\u00f3n, adhesivo<\/td><\/tr><\/tbody><\/table><\/figure>\n\n\n\n<p class=\"has-small-font-size\">*1 Incluye pernos de seguridad.<br\/>*2 Var\u00eda en funci\u00f3n de las condiciones de uso.<br\/>*3 El cable de carga no est\u00e1 incluido.<br\/>*4 El m\u00e9todo de transmisi\u00f3n de largo alcance cambia autom\u00e1ticamente en funci\u00f3n de la regi\u00f3n utilizada.<br\/>*5 Medido a una distancia de 10 cm del producto.<\/p>\n<\/div>\n\n\n\n<div class=\"wp-block-group is-layout-constrained wp-block-group-is-layout-constrained\">\n<p class=\"has-text-align-center\">AlterLock Gen3 est\u00e1 disponible en los siguientes pa\u00edses<\/p>\n\n\n\n<p class=\"has-text-align-center\" style=\"font-size:14px\">Jap\u00f3n, Australia, B\u00e9lgica, Croacia, Rep\u00fablica Checa, Dinamarca, Estonia, Finlandia, Francia, Alemania, Letonia, Luxemburgo, Pa\u00edses Bajos, Noruega, Ruman\u00eda, Rep\u00fablica Eslovaca, Eslovenia, Espa\u00f1a, Suecia, Estados Unidos.<\/p>\n\n\n\n<p class=\"has-text-align-center\" style=\"font-size:12px\">*En el Reino Unido, Irlanda, Italia y Canad\u00e1, debido a problemas de conectividad con los proveedores de comunicaciones, el dispositivo ha sido retirado temporalmente del \u00e1rea de comunicaciones.<\/p>\n<\/div>\n\n\n\n<div class=\"wp-block-group is-layout-constrained wp-block-group-is-layout-constrained\">\n<h2 class=\"wp-block-heading has-text-align-center\">PREGUNTAS FRECUENTES<\/h2>\n\n\n<div class=\"wp-block-uagb-faq uagb-faq__outer-wrap uagb-block-e056e7b3 uagb-faq-icon-row uagb-faq-layout-accordion uagb-faq-expand-first-false uagb-faq-inactive-other-true uagb-faq__wrap uagb-buttons-layout-wrap uagb-faq-equal-height     \" data-faqtoggle=\"true\" role=\"tablist\"><script type=\"application\/ld+json\">{\"@context\":\"https:\\\/\\\/schema.org\",\"@type\":\"FAQPage\",\"@id\":\"https:\\\/\\\/alterlock.net\\\/es\\\/product\\\/al03gb\",\"mainEntity\":[{\"@type\":\"Question\",\"name\":\"\\u00bfSe puede instalar AlterLock en cualquier bici?\",\"acceptedAnswer\":{\"@type\":\"Answer\",\"text\":\"Se puede montar en la mayor\\u00eda de bicicletas deportivas est\\u00e1ndar utilizando su soporte para portabid\\u00f3n o junto con el portabid\\u00f3n que ya tengas.\"}},{\"@type\":\"Question\",\"name\":\"\\u00bfSe puede utilizar en una moto?\",\"acceptedAnswer\":{\"@type\":\"Answer\",\"text\":\"Muchos usuarios tambi\\u00e9n utilizan AlterLock en motocicletas. Es de esperar que se guarde bajo un asiento cerrado u otro lugar alejado de las altas temperaturas.\"}},{\"@type\":\"Question\",\"name\":\"\\u00bfSe pueden quitar f\\u00e1cilmente?\",\"acceptedAnswer\":{\"@type\":\"Answer\",\"text\":\"Se incluye un perno de seguridad y una herramienta de instalaci\\u00f3n, lo que dificulta la extracci\\u00f3n con herramientas ordinarias. Adem\\u00e1s, si se intenta sustraer el dispositivo mientras est\\u00e1 en modo de bloqueo, detectar\\u00e1 el movimiento y emitir\\u00e1 una fuerte alarma para disuadir del robo y avisar\\u00e1 a tu tel\\u00e9fono para que intervengas.\"}},{\"@type\":\"Question\",\"name\":\"\\u00bfPuede sustituir a una cerradura f\\u00edsica?\",\"acceptedAnswer\":{\"@type\":\"Answer\",\"text\":\"AlterLock no es una cerradura f\\u00edsica. Para aumentar la seguridad, recomendamos encarecidamente utilizar una cerradura de alambre u otra cerradura f\\u00edsica junto con el AlterLock.\"}},{\"@type\":\"Question\",\"name\":\"\\u00bfEn qu\\u00e9 se diferencia de los rastreadores Bluetooth como AirTag?\",\"acceptedAnswer\":{\"@type\":\"Answer\",\"text\":\"Los rastreadores basados en Bluetooth est\\u00e1n pensados principalmente para evitar la p\\u00e9rdida de objetos port\\u00e1tiles. Transmiten informaci\\u00f3n de localizaci\\u00f3n cuando un smartphone est\\u00e1 cerca, pero no son adecuados para seguir veh\\u00edculos en movimiento.<br>AlterLock tiene capacidad de comunicaci\\u00f3n aut\\u00f3noma y admite posicionamiento GPS\\\/Wi-Fi, por lo que se puede seguir en cualquier lugar.\"}},{\"@type\":\"Question\",\"name\":\"\\u00bfPuedo comprobar la ubicaci\\u00f3n del dispositivo en cualquier momento?\",\"acceptedAnswer\":{\"@type\":\"Answer\",\"text\":\"AlterLock est\\u00e1 pensado como dispositivo de prevenci\\u00f3n de robos y no funciona como un localizador GPS en tiempo real que muestra informaci\\u00f3n sobre la ubicaci\\u00f3n en todo momento. Al enviar los datos de localizaci\\u00f3n s\\u00f3lo cuando se detecta movimiento durante el estado de bloqueo, se puede reducir el consumo de energ\\u00eda y se posibilita el seguimiento a largo plazo para ayudar a la recuperaci\\u00f3n.\"}},{\"@type\":\"Question\",\"name\":\"\\u00bfSe puede ajustar el sonido de la alarma y la sensibilidad de detecci\\u00f3n?\",\"acceptedAnswer\":{\"@type\":\"Answer\",\"text\":\"Puedes elegir entre 3 tipos de sonido de alarma, encendido\\\/apagado, la duraci\\u00f3n de la alarma y el n\\u00famero de alarmas permitidas se pueden ajustar con precisi\\u00f3n. La sensibilidad de detecci\\u00f3n tambi\\u00e9n se puede ajustar en tres niveles.\"}}]}<\/script><div class=\"wp-block-uagb-faq-child uagb-faq-child__outer-wrap uagb-faq-item uagb-block-9500679f \" role=\"tab\" tabindex=\"0\"><div class=\"uagb-faq-questions-button uagb-faq-questions\">\t\t\t<span class=\"uagb-icon uagb-faq-icon-wrap\">\n\t\t\t\t\t\t\t\t<svg xmlns=\"https:\/\/www.w3.org\/2000\/svg\" viewBox= \"0 0 448 512\"><path d=\"M432 256c0 17.69-14.33 32.01-32 32.01H256v144c0 17.69-14.33 31.99-32 31.99s-32-14.3-32-31.99v-144H48c-17.67 0-32-14.32-32-32.01s14.33-31.99 32-31.99H192v-144c0-17.69 14.33-32.01 32-32.01s32 14.32 32 32.01v144h144C417.7 224 432 238.3 432 256z\"><\/path><\/svg>\n\t\t\t\t\t\t\t<\/span>\n\t\t\t\t\t\t<span class=\"uagb-icon-active uagb-faq-icon-wrap\">\n\t\t\t\t\t\t\t\t<svg xmlns=\"https:\/\/www.w3.org\/2000\/svg\" viewBox= \"0 0 448 512\"><path d=\"M400 288h-352c-17.69 0-32-14.32-32-32.01s14.31-31.99 32-31.99h352c17.69 0 32 14.3 32 31.99S417.7 288 400 288z\"><\/path><\/svg>\n\t\t\t\t\t\t\t<\/span>\n\t\t\t<span class=\"uagb-question\">\u00bfSe puede instalar AlterLock en cualquier bici?<\/span><\/div><div class=\"uagb-faq-content\"><p>Se puede montar en la mayor\u00eda de bicicletas deportivas est\u00e1ndar utilizando su soporte para portabid\u00f3n o junto con el portabid\u00f3n que ya tengas.<\/p><\/div><\/div><div class=\"wp-block-uagb-faq-child uagb-faq-child__outer-wrap uagb-faq-item uagb-block-cd41dc23 \" role=\"tab\" tabindex=\"0\"><div class=\"uagb-faq-questions-button uagb-faq-questions\">\t\t\t<span class=\"uagb-icon uagb-faq-icon-wrap\">\n\t\t\t\t\t\t\t\t<svg xmlns=\"https:\/\/www.w3.org\/2000\/svg\" viewBox= \"0 0 448 512\"><path d=\"M432 256c0 17.69-14.33 32.01-32 32.01H256v144c0 17.69-14.33 31.99-32 31.99s-32-14.3-32-31.99v-144H48c-17.67 0-32-14.32-32-32.01s14.33-31.99 32-31.99H192v-144c0-17.69 14.33-32.01 32-32.01s32 14.32 32 32.01v144h144C417.7 224 432 238.3 432 256z\"><\/path><\/svg>\n\t\t\t\t\t\t\t<\/span>\n\t\t\t\t\t\t<span class=\"uagb-icon-active uagb-faq-icon-wrap\">\n\t\t\t\t\t\t\t\t<svg xmlns=\"https:\/\/www.w3.org\/2000\/svg\" viewBox= \"0 0 448 512\"><path d=\"M400 288h-352c-17.69 0-32-14.32-32-32.01s14.31-31.99 32-31.99h352c17.69 0 32 14.3 32 31.99S417.7 288 400 288z\"><\/path><\/svg>\n\t\t\t\t\t\t\t<\/span>\n\t\t\t<span class=\"uagb-question\">\u00bfSe puede utilizar en una moto?<\/span><\/div><div class=\"uagb-faq-content\"><p>Muchos usuarios tambi\u00e9n utilizan AlterLock en motocicletas. Es de esperar que se guarde bajo un asiento cerrado u otro lugar alejado de las altas temperaturas.<\/p><\/div><\/div><div class=\"wp-block-uagb-faq-child uagb-faq-child__outer-wrap uagb-faq-item uagb-block-87974ae9 \" role=\"tab\" tabindex=\"0\"><div class=\"uagb-faq-questions-button uagb-faq-questions\">\t\t\t<span class=\"uagb-icon uagb-faq-icon-wrap\">\n\t\t\t\t\t\t\t\t<svg xmlns=\"https:\/\/www.w3.org\/2000\/svg\" viewBox= \"0 0 448 512\"><path d=\"M432 256c0 17.69-14.33 32.01-32 32.01H256v144c0 17.69-14.33 31.99-32 31.99s-32-14.3-32-31.99v-144H48c-17.67 0-32-14.32-32-32.01s14.33-31.99 32-31.99H192v-144c0-17.69 14.33-32.01 32-32.01s32 14.32 32 32.01v144h144C417.7 224 432 238.3 432 256z\"><\/path><\/svg>\n\t\t\t\t\t\t\t<\/span>\n\t\t\t\t\t\t<span class=\"uagb-icon-active uagb-faq-icon-wrap\">\n\t\t\t\t\t\t\t\t<svg xmlns=\"https:\/\/www.w3.org\/2000\/svg\" viewBox= \"0 0 448 512\"><path d=\"M400 288h-352c-17.69 0-32-14.32-32-32.01s14.31-31.99 32-31.99h352c17.69 0 32 14.3 32 31.99S417.7 288 400 288z\"><\/path><\/svg>\n\t\t\t\t\t\t\t<\/span>\n\t\t\t<span class=\"uagb-question\">\u00bfSe pueden quitar f\u00e1cilmente?<\/span><\/div><div class=\"uagb-faq-content\"><p>Se incluye un perno de seguridad y una herramienta de instalaci\u00f3n, lo que dificulta la extracci\u00f3n con herramientas ordinarias. Adem\u00e1s, si se intenta sustraer el dispositivo mientras est\u00e1 en modo de bloqueo, detectar\u00e1 el movimiento y emitir\u00e1 una fuerte alarma para disuadir del robo y avisar\u00e1 a tu tel\u00e9fono para que intervengas.<\/p><\/div><\/div><div class=\"wp-block-uagb-faq-child uagb-faq-child__outer-wrap uagb-faq-item uagb-block-d63640f3 \" role=\"tab\" tabindex=\"0\"><div class=\"uagb-faq-questions-button uagb-faq-questions\">\t\t\t<span class=\"uagb-icon uagb-faq-icon-wrap\">\n\t\t\t\t\t\t\t\t<svg xmlns=\"https:\/\/www.w3.org\/2000\/svg\" viewBox= \"0 0 448 512\"><path d=\"M432 256c0 17.69-14.33 32.01-32 32.01H256v144c0 17.69-14.33 31.99-32 31.99s-32-14.3-32-31.99v-144H48c-17.67 0-32-14.32-32-32.01s14.33-31.99 32-31.99H192v-144c0-17.69 14.33-32.01 32-32.01s32 14.32 32 32.01v144h144C417.7 224 432 238.3 432 256z\"><\/path><\/svg>\n\t\t\t\t\t\t\t<\/span>\n\t\t\t\t\t\t<span class=\"uagb-icon-active uagb-faq-icon-wrap\">\n\t\t\t\t\t\t\t\t<svg xmlns=\"https:\/\/www.w3.org\/2000\/svg\" viewBox= \"0 0 448 512\"><path d=\"M400 288h-352c-17.69 0-32-14.32-32-32.01s14.31-31.99 32-31.99h352c17.69 0 32 14.3 32 31.99S417.7 288 400 288z\"><\/path><\/svg>\n\t\t\t\t\t\t\t<\/span>\n\t\t\t<span class=\"uagb-question\">\u00bfPuede sustituir a una cerradura f\u00edsica?<\/span><\/div><div class=\"uagb-faq-content\"><p>AlterLock no es una cerradura f\u00edsica. Para aumentar la seguridad, recomendamos encarecidamente utilizar una cerradura de alambre u otra cerradura f\u00edsica junto con el AlterLock.<\/p><\/div><\/div><div class=\"wp-block-uagb-faq-child uagb-faq-child__outer-wrap uagb-faq-item uagb-block-9a190a52 \" role=\"tab\" tabindex=\"0\"><div class=\"uagb-faq-questions-button uagb-faq-questions\">\t\t\t<span class=\"uagb-icon uagb-faq-icon-wrap\">\n\t\t\t\t\t\t\t\t<svg xmlns=\"https:\/\/www.w3.org\/2000\/svg\" viewBox= \"0 0 448 512\"><path d=\"M432 256c0 17.69-14.33 32.01-32 32.01H256v144c0 17.69-14.33 31.99-32 31.99s-32-14.3-32-31.99v-144H48c-17.67 0-32-14.32-32-32.01s14.33-31.99 32-31.99H192v-144c0-17.69 14.33-32.01 32-32.01s32 14.32 32 32.01v144h144C417.7 224 432 238.3 432 256z\"><\/path><\/svg>\n\t\t\t\t\t\t\t<\/span>\n\t\t\t\t\t\t<span class=\"uagb-icon-active uagb-faq-icon-wrap\">\n\t\t\t\t\t\t\t\t<svg xmlns=\"https:\/\/www.w3.org\/2000\/svg\" viewBox= \"0 0 448 512\"><path d=\"M400 288h-352c-17.69 0-32-14.32-32-32.01s14.31-31.99 32-31.99h352c17.69 0 32 14.3 32 31.99S417.7 288 400 288z\"><\/path><\/svg>\n\t\t\t\t\t\t\t<\/span>\n\t\t\t<span class=\"uagb-question\">\u00bfEn qu\u00e9 se diferencia de los rastreadores Bluetooth como AirTag?<\/span><\/div><div class=\"uagb-faq-content\"><p>Los rastreadores basados en Bluetooth est\u00e1n pensados principalmente para evitar la p\u00e9rdida de objetos port\u00e1tiles. Transmiten informaci\u00f3n de localizaci\u00f3n cuando un smartphone est\u00e1 cerca, pero no son adecuados para seguir veh\u00edculos en movimiento.<br>AlterLock tiene capacidad de comunicaci\u00f3n aut\u00f3noma y admite posicionamiento GPS\/Wi-Fi, por lo que se puede seguir en cualquier lugar.<\/p><\/div><\/div><div class=\"wp-block-uagb-faq-child uagb-faq-child__outer-wrap uagb-faq-item uagb-block-4b9aad92 \" role=\"tab\" tabindex=\"0\"><div class=\"uagb-faq-questions-button uagb-faq-questions\">\t\t\t<span class=\"uagb-icon uagb-faq-icon-wrap\">\n\t\t\t\t\t\t\t\t<svg xmlns=\"https:\/\/www.w3.org\/2000\/svg\" viewBox= \"0 0 448 512\"><path d=\"M432 256c0 17.69-14.33 32.01-32 32.01H256v144c0 17.69-14.33 31.99-32 31.99s-32-14.3-32-31.99v-144H48c-17.67 0-32-14.32-32-32.01s14.33-31.99 32-31.99H192v-144c0-17.69 14.33-32.01 32-32.01s32 14.32 32 32.01v144h144C417.7 224 432 238.3 432 256z\"><\/path><\/svg>\n\t\t\t\t\t\t\t<\/span>\n\t\t\t\t\t\t<span class=\"uagb-icon-active uagb-faq-icon-wrap\">\n\t\t\t\t\t\t\t\t<svg xmlns=\"https:\/\/www.w3.org\/2000\/svg\" viewBox= \"0 0 448 512\"><path d=\"M400 288h-352c-17.69 0-32-14.32-32-32.01s14.31-31.99 32-31.99h352c17.69 0 32 14.3 32 31.99S417.7 288 400 288z\"><\/path><\/svg>\n\t\t\t\t\t\t\t<\/span>\n\t\t\t<span class=\"uagb-question\">\u00bfPuedo comprobar la ubicaci\u00f3n del dispositivo en cualquier momento?<\/span><\/div><div class=\"uagb-faq-content\"><p>AlterLock est\u00e1 pensado como dispositivo de prevenci\u00f3n de robos y no funciona como un localizador GPS en tiempo real que muestra informaci\u00f3n sobre la ubicaci\u00f3n en todo momento. Al enviar los datos de localizaci\u00f3n s\u00f3lo cuando se detecta movimiento durante el estado de bloqueo, se puede reducir el consumo de energ\u00eda y se posibilita el seguimiento a largo plazo para ayudar a la recuperaci\u00f3n.<\/p><\/div><\/div><div class=\"wp-block-uagb-faq-child uagb-faq-child__outer-wrap uagb-faq-item uagb-block-94cc50c7 \" role=\"tab\" tabindex=\"0\"><div class=\"uagb-faq-questions-button uagb-faq-questions\">\t\t\t<span class=\"uagb-icon uagb-faq-icon-wrap\">\n\t\t\t\t\t\t\t\t<svg xmlns=\"https:\/\/www.w3.org\/2000\/svg\" viewBox= \"0 0 448 512\"><path d=\"M432 256c0 17.69-14.33 32.01-32 32.01H256v144c0 17.69-14.33 31.99-32 31.99s-32-14.3-32-31.99v-144H48c-17.67 0-32-14.32-32-32.01s14.33-31.99 32-31.99H192v-144c0-17.69 14.33-32.01 32-32.01s32 14.32 32 32.01v144h144C417.7 224 432 238.3 432 256z\"><\/path><\/svg>\n\t\t\t\t\t\t\t<\/span>\n\t\t\t\t\t\t<span class=\"uagb-icon-active uagb-faq-icon-wrap\">\n\t\t\t\t\t\t\t\t<svg xmlns=\"https:\/\/www.w3.org\/2000\/svg\" viewBox= \"0 0 448 512\"><path d=\"M400 288h-352c-17.69 0-32-14.32-32-32.01s14.31-31.99 32-31.99h352c17.69 0 32 14.3 32 31.99S417.7 288 400 288z\"><\/path><\/svg>\n\t\t\t\t\t\t\t<\/span>\n\t\t\t<span class=\"uagb-question\">\u00bfSe puede ajustar el sonido de la alarma y la sensibilidad de detecci\u00f3n?<\/span><\/div><div class=\"uagb-faq-content\"><p>Puedes elegir entre 3 tipos de sonido de alarma, encendido\/apagado, la duraci\u00f3n de la alarma y el n\u00famero de alarmas permitidas se pueden ajustar con precisi\u00f3n. La sensibilidad de detecci\u00f3n tambi\u00e9n se puede ajustar en tres niveles.<\/p><\/div><\/div><\/div><\/div>\n<\/div><\/div>\n\n<p><\/p>\n","protected":false},"excerpt":{"rendered":"<hr>\n<p>AlterLock ha evolucionado a\u00fan m\u00e1s. Hemos conservado el concepto de las alarmas de detecci\u00f3n de movimiento y las funciones de seguimiento, al tiempo que hemos mejorado el \u00e1rea de transmisi\u00f3n, el rendimiento del seguimiento de dispositivos, la durabilidad y el tiempo de actividad.  Pensando en los motoristas y ciclistas, hemos modernizado la funcionalidad en todos los sentidos imaginables. El avanzado sistema AlterLock Gen3 refuerza la sensaci\u00f3n de seguridad y amplifica el placer de conducir a un nuevo nivel. Para m\u00e1s informaci\u00f3n sobre este producto, visita <a href=\"https:\/\/alterlock.net\/es\/how-gen3-works\">esta p\u00e1gina<\/a>.<\/p>\n<h3>Contrato de servicio<\/h3>\n<p>Se necesita un contrato de servicio para utilizar la transmisi\u00f3n de datos y otras funciones del dispositivo AlterLock Gen3.<\/p>\n<ul>\n<li>Notificaci\u00f3n de Bluetooth fuera de cobertura, seguimiento de ubicaci\u00f3n<\/li>\n<li>Obtenci\u00f3n de informaci\u00f3n de localizaci\u00f3n mediante transmisi\u00f3n peri\u00f3dica<\/li>\n<li>Detecci\u00f3n de colisi\u00f3n y notificaci\u00f3n por SMS a los contactos de emergencia<\/li>\n<li>Gestiona hasta 3 dispositivos con una cuenta de servicio sin cargo adicional<\/li>\n<\/ul>\n<p>Consulta <a href=\"https:\/\/alterlock.net\/es\/service-description\">esta p\u00e1gina<\/a> para conocer el acuerdo de servicio.<\/p>\n<h3>Gastos de env\u00edo<\/h3>\n<p>Los gastos de env\u00edo se indicar\u00e1n al finalizar la compra. Los env\u00edos a Europa se env\u00edan desde nuestro almac\u00e9n internacional. <strong>El IVA de la UE no est\u00e1 incluido en el precio del producto. El despacho de aduanas, los aranceles e impuestos pueden aplicarse en el momento de la entrega, dependiendo de las leyes y regulaciones de su pa\u00eds de residencia.<\/strong> <\/p>\n<p><span data-teams=\"true\">Si la entrega no se completa por motivos del destinatario (por ejemplo, negarse a pagar aranceles, impuestos y otras tasas impuestas por el gobierno), aceptaremos devoluciones y reembolsaremos el precio de compra menos los gastos de env\u00edo y de devoluci\u00f3n.<\/span><\/p>\n","protected":false},"featured_media":20754,"comment_status":"open","ping_status":"closed","template":"","meta":{"_seopress_robots_primary_cat":"none","_seopress_titles_title":"AlterLock Official Store | Motion Detection Alarm & GPS Tracking Device","_seopress_titles_desc":"","_seopress_robots_index":"","_uag_custom_page_level_css":"","site-sidebar-layout":"default","site-content-layout":"","ast-site-content-layout":"default","site-content-style":"default","site-sidebar-style":"default","ast-global-header-display":"","ast-banner-title-visibility":"","ast-main-header-display":"","ast-hfb-above-header-display":"","ast-hfb-below-header-display":"","ast-hfb-mobile-header-display":"","site-post-title":"","ast-breadcrumbs-content":"","ast-featured-img":"","footer-sml-layout":"","ast-disable-related-posts":"","theme-transparent-header-meta":"default","adv-header-id-meta":"","stick-header-meta":"","header-above-stick-meta":"","header-main-stick-meta":"","header-below-stick-meta":"","astra-migrate-meta-layouts":"set","ast-page-background-enabled":"default","ast-page-background-meta":{"desktop":{"background-color":"var(--ast-global-color-4)","background-image":"","background-repeat":"repeat","background-position":"center center","background-size":"auto","background-attachment":"scroll","background-type":"","background-media":"","overlay-type":"","overlay-color":"","overlay-opacity":"","overlay-gradient":""},"tablet":{"background-color":"","background-image":"","background-repeat":"repeat","background-position":"center center","background-size":"auto","background-attachment":"scroll","background-type":"","background-media":"","overlay-type":"","overlay-color":"","overlay-opacity":"","overlay-gradient":""},"mobile":{"background-color":"","background-image":"","background-repeat":"repeat","background-position":"center center","background-size":"auto","background-attachment":"scroll","background-type":"","background-media":"","overlay-type":"","overlay-color":"","overlay-opacity":"","overlay-gradient":""}},"ast-content-background-meta":{"desktop":{"background-color":"var(--ast-global-color-5)","background-image":"","background-repeat":"repeat","background-position":"center center","background-size":"auto","background-attachment":"scroll","background-type":"","background-media":"","overlay-type":"","overlay-color":"","overlay-opacity":"","overlay-gradient":""},"tablet":{"background-color":"var(--ast-global-color-5)","background-image":"","background-repeat":"repeat","background-position":"center center","background-size":"auto","background-attachment":"scroll","background-type":"","background-media":"","overlay-type":"","overlay-color":"","overlay-opacity":"","overlay-gradient":""},"mobile":{"background-color":"var(--ast-global-color-5)","background-image":"","background-repeat":"repeat","background-position":"center center","background-size":"auto","background-attachment":"scroll","background-type":"","background-media":"","overlay-type":"","overlay-color":"","overlay-opacity":"","overlay-gradient":""}}},"product_brand":[],"product_cat":[149],"product_tag":[],"class_list":{"0":"post-22469","1":"product","2":"type-product","3":"status-publish","4":"has-post-thumbnail","6":"product_cat-anti-theft-devices-es","7":"product_shipping_class-gen3-es","8":"desktop-align-left","9":"tablet-align-left","10":"mobile-align-left","12":"first","13":"instock","14":"taxable","15":"shipping-taxable","16":"purchasable","17":"product-type-simple"},"uagb_featured_image_src":{"full":["https:\/\/alterlock.net\/wp-content\/uploads\/2024\/03\/gen3-product-image11.jpg",1600,1600,false],"thumbnail":["https:\/\/alterlock.net\/wp-content\/uploads\/2024\/03\/gen3-product-image11-150x150.jpg",150,150,true],"medium":["https:\/\/alterlock.net\/wp-content\/uploads\/2024\/03\/gen3-product-image11-300x300.jpg",300,300,true],"medium_large":["https:\/\/alterlock.net\/wp-content\/uploads\/2024\/03\/gen3-product-image11-768x768.jpg",768,768,true],"large":["https:\/\/alterlock.net\/wp-content\/uploads\/2024\/03\/gen3-product-image11-1024x1024.jpg",1024,1024,true],"1536x1536":["https:\/\/alterlock.net\/wp-content\/uploads\/2024\/03\/gen3-product-image11-1536x1536.jpg",1536,1536,true],"2048x2048":["https:\/\/alterlock.net\/wp-content\/uploads\/2024\/03\/gen3-product-image11.jpg",1600,1600,false],"woocommerce_thumbnail":["https:\/\/alterlock.net\/wp-content\/uploads\/2024\/03\/gen3-product-image11-300x300.jpg",300,300,true],"woocommerce_single":["https:\/\/alterlock.net\/wp-content\/uploads\/2024\/03\/gen3-product-image11-600x600.jpg",600,600,true],"woocommerce_gallery_thumbnail":["https:\/\/alterlock.net\/wp-content\/uploads\/2024\/03\/gen3-product-image11-100x100.jpg",100,100,true]},"uagb_author_info":{"display_name":"Site Manager","author_link":"https:\/\/alterlock.net\/es\/author"},"uagb_comment_info":175,"uagb_excerpt":"AlterLock ha evolucionado a\u00fan m\u00e1s. Hemos conservado el concepto de las alarmas de detecci\u00f3n de movimiento y las funciones de seguimiento, al tiempo que hemos mejorado el \u00e1rea de transmisi\u00f3n, el rendimiento del seguimiento de dispositivos, la durabilidad y el tiempo de actividad. Pensando en los motoristas y ciclistas, hemos modernizado la funcionalidad en todos&hellip;","_links":{"self":[{"href":"https:\/\/alterlock.net\/es\/wp-json\/wp\/v2\/product\/22469","targetHints":{"allow":["GET"]}}],"collection":[{"href":"https:\/\/alterlock.net\/es\/wp-json\/wp\/v2\/product"}],"about":[{"href":"https:\/\/alterlock.net\/es\/wp-json\/wp\/v2\/types\/product"}],"replies":[{"embeddable":true,"href":"https:\/\/alterlock.net\/es\/wp-json\/wp\/v2\/comments?post=22469"}],"wp:featuredmedia":[{"embeddable":true,"href":"https:\/\/alterlock.net\/es\/wp-json\/wp\/v2\/media\/20754"}],"wp:attachment":[{"href":"https:\/\/alterlock.net\/es\/wp-json\/wp\/v2\/media?parent=22469"}],"wp:term":[{"taxonomy":"product_brand","embeddable":true,"href":"https:\/\/alterlock.net\/es\/wp-json\/wp\/v2\/product_brand?post=22469"},{"taxonomy":"product_cat","embeddable":true,"href":"https:\/\/alterlock.net\/es\/wp-json\/wp\/v2\/product_cat?post=22469"},{"taxonomy":"product_tag","embeddable":true,"href":"https:\/\/alterlock.net\/es\/wp-json\/wp\/v2\/product_tag?post=22469"}],"curies":[{"name":"wp","href":"https:\/\/api.w.org\/{rel}","templated":true}]}}