{"id":13624,"date":"2022-09-10T03:07:23","date_gmt":"2022-09-10T03:07:23","guid":{"rendered":"https:\/\/alterlock.net\/revue-feedback\/"},"modified":"2025-05-02T02:22:24","modified_gmt":"2025-05-02T02:22:24","slug":"review-feedback","status":"publish","type":"page","link":"https:\/\/alterlock.net\/fr\/review-feedback","title":{"rendered":"Examen et commentaires"},"content":{"rendered":"\n<div class=\"wp-block-cover alignfull is-light has-custom-content-position is-position-bottom-center page-title-cover\" style=\"min-height:320px;aspect-ratio:unset;\"><span aria-hidden=\"true\" class=\"wp-block-cover__background has-background-dim-100 has-background-dim has-background-gradient\" style=\"background:linear-gradient(135deg,rgb(1,160,196) 17%,rgb(1,67,153) 67%)\"><\/span><div class=\"wp-block-cover__inner-container is-layout-flow wp-block-cover-is-layout-flow\">\n<h1 class=\"wp-block-heading has-text-align-left has-ast-global-color-6-color has-text-color\">Examen et commentaires<\/h1>\n\n\n\n<p class=\"has-ast-global-color-6-color has-text-color\"><\/p>\n<\/div><\/div>\n\n<div class=\"wp-block-group alignfull is-layout-constrained wp-container-core-group-is-layout-f92d921b wp-block-group-is-layout-constrained\">\n<p>Nous vous remercions d&rsquo;utiliser AlterLock.<br\/>Si vous appr\u00e9ciez notre application ou notre service, nous vous serions reconnaissants de bien vouloir nous faire part de votre opinion dans votre \u00e9valuation.<\/p>\n\n\n\n<div class=\"wp-block-uagb-star-rating uagb-block-ec9d390e\"><div class=\"uag-star-rating\" title=\"5\/5\"><span class=\"uag-star\">\u2605<\/span><span class=\"uag-star\">\u2605<\/span><span class=\"uag-star\">\u2605<\/span><span class=\"uag-star\">\u2605<\/span><span class=\"uag-star\">\u2605<\/span><\/div><\/div>\n\n\n\n<div class=\"wp-block-buttons is-vertical is-content-justification-center is-layout-flex wp-container-core-buttons-is-layout-ce155fab wp-block-buttons-is-layout-flex\">\n<div class=\"wp-block-button has-custom-width wp-block-button__width-100\"><a class=\"wp-block-button__link wp-element-button\" href=\"https:\/\/itunes.apple.com\/gb\/app\/itunes-u\/id1418389534?action=write-review\" target=\"_blank\" rel=\"noreferrer noopener\">\u00c9crire un commentaire (iOS)<\/a><\/div>\n\n\n\n<div class=\"wp-block-button has-custom-width wp-block-button__width-100\"><a class=\"wp-block-button__link wp-element-button\" href=\"https:\/\/play.google.com\/store\/apps\/details?id=net.nextscape.alterlock\" target=\"_blank\" rel=\"noreferrer noopener\">\u00c9crire un commentaire (Android)<\/a><\/div>\n<\/div>\n\n\n\n<div class=\"wp-block-uagb-separator uagb-block-8e81a3d6\"><div class=\"wp-block-uagb-separator__inner\" style=\"--my-background-image:\"><\/div><\/div>\n\n\n\n<h3 class=\"wp-block-heading has-text-align-center\">Envoyez vos commentaires<\/h3>\n\n\n\n<p>Si vous rencontrez des probl\u00e8mes ou avez des suggestions, nous vous serions reconnaissants de nous en faire part.<br\/>\u00c9tant donn\u00e9 que ce formulaire ne contient pas d&rsquo;informations personnelles, <strong><i><mark style=\"background-color:rgba(0, 0, 0, 0)\" class=\"has-inline-color has-ast-global-color-1-color\">nous ne sommes pas en mesure de fournir des r\u00e9ponses individuelles.<\/mark><\/i><\/strong><br\/>Si vous avez besoin d&rsquo;assistance ou d&rsquo;une r\u00e9ponse, veuillez nous contacter via le menu &lsquo;Support&rsquo;.<\/p>\n\n\n<div class=\"wpforms-container wpforms-container-full wpforms-block wpforms-block-2ab5a4d1-dee5-45ad-b247-8cf03f15f3cd\" id=\"wpforms-773\"><form id=\"wpforms-form-773\" class=\"wpforms-validate wpforms-form wpforms-ajax-form\" data-formid=\"773\" method=\"post\" enctype=\"multipart\/form-data\" action=\"\/fr\/wp-json\/wp\/v2\/pages\/13624\" data-token=\"1eb1608cc9cf9938539db0633473feff\" data-token-time=\"1777572297\"><noscript class=\"wpforms-error-noscript\">Veuillez activer JavaScript dans votre navigateur pour remplir ce formulaire.<\/noscript><div class=\"wpforms-field-container\"><div id=\"wpforms-773-field_1-container\" class=\"wpforms-field wpforms-field-radio\" data-field-id=\"1\"><ul id=\"wpforms-773-field_1\" class=\"wpforms-field-required\"><li class=\"choice-1 depth-1\"><input type=\"radio\" id=\"wpforms-773-field_1_1\" name=\"wpforms[fields][1]\" value=\"A propos de l&#039;appareil\" required ><label class=\"wpforms-field-label-inline\" for=\"wpforms-773-field_1_1\">A propos de l&rsquo;appareil<\/label><\/li><li class=\"choice-2 depth-1\"><input type=\"radio\" id=\"wpforms-773-field_1_2\" name=\"wpforms[fields][1]\" value=\"\u00c0 propos de l&#039;application\" required ><label class=\"wpforms-field-label-inline\" for=\"wpforms-773-field_1_2\">\u00c0 propos de l&rsquo;application<\/label><\/li><li class=\"choice-3 depth-1\"><input type=\"radio\" id=\"wpforms-773-field_1_3\" name=\"wpforms[fields][1]\" value=\"Erreurs d&#039;orthographe et de description\" required ><label class=\"wpforms-field-label-inline\" for=\"wpforms-773-field_1_3\">Erreurs d&rsquo;orthographe et de description<\/label><\/li><li class=\"choice-4 depth-1\"><input type=\"radio\" id=\"wpforms-773-field_1_4\" name=\"wpforms[fields][1]\" value=\"Autres\" required ><label class=\"wpforms-field-label-inline\" for=\"wpforms-773-field_1_4\">Autres<\/label><\/li><\/ul><\/div><div id=\"wpforms-773-field_2-container\" class=\"wpforms-field wpforms-field-textarea\" data-field-id=\"2\"><label class=\"wpforms-field-label\" for=\"wpforms-773-field_2\">D\u00e9tails de votre avis\/demande <span class=\"wpforms-required-label\">*<\/span><\/label><textarea id=\"wpforms-773-field_2\" class=\"wpforms-field-medium wpforms-field-required\" name=\"wpforms[fields][2]\" required><\/textarea><\/div><div id=\"wpforms-773-field_3-container\" class=\"wpforms-field wpforms-field-hidden\" data-field-id=\"3\"><input type=\"hidden\" id=\"wpforms-773-field_3\" name=\"wpforms[fields][3]\"><\/div><div id=\"wpforms-773-field_4-container\" class=\"wpforms-field wpforms-field-hidden\" data-field-id=\"4\"><input type=\"hidden\" id=\"wpforms-773-field_4\" name=\"wpforms[fields][4]\"><\/div><\/div><!-- .wpforms-field-container --><div class=\"wpforms-submit-container\" ><input type=\"hidden\" name=\"wpforms[id]\" value=\"773\"><input type=\"hidden\" name=\"page_title\" value=\"\"><input type=\"hidden\" name=\"page_url\" value=\"https:\/\/alterlock.net\/fr\/wp-json\/wp\/v2\/pages\/13624\"><input type=\"hidden\" name=\"url_referer\" value=\"\"><button type=\"submit\" name=\"wpforms[submit]\" id=\"wpforms-submit-773\" class=\"wpforms-submit\" data-alt-text=\"Envoi...\" data-submit-text=\"Envoyer\" aria-live=\"assertive\" value=\"wpforms-submit\">Envoyer<\/button><img loading=\"lazy\" decoding=\"async\" src=\"https:\/\/alterlock.net\/wp-content\/plugins\/wpforms\/assets\/images\/submit-spin.svg\" class=\"wpforms-submit-spinner\" style=\"display: none;\" width=\"26\" height=\"26\" alt=\"Chargement en cours\"><\/div><\/form><\/div>  <!-- .wpforms-container --><\/div>\n","protected":false},"excerpt":{"rendered":"<p>Nous vous remercions d&rsquo;utiliser AlterLock.Si vous appr\u00e9ciez notre application ou notre service, nous vous serions reconnaissants de bien vouloir nous faire part de votre opinion dans votre \u00e9valuation. Envoyez vos commentaires Si vous rencontrez des probl\u00e8mes ou avez des suggestions, nous vous serions reconnaissants de nous en faire part.\u00c9tant donn\u00e9 que ce formulaire ne contient [&hellip;]<\/p>\n","protected":false},"author":1,"featured_media":0,"parent":0,"menu_order":0,"comment_status":"closed","ping_status":"closed","template":"","meta":{"_seopress_robots_primary_cat":"","_seopress_titles_title":"","_seopress_titles_desc":"","_seopress_robots_index":"","_uag_custom_page_level_css":"","site-sidebar-layout":"default","site-content-layout":"","ast-site-content-layout":"default","site-content-style":"default","site-sidebar-style":"default","ast-global-header-display":"","ast-banner-title-visibility":"","ast-main-header-display":"","ast-hfb-above-header-display":"","ast-hfb-below-header-display":"","ast-hfb-mobile-header-display":"","site-post-title":"disabled","ast-breadcrumbs-content":"","ast-featured-img":"","footer-sml-layout":"","ast-disable-related-posts":"","theme-transparent-header-meta":"","adv-header-id-meta":"","stick-header-meta":"","header-above-stick-meta":"","header-main-stick-meta":"","header-below-stick-meta":"","astra-migrate-meta-layouts":"default","ast-page-background-enabled":"default","ast-page-background-meta":{"desktop":{"background-color":"var(--ast-global-color-4)","background-image":"","background-repeat":"repeat","background-position":"center center","background-size":"auto","background-attachment":"scroll","background-type":"","background-media":"","overlay-type":"","overlay-color":"","overlay-opacity":"","overlay-gradient":""},"tablet":{"background-color":"","background-image":"","background-repeat":"repeat","background-position":"center center","background-size":"auto","background-attachment":"scroll","background-type":"","background-media":"","overlay-type":"","overlay-color":"","overlay-opacity":"","overlay-gradient":""},"mobile":{"background-color":"","background-image":"","background-repeat":"repeat","background-position":"center center","background-size":"auto","background-attachment":"scroll","background-type":"","background-media":"","overlay-type":"","overlay-color":"","overlay-opacity":"","overlay-gradient":""}},"ast-content-background-meta":{"desktop":{"background-color":"var(--ast-global-color-5)","background-image":"","background-repeat":"repeat","background-position":"center center","background-size":"auto","background-attachment":"scroll","background-type":"","background-media":"","overlay-type":"","overlay-color":"","overlay-opacity":"","overlay-gradient":""},"tablet":{"background-color":"var(--ast-global-color-5)","background-image":"","background-repeat":"repeat","background-position":"center center","background-size":"auto","background-attachment":"scroll","background-type":"","background-media":"","overlay-type":"","overlay-color":"","overlay-opacity":"","overlay-gradient":""},"mobile":{"background-color":"var(--ast-global-color-5)","background-image":"","background-repeat":"repeat","background-position":"center center","background-size":"auto","background-attachment":"scroll","background-type":"","background-media":"","overlay-type":"","overlay-color":"","overlay-opacity":"","overlay-gradient":""}},"footnotes":""},"class_list":["post-13624","page","type-page","status-publish","hentry"],"uagb_featured_image_src":{"full":false,"thumbnail":false,"medium":false,"medium_large":false,"large":false,"1536x1536":false,"2048x2048":false,"woocommerce_thumbnail":false,"woocommerce_single":false,"woocommerce_gallery_thumbnail":false},"uagb_author_info":{"display_name":"Site Manager","author_link":"https:\/\/alterlock.net\/fr\/author\/siteadmin"},"uagb_comment_info":0,"uagb_excerpt":"Nous vous remercions d&rsquo;utiliser AlterLock.Si vous appr\u00e9ciez notre application ou notre service, nous vous serions reconnaissants de bien vouloir nous faire part de votre opinion dans votre \u00e9valuation. Envoyez vos commentaires Si vous rencontrez des probl\u00e8mes ou avez des suggestions, nous vous serions reconnaissants de nous en faire part.\u00c9tant donn\u00e9 que ce formulaire ne contient\u2026","_links":{"self":[{"href":"https:\/\/alterlock.net\/fr\/wp-json\/wp\/v2\/pages\/13624","targetHints":{"allow":["GET"]}}],"collection":[{"href":"https:\/\/alterlock.net\/fr\/wp-json\/wp\/v2\/pages"}],"about":[{"href":"https:\/\/alterlock.net\/fr\/wp-json\/wp\/v2\/types\/page"}],"author":[{"embeddable":true,"href":"https:\/\/alterlock.net\/fr\/wp-json\/wp\/v2\/users\/1"}],"replies":[{"embeddable":true,"href":"https:\/\/alterlock.net\/fr\/wp-json\/wp\/v2\/comments?post=13624"}],"version-history":[{"count":20,"href":"https:\/\/alterlock.net\/fr\/wp-json\/wp\/v2\/pages\/13624\/revisions"}],"predecessor-version":[{"id":27178,"href":"https:\/\/alterlock.net\/fr\/wp-json\/wp\/v2\/pages\/13624\/revisions\/27178"}],"wp:attachment":[{"href":"https:\/\/alterlock.net\/fr\/wp-json\/wp\/v2\/media?parent=13624"}],"curies":[{"name":"wp","href":"https:\/\/api.w.org\/{rel}","templated":true}]}}