{"id":13682,"date":"2022-09-10T06:49:14","date_gmt":"2022-09-10T06:49:14","guid":{"rendered":"https:\/\/alterlock.net\/transmission-periodique\/"},"modified":"2025-01-09T02:31:45","modified_gmt":"2025-01-09T02:31:45","slug":"periodic-transmission","status":"publish","type":"page","link":"https:\/\/alterlock.net\/fr\/user-manual\/alterlock-gen2\/periodic-transmission","title":{"rendered":"Transmission p\u00e9riodique"},"content":{"rendered":"\n<div class=\"wp-block-cover alignfull is-light has-custom-content-position is-position-bottom-center page-title-cover\" style=\"min-height:320px;aspect-ratio:unset;\"><span aria-hidden=\"true\" class=\"wp-block-cover__background has-background-dim-100 has-background-dim has-background-gradient\" style=\"background:linear-gradient(135deg,rgb(1,160,196) 17%,rgb(1,67,153) 67%)\"><\/span><div class=\"wp-block-cover__inner-container is-layout-flow wp-block-cover-is-layout-flow\">\n<h1 class=\"wp-block-heading has-text-align-left has-ast-global-color-6-color has-text-color\">Transmission p\u00e9riodique<\/h1>\n\n\n\n<p class=\"has-ast-global-color-6-color has-text-color\">Utilisation de la transmission p\u00e9riodique avec AlterLock Gen2<\/p>\n<\/div><\/div>\n\n<div class=\"wp-block-group alignfull is-layout-constrained wp-container-core-group-is-layout-7bec18b8 wp-block-group-is-layout-constrained\">\n<p>La transmission p\u00e9riodique est une fonction qui a \u00e9t\u00e9 demand\u00e9e par de nombreux utilisateurs pour am\u00e9liorer la s\u00e9curit\u00e9 des dispositifs AlterLock.<\/p>\n\n\n\n<h3 class=\"wp-block-heading\" id=\"usage-scenarios-for-periodic-transmission-1\">Sc\u00e9narios d&rsquo;utilisation de la transmission p\u00e9riodique<\/h3>\n\n\n\n<p>Les sc\u00e9narios d&rsquo;utilisation suivants sont suppos\u00e9s.<\/p>\n\n\n\n<ul class=\"wp-block-list\">\n<li>Je suis inquiet \u00e0 l&rsquo;id\u00e9e de garer mon v\u00e9lo \u00e0 l&rsquo;ext\u00e9rieur pendant une longue p\u00e9riode. J&rsquo;aimerais donc conna\u00eetre p\u00e9riodiquement les informations de localisation, m\u00eame si aucune anomalie n&rsquo;est d\u00e9tect\u00e9e.<\/li>\n\n\n\n<li>Je livre mon v\u00e9lo et je veux obtenir p\u00e9riodiquement des donn\u00e9es de localisation.<\/li>\n\n\n\n<li>Je veux v\u00e9rifier l&rsquo;\u00e9tat de communication du dispositif AlterLock.<\/li>\n<\/ul>\n\n\n\n<h3 class=\"wp-block-heading\" id=\"periodic-transmission-behavior-2\">Comportement de transmission p\u00e9riodique<\/h3>\n\n\n\n<ul class=\"wp-block-list\">\n<li>Lorsque la transmission p\u00e9riodique est activ\u00e9e, les informations de localisation sont p\u00e9riodiquement localis\u00e9es et envoy\u00e9es m\u00eame si aucune anomalie n&rsquo;est d\u00e9tect\u00e9e, quel que soit l&rsquo;\u00e9tat verrouill\u00e9\/d\u00e9verrouill\u00e9.<\/li>\n\n\n\n<li>L&rsquo;intervalle de fonctionnement peut \u00eatre d\u00e9fini \u00e0 partir des param\u00e8tres de l&rsquo;appareil.<\/li>\n\n\n\n<li>M\u00eame pendant l&rsquo;op\u00e9ration de transmission p\u00e9riodique, l&rsquo;op\u00e9ration d&rsquo;alarme et de suivi par d\u00e9tection d&rsquo;anomalie est prioritaire en cas d&rsquo;\u00e9tat de verrouillage.<\/li>\n\n\n\n<li>Vous pouvez v\u00e9rifier l&rsquo;historique des informations de localisation \u00e0 partir de la rubrique <strong>Info localisation<\/strong> de l&rsquo;\u00e9cran principal.<\/li>\n<\/ul>\n\n\n\n<h3 class=\"wp-block-heading\" id=\"periodic-transmission-interval-3\">Intervalle de transmission p\u00e9riodique<\/h3>\n\n\n\n<p>L&rsquo;intervalle des transmissions p\u00e9riodiques peut \u00eatre r\u00e9gl\u00e9 entre 30 et 360 minutes dans les param\u00e8tres de l&rsquo;appareil.<\/p>\n\n\n\n<h3 class=\"wp-block-heading\" id=\"about-battery-consumption-4\">\u00c0 propos de la consommation de la batterie<\/h3>\n\n\n\n<p>L&rsquo;acquisition des informations de localisation consomme beaucoup d&rsquo;\u00e9nergie, c&rsquo;est pourquoi l&rsquo;activation de la transmission p\u00e9riodique pendant une longue p\u00e9riode r\u00e9duira le temps de fonctionnement de l&rsquo;appareil.<br\/>Nous vous recommandons de ne l&rsquo;activer qu&rsquo;en cas de n\u00e9cessit\u00e9, ou de r\u00e9gler l&rsquo;intervalle sur au moins 180 minutes.<\/p>\n\n\n\n<p>La dur\u00e9e de fonctionnement approximative de l&rsquo;appareil enti\u00e8rement charg\u00e9 dans chaque \u00e9tat est la suivante :<\/p>\n\n\n\n<figure class=\"wp-block-table aligncenter no-vertical-line\"><table><thead><tr><th class=\"has-text-align-center\" data-align=\"center\"><strong>\u00c9tat<\/strong><\/th><th class=\"has-text-align-center\" data-align=\"center\"><strong>Temps de fonctionnement<\/strong><\/th><\/tr><\/thead><tbody><tr><td class=\"has-text-align-center\" data-align=\"center\">Pas de transmission p\u00e9riodique<\/td><td class=\"has-text-align-center\" data-align=\"center\">35-45 jours<\/td><\/tr><tr><td class=\"has-text-align-center\" data-align=\"center\">Transmission p\u00e9riodique (60 minutes)<\/td><td class=\"has-text-align-center\" data-align=\"center\">7 \u00e0 15 jours<\/td><\/tr><tr><td class=\"has-text-align-center\" data-align=\"center\">Transmissions p\u00e9riodiques (180 mins)<\/td><td class=\"has-text-align-center\" data-align=\"center\">16-28 jours<\/td><\/tr><\/tbody><\/table><\/figure>\n<\/div>\n","protected":false},"excerpt":{"rendered":"<p>La transmission p\u00e9riodique est une fonction qui a \u00e9t\u00e9 demand\u00e9e par de nombreux utilisateurs pour am\u00e9liorer la s\u00e9curit\u00e9 des dispositifs AlterLock. Sc\u00e9narios d&rsquo;utilisation de la transmission p\u00e9riodique Les sc\u00e9narios d&rsquo;utilisation suivants sont suppos\u00e9s. Comportement de transmission p\u00e9riodique Intervalle de transmission p\u00e9riodique L&rsquo;intervalle des transmissions p\u00e9riodiques peut \u00eatre r\u00e9gl\u00e9 entre 30 et 360 minutes dans les [&hellip;]<\/p>\n","protected":false},"author":1,"featured_media":0,"parent":14638,"menu_order":0,"comment_status":"closed","ping_status":"closed","template":"","meta":{"_seopress_robots_primary_cat":"","_seopress_titles_title":"","_seopress_titles_desc":"","_seopress_robots_index":"","_uag_custom_page_level_css":"","site-sidebar-layout":"default","site-content-layout":"","ast-site-content-layout":"default","site-content-style":"default","site-sidebar-style":"default","ast-global-header-display":"","ast-banner-title-visibility":"","ast-main-header-display":"","ast-hfb-above-header-display":"","ast-hfb-below-header-display":"","ast-hfb-mobile-header-display":"","site-post-title":"disabled","ast-breadcrumbs-content":"","ast-featured-img":"","footer-sml-layout":"","ast-disable-related-posts":"","theme-transparent-header-meta":"","adv-header-id-meta":"","stick-header-meta":"","header-above-stick-meta":"","header-main-stick-meta":"","header-below-stick-meta":"","astra-migrate-meta-layouts":"default","ast-page-background-enabled":"default","ast-page-background-meta":{"desktop":{"background-color":"var(--ast-global-color-4)","background-image":"","background-repeat":"repeat","background-position":"center center","background-size":"auto","background-attachment":"scroll","background-type":"","background-media":"","overlay-type":"","overlay-color":"","overlay-opacity":"","overlay-gradient":""},"tablet":{"background-color":"","background-image":"","background-repeat":"repeat","background-position":"center center","background-size":"auto","background-attachment":"scroll","background-type":"","background-media":"","overlay-type":"","overlay-color":"","overlay-opacity":"","overlay-gradient":""},"mobile":{"background-color":"","background-image":"","background-repeat":"repeat","background-position":"center center","background-size":"auto","background-attachment":"scroll","background-type":"","background-media":"","overlay-type":"","overlay-color":"","overlay-opacity":"","overlay-gradient":""}},"ast-content-background-meta":{"desktop":{"background-color":"var(--ast-global-color-5)","background-image":"","background-repeat":"repeat","background-position":"center center","background-size":"auto","background-attachment":"scroll","background-type":"","background-media":"","overlay-type":"","overlay-color":"","overlay-opacity":"","overlay-gradient":""},"tablet":{"background-color":"var(--ast-global-color-5)","background-image":"","background-repeat":"repeat","background-position":"center center","background-size":"auto","background-attachment":"scroll","background-type":"","background-media":"","overlay-type":"","overlay-color":"","overlay-opacity":"","overlay-gradient":""},"mobile":{"background-color":"var(--ast-global-color-5)","background-image":"","background-repeat":"repeat","background-position":"center center","background-size":"auto","background-attachment":"scroll","background-type":"","background-media":"","overlay-type":"","overlay-color":"","overlay-opacity":"","overlay-gradient":""}},"footnotes":""},"class_list":["post-13682","page","type-page","status-publish","hentry"],"uagb_featured_image_src":{"full":false,"thumbnail":false,"medium":false,"medium_large":false,"large":false,"1536x1536":false,"2048x2048":false,"woocommerce_thumbnail":false,"woocommerce_single":false,"woocommerce_gallery_thumbnail":false},"uagb_author_info":{"display_name":"Site Manager","author_link":"https:\/\/alterlock.net\/fr\/author\/siteadmin"},"uagb_comment_info":0,"uagb_excerpt":"La transmission p\u00e9riodique est une fonction qui a \u00e9t\u00e9 demand\u00e9e par de nombreux utilisateurs pour am\u00e9liorer la s\u00e9curit\u00e9 des dispositifs AlterLock. Sc\u00e9narios d&rsquo;utilisation de la transmission p\u00e9riodique Les sc\u00e9narios d&rsquo;utilisation suivants sont suppos\u00e9s. Comportement de transmission p\u00e9riodique Intervalle de transmission p\u00e9riodique L&rsquo;intervalle des transmissions p\u00e9riodiques peut \u00eatre r\u00e9gl\u00e9 entre 30 et 360 minutes dans les\u2026","_links":{"self":[{"href":"https:\/\/alterlock.net\/fr\/wp-json\/wp\/v2\/pages\/13682","targetHints":{"allow":["GET"]}}],"collection":[{"href":"https:\/\/alterlock.net\/fr\/wp-json\/wp\/v2\/pages"}],"about":[{"href":"https:\/\/alterlock.net\/fr\/wp-json\/wp\/v2\/types\/page"}],"author":[{"embeddable":true,"href":"https:\/\/alterlock.net\/fr\/wp-json\/wp\/v2\/users\/1"}],"replies":[{"embeddable":true,"href":"https:\/\/alterlock.net\/fr\/wp-json\/wp\/v2\/comments?post=13682"}],"version-history":[{"count":11,"href":"https:\/\/alterlock.net\/fr\/wp-json\/wp\/v2\/pages\/13682\/revisions"}],"predecessor-version":[{"id":26311,"href":"https:\/\/alterlock.net\/fr\/wp-json\/wp\/v2\/pages\/13682\/revisions\/26311"}],"up":[{"embeddable":true,"href":"https:\/\/alterlock.net\/fr\/wp-json\/wp\/v2\/pages\/14638"}],"wp:attachment":[{"href":"https:\/\/alterlock.net\/fr\/wp-json\/wp\/v2\/media?parent=13682"}],"curies":[{"name":"wp","href":"https:\/\/api.w.org\/{rel}","templated":true}]}}