{"id":14628,"date":"2022-09-09T09:15:56","date_gmt":"2022-09-09T09:15:56","guid":{"rendered":"https:\/\/alterlock.net\/parametres-du-dispositif\/"},"modified":"2025-01-09T02:31:41","modified_gmt":"2025-01-09T02:31:41","slug":"device-settings","status":"publish","type":"page","link":"https:\/\/alterlock.net\/fr\/user-manual\/alterlock-gen2\/device-settings","title":{"rendered":"Advanced Settings"},"content":{"rendered":"\n<div class=\"wp-block-cover alignfull is-light has-custom-content-position is-position-bottom-center page-title-cover\" style=\"min-height:320px;aspect-ratio:unset;\"><span aria-hidden=\"true\" class=\"wp-block-cover__background has-background-dim-100 has-background-dim has-background-gradient\" style=\"background:linear-gradient(135deg,rgb(1,160,196) 17%,rgb(1,67,153) 67%)\"><\/span><div class=\"wp-block-cover__inner-container is-layout-flow wp-block-cover-is-layout-flow\">\n<h1 class=\"wp-block-heading has-text-align-left has-ast-global-color-6-color has-text-color\">Advanced Settings<\/h1>\n\n\n\n<p class=\"has-ast-global-color-6-color has-text-color\">En savoir plus sur les param\u00e8tres du dispositif pour AlterLock Gen2<\/p>\n<\/div><\/div>\n\n<div class=\"wp-block-group alignfull is-layout-constrained wp-container-core-group-is-layout-7bec18b8 wp-block-group-is-layout-constrained\">\t\t\t\t<div class=\"wp-block-uagb-table-of-contents uagb-toc__align-left uagb-toc__columns-2  uagb-block-6b80c669      \"\n\t\t\t\t\tdata-scroll= \"1\"\n\t\t\t\t\tdata-offset= \"80\"\n\t\t\t\t\tstyle=\"\"\n\t\t\t\t>\n\t\t\t\t<div class=\"uagb-toc__wrap\">\n\t\t\t\t\t\t<div class=\"uagb-toc__title\">\n\t\t\t\t\t\t\tTable of Contents\t\t\t\t\t\t<\/div>\n\t\t\t\t\t\t\t\t\t\t\t\t\t\t\t\t\t\t\t\t\t\t<div class=\"uagb-toc__list-wrap \">\n\t\t\t\t\t\t<ol class=\"uagb-toc__list\"><li class=\"uagb-toc__list\"><a href=\"#alarme\" class=\"uagb-toc-link__trigger\">Alarme<\/a><li class=\"uagb-toc__list\"><a href=\"#tonalit\u00e9-initiale-davertissement\" class=\"uagb-toc-link__trigger\">Tonalit\u00e9 initiale d&#039;avertissement<\/a><li class=\"uagb-toc__list\"><a href=\"#dur\u00e9e-de-lalarme\" class=\"uagb-toc-link__trigger\">Dur\u00e9e de l&#039;alarme<\/a><li class=\"uagb-toc__list\"><a href=\"#limite-dalarme\" class=\"uagb-toc-link__trigger\">Limite d&#039;alarme<\/a><li class=\"uagb-toc__list\"><a href=\"#arr\u00eat-automatique-de-lalarme\" class=\"uagb-toc-link__trigger\">Arr\u00eat automatique de l&#039;alarme<\/a><li class=\"uagb-toc__list\"><a href=\"#intervalle-de-transmission-p\u00e9riodique\" class=\"uagb-toc-link__trigger\">Intervalle de transmission p\u00e9riodique<\/a><li class=\"uagb-toc__list\"><a href=\"#notification-de-batterie-faible\" class=\"uagb-toc-link__trigger\">Notification de batterie faible<\/a><li class=\"uagb-toc__list\"><a href=\"#son-du-syst\u00e8me\" class=\"uagb-toc-link__trigger\">Son du syst\u00e8me<\/a><li class=\"uagb-toc__list\"><a href=\"#plage-de-fonctionnement-des-boutons\" class=\"uagb-toc-link__trigger\">Plage de fonctionnement des boutons<\/a><li class=\"uagb-toc__list\"><a href=\"#dispositif-de-lib\u00e9ration\" class=\"uagb-toc-link__trigger\">Dispositif de lib\u00e9ration<\/a><li class=\"uagb-toc__list\"><a href=\"#informations-sur-le-dispositif\" class=\"uagb-toc-link__trigger\">Informations sur le dispositif<\/a><\/ol>\t\t\t\t\t<\/div>\n\t\t\t\t\t\t\t\t\t<\/div>\n\t\t\t\t<\/div>\n\t\t\t\n\n\n<h2 class=\"wp-block-heading\" id=\"alarm-1\">Alarme<\/h2>\n\n\n\n<p>Vous pouvez d\u00e9finir si l&rsquo;appareil AlterLock \u00e9mettra ou non une alarme lorsqu&rsquo;un mouvement est d\u00e9tect\u00e9.<br\/>Le r\u00e9glage de l&rsquo;alarme est li\u00e9 au r\u00e9glage du premier son d&rsquo;avertissement.<\/p>\n\n\n\n<p>Si vous vous trouvez dans une zone o\u00f9 vous ne souhaitez pas que l&rsquo;alarme retentisse, il est recommand\u00e9 de la d\u00e9sactiver. La d\u00e9sactivation de l&rsquo;alarme n&rsquo;affecte pas les notifications d&rsquo;anomalies, le suivi ou d&rsquo;autres fonctions.<br\/>*Si vous souhaitez uniquement d\u00e9sactiver les notifications, acc\u00e9dez \u00e0 l&rsquo;onglet <strong>Contr\u00f4le<\/strong> sur l&rsquo;\u00e9cran principal et d\u00e9sactivez l&rsquo;option <strong>Notification<\/strong>.<\/p>\n\n\n\n<h2 class=\"wp-block-heading\" id=\"initial-warning-tone-2\">Tonalit\u00e9 initiale d&rsquo;avertissement<\/h2>\n\n\n\n<p>Vous pouvez d\u00e9finir si une tonalit\u00e9 d&rsquo;avertissement \u00e0 faible volume est \u00e9mise lors de la premi\u00e8re d\u00e9tection d&rsquo;une anomalie apr\u00e8s un \u00e9tat verrouill\u00e9.<br\/>Si vous d\u00e9sactivez cette fonction, une alarme \u00e0 volume maximal sera \u00e9mise la premi\u00e8re fois.<\/p>\n\n\n\n<p>Il est recommand\u00e9 de l&rsquo;activer dans les zones o\u00f9 des chocs sont susceptibles de se produire en raison de facteurs autres que le vol et o\u00f9 vous ne souhaitez pas que l&rsquo;alarme retentisse.<\/p>\n\n\n\n<h2 class=\"wp-block-heading\" id=\"alarm-duration-3\">Dur\u00e9e de l&rsquo;alarme<\/h2>\n\n\n\n<p>La dur\u00e9e de l&rsquo;alarme sonore du dispositif AlterLock lui-m\u00eame peut \u00eatre r\u00e9gl\u00e9e entre 5 secondes et 60 secondes par incr\u00e9ments de 5 secondes.<\/p>\n\n\n\n<h2 class=\"wp-block-heading\" id=\"alarm-limit-4\">Limite d&rsquo;alarme<\/h2>\n\n\n\n<p>Il est possible de r\u00e9gler le nombre de fois que l&rsquo;alarme retentira apr\u00e8s que l&rsquo;\u00e9tat de verrouillage a \u00e9t\u00e9 atteint, jusqu&rsquo;\u00e0 la premi\u00e8re d\u00e9tection d&rsquo;une erreur.<br\/>Si vous r\u00e9glez ce param\u00e8tre sur 1-3 fois, l&rsquo;alarme ne retentira pas et seule la fonction de suivi retentira apr\u00e8s ce nombre de fois.<br\/>Si vous r\u00e9glez ce param\u00e8tre sur illimit\u00e9, une alarme retentira chaque fois qu&rsquo;une d\u00e9tection est faite.<\/p>\n\n\n\n<p>Si vous souhaitez privil\u00e9gier la possibilit\u00e9 de pouvoir tracer l&rsquo;appareil en cas d&rsquo;enl\u00e8vement, r\u00e9glez-le sur 1 \u00e0 3 fois. Si vous le r\u00e9glez sur illimit\u00e9, l&rsquo;alarme se d\u00e9clenchera \u00e0 chaque fois et le temps de fonctionnement sera r\u00e9duit.<\/p>\n\n\n\n<h2 class=\"wp-block-heading\" id=\"alarm-off-automatically-5\">Arr\u00eat automatique de l&rsquo;alarme<\/h2>\n\n\n\n<p>Lorsqu&rsquo;elle est r\u00e9gl\u00e9e sur On, l&rsquo;alarme s&rsquo;\u00e9teint automatiquement lorsque la batterie de votre t\u00e9l\u00e9phone tombe en dessous de 10 %. De plus, l&rsquo;alarme revient \u00e0 \u00ab\u00a0S&rsquo;allume automatiquement lorsque la batterie du smartphone atteint 50 % ou plus\u00a0\u00bb.<\/p>\n\n\n\n<p>Si la batterie de votre smartphone est \u00e0 plat, vous ne pourrez pas faire fonctionner l&rsquo;\u00e9tat de verrouillage, il est donc recommand\u00e9 de le laisser allum\u00e9.<br\/>*Si vous avez d\u00e9sactiv\u00e9 manuellement l&rsquo;alarme, elle ne se remettra pas automatiquement en marche.<br\/>*Cette fonction ne fonctionne que pendant la connexion Bluetooth.<\/p>\n\n\n\n<h2 class=\"wp-block-heading\" id=\"periodic-transmission-interval-6\">Intervalle de transmission p\u00e9riodique<\/h2>\n\n\n\n<p>D\u00e9finissez l&rsquo;intervalle auquel les transmissions p\u00e9riodiques sont activ\u00e9es dans l&rsquo;\u00e9cran principal.<\/p>\n\n\n\n<p>Les transmissions p\u00e9riodiques ne doivent pas \u00eatre activ\u00e9es en permanence, car elles consomment davantage de batterie et r\u00e9duisent la dur\u00e9e de fonctionnement.<br\/>Si l&rsquo;appareil doit \u00eatre activ\u00e9 pendant une p\u00e9riode prolong\u00e9e, il est recommand\u00e9 de le r\u00e9gler sur 180 minutes ou plus afin de prolonger sa dur\u00e9e de fonctionnement.<\/p>\n\n\n\n<h2 class=\"wp-block-heading\" id=\"low-battery-notification-7\">Notification de batterie faible<\/h2>\n\n\n\n<p>Votre smartphone sera averti lorsque la batterie de votre dispositif AlterLock sera faible.<\/p>\n\n\n\n<p>*Les notifications ne sont disponibles que pendant la connexion Bluetooth.<\/p>\n\n\n\n<h2 class=\"wp-block-heading\" id=\"system-sound-8\">Son du syst\u00e8me<\/h2>\n\n\n\n<p>Vous pouvez activer et d\u00e9sactiver le son du syst\u00e8me lors du verrouillage et du d\u00e9verrouillage. Le son du syst\u00e8me est diffus\u00e9 une fois lors du verrouillage et deux fois lors du d\u00e9verrouillage.<\/p>\n\n\n\n<p>*Ind\u00e9pendamment de ce r\u00e9glage, le son du syst\u00e8me sera diffus\u00e9 lorsque le dispositif AlterLock est verrouill\u00e9 et d\u00e9verrouill\u00e9 par les boutons.<\/p>\n\n\n\n<h2 class=\"wp-block-heading\" id=\"button-operating-range-9\">Plage de fonctionnement des boutons<\/h2>\n\n\n\n<p>R\u00e9ajuste la port\u00e9e op\u00e9rationnelle du bouton de verrouillage et de d\u00e9verrouillage de l&rsquo;appareil AlterLock.<br\/>Appuyez sur <strong>Ajuster<\/strong>, puis placez le smartphone et l&rsquo;appareil AlterLock \u00e0 1 ou 2 m\u00e8tres l&rsquo;un de l&rsquo;autre et appuyez sur <strong>OK<\/strong>.<\/p>\n\n\n\n<p>*Le verrouillage\/d\u00e9verrouillage par le bouton de l&rsquo;appareil AlterLock fonctionne lorsqu&rsquo;il y a une connexion Bluetooth avec le smartphone et que l&rsquo;intensit\u00e9 du signal est sup\u00e9rieure \u00e0 la valeur d\u00e9finie.<br\/>L&rsquo;intensit\u00e9 du signal Bluetooth varie en fonction des conditions telles que l&rsquo;int\u00e9rieur ou l&rsquo;ext\u00e9rieur. Veuillez ajuster l&rsquo;intensit\u00e9 du signal dans votre environnement r\u00e9el pour v\u00e9rifier.<br\/>Si vous souhaitez d\u00e9sactiver cette fonction, veuillez ajuster l&rsquo;appareil AlterLock en contact \u00e9troit avec lui pour minimiser la port\u00e9e de fonctionnement du bouton. <\/p>\n\n\n\n<h2 class=\"wp-block-heading\" id=\"release-device-10\">Dispositif de lib\u00e9ration<\/h2>\n\n\n\n<p>Il est possible de lib\u00e9rer l&rsquo;appareil AlterLock enregistr\u00e9 sur votre smartphone.<br\/>L&rsquo;appareil lib\u00e9r\u00e9 peut \u00eatre utilis\u00e9 \u00e0 nouveau en effectuant l&rsquo;op\u00e9ration d&rsquo;enregistrement.<\/p>\n\n\n\n<p>*Si la connexion \u00e0 l&rsquo;appareil AlterLock est d\u00e9sactiv\u00e9e, vous pouvez <strong>forcer le d\u00e9blocage<\/strong>.<br\/>Comme l&rsquo;appareil peut se comporter de mani\u00e8re inattendue si vous le d\u00e9bloquez, ne le faites pas normalement.<\/p>\n\n\n\n<h2 class=\"wp-block-heading\" id=\"device-information-11\">Informations sur le dispositif<\/h2>\n\n\n\n<p>L&rsquo;ID de l&rsquo;appareil et la version du micrologiciel s&rsquo;affichent.<\/p>\n\n\n\n<p>Il est possible de mettre \u00e0 jour le micrologiciel vers la derni\u00e8re version ou de le r\u00e9installer.<br\/>La mise \u00e0 jour ou la r\u00e9installation du micrologiciel ne r\u00e9initialise pas les param\u00e8tres.<br\/>La mise \u00e0 jour du micrologiciel prend environ une minute sur iOS et environ deux minutes sur Android.<\/p>\n\n\n\n<p>*Veillez \u00e0 effectuer la mise \u00e0 jour du micrologiciel avec l&rsquo;alimentation USB et avec la DEL allum\u00e9e en rouge ou en bleu.<br\/>Si la mise \u00e0 jour du micrologiciel \u00e9choue et que vous ne parvenez pas \u00e0 vous reconnecter, appuyez sur le bouton de l&rsquo;appareil AlterLock et maintenez-le enfonc\u00e9 pendant au moins 10 secondes, puis r\u00e9essayez.<\/p>\n<\/div>\n","protected":false},"excerpt":{"rendered":"<p>Alarme Vous pouvez d\u00e9finir si l&rsquo;appareil AlterLock \u00e9mettra ou non une alarme lorsqu&rsquo;un mouvement est d\u00e9tect\u00e9.Le r\u00e9glage de l&rsquo;alarme est li\u00e9 au r\u00e9glage du premier son d&rsquo;avertissement. Si vous vous trouvez dans une zone o\u00f9 vous ne souhaitez pas que l&rsquo;alarme retentisse, il est recommand\u00e9 de la d\u00e9sactiver. La d\u00e9sactivation de l&rsquo;alarme n&rsquo;affecte pas les [&hellip;]<\/p>\n","protected":false},"author":1,"featured_media":0,"parent":14638,"menu_order":0,"comment_status":"closed","ping_status":"closed","template":"","meta":{"_seopress_robots_primary_cat":"","_seopress_titles_title":"","_seopress_titles_desc":"","_seopress_robots_index":"","_uag_custom_page_level_css":"","site-sidebar-layout":"default","site-content-layout":"","ast-site-content-layout":"default","site-content-style":"default","site-sidebar-style":"default","ast-global-header-display":"","ast-banner-title-visibility":"","ast-main-header-display":"","ast-hfb-above-header-display":"","ast-hfb-below-header-display":"","ast-hfb-mobile-header-display":"","site-post-title":"disabled","ast-breadcrumbs-content":"","ast-featured-img":"","footer-sml-layout":"","ast-disable-related-posts":"","theme-transparent-header-meta":"","adv-header-id-meta":"","stick-header-meta":"","header-above-stick-meta":"","header-main-stick-meta":"","header-below-stick-meta":"","astra-migrate-meta-layouts":"default","ast-page-background-enabled":"default","ast-page-background-meta":{"desktop":{"background-color":"var(--ast-global-color-4)","background-image":"","background-repeat":"repeat","background-position":"center center","background-size":"auto","background-attachment":"scroll","background-type":"","background-media":"","overlay-type":"","overlay-color":"","overlay-opacity":"","overlay-gradient":""},"tablet":{"background-color":"","background-image":"","background-repeat":"repeat","background-position":"center center","background-size":"auto","background-attachment":"scroll","background-type":"","background-media":"","overlay-type":"","overlay-color":"","overlay-opacity":"","overlay-gradient":""},"mobile":{"background-color":"","background-image":"","background-repeat":"repeat","background-position":"center center","background-size":"auto","background-attachment":"scroll","background-type":"","background-media":"","overlay-type":"","overlay-color":"","overlay-opacity":"","overlay-gradient":""}},"ast-content-background-meta":{"desktop":{"background-color":"var(--ast-global-color-5)","background-image":"","background-repeat":"repeat","background-position":"center center","background-size":"auto","background-attachment":"scroll","background-type":"","background-media":"","overlay-type":"","overlay-color":"","overlay-opacity":"","overlay-gradient":""},"tablet":{"background-color":"var(--ast-global-color-5)","background-image":"","background-repeat":"repeat","background-position":"center center","background-size":"auto","background-attachment":"scroll","background-type":"","background-media":"","overlay-type":"","overlay-color":"","overlay-opacity":"","overlay-gradient":""},"mobile":{"background-color":"var(--ast-global-color-5)","background-image":"","background-repeat":"repeat","background-position":"center center","background-size":"auto","background-attachment":"scroll","background-type":"","background-media":"","overlay-type":"","overlay-color":"","overlay-opacity":"","overlay-gradient":""}},"footnotes":""},"class_list":["post-14628","page","type-page","status-publish","hentry"],"uagb_featured_image_src":{"full":false,"thumbnail":false,"medium":false,"medium_large":false,"large":false,"1536x1536":false,"2048x2048":false,"woocommerce_thumbnail":false,"woocommerce_single":false,"woocommerce_gallery_thumbnail":false},"uagb_author_info":{"display_name":"Site Manager","author_link":"https:\/\/alterlock.net\/fr\/author\/siteadmin"},"uagb_comment_info":0,"uagb_excerpt":"Alarme Vous pouvez d\u00e9finir si l&rsquo;appareil AlterLock \u00e9mettra ou non une alarme lorsqu&rsquo;un mouvement est d\u00e9tect\u00e9.Le r\u00e9glage de l&rsquo;alarme est li\u00e9 au r\u00e9glage du premier son d&rsquo;avertissement. Si vous vous trouvez dans une zone o\u00f9 vous ne souhaitez pas que l&rsquo;alarme retentisse, il est recommand\u00e9 de la d\u00e9sactiver. La d\u00e9sactivation de l&rsquo;alarme n&rsquo;affecte pas les\u2026","_links":{"self":[{"href":"https:\/\/alterlock.net\/fr\/wp-json\/wp\/v2\/pages\/14628","targetHints":{"allow":["GET"]}}],"collection":[{"href":"https:\/\/alterlock.net\/fr\/wp-json\/wp\/v2\/pages"}],"about":[{"href":"https:\/\/alterlock.net\/fr\/wp-json\/wp\/v2\/types\/page"}],"author":[{"embeddable":true,"href":"https:\/\/alterlock.net\/fr\/wp-json\/wp\/v2\/users\/1"}],"replies":[{"embeddable":true,"href":"https:\/\/alterlock.net\/fr\/wp-json\/wp\/v2\/comments?post=14628"}],"version-history":[{"count":7,"href":"https:\/\/alterlock.net\/fr\/wp-json\/wp\/v2\/pages\/14628\/revisions"}],"predecessor-version":[{"id":26300,"href":"https:\/\/alterlock.net\/fr\/wp-json\/wp\/v2\/pages\/14628\/revisions\/26300"}],"up":[{"embeddable":true,"href":"https:\/\/alterlock.net\/fr\/wp-json\/wp\/v2\/pages\/14638"}],"wp:attachment":[{"href":"https:\/\/alterlock.net\/fr\/wp-json\/wp\/v2\/media?parent=14628"}],"curies":[{"name":"wp","href":"https:\/\/api.w.org\/{rel}","templated":true}]}}