{"id":16365,"date":"2022-11-18T07:24:11","date_gmt":"2022-11-18T07:24:11","guid":{"rendered":"https:\/\/alterlock.net\/politique-dexpedition\/"},"modified":"2025-01-09T02:25:33","modified_gmt":"2025-01-09T02:25:33","slug":"shipping-policy","status":"publish","type":"page","link":"https:\/\/alterlock.net\/fr\/shipping-policy","title":{"rendered":"Shipping policy"},"content":{"rendered":"\n<div class=\"wp-block-cover alignfull is-light has-custom-content-position is-position-bottom-center page-title-cover\" style=\"min-height:320px;aspect-ratio:unset;\"><span aria-hidden=\"true\" class=\"wp-block-cover__background has-background-dim-100 has-background-dim has-background-gradient\" style=\"background:linear-gradient(135deg,rgb(1,160,196) 17%,rgb(1,67,153) 67%)\"><\/span><div class=\"wp-block-cover__inner-container is-layout-flow wp-block-cover-is-layout-flow\">\n<h1 class=\"wp-block-heading has-text-align-left has-ast-global-color-6-color has-text-color\">Shipping policy<\/h1>\n\n\n\n<p class=\"has-ast-global-color-6-color has-text-color\"><\/p>\n<\/div><\/div>\n\n<div class=\"wp-block-group alignfull is-layout-constrained wp-container-core-group-is-layout-7bec18b8 wp-block-group-is-layout-constrained\">\t\t\t\t<div class=\"wp-block-uagb-table-of-contents uagb-toc__align-left uagb-toc__columns-2  uagb-block-6b80c669      \"\n\t\t\t\t\tdata-scroll= \"1\"\n\t\t\t\t\tdata-offset= \"80\"\n\t\t\t\t\tstyle=\"\"\n\t\t\t\t>\n\t\t\t\t<div class=\"uagb-toc__wrap\">\n\t\t\t\t\t\t<div class=\"uagb-toc__title\">\n\t\t\t\t\t\t\tTable of Contents\t\t\t\t\t\t<\/div>\n\t\t\t\t\t\t\t\t\t\t\t\t\t\t\t\t\t\t\t\t\t\t<div class=\"uagb-toc__list-wrap \">\n\t\t\t\t\t\t<ol class=\"uagb-toc__list\"><li class=\"uagb-toc__list\"><a href=\"#frais-dexp\u00e9dition\" class=\"uagb-toc-link__trigger\">Frais d&#039;exp\u00e9dition<\/a><li class=\"uagb-toc__list\"><a href=\"#mode-de-livraison\" class=\"uagb-toc-link__trigger\">Mode de livraison<\/a><li class=\"uagb-toc__list\"><a href=\"#nombre-de-jours-dexp\u00e9dition\" class=\"uagb-toc-link__trigger\">Nombre de jours d&#039;exp\u00e9dition<\/a><li class=\"uagb-toc__list\"><a href=\"#sp\u00e9cification-de-la-date-et-de-lheure\" class=\"uagb-toc-link__trigger\">Sp\u00e9cification de la date et de l&#039;heure<\/a><li class=\"uagb-toc__list\"><a href=\"#notes\" class=\"uagb-toc-link__trigger\">Notes.<\/a><\/ol>\t\t\t\t\t<\/div>\n\t\t\t\t\t\t\t\t\t<\/div>\n\t\t\t\t<\/div>\n\t\t\t\n\n\n<h3 class=\"wp-block-heading\" id=\"article-1-consent-to-alterlock-terms-of-service-3\">Frais d&rsquo;exp\u00e9dition<\/h3>\n\n\n\n<p>Gratuit *Certains produits sont exclus.<\/p>\n\n\n\n<h3 class=\"wp-block-heading\" id=\"article-2-use-of-the-services-4\">Mode de livraison<\/h3>\n\n\n\n<figure class=\"wp-block-table aligncenter no-vertical-line\"><table><thead><tr><th class=\"has-text-align-center\" data-align=\"center\">Pays<\/th><th class=\"has-text-align-center\" data-align=\"center\"><strong>Transporteur maritime<\/strong><\/th><\/tr><\/thead><tbody><tr><td class=\"has-text-align-center\" data-align=\"center\">Japon<\/td><td class=\"has-text-align-center\" data-align=\"center\">Japan Post, Sagawa Express, Yamato Transport<\/td><\/tr><tr><td class=\"has-text-align-center\" data-align=\"center\">Royaume-Uni<\/td><td class=\"has-text-align-center\" data-align=\"center\">Service multi-canal d&rsquo;Amazon (MCF)<\/td><\/tr><tr><td class=\"has-text-align-center\" data-align=\"center\">Pays de l&rsquo;UE<\/td><td class=\"has-text-align-center\" data-align=\"center\">Service multi-canal d&rsquo;Amazon (MCF)<\/td><\/tr><\/tbody><\/table><\/figure>\n\n\n\n<p>*Le transporteur de livraison ne peut pas \u00eatre sp\u00e9cifi\u00e9.<\/p>\n\n\n\n<h3 class=\"wp-block-heading\" id=\"article-3-use-of-the-services-by-minors-5\">Nombre de jours d&rsquo;exp\u00e9dition<\/h3>\n\n\n\n<figure class=\"wp-block-table aligncenter no-vertical-line\"><table><thead><tr><th class=\"has-text-align-center\" data-align=\"center\">Pays<\/th><th class=\"has-text-align-center\" data-align=\"center\"><strong>Transporteur maritime<\/strong><\/th><\/tr><\/thead><tbody><tr><td class=\"has-text-align-center\" data-align=\"center\">Japon<\/td><td class=\"has-text-align-center\" data-align=\"center\">Exp\u00e9dition dans les 2 \u00e0 3 jours ouvrables suivant la finalisation du paiement.<\/td><\/tr><tr><td class=\"has-text-align-center\" data-align=\"center\">Royaume-Uni<\/td><td class=\"has-text-align-center\" data-align=\"center\">Exp\u00e9dition dans les 2 \u00e0 3 jours ouvrables suivant la finalisation du paiement.<\/td><\/tr><tr><td class=\"has-text-align-center\" data-align=\"center\">Pays de l&rsquo;UE<\/td><td class=\"has-text-align-center\" data-align=\"center\">Exp\u00e9dition dans les 2 \u00e0 3 jours ouvrables suivant la finalisation du paiement.<\/td><\/tr><\/tbody><\/table><\/figure>\n\n\n\n<p>*Ceci ne s&rsquo;applique pas aux articles en pr\u00e9-commande et aux articles en attente d&rsquo;exp\u00e9dition. Veuillez consulter la page du produit pour conna\u00eetre la date de d\u00e9but d&rsquo;exp\u00e9dition.<\/p>\n\n\n\n<h3 class=\"wp-block-heading\" id=\"article-4-account-6\">Sp\u00e9cification de la date et de l&rsquo;heure<\/h3>\n\n\n\n<p>La date et l&rsquo;heure de la livraison ne peuvent \u00eatre pr\u00e9cis\u00e9es.<\/p>\n\n\n\n<h3 class=\"wp-block-heading\" id=\"article-5-error-or-inaccuracy-33\">Notes.<\/h3>\n\n\n\n<ul class=\"wp-block-list\">\n<li>La livraison peut \u00eatre retard\u00e9e en raison du trafic et des conditions m\u00e9t\u00e9orologiques.<\/li>\n\n\n\n<li>Veuillez noter qu&rsquo;il n&rsquo;est pas possible d&rsquo;apporter des modifications apr\u00e8s avoir pass\u00e9 une commande.<\/li>\n\n\n\n<li>En cas d&rsquo;absence prolong\u00e9e ou de refus de r\u00e9ception de la marchandise, le client peut se voir facturer les frais de retour et de manutention.<\/li>\n<\/ul>\n<\/div>\n","protected":false},"excerpt":{"rendered":"<p>Frais d&rsquo;exp\u00e9dition Gratuit *Certains produits sont exclus. Mode de livraison Pays Transporteur maritime Japon Japan Post, Sagawa Express, Yamato Transport Royaume-Uni Service multi-canal d&rsquo;Amazon (MCF) Pays de l&rsquo;UE Service multi-canal d&rsquo;Amazon (MCF) *Le transporteur de livraison ne peut pas \u00eatre sp\u00e9cifi\u00e9. Nombre de jours d&rsquo;exp\u00e9dition Pays Transporteur maritime Japon Exp\u00e9dition dans les 2 \u00e0 3 [&hellip;]<\/p>\n","protected":false},"author":1,"featured_media":0,"parent":0,"menu_order":0,"comment_status":"closed","ping_status":"closed","template":"","meta":{"_seopress_robots_primary_cat":"","_seopress_titles_title":"","_seopress_titles_desc":"","_seopress_robots_index":"","_uag_custom_page_level_css":"","site-sidebar-layout":"default","site-content-layout":"","ast-site-content-layout":"default","site-content-style":"default","site-sidebar-style":"default","ast-global-header-display":"","ast-banner-title-visibility":"","ast-main-header-display":"","ast-hfb-above-header-display":"","ast-hfb-below-header-display":"","ast-hfb-mobile-header-display":"","site-post-title":"disabled","ast-breadcrumbs-content":"","ast-featured-img":"","footer-sml-layout":"","ast-disable-related-posts":"","theme-transparent-header-meta":"","adv-header-id-meta":"","stick-header-meta":"","header-above-stick-meta":"","header-main-stick-meta":"","header-below-stick-meta":"","astra-migrate-meta-layouts":"default","ast-page-background-enabled":"default","ast-page-background-meta":{"desktop":{"background-color":"var(--ast-global-color-4)","background-image":"","background-repeat":"repeat","background-position":"center center","background-size":"auto","background-attachment":"scroll","background-type":"","background-media":"","overlay-type":"","overlay-color":"","overlay-opacity":"","overlay-gradient":""},"tablet":{"background-color":"","background-image":"","background-repeat":"repeat","background-position":"center center","background-size":"auto","background-attachment":"scroll","background-type":"","background-media":"","overlay-type":"","overlay-color":"","overlay-opacity":"","overlay-gradient":""},"mobile":{"background-color":"","background-image":"","background-repeat":"repeat","background-position":"center center","background-size":"auto","background-attachment":"scroll","background-type":"","background-media":"","overlay-type":"","overlay-color":"","overlay-opacity":"","overlay-gradient":""}},"ast-content-background-meta":{"desktop":{"background-color":"var(--ast-global-color-5)","background-image":"","background-repeat":"repeat","background-position":"center center","background-size":"auto","background-attachment":"scroll","background-type":"","background-media":"","overlay-type":"","overlay-color":"","overlay-opacity":"","overlay-gradient":""},"tablet":{"background-color":"var(--ast-global-color-5)","background-image":"","background-repeat":"repeat","background-position":"center center","background-size":"auto","background-attachment":"scroll","background-type":"","background-media":"","overlay-type":"","overlay-color":"","overlay-opacity":"","overlay-gradient":""},"mobile":{"background-color":"var(--ast-global-color-5)","background-image":"","background-repeat":"repeat","background-position":"center center","background-size":"auto","background-attachment":"scroll","background-type":"","background-media":"","overlay-type":"","overlay-color":"","overlay-opacity":"","overlay-gradient":""}},"footnotes":""},"class_list":["post-16365","page","type-page","status-publish","hentry"],"uagb_featured_image_src":{"full":false,"thumbnail":false,"medium":false,"medium_large":false,"large":false,"1536x1536":false,"2048x2048":false,"woocommerce_thumbnail":false,"woocommerce_single":false,"woocommerce_gallery_thumbnail":false},"uagb_author_info":{"display_name":"Site Manager","author_link":"https:\/\/alterlock.net\/fr\/author\/siteadmin"},"uagb_comment_info":0,"uagb_excerpt":"Frais d&rsquo;exp\u00e9dition Gratuit *Certains produits sont exclus. Mode de livraison Pays Transporteur maritime Japon Japan Post, Sagawa Express, Yamato Transport Royaume-Uni Service multi-canal d&rsquo;Amazon (MCF) Pays de l&rsquo;UE Service multi-canal d&rsquo;Amazon (MCF) *Le transporteur de livraison ne peut pas \u00eatre sp\u00e9cifi\u00e9. Nombre de jours d&rsquo;exp\u00e9dition Pays Transporteur maritime Japon Exp\u00e9dition dans les 2 \u00e0 3\u2026","_links":{"self":[{"href":"https:\/\/alterlock.net\/fr\/wp-json\/wp\/v2\/pages\/16365","targetHints":{"allow":["GET"]}}],"collection":[{"href":"https:\/\/alterlock.net\/fr\/wp-json\/wp\/v2\/pages"}],"about":[{"href":"https:\/\/alterlock.net\/fr\/wp-json\/wp\/v2\/types\/page"}],"author":[{"embeddable":true,"href":"https:\/\/alterlock.net\/fr\/wp-json\/wp\/v2\/users\/1"}],"replies":[{"embeddable":true,"href":"https:\/\/alterlock.net\/fr\/wp-json\/wp\/v2\/comments?post=16365"}],"version-history":[{"count":13,"href":"https:\/\/alterlock.net\/fr\/wp-json\/wp\/v2\/pages\/16365\/revisions"}],"predecessor-version":[{"id":26191,"href":"https:\/\/alterlock.net\/fr\/wp-json\/wp\/v2\/pages\/16365\/revisions\/26191"}],"wp:attachment":[{"href":"https:\/\/alterlock.net\/fr\/wp-json\/wp\/v2\/media?parent=16365"}],"curies":[{"name":"wp","href":"https:\/\/api.w.org\/{rel}","templated":true}]}}