{"id":21438,"date":"2024-03-06T04:00:27","date_gmt":"2024-03-06T04:00:27","guid":{"rendered":"https:\/\/alterlock.net\/?page_id=21438"},"modified":"2025-01-09T02:31:53","modified_gmt":"2025-01-09T02:31:53","slug":"device-settings","status":"publish","type":"page","link":"https:\/\/alterlock.net\/fr\/user-manual\/alterlock-gen3\/device-settings","title":{"rendered":"Advanced Settings"},"content":{"rendered":"\n<div class=\"wp-block-cover alignfull is-light has-custom-content-position is-position-bottom-center page-title-cover\" style=\"min-height:320px;aspect-ratio:unset;\"><span aria-hidden=\"true\" class=\"wp-block-cover__background has-background-dim-100 has-background-dim has-background-gradient\" style=\"background:linear-gradient(135deg,rgb(1,160,196) 17%,rgb(1,67,153) 67%)\"><\/span><div class=\"wp-block-cover__inner-container is-layout-flow wp-block-cover-is-layout-flow\">\n<h1 class=\"wp-block-heading has-text-align-left has-ast-global-color-6-color has-text-color\">Advanced Settings<\/h1>\n\n\n\n<p class=\"has-ast-global-color-6-color has-text-color\">En savoir plus sur les param\u00e8tres avanc\u00e9s d&rsquo;AlterLock Gen3.<\/p>\n<\/div><\/div>\n\n<div class=\"wp-block-group alignfull is-layout-constrained wp-container-core-group-is-layout-d3c951e3 wp-block-group-is-layout-constrained\">\t\t\t\t<div class=\"wp-block-uagb-table-of-contents uagb-toc__align-left uagb-toc__columns-2  uagb-block-6b80c669      \"\n\t\t\t\t\tdata-scroll= \"1\"\n\t\t\t\t\tdata-offset= \"80\"\n\t\t\t\t\tstyle=\"\"\n\t\t\t\t>\n\t\t\t\t<div class=\"uagb-toc__wrap\">\n\t\t\t\t\t\t<div class=\"uagb-toc__title\">\n\t\t\t\t\t\t\tTable of contents\t\t\t\t\t\t<\/div>\n\t\t\t\t\t\t\t\t\t\t\t\t\t\t\t\t\t\t\t\t\t\t<div class=\"uagb-toc__list-wrap \">\n\t\t\t\t\t\t<ol class=\"uagb-toc__list\"><li class=\"uagb-toc__list\"><a href=\"#alarme\" class=\"uagb-toc-link__trigger\">Alarme<\/a><ul class=\"uagb-toc__list\"><li class=\"uagb-toc__list\"><a href=\"#alarme\" class=\"uagb-toc-link__trigger\">Alarme<\/a><li class=\"uagb-toc__list\"><li class=\"uagb-toc__list\"><a href=\"#alarme-sonore\" class=\"uagb-toc-link__trigger\">Alarme sonore<\/a><li class=\"uagb-toc__list\"><li class=\"uagb-toc__list\"><a href=\"#dur\u00e9e-de-lalarme\" class=\"uagb-toc-link__trigger\">Dur\u00e9e de l&#039;alarme<\/a><li class=\"uagb-toc__list\"><li class=\"uagb-toc__list\"><a href=\"#limite-dalarme\" class=\"uagb-toc-link__trigger\">Limite d&#039;alarme<\/a><li class=\"uagb-toc__list\"><li class=\"uagb-toc__list\"><a href=\"#arr\u00eat-automatique-de-lalarme\" class=\"uagb-toc-link__trigger\">Arr\u00eat automatique de l&#039;alarme<\/a><\/li><\/ul><\/li><li class=\"uagb-toc__list\"><a href=\"#communication-mobile\" class=\"uagb-toc-link__trigger\">Communication mobile<\/a><ul class=\"uagb-toc__list\"><li class=\"uagb-toc__list\"><a href=\"#intervalle-de-transmission-p\u00e9riodique\" class=\"uagb-toc-link__trigger\">Intervalle de transmission p\u00e9riodique<\/a><\/li><\/ul><\/li><\/ul><\/li><li class=\"uagb-toc__list\"><a href=\"#notifications-et-sons-du-syst\u00e8me\" class=\"uagb-toc-link__trigger\">Notifications et sons du syst\u00e8me<\/a><ul class=\"uagb-toc__list\"><li class=\"uagb-toc__list\"><a href=\"#notification-sur-la-d\u00e9tection\" class=\"uagb-toc-link__trigger\">Notification sur la d\u00e9tection<\/a><li class=\"uagb-toc__list\"><li class=\"uagb-toc__list\"><a href=\"#notification-de-batterie-faible\" class=\"uagb-toc-link__trigger\">Notification de batterie faible<\/a><li class=\"uagb-toc__list\"><li class=\"uagb-toc__list\"><a href=\"#syst\u00e8me-sonore\" class=\"uagb-toc-link__trigger\">Syst\u00e8me sonore<\/a><\/li><\/ul><\/li><\/ul><\/li><\/ul><\/li><li class=\"uagb-toc__list\"><a href=\"#d\u00e9tection-des-collisions\" class=\"uagb-toc-link__trigger\">D\u00e9tection des collisions<\/a><ul class=\"uagb-toc__list\"><li class=\"uagb-toc__list\"><a href=\"#d\u00e9tection-des-collisions\" class=\"uagb-toc-link__trigger\">D\u00e9tection des collisions<\/a><li class=\"uagb-toc__list\"><li class=\"uagb-toc__list\"><a href=\"#contact-en-cas-durgence\" class=\"uagb-toc-link__trigger\">Contact en cas d&#039;urgence<\/a><\/li><\/ul><\/li><\/ul><\/li><\/ul><\/li><\/ul><\/li><li class=\"uagb-toc__list\"><a href=\"#dispositif\" class=\"uagb-toc-link__trigger\">Dispositif<\/a><ul class=\"uagb-toc__list\"><li class=\"uagb-toc__list\"><a href=\"#informations-sur-le-dispositif\" class=\"uagb-toc-link__trigger\">Informations sur le dispositif<\/a><li class=\"uagb-toc__list\"><li class=\"uagb-toc__list\"><a href=\"#mise-\u00e0-jour-du-micrologiciel\" class=\"uagb-toc-link__trigger\">Mise \u00e0 jour du micrologiciel<\/a><li class=\"uagb-toc__list\"><li class=\"uagb-toc__list\"><a href=\"#sensibilit\u00e9-des-boutons\" class=\"uagb-toc-link__trigger\">Sensibilit\u00e9 des boutons<\/a><li class=\"uagb-toc__list\"><li class=\"uagb-toc__list\"><a href=\"#verrouillage-automatique-sensibilit\u00e9\" class=\"uagb-toc-link__trigger\">Verrouillage automatique Sensibilit\u00e9<\/a><li class=\"uagb-toc__list\"><li class=\"uagb-toc__list\"><a href=\"#r\u00e9initialiser\" class=\"uagb-toc-link__trigger\">R\u00e9initialiser<\/a><li class=\"uagb-toc__list\"><li class=\"uagb-toc__list\"><a href=\"#fermeture\" class=\"uagb-toc-link__trigger\">Fermeture<\/a><li class=\"uagb-toc__list\"><li class=\"uagb-toc__list\"><a href=\"#dispositif-de-lib\u00e9ration\" class=\"uagb-toc-link__trigger\">Dispositif de lib\u00e9ration<\/a><\/ul><\/ul><\/ul><\/ul><\/ul><\/ol>\t\t\t\t\t<\/div>\n\t\t\t\t\t\t\t\t\t<\/div>\n\t\t\t\t<\/div>\n\t\t\t\n\n\n<h2 class=\"wp-block-heading\" id=\"alarm-1\">Alarme<\/h2>\n\n\n\n<h4 class=\"wp-block-heading\">Alarme<\/h4>\n\n\n\n<p>Vous pouvez d\u00e9finir si l&rsquo;appareil AlterLock \u00e9mettra ou non une alarme en cas de d\u00e9tection de mouvement.<br\/>Vous pouvez \u00e9galement choisir d&rsquo;utiliser un son d&rsquo;avertissement \u00e0 faible volume pour la premi\u00e8re d\u00e9tection apr\u00e8s le verrouillage.<\/p>\n\n\n\n<figure class=\"wp-block-table no-vertical-line\"><table><tbody><tr><td>Premier avertissement sonore et alarme sonore<\/td><td>La premi\u00e8re d\u00e9tection apr\u00e8s le verrouillage \u00e9met un son d&rsquo;avertissement de 10 secondes, suivi d&rsquo;une alarme forte de la deuxi\u00e8me d\u00e9tection.<\/td><\/tr><tr><td>Alarme sonore uniquement<\/td><td>Une alarme sonore retentit d\u00e8s la premi\u00e8re d\u00e9tection, sans avertissement sonore.<\/td><\/tr><tr><td>Aucun avertissement ou alarme n&rsquo;est \u00e9mis.<\/td><td>Ne d\u00e9clenche pas d&rsquo;alarme en cas de d\u00e9tection.\nSeules la notification \u00e0 l&rsquo;application et la localisation sont effectu\u00e9es. <\/td><\/tr><\/tbody><\/table><\/figure>\n\n\n\n<h4 class=\"wp-block-heading\">Alarme sonore<\/h4>\n\n\n\n<p>Vous avez le choix entre trois types d&rsquo;alarmes sonores.<br\/>Pour tester le son de l&rsquo;alarme, appuyez sur le bouton <strong>Test.<\/strong>  La tonalit\u00e9 d&rsquo;alarme s\u00e9lectionn\u00e9e retentit pendant 5 secondes.<\/p>\n\n\n\n<h4 class=\"wp-block-heading\">Dur\u00e9e de l&rsquo;alarme<\/h4>\n\n\n\n<p>Le temps de d\u00e9clenchement de l&rsquo;alarme peut \u00eatre r\u00e9gl\u00e9 entre 5 et 60 secondes par intervalle de 5 secondes.<br\/>*Nonobstant ce r\u00e9glage, la tonalit\u00e9 d&rsquo;avertissement initiale est toujours de 10 secondes par d\u00e9faut.<\/p>\n\n\n\n<h4 class=\"wp-block-heading\">Limite d&rsquo;alarme<\/h4>\n\n\n\n<p>Si le nombre de d\u00e9tections apr\u00e8s le verrouillage d\u00e9passe le nombre de fois d\u00e9fini, seul le suivi de l&#8217;emplacement est effectu\u00e9 sans d\u00e9clencher d&rsquo;alarme suppl\u00e9mentaire.<br\/>S&rsquo;il est r\u00e9gl\u00e9 entre 1 et 3 alarmes, l&rsquo;appareil n&rsquo;effectuera la fonction de suivi de l&#8217;emplacement sans d\u00e9clencher d&rsquo;alarme que lorsque le nombre de fois d\u00e9fini est d\u00e9pass\u00e9.<br\/>S&rsquo;il est r\u00e9gl\u00e9 sur illimit\u00e9, une alarme se d\u00e9clenchera \u00e0 chaque d\u00e9tection.<br\/>*Le nombre de fois inclut le premier son d&rsquo;avertissement.<\/p>\n\n\n\n<p>Par exemple, si le seuil d&rsquo;alarme est r\u00e9gl\u00e9 sur trois alarmes, le fonctionnement est le suivant :<br\/>1\u00e8re fois : avertissement sonore initial, 2\u00e8me fois : alarme sonore, 3\u00e8me fois : alarme sonore, 4\u00e8me fois et suivantes : suivi uniquement.<\/p>\n\n\n\n<p>Les restrictions en mati\u00e8re d&rsquo;alarme peuvent augmenter les chances de suivre votre v\u00e9hicule sans que le voleur s&rsquo;en aper\u00e7oive en cas de vol.<\/p>\n\n\n\n<h4 class=\"wp-block-heading\">Arr\u00eat automatique de l&rsquo;alarme<\/h4>\n\n\n\n<p>Les alarmes sont contr\u00f4l\u00e9es en fonction du niveau de batterie restant du smartphone.<br\/>Lorsqu&rsquo;elle est activ\u00e9e, elle fonctionne comme suit :<\/p>\n\n\n\n<ul class=\"wp-block-list\">\n<li>Batterie inf\u00e9rieure \u00e0 10 % : L&rsquo;alarme s&rsquo;\u00e9teint automatiquement<\/li>\n\n\n\n<li>Batterie sup\u00e9rieure \u00e0 50 % : retour aux r\u00e9glages initiaux de l&rsquo;alarme<\/li>\n<\/ul>\n\n\n\n<p>*Cette fonction ne fonctionne que lorsque l&rsquo;appareil est connect\u00e9 via Bluetooth.<\/p>\n\n\n\n<div class=\"wp-block-uagb-separator uagb-block-b79bcf82\"><div class=\"wp-block-uagb-separator__inner\" style=\"--my-background-image:\"><\/div><\/div>\n\n\n\n<h2 class=\"wp-block-heading\">Communication mobile<\/h2>\n\n\n\n<p>La fonction de communication mobile est automatiquement activ\u00e9e lorsque vous vous inscrivez au service.<br\/>Recevez des notifications et suivez votre position en dehors de la port\u00e9e Bluetooth via la communication LTE-M \/ NB IoT.<br\/>*La communication mobile est activ\u00e9e en enregistrant l&rsquo;appareil ou en le verrouillant apr\u00e8s l&rsquo;inscription au service.<\/p>\n\n\n\n<h4 class=\"wp-block-heading\" id=\"periodic-transmission-interval-6\">Intervalle de transmission p\u00e9riodique<\/h4>\n\n\n\n<p>Transmettre p\u00e9riodiquement des informations sur la localisation de l&rsquo;appareil via les communications mobiles.<br\/>Les intervalles de communication peuvent \u00eatre s\u00e9lectionn\u00e9s entre 6, 12 et 24 heures.<br\/>*L&rsquo;allongement de l&rsquo;intervalle de communication augmente la dur\u00e9e de fonctionnement de l&rsquo;appareil.<\/p>\n\n\n\n<div class=\"wp-block-uagb-separator uagb-block-863fd6fc\"><div class=\"wp-block-uagb-separator__inner\" style=\"--my-background-image:\"><\/div><\/div>\n\n\n\n<h2 class=\"wp-block-heading\">Notifications et sons du syst\u00e8me<\/h2>\n\n\n\n<h4 class=\"wp-block-heading\">Notification sur la d\u00e9tection<\/h4>\n\n\n\n<p>Notifiez votre smartphone lorsque l&rsquo;appareil d\u00e9tecte un mouvement.<br\/>Il est recommand\u00e9 de l&rsquo;activer en permanence afin d&rsquo;\u00eatre inform\u00e9 imm\u00e9diatement en cas de vol ou d&rsquo;autres circonstances inhabituelles.<\/p>\n\n\n\n<h4 class=\"wp-block-heading\" id=\"low-battery-notification-7\">Notification de batterie faible<\/h4>\n\n\n\n<p>Notifie le smartphone lorsque la batterie de l&rsquo;appareil est faible.<br\/>Cette fonction fonctionne lorsque l&rsquo;appareil est connect\u00e9 via Bluetooth.<\/p>\n\n\n\n<h4 class=\"wp-block-heading\" id=\"system-sound-8\">Syst\u00e8me sonore<\/h4>\n\n\n\n<p>Le son du syst\u00e8me peut \u00eatre activ\u00e9 ou d\u00e9sactiv\u00e9 lors du verrouillage\/d\u00e9verrouillage. Le syst\u00e8me \u00e9met un bip sonore une fois lors du verrouillage et deux fois lors du d\u00e9verrouillage.<\/p>\n\n\n\n<div class=\"wp-block-uagb-separator uagb-block-376245cc\"><div class=\"wp-block-uagb-separator__inner\" style=\"--my-background-image:\"><\/div><\/div>\n\n\n\n<h2 class=\"wp-block-heading\">D\u00e9tection des collisions<\/h2>\n\n\n\n<h4 class=\"wp-block-heading\">D\u00e9tection des collisions<\/h4>\n\n\n\n<p>Lorsqu&rsquo;elle est activ\u00e9e, la fonction de d\u00e9tection de collision envoie un message court avec des informations de localisation \u00e0 un contact d&rsquo;urgence sp\u00e9cifi\u00e9 lorsqu&rsquo;un impact et une chute importants sont d\u00e9tect\u00e9s.<br\/>Le contact d&rsquo;urgence doit \u00eatre configur\u00e9 \u00e0 l&rsquo;avance pour que cette fonction fonctionne correctement.<\/p>\n\n\n\n<h4 class=\"wp-block-heading\">Contact en cas d&rsquo;urgence<\/h4>\n\n\n\n<p>D\u00e9finissez les informations relatives \u00e0 la personne \u00e0 contacter en cas d&rsquo;urgence.<\/p>\n\n\n\n<ul class=\"wp-block-list\">\n<li>Num\u00e9ro de t\u00e9l\u00e9phone de la personne \u00e0 contacter en cas d&rsquo;urgence et informations sur le pays<\/li>\n\n\n\n<li>Nom \u00e0 afficher dans les messages de contact d&rsquo;urgence<\/li>\n<\/ul>\n\n\n\n<div class=\"wp-block-uagb-separator uagb-block-29355f04\"><div class=\"wp-block-uagb-separator__inner\" style=\"--my-background-image:\"><\/div><\/div>\n\n\n\n<h2 class=\"wp-block-heading\">Dispositif<\/h2>\n\n\n\n<h4 class=\"wp-block-heading\" id=\"device-information-11\">Informations sur le dispositif<\/h4>\n\n\n\n<p>Vous pouvez v\u00e9rifier l&rsquo;ID de l&rsquo;appareil et la version du micrologiciel.<br\/>Le nom de l&rsquo;appareil enregistr\u00e9 en tant qu&rsquo;appareil Bluetooth sur le smartphone est &lt;AlterLock3-deviceID&gt;.<\/p>\n\n\n\n<h4 class=\"wp-block-heading\">Mise \u00e0 jour du micrologiciel<\/h4>\n\n\n\n<p>Il est possible de mettre \u00e0 jour le micrologiciel ou de le r\u00e9installer.<br\/>Les r\u00e9glages sont conserv\u00e9s m\u00eame si le micrologiciel est mis \u00e0 jour.<br\/>La mise \u00e0 jour du micrologiciel prend environ une \u00e0 deux minutes.<\/p>\n\n\n\n<h4 class=\"wp-block-heading\" id=\"button-operating-range-9\">Sensibilit\u00e9 des boutons<\/h4>\n\n\n\n<p>R\u00e9glez la sensibilit\u00e9 de l&rsquo;action de verrouillage\/d\u00e9verrouillage par le bouton physique de l&rsquo;appareil.<br\/>La sensibilit\u00e9 est bas\u00e9e sur la force du signal Bluetooth entre le smartphone et l&rsquo;appareil.<\/p>\n\n\n\n<p>La force du signal Bluetooth varie en fonction du mod\u00e8le de smartphone et de l&rsquo;environnement d&rsquo;utilisation.<br\/>La force du signal est r\u00e9duite lorsque le smartphone est plac\u00e9 dans une poche.<br\/>Si le bouton ne r\u00e9pond pas bien dans l&rsquo;environnement d&rsquo;utilisation r\u00e9el, le r\u00e9glage du niveau de sensibilit\u00e9 plus bas peut permettre \u00e0 l&rsquo;appareil de r\u00e9pondre m\u00eame lorsque le signal Bluetooth du smartphone est faible.<br\/>Apr\u00e8s avoir modifi\u00e9 les param\u00e8tres, veuillez v\u00e9rifier dans l&rsquo;environnement d&rsquo;utilisation r\u00e9el.<\/p>\n\n\n\n<h4 class=\"wp-block-heading\">Verrouillage automatique Sensibilit\u00e9<\/h4>\n\n\n\n<p>R\u00e9glez la port\u00e9e et la sensibilit\u00e9 de la fonction de verrouillage\/d\u00e9verrouillage automatique.<br\/>La sensibilit\u00e9 est bas\u00e9e sur la force du signal Bluetooth entre le smartphone et l&rsquo;appareil.<\/p>\n\n\n\n<p>Si l&rsquo;appareil se bloque pendant la conduite, le fait de r\u00e9gler le niveau de sensibilit\u00e9 \u00e0 un niveau inf\u00e9rieur peut emp\u00eacher son activation involontaire. M\u00eame si vous le r\u00e9glez sur la valeur la plus \u00e9lev\u00e9e, il se verrouille lorsque le Bluetooth est d\u00e9connect\u00e9.<\/p>\n\n\n\n<h4 class=\"wp-block-heading\">R\u00e9initialiser<\/h4>\n\n\n\n<p>R\u00e9initialise tous les param\u00e8tres de l&rsquo;appareil \u00e0 leurs valeurs par d\u00e9faut. La connexion avec l&rsquo;appareil est maintenue.<\/p>\n\n\n\n<h4 class=\"wp-block-heading\">Fermeture<\/h4>\n\n\n\n<p>Arr\u00eater l&rsquo;appareil. Pour d\u00e9marrer l&rsquo;appareil, appuyez sur le bouton situ\u00e9 sur le c\u00f4t\u00e9 de l&rsquo;appareil et maintenez-le enfonc\u00e9 pendant 3 secondes.<br\/>Pour des raisons de s\u00e9curit\u00e9, il n&rsquo;est pas possible d&rsquo;arr\u00eater l&rsquo;appareil en appuyant sur le bouton de l&rsquo;unit\u00e9 principale. Veuillez \u00e9teindre l&rsquo;appareil via l&rsquo;application.<\/p>\n\n\n\n<h4 class=\"wp-block-heading\" id=\"release-device-10\">Dispositif de lib\u00e9ration<\/h4>\n\n\n\n<p>D\u00e9senregistrez les appareils AlterLock enregistr\u00e9s sur votre smartphone.<br\/>Les appareils peuvent \u00eatre r\u00e9enregistr\u00e9s et utilis\u00e9s \u00e0 nouveau sur le m\u00eame smartphone ou sur un autre.<\/p>\n\n\n\n<p>Pour les iPhones, apr\u00e8s avoir d\u00e9sactiv\u00e9 l&rsquo;appareil, veuillez \u00e9galement d\u00e9sactiver le couplage avec AlterLock dans les param\u00e8tres Bluetooth d&rsquo;iOS.<\/p>\n\n\n\n<p>Si la connexion Bluetooth avec l&rsquo;appareil AlterLock n&rsquo;est plus disponible, elle peut \u00eatre d\u00e9connect\u00e9e de force.<br\/>Pour r\u00e9enregistrer un appareil qui a \u00e9t\u00e9 d\u00e9sactiv\u00e9 de force, proc\u00e9dez \u00e0 une <a href=\"https:\/\/alterlock.net\/fr\/user-manual\/alterlock-gen3#factory-reset\" data-type=\"page\" data-id=\"19523\">r\u00e9initialisation d&rsquo;usine<\/a>.<\/p>\n<\/div>\n","protected":false},"excerpt":{"rendered":"<p>Alarme Alarme Vous pouvez d\u00e9finir si l&rsquo;appareil AlterLock \u00e9mettra ou non une alarme en cas de d\u00e9tection de mouvement.Vous pouvez \u00e9galement choisir d&rsquo;utiliser un son d&rsquo;avertissement \u00e0 faible volume pour la premi\u00e8re d\u00e9tection apr\u00e8s le verrouillage. Premier avertissement sonore et alarme sonore La premi\u00e8re d\u00e9tection apr\u00e8s le verrouillage \u00e9met un son d&rsquo;avertissement de 10 secondes, [&hellip;]<\/p>\n","protected":false},"author":1,"featured_media":698,"parent":21422,"menu_order":0,"comment_status":"closed","ping_status":"closed","template":"","meta":{"_seopress_robots_primary_cat":"","_seopress_titles_title":"","_seopress_titles_desc":"","_seopress_robots_index":"","_uag_custom_page_level_css":"","site-sidebar-layout":"default","site-content-layout":"","ast-site-content-layout":"default","site-content-style":"default","site-sidebar-style":"default","ast-global-header-display":"","ast-banner-title-visibility":"","ast-main-header-display":"","ast-hfb-above-header-display":"","ast-hfb-below-header-display":"","ast-hfb-mobile-header-display":"","site-post-title":"disabled","ast-breadcrumbs-content":"","ast-featured-img":"","footer-sml-layout":"","ast-disable-related-posts":"","theme-transparent-header-meta":"","adv-header-id-meta":"","stick-header-meta":"","header-above-stick-meta":"","header-main-stick-meta":"","header-below-stick-meta":"","astra-migrate-meta-layouts":"default","ast-page-background-enabled":"default","ast-page-background-meta":{"desktop":{"background-color":"var(--ast-global-color-4)","background-image":"","background-repeat":"repeat","background-position":"center center","background-size":"auto","background-attachment":"scroll","background-type":"","background-media":"","overlay-type":"","overlay-color":"","overlay-opacity":"","overlay-gradient":""},"tablet":{"background-color":"","background-image":"","background-repeat":"repeat","background-position":"center center","background-size":"auto","background-attachment":"scroll","background-type":"","background-media":"","overlay-type":"","overlay-color":"","overlay-opacity":"","overlay-gradient":""},"mobile":{"background-color":"","background-image":"","background-repeat":"repeat","background-position":"center center","background-size":"auto","background-attachment":"scroll","background-type":"","background-media":"","overlay-type":"","overlay-color":"","overlay-opacity":"","overlay-gradient":""}},"ast-content-background-meta":{"desktop":{"background-color":"var(--ast-global-color-5)","background-image":"","background-repeat":"repeat","background-position":"center center","background-size":"auto","background-attachment":"scroll","background-type":"","background-media":"","overlay-type":"","overlay-color":"","overlay-opacity":"","overlay-gradient":""},"tablet":{"background-color":"var(--ast-global-color-5)","background-image":"","background-repeat":"repeat","background-position":"center center","background-size":"auto","background-attachment":"scroll","background-type":"","background-media":"","overlay-type":"","overlay-color":"","overlay-opacity":"","overlay-gradient":""},"mobile":{"background-color":"var(--ast-global-color-5)","background-image":"","background-repeat":"repeat","background-position":"center center","background-size":"auto","background-attachment":"scroll","background-type":"","background-media":"","overlay-type":"","overlay-color":"","overlay-opacity":"","overlay-gradient":""}},"footnotes":""},"class_list":["post-21438","page","type-page","status-publish","has-post-thumbnail","hentry"],"uagb_featured_image_src":{"full":["https:\/\/alterlock.net\/wp-content\/uploads\/2022\/08\/OgImage.png",1200,630,false],"thumbnail":["https:\/\/alterlock.net\/wp-content\/uploads\/2022\/08\/OgImage-150x150.png",150,150,true],"medium":["https:\/\/alterlock.net\/wp-content\/uploads\/2022\/08\/OgImage-300x158.png",300,158,true],"medium_large":["https:\/\/alterlock.net\/wp-content\/uploads\/2022\/08\/OgImage-768x403.png",768,403,true],"large":["https:\/\/alterlock.net\/wp-content\/uploads\/2022\/08\/OgImage-1024x538.png",1024,538,true],"1536x1536":["https:\/\/alterlock.net\/wp-content\/uploads\/2022\/08\/OgImage.png",1200,630,false],"2048x2048":["https:\/\/alterlock.net\/wp-content\/uploads\/2022\/08\/OgImage.png",1200,630,false],"woocommerce_thumbnail":["https:\/\/alterlock.net\/wp-content\/uploads\/2022\/08\/OgImage-300x300.png",300,300,true],"woocommerce_single":["https:\/\/alterlock.net\/wp-content\/uploads\/2022\/08\/OgImage-600x315.png",600,315,true],"woocommerce_gallery_thumbnail":["https:\/\/alterlock.net\/wp-content\/uploads\/2022\/08\/OgImage-100x100.png",100,100,true]},"uagb_author_info":{"display_name":"Site Manager","author_link":"https:\/\/alterlock.net\/fr\/author\/siteadmin"},"uagb_comment_info":0,"uagb_excerpt":"Alarme Alarme Vous pouvez d\u00e9finir si l&rsquo;appareil AlterLock \u00e9mettra ou non une alarme en cas de d\u00e9tection de mouvement.Vous pouvez \u00e9galement choisir d&rsquo;utiliser un son d&rsquo;avertissement \u00e0 faible volume pour la premi\u00e8re d\u00e9tection apr\u00e8s le verrouillage. Premier avertissement sonore et alarme sonore La premi\u00e8re d\u00e9tection apr\u00e8s le verrouillage \u00e9met un son d&rsquo;avertissement de 10 secondes,\u2026","_links":{"self":[{"href":"https:\/\/alterlock.net\/fr\/wp-json\/wp\/v2\/pages\/21438","targetHints":{"allow":["GET"]}}],"collection":[{"href":"https:\/\/alterlock.net\/fr\/wp-json\/wp\/v2\/pages"}],"about":[{"href":"https:\/\/alterlock.net\/fr\/wp-json\/wp\/v2\/types\/page"}],"author":[{"embeddable":true,"href":"https:\/\/alterlock.net\/fr\/wp-json\/wp\/v2\/users\/1"}],"replies":[{"embeddable":true,"href":"https:\/\/alterlock.net\/fr\/wp-json\/wp\/v2\/comments?post=21438"}],"version-history":[{"count":8,"href":"https:\/\/alterlock.net\/fr\/wp-json\/wp\/v2\/pages\/21438\/revisions"}],"predecessor-version":[{"id":26323,"href":"https:\/\/alterlock.net\/fr\/wp-json\/wp\/v2\/pages\/21438\/revisions\/26323"}],"up":[{"embeddable":true,"href":"https:\/\/alterlock.net\/fr\/wp-json\/wp\/v2\/pages\/21422"}],"wp:featuredmedia":[{"embeddable":true,"href":"https:\/\/alterlock.net\/fr\/wp-json\/wp\/v2\/media\/698"}],"wp:attachment":[{"href":"https:\/\/alterlock.net\/fr\/wp-json\/wp\/v2\/media?parent=21438"}],"curies":[{"name":"wp","href":"https:\/\/api.w.org\/{rel}","templated":true}]}}