{"id":17208,"date":"2023-02-01T08:20:44","date_gmt":"2023-02-01T08:20:44","guid":{"rendered":"https:\/\/alterlock.net\/product\/alterlock"},"modified":"2025-11-18T12:44:56","modified_gmt":"2025-11-18T12:44:56","slug":"al02eb-eu","status":"publish","type":"product","link":"https:\/\/alterlock.net\/fr\/product\/al02eb-eu","title":{"rendered":"AlterLock Gen2"},"content":{"rendered":"<h2>Sp\u00e9cifications<\/h2>\n<p><strong>Taille :<\/strong> 159\u00d738\u00d79mm<br \/>\n<strong>Poids :<\/strong> 50 g<br \/>\n<strong>Type de batterie :<\/strong> Lithium polym\u00e8re<br \/>\n<strong>Autonomie de la batterie :<\/strong> jusqu&rsquo;\u00e0 1,5 mois\/charge *1<br \/>\n<strong>Prise de charge :<\/strong> USB Type-C *2<br \/>\n<strong>Temp\u00e9rature de fonctionnement :<\/strong> -20 &#8211; 60\u00b0C<br \/>\n<strong>Temp\u00e9rature de charge :<\/strong> 0 &#8211; 45\u00b0C<br \/>\n<strong>Communication :<\/strong> Bluetooth Low Energy \/ Sigfox<br \/>\n<strong>Suivi :<\/strong> GPS (GNSS) \/ Wi-Fi<br \/>\n<strong>Protection :<\/strong> \u00c9tanch\u00e9it\u00e9 \u00e0 l&rsquo;eau\/\u00e0 la poussi\u00e8re IP66<br \/>\n<sub>*1 Varie en fonction de l&rsquo;utilisation<br \/>\n*2 Le c\u00e2ble de chargement n&rsquo;est pas inclus.<\/sub><\/p>\n<hr>\n<h2>Foire Aux Questions<\/h2>\n<h4>AlterLock peut-il \u00eatre install\u00e9 sur n&rsquo;importe quel v\u00e9lo ?<\/h4>\n<p>AlterLock s&rsquo;adapte parfaitement aux bossages des porte-bidons de la plupart des v\u00e9los de sport et peut \u00eatre mont\u00e9 sous un porte-bidon.<\/p>\n<h4>L&rsquo;AlterLock peut-il \u00eatre facilement retir\u00e9 d&rsquo;un v\u00e9lo ?<\/h4>\n<p>Lorsqu&rsquo;il est en mode verrouillage, le retrait d&rsquo;un mouvement sera d\u00e9tect\u00e9 sur l&rsquo;appareil et d\u00e9clenchera une alarme qui sera notifi\u00e9e sur votre t\u00e9l\u00e9phone. Vous recevrez une notification et serez inform\u00e9 de toute tentative de retrait du dispositif.<\/p>\n<h4>Quelle est la diff\u00e9rence entre un traceur Bluetooth et AlterLock ?<\/h4>\n<p>Les trackers bas\u00e9s sur la technologie Bluetooth sont principalement destin\u00e9s \u00e0 pr\u00e9venir la perte d&rsquo;objets portables. Ils transmettent des informations de localisation lorsqu&rsquo;un smartphone se trouve \u00e0 proximit\u00e9, mais ne sont pas adapt\u00e9s au suivi des v\u00e9los en mouvement.<br \/>\nAlterLock dispose d&rsquo;une fonction de communication autonome et prend en charge le positionnement GPS \/ Wi-Fi, ce qui vous permet de suivre votre v\u00e9lo o\u00f9 que vous alliez.<\/p>\n<h4>AlterLock peut-il recevoir en permanence des donn\u00e9es GPS \u00e0 des fins de suivi ?<\/h4>\n<p>Ce produit \u00e9tant sp\u00e9cialis\u00e9 dans la pr\u00e9vention du vol, il ne peut pas \u00eatre utilis\u00e9 comme un traceur GPS affichant des informations de localisation en permanence. En activant le GPS apr\u00e8s avoir d\u00e9tect\u00e9 un mouvement en mode verrouillage, le produit peut \u00eatre utilis\u00e9 pour le suivi \u00e0 long terme avec une consommation d&rsquo;\u00e9nergie consid\u00e9rablement r\u00e9duite. <\/p>\n<h4>La sensibilit\u00e9 de l&rsquo;alarme sonore et de la d\u00e9tection de mouvement peut-elle \u00eatre r\u00e9gl\u00e9e ?<\/h4>\n<p>La dur\u00e9e de l&rsquo;alarme et la sensibilit\u00e9 de la d\u00e9tection de mouvement peuvent \u00eatre r\u00e9gl\u00e9es \u00e0 l&rsquo;aide de l&rsquo;appli AlterLock.<\/p>\n<h4>Zone de couverture des communications<\/h4>\n<p>Pour savoir si la zone dans laquelle vous essayez d&rsquo;utiliser AlterLock se trouve dans le rayon d&rsquo;action de Sigfox, veuillez consulter <a href=\"https:\/\/www.sigfox.com\/en\/coverage\">cette page.<\/a><br \/>\nLa version europ\u00e9enne est disponible dans les pays suivants :<br \/>\nAutriche, Belgique, Croatie, Danemark, Estonie, Finlande, France, Allemagne, Gr\u00e8ce, Irlande, Italie, Lettonie, Lituanie, Luxembourg, Pays-Bas, Pologne, Portugal, Espagne, Ukraine et Royaume-Uni.<\/p>\n","protected":false},"excerpt":{"rendered":"<p>AlterLock est un dispositif de s\u00e9curit\u00e9 de type alarme\/suivi GPS pour les v\u00e9los. Il vous permet de garder un \u0153il sur votre v\u00e9lo \u00e0 distance et vous avertit sur votre t\u00e9l\u00e9phone lorsque le dispositif d\u00e9tecte un mouvement alors que le v\u00e9lo est verrouill\u00e9. <\/p>\n<p>Pour plus d&rsquo;informations sur ce produit, veuillez consulter <a href=\"https:\/\/alterlock.net\/fr\/how-gen2-works\">ici<\/a>.<\/p>\n<ul>\n<li>Les frais de <a href=\"https:\/\/alterlock.net\/fr\/how-to-start-gen2\/\">service s&rsquo;appliquent<\/a> s\u00e9par\u00e9ment<\/li>\n<li>Gratuit pendant 30 jours pour la premi\u00e8re fois<\/li>\n<li>Pour toute question sur le produit, cliquez <a href=\"https:\/\/alterlock.net\/en\/support\/faq\">ici<\/a> <\/li>\n<\/ul>\n<h3>Frais d&rsquo;exp\u00e9dition et de manutention<\/h3>\n<p>Les marchandises sont exp\u00e9di\u00e9es depuis le Japon. Les livraisons internationales de marchandises peuvent \u00eatre soumises \u00e0 des formalit\u00e9s douani\u00e8res et \u00e0 des frais suppl\u00e9mentaires. <strong>La TVA europ\u00e9enne n&rsquo;est pas incluse<\/strong> dans le prix du produit. Des droits de douane, des frais divers et des taxes peuvent \u00eatre appliqu\u00e9s au moment de la livraison, en fonction des lois et r\u00e8glements de votre pays de r\u00e9sidence.<\/p>\n<p><span data-teams=\"true\">Si la livraison n&rsquo;est pas effectu\u00e9e pour une raison imputable au destinataire (par exemple, refus de payer les droits, taxes et autres frais impos\u00e9s par le gouvernement), nous accepterons les retours et rembourserons le prix d&rsquo;achat moins les frais de livraison et de retour.<\/span><\/p>\n","protected":false},"featured_media":871,"comment_status":"open","ping_status":"closed","template":"","meta":{"_seopress_robots_primary_cat":"none","_seopress_titles_title":"AlterLock Boutique officielle %%sep%% Alarme de d\u00e9tection de mouvement et dispositif de suivi GPS","_seopress_titles_desc":"AlterLock est un service de s\u00e9curit\u00e9 pour les v\u00e9los de sport. Il veille sur votre pr\u00e9cieux v\u00e9lo gr\u00e2ce \u00e0 des alarmes de d\u00e9tection et des notifications sur votre smartphone.  En cas de vol, le suivi GPS vous aide \u00e0 le retrouver. Votre aventure cycliste n'a jamais \u00e9t\u00e9 aussi s\u00fbre.","_seopress_robots_index":"oui","_uag_custom_page_level_css":"","site-sidebar-layout":"default","site-content-layout":"default","ast-site-content-layout":"default","site-content-style":"default","site-sidebar-style":"default","ast-global-header-display":"","ast-banner-title-visibility":"","ast-main-header-display":"","ast-hfb-above-header-display":"","ast-hfb-below-header-display":"","ast-hfb-mobile-header-display":"","site-post-title":"","ast-breadcrumbs-content":"","ast-featured-img":"","footer-sml-layout":"","ast-disable-related-posts":"","theme-transparent-header-meta":"default","adv-header-id-meta":"","stick-header-meta":"","header-above-stick-meta":"","header-main-stick-meta":"","header-below-stick-meta":"","astra-migrate-meta-layouts":"default","ast-page-background-enabled":"default","ast-page-background-meta":{"desktop":{"background-color":"var(--ast-global-color-4)","background-image":"","background-repeat":"repeat","background-position":"center center","background-size":"auto","background-attachment":"scroll","background-type":"","background-media":"","overlay-type":"","overlay-color":"","overlay-opacity":"","overlay-gradient":""},"tablet":{"background-color":"","background-image":"","background-repeat":"repeat","background-position":"center center","background-size":"auto","background-attachment":"scroll","background-type":"","background-media":"","overlay-type":"","overlay-color":"","overlay-opacity":"","overlay-gradient":""},"mobile":{"background-color":"","background-image":"","background-repeat":"repeat","background-position":"center center","background-size":"auto","background-attachment":"scroll","background-type":"","background-media":"","overlay-type":"","overlay-color":"","overlay-opacity":"","overlay-gradient":""}},"ast-content-background-meta":{"desktop":{"background-color":"var(--ast-global-color-5)","background-image":"","background-repeat":"repeat","background-position":"center center","background-size":"auto","background-attachment":"scroll","background-type":"","background-media":"","overlay-type":"","overlay-color":"","overlay-opacity":"","overlay-gradient":""},"tablet":{"background-color":"var(--ast-global-color-5)","background-image":"","background-repeat":"repeat","background-position":"center center","background-size":"auto","background-attachment":"scroll","background-type":"","background-media":"","overlay-type":"","overlay-color":"","overlay-opacity":"","overlay-gradient":""},"mobile":{"background-color":"var(--ast-global-color-5)","background-image":"","background-repeat":"repeat","background-position":"center center","background-size":"auto","background-attachment":"scroll","background-type":"","background-media":"","overlay-type":"","overlay-color":"","overlay-opacity":"","overlay-gradient":""}}},"product_brand":[],"product_cat":[146],"product_tag":[],"class_list":{"0":"post-17208","1":"product","2":"type-product","3":"status-publish","4":"has-post-thumbnail","6":"product_cat-anti-theft-devices-fr","7":"product_shipping_class-gen2-direct-fr","8":"desktop-align-left","9":"tablet-align-left","10":"mobile-align-left","12":"first","13":"outofstock","14":"taxable","15":"shipping-taxable","16":"purchasable","17":"product-type-simple"},"uagb_featured_image_src":{"full":["https:\/\/alterlock.net\/wp-content\/uploads\/2022\/09\/product01.png",1600,1600,false],"thumbnail":["https:\/\/alterlock.net\/wp-content\/uploads\/2022\/09\/product01-150x150.png",150,150,true],"medium":["https:\/\/alterlock.net\/wp-content\/uploads\/2022\/09\/product01-300x300.png",300,300,true],"medium_large":["https:\/\/alterlock.net\/wp-content\/uploads\/2022\/09\/product01-768x768.png",768,768,true],"large":["https:\/\/alterlock.net\/wp-content\/uploads\/2022\/09\/product01-1024x1024.png",1024,1024,true],"1536x1536":["https:\/\/alterlock.net\/wp-content\/uploads\/2022\/09\/product01-1536x1536.png",1536,1536,true],"2048x2048":["https:\/\/alterlock.net\/wp-content\/uploads\/2022\/09\/product01.png",1600,1600,false],"woocommerce_thumbnail":["https:\/\/alterlock.net\/wp-content\/uploads\/2022\/09\/product01-300x300.png",300,300,true],"woocommerce_single":["https:\/\/alterlock.net\/wp-content\/uploads\/2022\/09\/product01-600x600.png",600,600,true],"woocommerce_gallery_thumbnail":["https:\/\/alterlock.net\/wp-content\/uploads\/2022\/09\/product01-100x100.png",100,100,true]},"uagb_author_info":{"display_name":"Site Manager","author_link":"https:\/\/alterlock.net\/fr\/author"},"uagb_comment_info":158,"uagb_excerpt":"AlterLock est un dispositif de s\u00e9curit\u00e9 de type alarme\/suivi GPS pour les v\u00e9los. Il vous permet de garder un \u0153il sur votre v\u00e9lo \u00e0 distance et vous avertit sur votre t\u00e9l\u00e9phone lorsque le dispositif d\u00e9tecte un mouvement alors que le v\u00e9lo est verrouill\u00e9. Pour plus d'informations sur ce produit, veuillez consulter ici. Les frais de\u2026","_links":{"self":[{"href":"https:\/\/alterlock.net\/fr\/wp-json\/wp\/v2\/product\/17208","targetHints":{"allow":["GET"]}}],"collection":[{"href":"https:\/\/alterlock.net\/fr\/wp-json\/wp\/v2\/product"}],"about":[{"href":"https:\/\/alterlock.net\/fr\/wp-json\/wp\/v2\/types\/product"}],"replies":[{"embeddable":true,"href":"https:\/\/alterlock.net\/fr\/wp-json\/wp\/v2\/comments?post=17208"}],"wp:featuredmedia":[{"embeddable":true,"href":"https:\/\/alterlock.net\/fr\/wp-json\/wp\/v2\/media\/871"}],"wp:attachment":[{"href":"https:\/\/alterlock.net\/fr\/wp-json\/wp\/v2\/media?parent=17208"}],"wp:term":[{"taxonomy":"product_brand","embeddable":true,"href":"https:\/\/alterlock.net\/fr\/wp-json\/wp\/v2\/product_brand?post=17208"},{"taxonomy":"product_cat","embeddable":true,"href":"https:\/\/alterlock.net\/fr\/wp-json\/wp\/v2\/product_cat?post=17208"},{"taxonomy":"product_tag","embeddable":true,"href":"https:\/\/alterlock.net\/fr\/wp-json\/wp\/v2\/product_tag?post=17208"}],"curies":[{"name":"wp","href":"https:\/\/api.w.org\/{rel}","templated":true}]}}