{"id":22465,"date":"2024-05-13T08:33:44","date_gmt":"2024-05-13T08:33:44","guid":{"rendered":"https:\/\/alterlock.net\/?post_type=product&#038;p=22465"},"modified":"2026-03-14T20:15:47","modified_gmt":"2026-03-14T20:15:47","slug":"al03gb","status":"publish","type":"product","link":"https:\/\/alterlock.net\/fr\/product\/al03gb","title":{"rendered":"AlterLock Gen3"},"content":{"rendered":"\n<div class=\"wp-block-uagb-container uagb-block-15daed3d alignfull uagb-is-root-container\"><div class=\"uagb-container-inner-blocks-wrap\">\n<h3 class=\"wp-block-heading has-text-align-center\">Sp\u00e9cifications des produits<\/h3>\n\n\n\n<div class=\"wp-block-group is-layout-constrained wp-block-group-is-layout-constrained\">\n<figure class=\"wp-block-table no-vertical-line has-small-font-size\"><table class=\"has-border-color has-ast-global-color-3-border-color\"><tbody><tr><td>Nom du produit \/ Num\u00e9ro du mod\u00e8le<\/td><td>AlterLock Gen3 \/ AL03GB<\/td><\/tr><tr><td>Dimensions de l&rsquo;unit\u00e9 principale \/ Poids<\/td><td>Longueur : 167mm Largeur : 28mm Epaisseur : 9mm \/ 53g *1<\/td><\/tr><tr><td>Batterie<\/td><td>Lithium polym\u00e8re \/ Jusqu&rsquo;\u00e0 3 mois d&rsquo;autonomie *2<\/td><\/tr><tr><td>Port de charge<\/td><td>USB Type-C *3<\/td><\/tr><tr><td>Temp\u00e9rature de fonctionnement \/ de charge<\/td><td>-20 &#8211; 60\u00b0C \/ 0 &#8211; 45\u00b0C<\/td><\/tr><tr><td>Syst\u00e8me de transmission<\/td><td>Courte port\u00e9e : Bluetooth, Longue port\u00e9e : LTE-M \/ NB-IoT *4<\/td><\/tr><tr><td>Syst\u00e8me de positionnement<\/td><td>GNSS (GPS \/ Galileo), Wi-Fi, stations de base 4G<\/td><\/tr><tr><td>Capteur<\/td><td>Acc\u00e9l\u00e9rom\u00e8tre \u00e0 3 axes<\/td><\/tr><tr><td>Alarme<\/td><td>Maximum 95dB *5<\/td><\/tr><tr><td>R\u00e9sistance \u00e0 l&rsquo;eau et \u00e0 la poussi\u00e8re<\/td><td>IP66<\/td><\/tr><tr><td>Accessoire<\/td><td>Boulon de s\u00e9curit\u00e9, outil d&rsquo;installation, autocollant<\/td><\/tr><\/tbody><\/table><\/figure>\n\n\n\n<p class=\"has-small-font-size\">*1 Comprend les boulons de s\u00e9curit\u00e9.<br\/>*2 Varie en fonction des conditions d&rsquo;utilisation.<br\/>*3 Le c\u00e2ble de chargement n&rsquo;est pas inclus.<br\/>*4 La m\u00e9thode de transmission \u00e0 longue distance change automatiquement en fonction de la r\u00e9gion utilis\u00e9e.<br\/>*5 Mesur\u00e9 \u00e0 une distance de 10 cm du produit.<\/p>\n<\/div>\n\n\n\n<div class=\"wp-block-group is-layout-constrained wp-block-group-is-layout-constrained\">\n<p class=\"has-text-align-center\">AlterLock Gen3 est disponible dans les pays suivants<\/p>\n\n\n\n<p class=\"has-text-align-center\" style=\"font-size:14px\">Japon, Australie, Belgique, Croatie, R\u00e9publique tch\u00e8que, Danemark, Estonie, Finlande, France, Allemagne, Lettonie, Luxembourg, Pays-Bas, Norv\u00e8ge, Roumanie, R\u00e9publique slovaque, Slov\u00e9nie, Espagne, Su\u00e8de, \u00c9tats-Unis.<\/p>\n\n\n\n<p class=\"has-text-align-center\" style=\"font-size:12px\">*Au Royaume-Uni, en Irlande, en Italie et au Canada, en raison de probl\u00e8mes de connectivit\u00e9 avec les fournisseurs de services de communication, le dispositif a \u00e9t\u00e9 temporairement retir\u00e9 de la zone de communication.<\/p>\n<\/div>\n\n\n\n<div class=\"wp-block-group is-layout-constrained wp-block-group-is-layout-constrained\">\n<h2 class=\"wp-block-heading has-text-align-center\">Foire Aux Questions<\/h2>\n\n\n<div class=\"wp-block-uagb-faq uagb-faq__outer-wrap uagb-block-e056e7b3 uagb-faq-icon-row uagb-faq-layout-accordion uagb-faq-expand-first-false uagb-faq-inactive-other-true uagb-faq__wrap uagb-buttons-layout-wrap uagb-faq-equal-height     \" data-faqtoggle=\"true\" role=\"tablist\"><script type=\"application\/ld+json\">{\"@context\":\"https:\\\/\\\/schema.org\",\"@type\":\"FAQPage\",\"@id\":\"https:\\\/\\\/alterlock.net\\\/fr\\\/product\\\/al03gb\",\"mainEntity\":[{\"@type\":\"Question\",\"name\":\"Peut-il \\u00eatre mont\\u00e9 sur n'importe quelle bicyclette?\",\"acceptedAnswer\":{\"@type\":\"Answer\",\"text\":\"Il peut \\u00eatre fix\\u00e9 sur la plupart des v\\u00e9los de sport standard gr\\u00e2ce \\u00e0 son support de porte-bidon ou en conjonction avec votre porte-bidon existant.\"}},{\"@type\":\"Question\",\"name\":\"Peut-on l'utiliser sur une moto ?\",\"acceptedAnswer\":{\"@type\":\"Answer\",\"text\":\"De nombreux utilisateurs utilisent \\u00e9galement AlterLock sur des motos. Il doit \\u00eatre conserv\\u00e9 sous un si\\u00e8ge ferm\\u00e9 \\u00e0 cl\\u00e9 ou dans un autre endroit \\u00e0 l'abri des temp\\u00e9ratures \\u00e9lev\\u00e9es.\"}},{\"@type\":\"Question\",\"name\":\"Peuvent-ils \\u00eatre facilement enlev\\u00e9s ?\",\"acceptedAnswer\":{\"@type\":\"Answer\",\"text\":\"Un boulon de s\\u00e9curit\\u00e9 et un outil d'installation sont inclus, ce qui rend difficile le retrait avec des outils ordinaires. En outre, en cas de tentative de retrait de l'appareil en mode verrouillage, celui-ci d\\u00e9tecte les mouvements et \\u00e9met une alarme sonore pour dissuader les voleurs et avertir votre t\\u00e9l\\u00e9phone pour vous inciter \\u00e0 intervenir.\"}},{\"@type\":\"Question\",\"name\":\"Peut-il remplacer un verrou physique ?\",\"acceptedAnswer\":{\"@type\":\"Answer\",\"text\":\"AlterLock n'est pas un verrou physique. Pour renforcer la s\\u00e9curit\\u00e9, nous recommandons vivement l'utilisation d'un cadenas \\u00e0 fil ou d'une autre serrure physique en conjonction avec l'AlterLock.\"}},{\"@type\":\"Question\",\"name\":\"Quelle est la diff\\u00e9rence avec les traceurs Bluetooth tels que AirTag ?\",\"acceptedAnswer\":{\"@type\":\"Answer\",\"text\":\"Les traceurs bas\\u00e9s sur la technologie Bluetooth sont principalement destin\\u00e9s \\u00e0 pr\\u00e9venir la perte d'objets portables. Ils transmettent des informations de localisation lorsqu'un smartphone se trouve \\u00e0 proximit\\u00e9, mais ne sont pas adapt\\u00e9s au suivi de v\\u00e9hicules en mouvement.<br>AlterLock dispose d'une capacit\\u00e9 de communication autonome et prend en charge le positionnement GPS\\\/Wi-Fi, de sorte qu'il peut \\u00eatre suivi n'importe o\\u00f9.\"}},{\"@type\":\"Question\",\"name\":\"Puis-je v\\u00e9rifier l'emplacement de l'appareil \\u00e0 tout moment ?\",\"acceptedAnswer\":{\"@type\":\"Answer\",\"text\":\"AlterLock est con\\u00e7u comme un dispositif de pr\\u00e9vention du vol et ne fonctionne pas comme un traceur GPS en temps r\\u00e9el qui affiche des informations de localisation \\u00e0 tout moment. En n'envoyant les donn\\u00e9es de localisation que lorsqu'un mouvement est d\\u00e9tect\\u00e9 pendant l'\\u00e9tat verrouill\\u00e9, la consommation d'\\u00e9nergie peut \\u00eatre r\\u00e9duite et le suivi \\u00e0 long terme est rendu possible pour faciliter la r\\u00e9cup\\u00e9ration.\"}},{\"@type\":\"Question\",\"name\":\"Est-il possible de r\\u00e9gler le son de l'alarme et la sensibilit\\u00e9 de la d\\u00e9tection ?\",\"acceptedAnswer\":{\"@type\":\"Answer\",\"text\":\"Vous pouvez choisir parmi 3 types de sons d'alarme, marche\\\/arr\\u00eat, dur\\u00e9e de l'alarme et nombre d'alarmes autoris\\u00e9es, qui peuvent \\u00eatre r\\u00e9gl\\u00e9s avec pr\\u00e9cision. La sensibilit\\u00e9 de d\\u00e9tection peut \\u00e9galement \\u00eatre r\\u00e9gl\\u00e9e sur trois niveaux.\"}}]}<\/script><div class=\"wp-block-uagb-faq-child uagb-faq-child__outer-wrap uagb-faq-item uagb-block-9500679f \" role=\"tab\" tabindex=\"0\"><div class=\"uagb-faq-questions-button uagb-faq-questions\">\t\t\t<span class=\"uagb-icon uagb-faq-icon-wrap\">\n\t\t\t\t\t\t\t\t<svg xmlns=\"https:\/\/www.w3.org\/2000\/svg\" viewBox= \"0 0 448 512\"><path d=\"M432 256c0 17.69-14.33 32.01-32 32.01H256v144c0 17.69-14.33 31.99-32 31.99s-32-14.3-32-31.99v-144H48c-17.67 0-32-14.32-32-32.01s14.33-31.99 32-31.99H192v-144c0-17.69 14.33-32.01 32-32.01s32 14.32 32 32.01v144h144C417.7 224 432 238.3 432 256z\"><\/path><\/svg>\n\t\t\t\t\t\t\t<\/span>\n\t\t\t\t\t\t<span class=\"uagb-icon-active uagb-faq-icon-wrap\">\n\t\t\t\t\t\t\t\t<svg xmlns=\"https:\/\/www.w3.org\/2000\/svg\" viewBox= \"0 0 448 512\"><path d=\"M400 288h-352c-17.69 0-32-14.32-32-32.01s14.31-31.99 32-31.99h352c17.69 0 32 14.3 32 31.99S417.7 288 400 288z\"><\/path><\/svg>\n\t\t\t\t\t\t\t<\/span>\n\t\t\t<span class=\"uagb-question\">Peut-il \u00eatre mont\u00e9 sur n&rsquo;importe quelle bicyclette?<\/span><\/div><div class=\"uagb-faq-content\"><p>Il peut \u00eatre fix\u00e9 sur la plupart des v\u00e9los de sport standard gr\u00e2ce \u00e0 son support de porte-bidon ou en conjonction avec votre porte-bidon existant.<\/p><\/div><\/div><div class=\"wp-block-uagb-faq-child uagb-faq-child__outer-wrap uagb-faq-item uagb-block-cd41dc23 \" role=\"tab\" tabindex=\"0\"><div class=\"uagb-faq-questions-button uagb-faq-questions\">\t\t\t<span class=\"uagb-icon uagb-faq-icon-wrap\">\n\t\t\t\t\t\t\t\t<svg xmlns=\"https:\/\/www.w3.org\/2000\/svg\" viewBox= \"0 0 448 512\"><path d=\"M432 256c0 17.69-14.33 32.01-32 32.01H256v144c0 17.69-14.33 31.99-32 31.99s-32-14.3-32-31.99v-144H48c-17.67 0-32-14.32-32-32.01s14.33-31.99 32-31.99H192v-144c0-17.69 14.33-32.01 32-32.01s32 14.32 32 32.01v144h144C417.7 224 432 238.3 432 256z\"><\/path><\/svg>\n\t\t\t\t\t\t\t<\/span>\n\t\t\t\t\t\t<span class=\"uagb-icon-active uagb-faq-icon-wrap\">\n\t\t\t\t\t\t\t\t<svg xmlns=\"https:\/\/www.w3.org\/2000\/svg\" viewBox= \"0 0 448 512\"><path d=\"M400 288h-352c-17.69 0-32-14.32-32-32.01s14.31-31.99 32-31.99h352c17.69 0 32 14.3 32 31.99S417.7 288 400 288z\"><\/path><\/svg>\n\t\t\t\t\t\t\t<\/span>\n\t\t\t<span class=\"uagb-question\">Peut-on l&rsquo;utiliser sur une moto ?<\/span><\/div><div class=\"uagb-faq-content\"><p>De nombreux utilisateurs utilisent \u00e9galement AlterLock sur des motos. Il doit \u00eatre conserv\u00e9 sous un si\u00e8ge ferm\u00e9 \u00e0 cl\u00e9 ou dans un autre endroit \u00e0 l&rsquo;abri des temp\u00e9ratures \u00e9lev\u00e9es.<\/p><\/div><\/div><div class=\"wp-block-uagb-faq-child uagb-faq-child__outer-wrap uagb-faq-item uagb-block-87974ae9 \" role=\"tab\" tabindex=\"0\"><div class=\"uagb-faq-questions-button uagb-faq-questions\">\t\t\t<span class=\"uagb-icon uagb-faq-icon-wrap\">\n\t\t\t\t\t\t\t\t<svg xmlns=\"https:\/\/www.w3.org\/2000\/svg\" viewBox= \"0 0 448 512\"><path d=\"M432 256c0 17.69-14.33 32.01-32 32.01H256v144c0 17.69-14.33 31.99-32 31.99s-32-14.3-32-31.99v-144H48c-17.67 0-32-14.32-32-32.01s14.33-31.99 32-31.99H192v-144c0-17.69 14.33-32.01 32-32.01s32 14.32 32 32.01v144h144C417.7 224 432 238.3 432 256z\"><\/path><\/svg>\n\t\t\t\t\t\t\t<\/span>\n\t\t\t\t\t\t<span class=\"uagb-icon-active uagb-faq-icon-wrap\">\n\t\t\t\t\t\t\t\t<svg xmlns=\"https:\/\/www.w3.org\/2000\/svg\" viewBox= \"0 0 448 512\"><path d=\"M400 288h-352c-17.69 0-32-14.32-32-32.01s14.31-31.99 32-31.99h352c17.69 0 32 14.3 32 31.99S417.7 288 400 288z\"><\/path><\/svg>\n\t\t\t\t\t\t\t<\/span>\n\t\t\t<span class=\"uagb-question\">Peuvent-ils \u00eatre facilement enlev\u00e9s ?<\/span><\/div><div class=\"uagb-faq-content\"><p>Un boulon de s\u00e9curit\u00e9 et un outil d&rsquo;installation sont inclus, ce qui rend difficile le retrait avec des outils ordinaires. En outre, en cas de tentative de retrait de l&rsquo;appareil en mode verrouillage, celui-ci d\u00e9tecte les mouvements et \u00e9met une alarme sonore pour dissuader les voleurs et avertir votre t\u00e9l\u00e9phone pour vous inciter \u00e0 intervenir.<\/p><\/div><\/div><div class=\"wp-block-uagb-faq-child uagb-faq-child__outer-wrap uagb-faq-item uagb-block-d63640f3 \" role=\"tab\" tabindex=\"0\"><div class=\"uagb-faq-questions-button uagb-faq-questions\">\t\t\t<span class=\"uagb-icon uagb-faq-icon-wrap\">\n\t\t\t\t\t\t\t\t<svg xmlns=\"https:\/\/www.w3.org\/2000\/svg\" viewBox= \"0 0 448 512\"><path d=\"M432 256c0 17.69-14.33 32.01-32 32.01H256v144c0 17.69-14.33 31.99-32 31.99s-32-14.3-32-31.99v-144H48c-17.67 0-32-14.32-32-32.01s14.33-31.99 32-31.99H192v-144c0-17.69 14.33-32.01 32-32.01s32 14.32 32 32.01v144h144C417.7 224 432 238.3 432 256z\"><\/path><\/svg>\n\t\t\t\t\t\t\t<\/span>\n\t\t\t\t\t\t<span class=\"uagb-icon-active uagb-faq-icon-wrap\">\n\t\t\t\t\t\t\t\t<svg xmlns=\"https:\/\/www.w3.org\/2000\/svg\" viewBox= \"0 0 448 512\"><path d=\"M400 288h-352c-17.69 0-32-14.32-32-32.01s14.31-31.99 32-31.99h352c17.69 0 32 14.3 32 31.99S417.7 288 400 288z\"><\/path><\/svg>\n\t\t\t\t\t\t\t<\/span>\n\t\t\t<span class=\"uagb-question\">Peut-il remplacer un verrou physique ?<\/span><\/div><div class=\"uagb-faq-content\"><p>AlterLock n&rsquo;est pas un verrou physique. Pour renforcer la s\u00e9curit\u00e9, nous recommandons vivement l&rsquo;utilisation d&rsquo;un cadenas \u00e0 fil ou d&rsquo;une autre serrure physique en conjonction avec l&rsquo;AlterLock.<\/p><\/div><\/div><div class=\"wp-block-uagb-faq-child uagb-faq-child__outer-wrap uagb-faq-item uagb-block-9a190a52 \" role=\"tab\" tabindex=\"0\"><div class=\"uagb-faq-questions-button uagb-faq-questions\">\t\t\t<span class=\"uagb-icon uagb-faq-icon-wrap\">\n\t\t\t\t\t\t\t\t<svg xmlns=\"https:\/\/www.w3.org\/2000\/svg\" viewBox= \"0 0 448 512\"><path d=\"M432 256c0 17.69-14.33 32.01-32 32.01H256v144c0 17.69-14.33 31.99-32 31.99s-32-14.3-32-31.99v-144H48c-17.67 0-32-14.32-32-32.01s14.33-31.99 32-31.99H192v-144c0-17.69 14.33-32.01 32-32.01s32 14.32 32 32.01v144h144C417.7 224 432 238.3 432 256z\"><\/path><\/svg>\n\t\t\t\t\t\t\t<\/span>\n\t\t\t\t\t\t<span class=\"uagb-icon-active uagb-faq-icon-wrap\">\n\t\t\t\t\t\t\t\t<svg xmlns=\"https:\/\/www.w3.org\/2000\/svg\" viewBox= \"0 0 448 512\"><path d=\"M400 288h-352c-17.69 0-32-14.32-32-32.01s14.31-31.99 32-31.99h352c17.69 0 32 14.3 32 31.99S417.7 288 400 288z\"><\/path><\/svg>\n\t\t\t\t\t\t\t<\/span>\n\t\t\t<span class=\"uagb-question\">Quelle est la diff\u00e9rence avec les traceurs Bluetooth tels que AirTag ?<\/span><\/div><div class=\"uagb-faq-content\"><p>Les traceurs bas\u00e9s sur la technologie Bluetooth sont principalement destin\u00e9s \u00e0 pr\u00e9venir la perte d&rsquo;objets portables. Ils transmettent des informations de localisation lorsqu&rsquo;un smartphone se trouve \u00e0 proximit\u00e9, mais ne sont pas adapt\u00e9s au suivi de v\u00e9hicules en mouvement.<br>AlterLock dispose d&rsquo;une capacit\u00e9 de communication autonome et prend en charge le positionnement GPS\/Wi-Fi, de sorte qu&rsquo;il peut \u00eatre suivi n&rsquo;importe o\u00f9.<\/p><\/div><\/div><div class=\"wp-block-uagb-faq-child uagb-faq-child__outer-wrap uagb-faq-item uagb-block-4b9aad92 \" role=\"tab\" tabindex=\"0\"><div class=\"uagb-faq-questions-button uagb-faq-questions\">\t\t\t<span class=\"uagb-icon uagb-faq-icon-wrap\">\n\t\t\t\t\t\t\t\t<svg xmlns=\"https:\/\/www.w3.org\/2000\/svg\" viewBox= \"0 0 448 512\"><path d=\"M432 256c0 17.69-14.33 32.01-32 32.01H256v144c0 17.69-14.33 31.99-32 31.99s-32-14.3-32-31.99v-144H48c-17.67 0-32-14.32-32-32.01s14.33-31.99 32-31.99H192v-144c0-17.69 14.33-32.01 32-32.01s32 14.32 32 32.01v144h144C417.7 224 432 238.3 432 256z\"><\/path><\/svg>\n\t\t\t\t\t\t\t<\/span>\n\t\t\t\t\t\t<span class=\"uagb-icon-active uagb-faq-icon-wrap\">\n\t\t\t\t\t\t\t\t<svg xmlns=\"https:\/\/www.w3.org\/2000\/svg\" viewBox= \"0 0 448 512\"><path d=\"M400 288h-352c-17.69 0-32-14.32-32-32.01s14.31-31.99 32-31.99h352c17.69 0 32 14.3 32 31.99S417.7 288 400 288z\"><\/path><\/svg>\n\t\t\t\t\t\t\t<\/span>\n\t\t\t<span class=\"uagb-question\">Puis-je v\u00e9rifier l&#8217;emplacement de l&rsquo;appareil \u00e0 tout moment ?<\/span><\/div><div class=\"uagb-faq-content\"><p>AlterLock est con\u00e7u comme un dispositif de pr\u00e9vention du vol et ne fonctionne pas comme un traceur GPS en temps r\u00e9el qui affiche des informations de localisation \u00e0 tout moment. En n&rsquo;envoyant les donn\u00e9es de localisation que lorsqu&rsquo;un mouvement est d\u00e9tect\u00e9 pendant l&rsquo;\u00e9tat verrouill\u00e9, la consommation d&rsquo;\u00e9nergie peut \u00eatre r\u00e9duite et le suivi \u00e0 long terme est rendu possible pour faciliter la r\u00e9cup\u00e9ration.<\/p><\/div><\/div><div class=\"wp-block-uagb-faq-child uagb-faq-child__outer-wrap uagb-faq-item uagb-block-94cc50c7 \" role=\"tab\" tabindex=\"0\"><div class=\"uagb-faq-questions-button uagb-faq-questions\">\t\t\t<span class=\"uagb-icon uagb-faq-icon-wrap\">\n\t\t\t\t\t\t\t\t<svg xmlns=\"https:\/\/www.w3.org\/2000\/svg\" viewBox= \"0 0 448 512\"><path d=\"M432 256c0 17.69-14.33 32.01-32 32.01H256v144c0 17.69-14.33 31.99-32 31.99s-32-14.3-32-31.99v-144H48c-17.67 0-32-14.32-32-32.01s14.33-31.99 32-31.99H192v-144c0-17.69 14.33-32.01 32-32.01s32 14.32 32 32.01v144h144C417.7 224 432 238.3 432 256z\"><\/path><\/svg>\n\t\t\t\t\t\t\t<\/span>\n\t\t\t\t\t\t<span class=\"uagb-icon-active uagb-faq-icon-wrap\">\n\t\t\t\t\t\t\t\t<svg xmlns=\"https:\/\/www.w3.org\/2000\/svg\" viewBox= \"0 0 448 512\"><path d=\"M400 288h-352c-17.69 0-32-14.32-32-32.01s14.31-31.99 32-31.99h352c17.69 0 32 14.3 32 31.99S417.7 288 400 288z\"><\/path><\/svg>\n\t\t\t\t\t\t\t<\/span>\n\t\t\t<span class=\"uagb-question\">Est-il possible de r\u00e9gler le son de l&rsquo;alarme et la sensibilit\u00e9 de la d\u00e9tection ?<\/span><\/div><div class=\"uagb-faq-content\"><p>Vous pouvez choisir parmi 3 types de sons d&rsquo;alarme, marche\/arr\u00eat, dur\u00e9e de l&rsquo;alarme et nombre d&rsquo;alarmes autoris\u00e9es, qui peuvent \u00eatre r\u00e9gl\u00e9s avec pr\u00e9cision. La sensibilit\u00e9 de d\u00e9tection peut \u00e9galement \u00eatre r\u00e9gl\u00e9e sur trois niveaux.<\/p><\/div><\/div><\/div><\/div>\n<\/div><\/div>\n\n<p><\/p>\n","protected":false},"excerpt":{"rendered":"<hr>\n<p>AlterLock a encore \u00e9volu\u00e9. Nous avons conserv\u00e9 le concept des alarmes de d\u00e9tection de mouvement et des fonctions de suivi, tout en am\u00e9liorant la zone de transmission, les performances de suivi des appareils, la durabilit\u00e9 et le temps de fonctionnement.  En pensant aux cyclistes, nous avons modernis\u00e9 la fonctionnalit\u00e9 dans toutes les directions possibles et imaginables. Le syst\u00e8me avanc\u00e9 AlterLock Gen3 renforce le sentiment de s\u00e9curit\u00e9 et amplifie le plaisir de conduire \u00e0 un nouveau niveau. Pour plus d&rsquo;informations sur ce produit, veuillez consulter <a href=\"https:\/\/alterlock.net\/fr\/how-gen3-works\">cette page<\/a>.<\/p>\n<h3>Accord de service<\/h3>\n<p>Un contrat de service est n\u00e9cessaire pour utiliser la transmission de donn\u00e9es et d&rsquo;autres fonctions du dispositif AlterLock Gen3.<\/p>\n<ul>\n<li>Notification de Bluetooth hors de port\u00e9e, suivi de la localisation<\/li>\n<li>Obtention d&rsquo;informations de localisation par transmission p\u00e9riodique<\/li>\n<li>D\u00e9tection des collisions et notification par SMS aux personnes \u00e0 contacter en cas d&rsquo;urgence<\/li>\n<li>G\u00e9rez jusqu&rsquo;\u00e0 3 appareils avec un compte de service sans frais suppl\u00e9mentaires<\/li>\n<\/ul>\n<p>Veuillez consulter <a href=\"https:\/\/alterlock.net\/fr\/service-description\">cette page<\/a> pour conna\u00eetre l&rsquo;accord de service.<\/p>\n<h3>Frais d&rsquo;exp\u00e9dition et de manutention<\/h3>\n<p>Des frais de livraison seront indiqu\u00e9s lors de la commande. Les exp\u00e9ditions vers l&rsquo;Europe sont envoy\u00e9es depuis notre entrep\u00f4t international. <strong>La TVA europ\u00e9enne n&rsquo;est pas incluse dans le prix du produit. Le d\u00e9douanement, les droits et taxes peuvent s&rsquo;appliquer au moment de la livraison, selon les lois et r\u00e9glementations de votre pays de r\u00e9sidence.<\/strong> <\/p>\n<p><span data-teams=\"true\">Si la livraison n&rsquo;est pas effectu\u00e9e pour une raison imputable au destinataire (par exemple, refus de payer les droits, taxes et autres frais impos\u00e9s par le gouvernement), nous accepterons les retours et rembourserons le prix d&rsquo;achat moins les frais de livraison et de retour.<\/span><\/p>\n","protected":false},"featured_media":20754,"comment_status":"open","ping_status":"closed","template":"","meta":{"_seopress_robots_primary_cat":"none","_seopress_titles_title":"AlterLock Official Store | Motion Detection Alarm & GPS Tracking Device","_seopress_titles_desc":"","_seopress_robots_index":"","_uag_custom_page_level_css":"","site-sidebar-layout":"default","site-content-layout":"","ast-site-content-layout":"default","site-content-style":"default","site-sidebar-style":"default","ast-global-header-display":"","ast-banner-title-visibility":"","ast-main-header-display":"","ast-hfb-above-header-display":"","ast-hfb-below-header-display":"","ast-hfb-mobile-header-display":"","site-post-title":"","ast-breadcrumbs-content":"","ast-featured-img":"","footer-sml-layout":"","ast-disable-related-posts":"","theme-transparent-header-meta":"default","adv-header-id-meta":"","stick-header-meta":"","header-above-stick-meta":"","header-main-stick-meta":"","header-below-stick-meta":"","astra-migrate-meta-layouts":"set","ast-page-background-enabled":"default","ast-page-background-meta":{"desktop":{"background-color":"var(--ast-global-color-4)","background-image":"","background-repeat":"repeat","background-position":"center center","background-size":"auto","background-attachment":"scroll","background-type":"","background-media":"","overlay-type":"","overlay-color":"","overlay-opacity":"","overlay-gradient":""},"tablet":{"background-color":"","background-image":"","background-repeat":"repeat","background-position":"center center","background-size":"auto","background-attachment":"scroll","background-type":"","background-media":"","overlay-type":"","overlay-color":"","overlay-opacity":"","overlay-gradient":""},"mobile":{"background-color":"","background-image":"","background-repeat":"repeat","background-position":"center center","background-size":"auto","background-attachment":"scroll","background-type":"","background-media":"","overlay-type":"","overlay-color":"","overlay-opacity":"","overlay-gradient":""}},"ast-content-background-meta":{"desktop":{"background-color":"var(--ast-global-color-5)","background-image":"","background-repeat":"repeat","background-position":"center center","background-size":"auto","background-attachment":"scroll","background-type":"","background-media":"","overlay-type":"","overlay-color":"","overlay-opacity":"","overlay-gradient":""},"tablet":{"background-color":"var(--ast-global-color-5)","background-image":"","background-repeat":"repeat","background-position":"center center","background-size":"auto","background-attachment":"scroll","background-type":"","background-media":"","overlay-type":"","overlay-color":"","overlay-opacity":"","overlay-gradient":""},"mobile":{"background-color":"var(--ast-global-color-5)","background-image":"","background-repeat":"repeat","background-position":"center center","background-size":"auto","background-attachment":"scroll","background-type":"","background-media":"","overlay-type":"","overlay-color":"","overlay-opacity":"","overlay-gradient":""}}},"product_brand":[],"product_cat":[146],"product_tag":[],"class_list":{"0":"post-22465","1":"product","2":"type-product","3":"status-publish","4":"has-post-thumbnail","6":"product_cat-anti-theft-devices-fr","7":"product_shipping_class-gen3-fr","8":"desktop-align-left","9":"tablet-align-left","10":"mobile-align-left","12":"first","13":"instock","14":"taxable","15":"shipping-taxable","16":"purchasable","17":"product-type-simple"},"uagb_featured_image_src":{"full":["https:\/\/alterlock.net\/wp-content\/uploads\/2024\/03\/gen3-product-image11.jpg",1600,1600,false],"thumbnail":["https:\/\/alterlock.net\/wp-content\/uploads\/2024\/03\/gen3-product-image11-150x150.jpg",150,150,true],"medium":["https:\/\/alterlock.net\/wp-content\/uploads\/2024\/03\/gen3-product-image11-300x300.jpg",300,300,true],"medium_large":["https:\/\/alterlock.net\/wp-content\/uploads\/2024\/03\/gen3-product-image11-768x768.jpg",768,768,true],"large":["https:\/\/alterlock.net\/wp-content\/uploads\/2024\/03\/gen3-product-image11-1024x1024.jpg",1024,1024,true],"1536x1536":["https:\/\/alterlock.net\/wp-content\/uploads\/2024\/03\/gen3-product-image11-1536x1536.jpg",1536,1536,true],"2048x2048":["https:\/\/alterlock.net\/wp-content\/uploads\/2024\/03\/gen3-product-image11.jpg",1600,1600,false],"woocommerce_thumbnail":["https:\/\/alterlock.net\/wp-content\/uploads\/2024\/03\/gen3-product-image11-300x300.jpg",300,300,true],"woocommerce_single":["https:\/\/alterlock.net\/wp-content\/uploads\/2024\/03\/gen3-product-image11-600x600.jpg",600,600,true],"woocommerce_gallery_thumbnail":["https:\/\/alterlock.net\/wp-content\/uploads\/2024\/03\/gen3-product-image11-100x100.jpg",100,100,true]},"uagb_author_info":{"display_name":"Site Manager","author_link":"https:\/\/alterlock.net\/fr\/author"},"uagb_comment_info":166,"uagb_excerpt":"AlterLock a encore \u00e9volu\u00e9. Nous avons conserv\u00e9 le concept des alarmes de d\u00e9tection de mouvement et des fonctions de suivi, tout en am\u00e9liorant la zone de transmission, les performances de suivi des appareils, la durabilit\u00e9 et le temps de fonctionnement. En pensant aux cyclistes, nous avons modernis\u00e9 la fonctionnalit\u00e9 dans toutes les directions possibles et\u2026","_links":{"self":[{"href":"https:\/\/alterlock.net\/fr\/wp-json\/wp\/v2\/product\/22465","targetHints":{"allow":["GET"]}}],"collection":[{"href":"https:\/\/alterlock.net\/fr\/wp-json\/wp\/v2\/product"}],"about":[{"href":"https:\/\/alterlock.net\/fr\/wp-json\/wp\/v2\/types\/product"}],"replies":[{"embeddable":true,"href":"https:\/\/alterlock.net\/fr\/wp-json\/wp\/v2\/comments?post=22465"}],"wp:featuredmedia":[{"embeddable":true,"href":"https:\/\/alterlock.net\/fr\/wp-json\/wp\/v2\/media\/20754"}],"wp:attachment":[{"href":"https:\/\/alterlock.net\/fr\/wp-json\/wp\/v2\/media?parent=22465"}],"wp:term":[{"taxonomy":"product_brand","embeddable":true,"href":"https:\/\/alterlock.net\/fr\/wp-json\/wp\/v2\/product_brand?post=22465"},{"taxonomy":"product_cat","embeddable":true,"href":"https:\/\/alterlock.net\/fr\/wp-json\/wp\/v2\/product_cat?post=22465"},{"taxonomy":"product_tag","embeddable":true,"href":"https:\/\/alterlock.net\/fr\/wp-json\/wp\/v2\/product_tag?post=22465"}],"curies":[{"name":"wp","href":"https:\/\/api.w.org\/{rel}","templated":true}]}}