{"id":13618,"date":"2022-09-01T06:04:55","date_gmt":"2022-09-01T06:04:55","guid":{"rendered":"https:\/\/alterlock.net\/kit-stampa\/"},"modified":"2025-03-21T11:00:09","modified_gmt":"2025-03-21T11:00:09","slug":"press-kit","status":"publish","type":"page","link":"https:\/\/alterlock.net\/it\/press-kit","title":{"rendered":"Kit stampa"},"content":{"rendered":"\n<div class=\"wp-block-cover alignfull is-light has-custom-content-position is-position-bottom-center page-title-cover\"><span aria-hidden=\"true\" class=\"wp-block-cover__background has-background-dim\"><\/span><img loading=\"lazy\" decoding=\"async\" width=\"1080\" height=\"1080\" class=\"wp-block-cover__image-background wp-image-1254\" alt=\"\" src=\"https:\/\/alterlock.net\/wp-content\/uploads\/2022\/09\/AlterLockImage05.jpg\" style=\"object-position:50% 32%\" data-object-fit=\"cover\" data-object-position=\"50% 32%\" srcset=\"https:\/\/alterlock.net\/wp-content\/uploads\/2022\/09\/AlterLockImage05.jpg 1080w, https:\/\/alterlock.net\/wp-content\/uploads\/2022\/09\/AlterLockImage05-300x300.jpg 300w, https:\/\/alterlock.net\/wp-content\/uploads\/2022\/09\/AlterLockImage05-1024x1024.jpg 1024w, https:\/\/alterlock.net\/wp-content\/uploads\/2022\/09\/AlterLockImage05-150x150.jpg 150w, https:\/\/alterlock.net\/wp-content\/uploads\/2022\/09\/AlterLockImage05-768x768.jpg 768w, https:\/\/alterlock.net\/wp-content\/uploads\/2022\/09\/AlterLockImage05-600x600.jpg 600w, https:\/\/alterlock.net\/wp-content\/uploads\/2022\/09\/AlterLockImage05-100x100.jpg 100w\" sizes=\"auto, (max-width: 1080px) 100vw, 1080px\" \/><div class=\"wp-block-cover__inner-container is-layout-flow wp-block-cover-is-layout-flow\">\n<h1 class=\"wp-block-heading has-text-align-left has-ast-global-color-6-color has-text-color\">Kit stampa<\/h1>\n\n\n\n<p class=\"has-ast-global-color-6-color has-text-color\">Grazie per il tuo interesse in AlterLock.<\/p>\n<\/div><\/div>\n\n<div class=\"wp-block-group alignfull is-layout-constrained wp-container-core-group-is-layout-7bec18b8 wp-block-group-is-layout-constrained\">\n<p>In questa pagina troverai le risorse del marchio che potrai utilizzare per presentare AlterLock ai media, ai blog e cos\u00ec via.<\/p>\n\n\n\n<h2 class=\"wp-block-heading has-text-align-center\">Linee guida<\/h2>\n\n\n\n<ul class=\"wp-block-list\">\n<li>Le risorse del marchio possono essere utilizzate solo per presentare il sito AlterLock. Si prega di astenersi dall&#8217;utilizzarli per qualsiasi altro scopo.<\/li>\n\n\n\n<li>Non modificare il contenuto scaricato n\u00e9 utilizzarlo in modo da confonderlo con altri marchi o nomi.<\/li>\n\n\n\n<li>Si prega di astenersi dall&#8217;utilizzare questo sito in modo da far credere che siamo uno sponsor o un affiliato dell&#8217;utente.<\/li>\n\n\n\n<li>Tutti i diritti (compresi, a titolo esemplificativo e non esaustivo, i diritti d&#8217;autore, i marchi e altri diritti di propriet\u00e0 intellettuale) relativi ai contenuti forniti in questa pagina appartengono alla Societ\u00e0.<\/li>\n<\/ul>\n\n\n\n<div class=\"wp-block-uagb-separator uagb-block-a56bb003\"><div class=\"wp-block-uagb-separator__inner\" style=\"--my-background-image:\"><\/div><\/div>\n\n\n\n<h2 class=\"wp-block-heading has-text-align-center\">Che cos&#8217;\u00e8 AlterLock?<\/h2>\n\n\n\n<p>Alter Lock \u00e8 un dispositivo e un servizio antifurto per biciclette sportive.<br\/>Un dispositivo piccolo e leggero che pu\u00f2 essere attaccato alla base del portaborracce tiene d&#8217;occhio la tua amata auto con un forte allarme di rilevamento delle vibrazioni e notifiche al tuo smartphone.<br\/>Nell&#8217;improbabile caso di un&#8217;emergenza, il GPS, il posizionamento Wi-Fi e le funzionalit\u00e0 di comunicazione IoT ti aiuteranno a rintracciarla e a trovarla. Offre una vita di ciclo diversa e pi\u00f9 sicura.<\/p>\n\n\n\n<div class=\"wp-block-buttons is-content-justification-center is-layout-flex wp-container-core-buttons-is-layout-a89b3969 wp-block-buttons-is-layout-flex\">\n<div class=\"wp-block-button\"><a class=\"wp-block-button__link wp-element-button\" href=\"https:\/\/alterlock.net\/en\/how-gen3-works\">Per saperne di pi\u00f9<\/a><\/div>\n<\/div>\n\n\n\n<div class=\"wp-block-uagb-separator uagb-block-1e3f4c6e\"><div class=\"wp-block-uagb-separator__inner\" style=\"--my-background-image:\"><\/div><\/div>\n\n\n\n<h2 class=\"wp-block-heading has-text-align-center\">Chi siamo<\/h2>\n\n\n\n<p>Scopri la storia della nascita di AlterLock in Giappone, il team e le informazioni sull&#8217;azienda.<\/p>\n\n\n\n<div class=\"wp-block-buttons is-content-justification-center is-layout-flex wp-container-core-buttons-is-layout-a89b3969 wp-block-buttons-is-layout-flex\">\n<div class=\"wp-block-button\"><a class=\"wp-block-button__link wp-element-button\" href=\"https:\/\/alterlock.net\/en\/about-us\">La storia<\/a><\/div>\n\n\n\n<div class=\"wp-block-button\"><a class=\"wp-block-button__link wp-element-button\" href=\"https:\/\/www.nextscape.net\/en\/company\">Informazioni sulla societ\u00e0<\/a><\/div>\n<\/div>\n\n\n\n<div class=\"wp-block-uagb-separator uagb-block-81bb2b00\"><div class=\"wp-block-uagb-separator__inner\" style=\"--my-background-image:\"><\/div><\/div>\n\n\n\n<h2 class=\"wp-block-heading has-text-align-center\">Logo<\/h2>\n\n\n\n<div class=\"wp-block-group is-content-justification-center is-nowrap is-layout-flex wp-container-core-group-is-layout-23441af8 wp-block-group-is-layout-flex\">\n<figure class=\"wp-block-image size-full is-resized\"><img loading=\"lazy\" decoding=\"async\" width=\"512\" height=\"512\" src=\"https:\/\/alterlock.net\/wp-content\/uploads\/2024\/12\/alterlock-logo1-s.png\" alt=\"\" class=\"wp-image-25527\" style=\"width:180px\" srcset=\"https:\/\/alterlock.net\/wp-content\/uploads\/2024\/12\/alterlock-logo1-s.png 512w, https:\/\/alterlock.net\/wp-content\/uploads\/2024\/12\/alterlock-logo1-s-300x300.png 300w, https:\/\/alterlock.net\/wp-content\/uploads\/2024\/12\/alterlock-logo1-s-150x150.png 150w, https:\/\/alterlock.net\/wp-content\/uploads\/2024\/12\/alterlock-logo1-s-100x100.png 100w\" sizes=\"auto, (max-width: 512px) 100vw, 512px\" \/><\/figure>\n\n\n\n<figure class=\"wp-block-image size-full is-resized\"><img loading=\"lazy\" decoding=\"async\" width=\"512\" height=\"512\" src=\"https:\/\/alterlock.net\/wp-content\/uploads\/2024\/12\/alterlock-logo2-s-1.png\" alt=\"\" class=\"wp-image-25540\" style=\"width:180px\" srcset=\"https:\/\/alterlock.net\/wp-content\/uploads\/2024\/12\/alterlock-logo2-s-1.png 512w, https:\/\/alterlock.net\/wp-content\/uploads\/2024\/12\/alterlock-logo2-s-1-300x300.png 300w, https:\/\/alterlock.net\/wp-content\/uploads\/2024\/12\/alterlock-logo2-s-1-150x150.png 150w, https:\/\/alterlock.net\/wp-content\/uploads\/2024\/12\/alterlock-logo2-s-1-100x100.png 100w\" sizes=\"auto, (max-width: 512px) 100vw, 512px\" \/><\/figure>\n<\/div>\n\n\n\n<div class=\"wp-block-group is-content-justification-center is-nowrap is-layout-flex wp-container-core-group-is-layout-23441af8 wp-block-group-is-layout-flex\">\n<figure class=\"wp-block-image size-full is-resized\"><img loading=\"lazy\" decoding=\"async\" width=\"360\" height=\"120\" src=\"https:\/\/alterlock.net\/wp-content\/uploads\/2022\/09\/alterlock-logo4-s.png\" alt=\"\" class=\"wp-image-841\" style=\"width:180px\" srcset=\"https:\/\/alterlock.net\/wp-content\/uploads\/2022\/09\/alterlock-logo4-s.png 360w, https:\/\/alterlock.net\/wp-content\/uploads\/2022\/09\/alterlock-logo4-s-300x100.png 300w\" sizes=\"auto, (max-width: 360px) 100vw, 360px\" \/><\/figure>\n\n\n\n<figure class=\"wp-block-image size-full is-resized\"><img loading=\"lazy\" decoding=\"async\" width=\"360\" height=\"120\" src=\"https:\/\/alterlock.net\/wp-content\/uploads\/2022\/09\/alterlock-logo3-s.png\" alt=\"\" class=\"wp-image-862\" style=\"width:180px\" srcset=\"https:\/\/alterlock.net\/wp-content\/uploads\/2022\/09\/alterlock-logo3-s.png 360w, https:\/\/alterlock.net\/wp-content\/uploads\/2022\/09\/alterlock-logo3-s-300x100.png 300w\" sizes=\"auto, (max-width: 360px) 100vw, 360px\" \/><\/figure>\n<\/div>\n\n\n\n<div class=\"wp-block-buttons is-content-justification-center is-layout-flex wp-container-core-buttons-is-layout-a89b3969 wp-block-buttons-is-layout-flex\">\n<div class=\"wp-block-button\"><a class=\"wp-block-button__link wp-element-button\" href=\"https:\/\/drive.google.com\/drive\/folders\/14U7c6i37NKVKn1TDElqz4BJkEfugZbPs?usp=drive_link\">Visualizza tutti<\/a><\/div>\n<\/div>\n\n\n\n<div class=\"wp-block-uagb-separator uagb-block-fdc1ea38\"><div class=\"wp-block-uagb-separator__inner\" style=\"--my-background-image:\"><\/div><\/div>\n\n\n\n<h2 class=\"wp-block-heading has-text-align-center\">Foto del prodotto<\/h2>\n\n\n\n<div class=\"wp-block-group is-content-justification-center is-nowrap is-layout-flex wp-container-core-group-is-layout-23441af8 wp-block-group-is-layout-flex\">\n<figure class=\"wp-block-image size-full is-resized\"><img loading=\"lazy\" decoding=\"async\" width=\"1600\" height=\"1600\" src=\"https:\/\/alterlock.net\/wp-content\/uploads\/2024\/03\/gen3-product-image11.jpg\" alt=\"\" class=\"wp-image-20754\" style=\"width:400px\" srcset=\"https:\/\/alterlock.net\/wp-content\/uploads\/2024\/03\/gen3-product-image11.jpg 1600w, https:\/\/alterlock.net\/wp-content\/uploads\/2024\/03\/gen3-product-image11-300x300.jpg 300w, https:\/\/alterlock.net\/wp-content\/uploads\/2024\/03\/gen3-product-image11-1024x1024.jpg 1024w, https:\/\/alterlock.net\/wp-content\/uploads\/2024\/03\/gen3-product-image11-150x150.jpg 150w, https:\/\/alterlock.net\/wp-content\/uploads\/2024\/03\/gen3-product-image11-768x768.jpg 768w, https:\/\/alterlock.net\/wp-content\/uploads\/2024\/03\/gen3-product-image11-50x50.jpg 50w, https:\/\/alterlock.net\/wp-content\/uploads\/2024\/03\/gen3-product-image11-1536x1536.jpg 1536w, https:\/\/alterlock.net\/wp-content\/uploads\/2024\/03\/gen3-product-image11-600x600.jpg 600w, https:\/\/alterlock.net\/wp-content\/uploads\/2024\/03\/gen3-product-image11-100x100.jpg 100w\" sizes=\"auto, (max-width: 1600px) 100vw, 1600px\" \/><\/figure>\n\n\n\n<figure class=\"wp-block-image size-full is-resized\"><img loading=\"lazy\" decoding=\"async\" width=\"1600\" height=\"1600\" src=\"https:\/\/alterlock.net\/wp-content\/uploads\/2024\/05\/gen3-product-image02.jpg\" alt=\"\" class=\"wp-image-22540\" style=\"width:400px\" srcset=\"https:\/\/alterlock.net\/wp-content\/uploads\/2024\/05\/gen3-product-image02.jpg 1600w, https:\/\/alterlock.net\/wp-content\/uploads\/2024\/05\/gen3-product-image02-300x300.jpg 300w, https:\/\/alterlock.net\/wp-content\/uploads\/2024\/05\/gen3-product-image02-1024x1024.jpg 1024w, https:\/\/alterlock.net\/wp-content\/uploads\/2024\/05\/gen3-product-image02-150x150.jpg 150w, https:\/\/alterlock.net\/wp-content\/uploads\/2024\/05\/gen3-product-image02-768x768.jpg 768w, https:\/\/alterlock.net\/wp-content\/uploads\/2024\/05\/gen3-product-image02-1536x1536.jpg 1536w, https:\/\/alterlock.net\/wp-content\/uploads\/2024\/05\/gen3-product-image02-600x600.jpg 600w, https:\/\/alterlock.net\/wp-content\/uploads\/2024\/05\/gen3-product-image02-100x100.jpg 100w\" sizes=\"auto, (max-width: 1600px) 100vw, 1600px\" \/><\/figure>\n<\/div>\n\n\n\n<div class=\"wp-block-buttons is-content-justification-center is-layout-flex wp-container-core-buttons-is-layout-a89b3969 wp-block-buttons-is-layout-flex\">\n<div class=\"wp-block-button\"><a class=\"wp-block-button__link wp-element-button\" href=\"https:\/\/drive.google.com\/drive\/folders\/1Q48-9-rnzKS24xojsNsIxvGwvMdzN-AO?usp=drive_link\">Visualizza tutti<\/a><\/div>\n<\/div>\n\n\n\n<div class=\"wp-block-uagb-separator uagb-block-1281e84e\"><div class=\"wp-block-uagb-separator__inner\" style=\"--my-background-image:\"><\/div><\/div>\n\n\n\n<h2 class=\"wp-block-heading has-text-align-center\">Schermata<\/h2>\n\n\n\n<div class=\"wp-block-group is-content-justification-center is-nowrap is-layout-flex wp-container-core-group-is-layout-23441af8 wp-block-group-is-layout-flex\">\n<figure class=\"wp-block-image size-full is-resized\"><img loading=\"lazy\" decoding=\"async\" width=\"480\" height=\"1016\" src=\"https:\/\/alterlock.net\/wp-content\/uploads\/2022\/09\/app-lock-en.png\" alt=\"\" class=\"wp-image-883\" style=\"width:240px\" srcset=\"https:\/\/alterlock.net\/wp-content\/uploads\/2022\/09\/app-lock-en.png 480w, https:\/\/alterlock.net\/wp-content\/uploads\/2022\/09\/app-lock-en-142x300.png 142w\" sizes=\"auto, (max-width: 480px) 100vw, 480px\" \/><\/figure>\n\n\n\n<figure class=\"wp-block-image size-full is-resized\"><img loading=\"lazy\" decoding=\"async\" width=\"480\" height=\"1016\" src=\"https:\/\/alterlock.net\/wp-content\/uploads\/2022\/09\/app-tracking-en.png\" alt=\"\" class=\"wp-image-890\" style=\"width:240px\" srcset=\"https:\/\/alterlock.net\/wp-content\/uploads\/2022\/09\/app-tracking-en.png 480w, https:\/\/alterlock.net\/wp-content\/uploads\/2022\/09\/app-tracking-en-142x300.png 142w\" sizes=\"auto, (max-width: 480px) 100vw, 480px\" \/><\/figure>\n<\/div>\n\n\n\n<div class=\"wp-block-buttons is-content-justification-center is-layout-flex wp-container-core-buttons-is-layout-a89b3969 wp-block-buttons-is-layout-flex\">\n<div class=\"wp-block-button\"><a class=\"wp-block-button__link wp-element-button\" href=\"https:\/\/drive.google.com\/drive\/folders\/1FhoAEea4IhC4RPKCCe0AeKw0FJnPH28u?usp=drive_link\">Visualizza tutti<\/a><\/div>\n<\/div>\n\n\n\n<div class=\"wp-block-uagb-separator uagb-block-a8830f67\"><div class=\"wp-block-uagb-separator__inner\" style=\"--my-background-image:\"><\/div><\/div>\n\n\n\n<h2 class=\"wp-block-heading has-text-align-center\">Materiale fotografico<\/h2>\n\n\n\n<div class=\"wp-block-group is-content-justification-center is-nowrap is-layout-flex wp-container-core-group-is-layout-23441af8 wp-block-group-is-layout-flex\">\n<figure class=\"wp-block-image size-large\"><img loading=\"lazy\" decoding=\"async\" width=\"1024\" height=\"683\" src=\"https:\/\/alterlock.net\/wp-content\/uploads\/2022\/09\/alterlock-photo03-1024x683.jpg\" alt=\"\" class=\"wp-image-897\" style=\"aspect-ratio:1;object-fit:cover\" srcset=\"https:\/\/alterlock.net\/wp-content\/uploads\/2022\/09\/alterlock-photo03-1024x683.jpg 1024w, https:\/\/alterlock.net\/wp-content\/uploads\/2022\/09\/alterlock-photo03-300x200.jpg 300w, https:\/\/alterlock.net\/wp-content\/uploads\/2022\/09\/alterlock-photo03-768x512.jpg 768w, https:\/\/alterlock.net\/wp-content\/uploads\/2022\/09\/alterlock-photo03-1600x1067.jpg 1600w, https:\/\/alterlock.net\/wp-content\/uploads\/2022\/09\/alterlock-photo03-1536x1024.jpg 1536w, https:\/\/alterlock.net\/wp-content\/uploads\/2022\/09\/alterlock-photo03-600x400.jpg 600w, https:\/\/alterlock.net\/wp-content\/uploads\/2022\/09\/alterlock-photo03.jpg 1920w\" sizes=\"auto, (max-width: 1024px) 100vw, 1024px\" \/><\/figure>\n\n\n\n<figure class=\"wp-block-image size-large\"><img loading=\"lazy\" decoding=\"async\" width=\"1024\" height=\"683\" src=\"https:\/\/alterlock.net\/wp-content\/uploads\/2022\/09\/alterlock-photo04-1024x683.jpg\" alt=\"\" class=\"wp-image-904\" style=\"aspect-ratio:1;object-fit:cover\" srcset=\"https:\/\/alterlock.net\/wp-content\/uploads\/2022\/09\/alterlock-photo04-1024x683.jpg 1024w, https:\/\/alterlock.net\/wp-content\/uploads\/2022\/09\/alterlock-photo04-300x200.jpg 300w, https:\/\/alterlock.net\/wp-content\/uploads\/2022\/09\/alterlock-photo04-768x512.jpg 768w, https:\/\/alterlock.net\/wp-content\/uploads\/2022\/09\/alterlock-photo04-1600x1067.jpg 1600w, https:\/\/alterlock.net\/wp-content\/uploads\/2022\/09\/alterlock-photo04-1536x1024.jpg 1536w, https:\/\/alterlock.net\/wp-content\/uploads\/2022\/09\/alterlock-photo04-600x400.jpg 600w, https:\/\/alterlock.net\/wp-content\/uploads\/2022\/09\/alterlock-photo04.jpg 1920w\" sizes=\"auto, (max-width: 1024px) 100vw, 1024px\" \/><\/figure>\n<\/div>\n\n\n\n<div class=\"wp-block-buttons is-content-justification-center is-layout-flex wp-container-core-buttons-is-layout-a89b3969 wp-block-buttons-is-layout-flex\">\n<div class=\"wp-block-button\"><a class=\"wp-block-button__link wp-element-button\" href=\"https:\/\/drive.google.com\/drive\/folders\/1uUvCtRkdlZm1_SCrD_HQdli_oJsmxQVt?usp=drive_link\">Visualizza tutti<\/a><\/div>\n<\/div>\n\n\n\n<div class=\"wp-block-uagb-separator uagb-block-20dda5ba\"><div class=\"wp-block-uagb-separator__inner\" style=\"--my-background-image:\"><\/div><\/div>\n\n\n\n<h2 class=\"wp-block-heading has-text-align-center\">Contattare noi<\/h2>\n\n\n\n<div class=\"wp-block-buttons is-content-justification-center is-layout-flex wp-container-core-buttons-is-layout-a89b3969 wp-block-buttons-is-layout-flex\">\n<div class=\"wp-block-button\"><a class=\"wp-block-button__link wp-element-button\" href=\"https:\/\/alterlock.net\/en\/support\/press-contact\">Richieste di informazioni alla stampa<\/a><\/div>\n<\/div>\n<\/div>\n","protected":false},"excerpt":{"rendered":"<p>In questa pagina troverai le risorse del marchio che potrai utilizzare per presentare AlterLock ai media, ai blog e cos\u00ec via. Linee guida Che cos&#8217;\u00e8 AlterLock? Alter Lock \u00e8 un dispositivo e un servizio antifurto per biciclette sportive.Un dispositivo piccolo e leggero che pu\u00f2 essere attaccato alla base del portaborracce tiene d&#8217;occhio la tua amata [&hellip;]<\/p>\n","protected":false},"author":1,"featured_media":0,"parent":0,"menu_order":0,"comment_status":"closed","ping_status":"closed","template":"","meta":{"_seopress_robots_primary_cat":"","_seopress_titles_title":"","_seopress_titles_desc":"","_seopress_robots_index":"","_uag_custom_page_level_css":"","site-sidebar-layout":"default","site-content-layout":"default","ast-site-content-layout":"default","site-content-style":"default","site-sidebar-style":"default","ast-global-header-display":"","ast-banner-title-visibility":"","ast-main-header-display":"","ast-hfb-above-header-display":"","ast-hfb-below-header-display":"","ast-hfb-mobile-header-display":"","site-post-title":"disabled","ast-breadcrumbs-content":"","ast-featured-img":"","footer-sml-layout":"","ast-disable-related-posts":"","theme-transparent-header-meta":"","adv-header-id-meta":"","stick-header-meta":"","header-above-stick-meta":"","header-main-stick-meta":"","header-below-stick-meta":"","astra-migrate-meta-layouts":"default","ast-page-background-enabled":"default","ast-page-background-meta":{"desktop":{"background-color":"var(--ast-global-color-4)","background-image":"","background-repeat":"repeat","background-position":"center center","background-size":"auto","background-attachment":"scroll","background-type":"","background-media":"","overlay-type":"","overlay-color":"","overlay-opacity":"","overlay-gradient":""},"tablet":{"background-color":"","background-image":"","background-repeat":"repeat","background-position":"center center","background-size":"auto","background-attachment":"scroll","background-type":"","background-media":"","overlay-type":"","overlay-color":"","overlay-opacity":"","overlay-gradient":""},"mobile":{"background-color":"","background-image":"","background-repeat":"repeat","background-position":"center center","background-size":"auto","background-attachment":"scroll","background-type":"","background-media":"","overlay-type":"","overlay-color":"","overlay-opacity":"","overlay-gradient":""}},"ast-content-background-meta":{"desktop":{"background-color":"var(--ast-global-color-5)","background-image":"","background-repeat":"repeat","background-position":"center center","background-size":"auto","background-attachment":"scroll","background-type":"","background-media":"","overlay-type":"","overlay-color":"","overlay-opacity":"","overlay-gradient":""},"tablet":{"background-color":"var(--ast-global-color-5)","background-image":"","background-repeat":"repeat","background-position":"center center","background-size":"auto","background-attachment":"scroll","background-type":"","background-media":"","overlay-type":"","overlay-color":"","overlay-opacity":"","overlay-gradient":""},"mobile":{"background-color":"var(--ast-global-color-5)","background-image":"","background-repeat":"repeat","background-position":"center center","background-size":"auto","background-attachment":"scroll","background-type":"","background-media":"","overlay-type":"","overlay-color":"","overlay-opacity":"","overlay-gradient":""}},"footnotes":""},"class_list":["post-13618","page","type-page","status-publish","hentry"],"uagb_featured_image_src":{"full":false,"thumbnail":false,"medium":false,"medium_large":false,"large":false,"1536x1536":false,"2048x2048":false,"woocommerce_thumbnail":false,"woocommerce_single":false,"woocommerce_gallery_thumbnail":false},"uagb_author_info":{"display_name":"Site Manager","author_link":"https:\/\/alterlock.net\/it\/author\/siteadmin"},"uagb_comment_info":0,"uagb_excerpt":"In questa pagina troverai le risorse del marchio che potrai utilizzare per presentare AlterLock ai media, ai blog e cos\u00ec via. Linee guida Che cos&#8217;\u00e8 AlterLock? Alter Lock \u00e8 un dispositivo e un servizio antifurto per biciclette sportive.Un dispositivo piccolo e leggero che pu\u00f2 essere attaccato alla base del portaborracce tiene d&#8217;occhio la tua amata&hellip;","_links":{"self":[{"href":"https:\/\/alterlock.net\/it\/wp-json\/wp\/v2\/pages\/13618","targetHints":{"allow":["GET"]}}],"collection":[{"href":"https:\/\/alterlock.net\/it\/wp-json\/wp\/v2\/pages"}],"about":[{"href":"https:\/\/alterlock.net\/it\/wp-json\/wp\/v2\/types\/page"}],"author":[{"embeddable":true,"href":"https:\/\/alterlock.net\/it\/wp-json\/wp\/v2\/users\/1"}],"replies":[{"embeddable":true,"href":"https:\/\/alterlock.net\/it\/wp-json\/wp\/v2\/comments?post=13618"}],"version-history":[{"count":22,"href":"https:\/\/alterlock.net\/it\/wp-json\/wp\/v2\/pages\/13618\/revisions"}],"predecessor-version":[{"id":26939,"href":"https:\/\/alterlock.net\/it\/wp-json\/wp\/v2\/pages\/13618\/revisions\/26939"}],"wp:attachment":[{"href":"https:\/\/alterlock.net\/it\/wp-json\/wp\/v2\/media?parent=13618"}],"curies":[{"name":"wp","href":"https:\/\/api.w.org\/{rel}","templated":true}]}}