{"id":14634,"date":"2022-09-09T09:15:56","date_gmt":"2022-09-09T09:15:56","guid":{"rendered":"https:\/\/alterlock.net\/impostazioni-del-dispositivo\/"},"modified":"2025-01-09T02:31:41","modified_gmt":"2025-01-09T02:31:41","slug":"device-settings","status":"publish","type":"page","link":"https:\/\/alterlock.net\/it\/user-manual\/alterlock-gen2\/device-settings","title":{"rendered":"Advanced Settings"},"content":{"rendered":"\n<div class=\"wp-block-cover alignfull is-light has-custom-content-position is-position-bottom-center page-title-cover\" style=\"min-height:320px;aspect-ratio:unset;\"><span aria-hidden=\"true\" class=\"wp-block-cover__background has-background-dim-100 has-background-dim has-background-gradient\" style=\"background:linear-gradient(135deg,rgb(1,160,196) 17%,rgb(1,67,153) 67%)\"><\/span><div class=\"wp-block-cover__inner-container is-layout-flow wp-block-cover-is-layout-flow\">\n<h1 class=\"wp-block-heading has-text-align-left has-ast-global-color-6-color has-text-color\">Advanced Settings<\/h1>\n\n\n\n<p class=\"has-ast-global-color-6-color has-text-color\">Ulteriori informazioni sulle impostazioni del dispositivo per AlterLock Gen2<\/p>\n<\/div><\/div>\n\n<div class=\"wp-block-group alignfull is-layout-constrained wp-container-core-group-is-layout-7bec18b8 wp-block-group-is-layout-constrained\">\t\t\t\t<div class=\"wp-block-uagb-table-of-contents uagb-toc__align-left uagb-toc__columns-2  uagb-block-6b80c669      \"\n\t\t\t\t\tdata-scroll= \"1\"\n\t\t\t\t\tdata-offset= \"80\"\n\t\t\t\t\tstyle=\"\"\n\t\t\t\t>\n\t\t\t\t<div class=\"uagb-toc__wrap\">\n\t\t\t\t\t\t<div class=\"uagb-toc__title\">\n\t\t\t\t\t\t\tTable of Contents\t\t\t\t\t\t<\/div>\n\t\t\t\t\t\t\t\t\t\t\t\t\t\t\t\t\t\t\t\t\t\t<div class=\"uagb-toc__list-wrap \">\n\t\t\t\t\t\t<ol class=\"uagb-toc__list\"><li class=\"uagb-toc__list\"><a href=\"#allarme\" class=\"uagb-toc-link__trigger\">Allarme<\/a><li class=\"uagb-toc__list\"><a href=\"#segnale-di-avviso-iniziale\" class=\"uagb-toc-link__trigger\">Segnale di avviso iniziale<\/a><li class=\"uagb-toc__list\"><a href=\"#durata-dellallarme\" class=\"uagb-toc-link__trigger\">Durata dell&#039;allarme<\/a><li class=\"uagb-toc__list\"><a href=\"#limite-di-allarme\" class=\"uagb-toc-link__trigger\">Limite di allarme<\/a><li class=\"uagb-toc__list\"><a href=\"#allarme-disattivato-automaticamente\" class=\"uagb-toc-link__trigger\">Allarme disattivato automaticamente<\/a><li class=\"uagb-toc__list\"><a href=\"#intervallo-di-trasmissione-periodica\" class=\"uagb-toc-link__trigger\">Intervallo di trasmissione periodica<\/a><li class=\"uagb-toc__list\"><a href=\"#notifica-di-batteria-scarica\" class=\"uagb-toc-link__trigger\">Notifica di batteria scarica<\/a><li class=\"uagb-toc__list\"><a href=\"#suono-del-sistema\" class=\"uagb-toc-link__trigger\">Suono del sistema<\/a><li class=\"uagb-toc__list\"><a href=\"#intervallo-di-funzionamento-dei-pulsanti\" class=\"uagb-toc-link__trigger\">Intervallo di funzionamento dei pulsanti<\/a><li class=\"uagb-toc__list\"><a href=\"#dispositivo-di-rilascio\" class=\"uagb-toc-link__trigger\">Dispositivo di rilascio<\/a><li class=\"uagb-toc__list\"><a href=\"#informazioni-sul-dispositivo\" class=\"uagb-toc-link__trigger\">Informazioni sul dispositivo<\/a><\/ol>\t\t\t\t\t<\/div>\n\t\t\t\t\t\t\t\t\t<\/div>\n\t\t\t\t<\/div>\n\t\t\t\n\n\n<h2 class=\"wp-block-heading\" id=\"alarm-1\">Allarme<\/h2>\n\n\n\n<p>Puoi impostare se il dispositivo AlterLock emette un allarme quando viene rilevato un movimento.<br\/>L&#8217;impostazione dell&#8217;allarme \u00e8 legata all&#8217;impostazione del primo suono di avviso.<\/p>\n\n\n\n<p>Se ci si trova in una zona in cui non si desidera che l&#8217;allarme suoni, si consiglia di disattivarlo. La disattivazione dell&#8217;allarme non influisce sulle notifiche di anomalia, sul tracciamento o su altre funzioni.<br\/>*Se vuoi disattivare solo le notifiche, vai alla scheda <strong>Controllo<\/strong> della schermata principale e disattiva la voce <strong>Notifiche<\/strong>.<\/p>\n\n\n\n<h2 class=\"wp-block-heading\" id=\"initial-warning-tone-2\">Segnale di avviso iniziale<\/h2>\n\n\n\n<p>Puoi impostare se un segnale acustico a basso volume viene emesso al primo rilevamento di un&#8217;anomalia dopo uno stato di blocco.<br\/>Se lo disattivi, al primo rilevamento verr\u00e0 emesso un segnale acustico a volume massimo.<\/p>\n\n\n\n<p>Si consiglia di attivarlo nelle aree in cui \u00e8 probabile che si verifichino urti dovuti a fattori diversi dal furto e in cui non si desidera che suoni un allarme forte.<\/p>\n\n\n\n<h2 class=\"wp-block-heading\" id=\"alarm-duration-3\">Durata dell&#8217;allarme<\/h2>\n\n\n\n<p>La durata dell&#8217;allarme sonoro del dispositivo AlterLock pu\u00f2 essere impostata tra 5 e 60 secondi con incrementi di 5 secondi.<\/p>\n\n\n\n<h2 class=\"wp-block-heading\" id=\"alarm-limit-4\">Limite di allarme<\/h2>\n\n\n\n<p>\u00c8 possibile impostare il numero di volte in cui l&#8217;allarme suoner\u00e0 dopo il raggiungimento dello stato di blocco, fino al primo rilevamento di un errore.<br\/>Se impostato su 1-3 volte, l&#8217;allarme non suoner\u00e0 e solo la funzione di localizzazione suoner\u00e0 dopo quel numero di volte.<br\/>Se impostato su illimitato, l&#8217;allarme suoner\u00e0 ogni volta che viene effettuato un rilevamento.<\/p>\n\n\n\n<p>Se si vuole dare priorit\u00e0 alla possibilit\u00e0 di rintracciare il dispositivo nel caso in cui venga sottratto, impostarlo su 1-3 volte. Se si imposta su illimitato, l&#8217;allarme suoner\u00e0 ogni volta e il tempo di attivit\u00e0 sar\u00e0 ridotto.<\/p>\n\n\n\n<h2 class=\"wp-block-heading\" id=\"alarm-off-automatically-5\">Allarme disattivato automaticamente<\/h2>\n\n\n\n<p>Se impostata su On, la sveglia si spegne automaticamente quando la batteria del telefono scende sotto il 10%. Inoltre, la sveglia torner\u00e0 a &#8220;Attivarsi automaticamente quando la batteria dello smartphone raggiunge il 50% o pi\u00f9&#8221;.<\/p>\n\n\n\n<p>Se la batteria dello smartphone \u00e8 scarica, non sar\u00e0 possibile azionare lo stato di blocco, quindi si consiglia di lasciarlo acceso.<br\/>*Se la sveglia \u00e8 stata disattivata manualmente, non si attiver\u00e0 automaticamente.<br\/>*Questa funzione funziona solo durante la connessione Bluetooth.<\/p>\n\n\n\n<h2 class=\"wp-block-heading\" id=\"periodic-transmission-interval-6\">Intervallo di trasmissione periodica<\/h2>\n\n\n\n<p>Impostare l&#8217;intervallo di attivazione delle trasmissioni periodiche nella schermata principale.<\/p>\n\n\n\n<p>Le trasmissioni periodiche non devono essere sempre attive, perch\u00e9 in questo modo si consuma pi\u00f9 batteria e si riduce il tempo di attivit\u00e0.<br\/>Se il dispositivo deve essere acceso per un periodo di tempo prolungato, si consiglia di impostarlo a 180 minuti o pi\u00f9 per prolungare il tempo di funzionamento del dispositivo.<\/p>\n\n\n\n<h2 class=\"wp-block-heading\" id=\"low-battery-notification-7\">Notifica di batteria scarica<\/h2>\n\n\n\n<p>Lo smartphone ricever\u00e0 una notifica quando la batteria del dispositivo AlterLock \u00e8 scarica.<\/p>\n\n\n\n<p>*Le notifiche sono disponibili solo durante la connessione Bluetooth.<\/p>\n\n\n\n<h2 class=\"wp-block-heading\" id=\"system-sound-8\">Suono del sistema<\/h2>\n\n\n\n<p>\u00c8 possibile attivare e disattivare il suono del sistema durante il blocco e lo sblocco. Il suono del sistema viene riprodotto una volta quando \u00e8 bloccato e due volte quando \u00e8 sbloccato.<\/p>\n\n\n\n<p>*Indipendentemente da questa impostazione, il suono del sistema verr\u00e0 riprodotto quando il dispositivo AlterLock viene bloccato e sbloccato dai pulsanti.<\/p>\n\n\n\n<h2 class=\"wp-block-heading\" id=\"button-operating-range-9\">Intervallo di funzionamento dei pulsanti<\/h2>\n\n\n\n<p>Regola nuovamente il raggio d&#8217;azione del pulsante del dispositivo AlterLock per bloccare e sbloccare.<br\/>Tocca <strong>Regola<\/strong>, quindi posiziona lo smartphone e il dispositivo AlterLock a 1-2 metri di distanza e tocca <strong>OK<\/strong>.<\/p>\n\n\n\n<p>*Il blocco\/sblocco tramite il pulsante del dispositivo AlterLock funziona quando \u00e8 presente una connessione Bluetooth con lo smartphone e la potenza del segnale \u00e8 superiore al valore impostato.<br\/>La potenza del segnale Bluetooth varia a seconda delle condizioni, ad esempio in ambienti interni o esterni. Per verificare l&#8217;intensit\u00e0 del segnale nel tuo ambiente reale, regolalo.<br\/>Se desideri disattivare questa funzione, regola il dispositivo AlterLock a stretto contatto con esso per ridurre al minimo il raggio d&#8217;azione del pulsante. <\/p>\n\n\n\n<h2 class=\"wp-block-heading\" id=\"release-device-10\">Dispositivo di rilascio<\/h2>\n\n\n\n<p>\u00c8 possibile rilasciare il dispositivo AlterLock registrato sullo smartphone.<br\/>Il dispositivo rilasciato pu\u00f2 essere utilizzato nuovamente eseguendo l&#8217;operazione di registrazione.<\/p>\n\n\n\n<p>*Se la connessione al dispositivo AlterLock \u00e8 disabilitata, puoi effettuare il <strong>rilascio forzato<\/strong>.<br\/>Poich\u00e9 il dispositivo potrebbe avere un comportamento inaspettato se lo rilasci forzatamente, di solito non lo fai.<\/p>\n\n\n\n<h2 class=\"wp-block-heading\" id=\"device-information-11\">Informazioni sul dispositivo<\/h2>\n\n\n\n<p>Vengono visualizzati l&#8217;ID del dispositivo e la versione del firmware.<\/p>\n\n\n\n<p>\u00c8 possibile aggiornare il firmware all&#8217;ultima versione o reinstallarlo.<br\/>L&#8217;aggiornamento o la reinstallazione del firmware non comporta il reset delle impostazioni.<br\/>L&#8217;aggiornamento del firmware richiede circa un minuto su iOS e circa due minuti su Android.<\/p>\n\n\n\n<p>*Assicurati di eseguire l&#8217;aggiornamento del firmware con l&#8217;alimentazione USB e con il LED acceso in rosso o blu.<br\/>Se l&#8217;aggiornamento del firmware non riesce e non riesci a ricollegarti, ti preghiamo di tenere premuto il pulsante del dispositivo AlterLock per almeno 10 secondi e riprovare.<\/p>\n<\/div>\n","protected":false},"excerpt":{"rendered":"<p>Allarme Puoi impostare se il dispositivo AlterLock emette un allarme quando viene rilevato un movimento.L&#8217;impostazione dell&#8217;allarme \u00e8 legata all&#8217;impostazione del primo suono di avviso. Se ci si trova in una zona in cui non si desidera che l&#8217;allarme suoni, si consiglia di disattivarlo. La disattivazione dell&#8217;allarme non influisce sulle notifiche di anomalia, sul tracciamento o [&hellip;]<\/p>\n","protected":false},"author":1,"featured_media":0,"parent":14642,"menu_order":0,"comment_status":"closed","ping_status":"closed","template":"","meta":{"_seopress_robots_primary_cat":"","_seopress_titles_title":"","_seopress_titles_desc":"","_seopress_robots_index":"","_uag_custom_page_level_css":"","site-sidebar-layout":"default","site-content-layout":"","ast-site-content-layout":"default","site-content-style":"default","site-sidebar-style":"default","ast-global-header-display":"","ast-banner-title-visibility":"","ast-main-header-display":"","ast-hfb-above-header-display":"","ast-hfb-below-header-display":"","ast-hfb-mobile-header-display":"","site-post-title":"disabled","ast-breadcrumbs-content":"","ast-featured-img":"","footer-sml-layout":"","ast-disable-related-posts":"","theme-transparent-header-meta":"","adv-header-id-meta":"","stick-header-meta":"","header-above-stick-meta":"","header-main-stick-meta":"","header-below-stick-meta":"","astra-migrate-meta-layouts":"default","ast-page-background-enabled":"default","ast-page-background-meta":{"desktop":{"background-color":"var(--ast-global-color-4)","background-image":"","background-repeat":"repeat","background-position":"center center","background-size":"auto","background-attachment":"scroll","background-type":"","background-media":"","overlay-type":"","overlay-color":"","overlay-opacity":"","overlay-gradient":""},"tablet":{"background-color":"","background-image":"","background-repeat":"repeat","background-position":"center center","background-size":"auto","background-attachment":"scroll","background-type":"","background-media":"","overlay-type":"","overlay-color":"","overlay-opacity":"","overlay-gradient":""},"mobile":{"background-color":"","background-image":"","background-repeat":"repeat","background-position":"center center","background-size":"auto","background-attachment":"scroll","background-type":"","background-media":"","overlay-type":"","overlay-color":"","overlay-opacity":"","overlay-gradient":""}},"ast-content-background-meta":{"desktop":{"background-color":"var(--ast-global-color-5)","background-image":"","background-repeat":"repeat","background-position":"center center","background-size":"auto","background-attachment":"scroll","background-type":"","background-media":"","overlay-type":"","overlay-color":"","overlay-opacity":"","overlay-gradient":""},"tablet":{"background-color":"var(--ast-global-color-5)","background-image":"","background-repeat":"repeat","background-position":"center center","background-size":"auto","background-attachment":"scroll","background-type":"","background-media":"","overlay-type":"","overlay-color":"","overlay-opacity":"","overlay-gradient":""},"mobile":{"background-color":"var(--ast-global-color-5)","background-image":"","background-repeat":"repeat","background-position":"center center","background-size":"auto","background-attachment":"scroll","background-type":"","background-media":"","overlay-type":"","overlay-color":"","overlay-opacity":"","overlay-gradient":""}},"footnotes":""},"class_list":["post-14634","page","type-page","status-publish","hentry"],"uagb_featured_image_src":{"full":false,"thumbnail":false,"medium":false,"medium_large":false,"large":false,"1536x1536":false,"2048x2048":false,"woocommerce_thumbnail":false,"woocommerce_single":false,"woocommerce_gallery_thumbnail":false},"uagb_author_info":{"display_name":"Site Manager","author_link":"https:\/\/alterlock.net\/it\/author\/siteadmin"},"uagb_comment_info":0,"uagb_excerpt":"Allarme Puoi impostare se il dispositivo AlterLock emette un allarme quando viene rilevato un movimento.L&#8217;impostazione dell&#8217;allarme \u00e8 legata all&#8217;impostazione del primo suono di avviso. Se ci si trova in una zona in cui non si desidera che l&#8217;allarme suoni, si consiglia di disattivarlo. La disattivazione dell&#8217;allarme non influisce sulle notifiche di anomalia, sul tracciamento o&hellip;","_links":{"self":[{"href":"https:\/\/alterlock.net\/it\/wp-json\/wp\/v2\/pages\/14634","targetHints":{"allow":["GET"]}}],"collection":[{"href":"https:\/\/alterlock.net\/it\/wp-json\/wp\/v2\/pages"}],"about":[{"href":"https:\/\/alterlock.net\/it\/wp-json\/wp\/v2\/types\/page"}],"author":[{"embeddable":true,"href":"https:\/\/alterlock.net\/it\/wp-json\/wp\/v2\/users\/1"}],"replies":[{"embeddable":true,"href":"https:\/\/alterlock.net\/it\/wp-json\/wp\/v2\/comments?post=14634"}],"version-history":[{"count":7,"href":"https:\/\/alterlock.net\/it\/wp-json\/wp\/v2\/pages\/14634\/revisions"}],"predecessor-version":[{"id":26302,"href":"https:\/\/alterlock.net\/it\/wp-json\/wp\/v2\/pages\/14634\/revisions\/26302"}],"up":[{"embeddable":true,"href":"https:\/\/alterlock.net\/it\/wp-json\/wp\/v2\/pages\/14642"}],"wp:attachment":[{"href":"https:\/\/alterlock.net\/it\/wp-json\/wp\/v2\/media?parent=14634"}],"curies":[{"name":"wp","href":"https:\/\/api.w.org\/{rel}","templated":true}]}}