{"id":21442,"date":"2024-03-06T04:00:27","date_gmt":"2024-03-06T04:00:27","guid":{"rendered":"https:\/\/alterlock.net\/?page_id=21442"},"modified":"2025-01-09T02:31:53","modified_gmt":"2025-01-09T02:31:53","slug":"device-settings","status":"publish","type":"page","link":"https:\/\/alterlock.net\/it\/user-manual\/alterlock-gen3\/device-settings","title":{"rendered":"Advanced Settings"},"content":{"rendered":"\n<div class=\"wp-block-cover alignfull is-light has-custom-content-position is-position-bottom-center page-title-cover\" style=\"min-height:320px;aspect-ratio:unset;\"><span aria-hidden=\"true\" class=\"wp-block-cover__background has-background-dim-100 has-background-dim has-background-gradient\" style=\"background:linear-gradient(135deg,rgb(1,160,196) 17%,rgb(1,67,153) 67%)\"><\/span><div class=\"wp-block-cover__inner-container is-layout-flow wp-block-cover-is-layout-flow\">\n<h1 class=\"wp-block-heading has-text-align-left has-ast-global-color-6-color has-text-color\">Advanced Settings<\/h1>\n\n\n\n<p class=\"has-ast-global-color-6-color has-text-color\">Per saperne di pi\u00f9 sulle impostazioni avanzate di AlterLock Gen3.<\/p>\n<\/div><\/div>\n\n<div class=\"wp-block-group alignfull is-layout-constrained wp-container-core-group-is-layout-d3c951e3 wp-block-group-is-layout-constrained\">\t\t\t\t<div class=\"wp-block-uagb-table-of-contents uagb-toc__align-left uagb-toc__columns-2  uagb-block-6b80c669      \"\n\t\t\t\t\tdata-scroll= \"1\"\n\t\t\t\t\tdata-offset= \"80\"\n\t\t\t\t\tstyle=\"\"\n\t\t\t\t>\n\t\t\t\t<div class=\"uagb-toc__wrap\">\n\t\t\t\t\t\t<div class=\"uagb-toc__title\">\n\t\t\t\t\t\t\tTable of contents\t\t\t\t\t\t<\/div>\n\t\t\t\t\t\t\t\t\t\t\t\t\t\t\t\t\t\t\t\t\t\t<div class=\"uagb-toc__list-wrap \">\n\t\t\t\t\t\t<ol class=\"uagb-toc__list\"><li class=\"uagb-toc__list\"><a href=\"#allarme\" class=\"uagb-toc-link__trigger\">Allarme<\/a><ul class=\"uagb-toc__list\"><li class=\"uagb-toc__list\"><a href=\"#allarme\" class=\"uagb-toc-link__trigger\">Allarme<\/a><li class=\"uagb-toc__list\"><li class=\"uagb-toc__list\"><a href=\"#allarme-sonoro\" class=\"uagb-toc-link__trigger\">Allarme sonoro<\/a><li class=\"uagb-toc__list\"><li class=\"uagb-toc__list\"><a href=\"#durata-dellallarme\" class=\"uagb-toc-link__trigger\">Durata dell&#039;allarme<\/a><li class=\"uagb-toc__list\"><li class=\"uagb-toc__list\"><a href=\"#limite-di-allarme\" class=\"uagb-toc-link__trigger\">Limite di allarme<\/a><li class=\"uagb-toc__list\"><li class=\"uagb-toc__list\"><a href=\"#allarme-disattivato-automaticamente\" class=\"uagb-toc-link__trigger\">Allarme disattivato automaticamente<\/a><\/li><\/ul><\/li><li class=\"uagb-toc__list\"><a href=\"#comunicazione-mobile\" class=\"uagb-toc-link__trigger\">Comunicazione mobile<\/a><ul class=\"uagb-toc__list\"><li class=\"uagb-toc__list\"><a href=\"#intervallo-di-trasmissione-periodica\" class=\"uagb-toc-link__trigger\">Intervallo di trasmissione periodica<\/a><\/li><\/ul><\/li><\/ul><\/li><li class=\"uagb-toc__list\"><a href=\"#notifiche-e-suoni-di-sistema\" class=\"uagb-toc-link__trigger\">Notifiche e suoni di sistema<\/a><ul class=\"uagb-toc__list\"><li class=\"uagb-toc__list\"><a href=\"#notifica-di-rilevamento\" class=\"uagb-toc-link__trigger\">Notifica di rilevamento<\/a><li class=\"uagb-toc__list\"><li class=\"uagb-toc__list\"><a href=\"#notifica-di-batteria-scarica\" class=\"uagb-toc-link__trigger\">Notifica di batteria scarica<\/a><li class=\"uagb-toc__list\"><li class=\"uagb-toc__list\"><a href=\"#suono-del-sistema\" class=\"uagb-toc-link__trigger\">Suono del sistema<\/a><\/li><\/ul><\/li><\/ul><\/li><\/ul><\/li><li class=\"uagb-toc__list\"><a href=\"#rilevamento-degli-incidenti\" class=\"uagb-toc-link__trigger\">Rilevamento degli incidenti<\/a><ul class=\"uagb-toc__list\"><li class=\"uagb-toc__list\"><a href=\"#rilevamento-degli-incidenti\" class=\"uagb-toc-link__trigger\">Rilevamento degli incidenti<\/a><li class=\"uagb-toc__list\"><li class=\"uagb-toc__list\"><a href=\"#contatto-di-emergenza\" class=\"uagb-toc-link__trigger\">Contatto di emergenza<\/a><\/li><\/ul><\/li><\/ul><\/li><\/ul><\/li><\/ul><\/li><li class=\"uagb-toc__list\"><a href=\"#dispositivo\" class=\"uagb-toc-link__trigger\">Dispositivo<\/a><ul class=\"uagb-toc__list\"><li class=\"uagb-toc__list\"><a href=\"#informazioni-sul-dispositivo\" class=\"uagb-toc-link__trigger\">Informazioni sul dispositivo<\/a><li class=\"uagb-toc__list\"><li class=\"uagb-toc__list\"><a href=\"#aggiornamento-del-firmware\" class=\"uagb-toc-link__trigger\">Aggiornamento del firmware<\/a><li class=\"uagb-toc__list\"><li class=\"uagb-toc__list\"><a href=\"#sensibilit\u00e0-dei-pulsanti\" class=\"uagb-toc-link__trigger\">Sensibilit\u00e0 dei pulsanti<\/a><li class=\"uagb-toc__list\"><li class=\"uagb-toc__list\"><a href=\"#autoblocco-sensibilit\u00e0\" class=\"uagb-toc-link__trigger\">Autoblocco Sensibilit\u00e0<\/a><li class=\"uagb-toc__list\"><li class=\"uagb-toc__list\"><a href=\"#reimposta\" class=\"uagb-toc-link__trigger\">Reimposta<\/a><li class=\"uagb-toc__list\"><li class=\"uagb-toc__list\"><a href=\"#spegnimento\" class=\"uagb-toc-link__trigger\">Spegnimento<\/a><li class=\"uagb-toc__list\"><li class=\"uagb-toc__list\"><a href=\"#dispositivo-di-rilascio\" class=\"uagb-toc-link__trigger\">Dispositivo di rilascio<\/a><\/ul><\/ul><\/ul><\/ul><\/ul><\/ol>\t\t\t\t\t<\/div>\n\t\t\t\t\t\t\t\t\t<\/div>\n\t\t\t\t<\/div>\n\t\t\t\n\n\n<h2 class=\"wp-block-heading\" id=\"alarm-1\">Allarme<\/h2>\n\n\n\n<h4 class=\"wp-block-heading\">Allarme<\/h4>\n\n\n\n<p>Puoi impostare se il dispositivo AlterLock emetter\u00e0 o meno un allarme quando viene rilevato un movimento.<br\/>Puoi anche scegliere di utilizzare un suono di avviso a basso volume per il rilevamento iniziale dopo il blocco.<\/p>\n\n\n\n<figure class=\"wp-block-table no-vertical-line\"><table><tbody><tr><td>Primo avviso sonoro e allarme sonoro<\/td><td>Il primo rilevamento dopo il blocco emette un suono di avvertimento di 10 secondi, seguito da un allarme forte dal secondo rilevamento.<\/td><\/tr><tr><td>Solo allarme sonoro<\/td><td>Dal primo rilevamento viene emesso un allarme sonoro senza preavviso.<\/td><\/tr><tr><td>Non si sentono avvisi o allarmi.<\/td><td>Non emette alcun allarme al momento del rilevamento.\nVengono eseguite solo le notifiche all&#8217;app e il rilevamento della posizione. <\/td><\/tr><\/tbody><\/table><\/figure>\n\n\n\n<h4 class=\"wp-block-heading\">Allarme sonoro<\/h4>\n\n\n\n<p>Tre tipi di allarme ad alto volume tra cui scegliere.<br\/>Per provare il suono dell&#8217;allarme, tocca il pulsante <strong>Test<\/strong>. Il tono di allarme selezionato viene emesso per 5 secondi.<\/p>\n\n\n\n<h4 class=\"wp-block-heading\">Durata dell&#8217;allarme<\/h4>\n\n\n\n<p>Il tempo di attivazione dell&#8217;allarme pu\u00f2 essere impostato tra 5 e 60 secondi con un intervallo di 5 secondi.<br\/>*Nonostante questa impostazione, il tono di avviso iniziale \u00e8 sempre di 10 secondi per impostazione predefinita.<\/p>\n\n\n\n<h4 class=\"wp-block-heading\">Limite di allarme<\/h4>\n\n\n\n<p>Se il numero di rilevamenti dopo il blocco supera il numero di volte impostato, viene eseguita solo la localizzazione della posizione senza suonare ulteriormente un allarme.<br\/>Se impostato su tra 1-3 allarmi, il dispositivo esegue la funzione di localizzazione della posizione senza suonare un allarme solo quando viene superato il numero di volte impostato.<br\/>Se impostato su illimitato, viene emesso un allarme ogni volta che viene effettuato un rilevamento.<br\/>*Il numero di volte include il primo suono di avviso.<\/p>\n\n\n\n<p>Ad esempio, se il limite di allarme \u00e8 impostato su tre allarmi, funziona come segue<br\/>1a volta: suono di avviso iniziale, 2a volta: suono di allarme, 3a volta: suono di allarme, 4a e successive volte: solo tracciamento<\/p>\n\n\n\n<p>Le limitazioni dell&#8217;allarme possono aumentare la probabilit\u00e0 di rintracciare il veicolo senza che l&#8217;autore del furto se ne accorga.<\/p>\n\n\n\n<h4 class=\"wp-block-heading\">Allarme disattivato automaticamente<\/h4>\n\n\n\n<p>Gli allarmi sono controllati in base al livello di batteria rimanente dello smartphone.<br\/>Se attivata, funziona come segue:<\/p>\n\n\n\n<ul class=\"wp-block-list\">\n<li>Batteria inferiore al 10%: L&#8217;allarme si spegne automaticamente<\/li>\n\n\n\n<li>Batteria oltre il 50%: ritorno alle impostazioni di allarme originali<\/li>\n<\/ul>\n\n\n\n<p>*Questa funzione funziona solo quando il dispositivo \u00e8 collegato via Bluetooth.<\/p>\n\n\n\n<div class=\"wp-block-uagb-separator uagb-block-b79bcf82\"><div class=\"wp-block-uagb-separator__inner\" style=\"--my-background-image:\"><\/div><\/div>\n\n\n\n<h2 class=\"wp-block-heading\">Comunicazione mobile<\/h2>\n\n\n\n<p>La funzione di comunicazione mobile viene attivata automaticamente quando ti iscrivi al servizio.<br\/>Ricevi notifiche e traccia la tua posizione al di fuori del raggio d&#8217;azione del Bluetooth tramite la comunicazione LTE-M \/ NB IoT.<br\/>*La comunicazione mobile viene attivata registrando il dispositivo o cambiando lo stato di blocco del dispositivo dopo l&#8217;iscrizione al servizio.<\/p>\n\n\n\n<h4 class=\"wp-block-heading\" id=\"periodic-transmission-interval-6\">Intervallo di trasmissione periodica<\/h4>\n\n\n\n<p>Trasmette periodicamente le informazioni sulla posizione del dispositivo tramite le comunicazioni mobili.<br\/>Gli intervalli di comunicazione possono essere selezionati tra 6, 12 e 24 ore.<br\/>*L&#8217;allungamento dell&#8217;intervallo di comunicazione aumenta il tempo di funzionamento del dispositivo.<\/p>\n\n\n\n<div class=\"wp-block-uagb-separator uagb-block-863fd6fc\"><div class=\"wp-block-uagb-separator__inner\" style=\"--my-background-image:\"><\/div><\/div>\n\n\n\n<h2 class=\"wp-block-heading\">Notifiche e suoni di sistema<\/h2>\n\n\n\n<h4 class=\"wp-block-heading\">Notifica di rilevamento<\/h4>\n\n\n\n<p>Invia una notifica al tuo smartphone quando il dispositivo rileva un movimento.<br\/>Si consiglia di tenerlo sempre acceso per essere informati immediatamente in caso di furto o altre circostanze insolite.<\/p>\n\n\n\n<h4 class=\"wp-block-heading\" id=\"low-battery-notification-7\">Notifica di batteria scarica<\/h4>\n\n\n\n<p>Notifica allo smartphone quando la batteria del dispositivo si sta scaricando.<br\/>Questa funzione \u00e8 attiva quando il dispositivo \u00e8 connesso via Bluetooth.<\/p>\n\n\n\n<h4 class=\"wp-block-heading\" id=\"system-sound-8\">Suono del sistema<\/h4>\n\n\n\n<p>Il suono del sistema pu\u00f2 essere attivato\/disattivato durante il blocco\/sblocco. Il sistema emette un segnale acustico una volta quando si blocca e due volte quando si sblocca.<\/p>\n\n\n\n<div class=\"wp-block-uagb-separator uagb-block-376245cc\"><div class=\"wp-block-uagb-separator__inner\" style=\"--my-background-image:\"><\/div><\/div>\n\n\n\n<h2 class=\"wp-block-heading\">Rilevamento degli incidenti<\/h2>\n\n\n\n<h4 class=\"wp-block-heading\">Rilevamento degli incidenti<\/h4>\n\n\n\n<p>Quando \u00e8 abilitata, la funzione Rilevamento incidente invia un breve messaggio con informazioni sulla posizione a un contatto di emergenza specificato quando vengono rilevati un impatto e una caduta significativi.<br\/>Il contatto di emergenza deve essere impostato in anticipo affinch\u00e9 questa funzione funzioni correttamente.<\/p>\n\n\n\n<h4 class=\"wp-block-heading\">Contatto di emergenza<\/h4>\n\n\n\n<p>Impostare le informazioni per i contatti di emergenza.<\/p>\n\n\n\n<ul class=\"wp-block-list\">\n<li>Numero di telefono del contatto di emergenza e informazioni sul paese<\/li>\n\n\n\n<li>Nome da visualizzare nei messaggi di emergenza<\/li>\n<\/ul>\n\n\n\n<div class=\"wp-block-uagb-separator uagb-block-29355f04\"><div class=\"wp-block-uagb-separator__inner\" style=\"--my-background-image:\"><\/div><\/div>\n\n\n\n<h2 class=\"wp-block-heading\">Dispositivo<\/h2>\n\n\n\n<h4 class=\"wp-block-heading\" id=\"device-information-11\">Informazioni sul dispositivo<\/h4>\n\n\n\n<p>Puoi controllare l&#8217;ID del dispositivo e la versione del firmware.<br\/>Il nome del dispositivo registrato come dispositivo Bluetooth sullo smartphone \u00e8 &lt;AlterLock3-deviceID&gt;.<\/p>\n\n\n\n<h4 class=\"wp-block-heading\">Aggiornamento del firmware<\/h4>\n\n\n\n<p>\u00c8 possibile aggiornare al firmware pi\u00f9 recente o reinstallare il firmware.<br\/>Le impostazioni vengono mantenute anche se il firmware viene aggiornato alla versione pi\u00f9 recente.<br\/>L&#8217;aggiornamento del firmware richiede circa uno o due minuti.<\/p>\n\n\n\n<h4 class=\"wp-block-heading\" id=\"button-operating-range-9\">Sensibilit\u00e0 dei pulsanti<\/h4>\n\n\n\n<p>Regola la sensibilit\u00e0 dell&#8217;azione di blocco\/sblocco tramite il pulsante fisico del dispositivo.<br\/>La sensibilit\u00e0 si basa sulla potenza del segnale Bluetooth tra lo smartphone e il dispositivo.<\/p>\n\n\n\n<p>L&#8217;intensit\u00e0 del segnale Bluetooth varia a seconda del modello di smartphone e dell&#8217;ambiente operativo.<br\/>L&#8217;intensit\u00e0 del segnale si riduce quando lo smartphone viene riposto in una tasca.<br\/>Se il pulsante non risponde bene nell&#8217;ambiente di utilizzo effettivo, impostando un livello di sensibilit\u00e0 pi\u00f9 basso il dispositivo potrebbe rispondere anche quando il segnale Bluetooth dello smartphone \u00e8 debole.<br\/>Dopo aver modificato le impostazioni, controlla l&#8217;ambiente operativo effettivo.<\/p>\n\n\n\n<h4 class=\"wp-block-heading\">Autoblocco Sensibilit\u00e0<\/h4>\n\n\n\n<p>Regola la portata e la sensibilit\u00e0 della funzione di blocco\/sblocco automatico.<br\/>La sensibilit\u00e0 si basa sulla potenza del segnale Bluetooth tra lo smartphone e il dispositivo.<\/p>\n\n\n\n<p>Se il dispositivo si blocca durante la guida, impostare un livello di sensibilit\u00e0 pi\u00f9 basso pu\u00f2 evitare che venga attivato involontariamente. Anche se si imposta l&#8217;impostazione pi\u00f9 alta, si blocca quando il Bluetooth viene disconnesso.<\/p>\n\n\n\n<h4 class=\"wp-block-heading\">Reimposta<\/h4>\n\n\n\n<p>Riporta tutte le impostazioni del dispositivo ai valori predefiniti. La connessione al dispositivo viene mantenuta.<\/p>\n\n\n\n<h4 class=\"wp-block-heading\">Spegnimento<\/h4>\n\n\n\n<p>Spegnere il dispositivo. Per avviare il dispositivo, tieni premuto il pulsante sul lato del dispositivo per 3 secondi.<br\/>Per motivi di sicurezza, lo spegnimento non pu\u00f2 essere eseguito azionando il pulsante dell&#8217;unit\u00e0 principale. Spegnere tramite l&#8217;app.<\/p>\n\n\n\n<h4 class=\"wp-block-heading\" id=\"release-device-10\">Dispositivo di rilascio<\/h4>\n\n\n\n<p>Disregistra i dispositivi AlterLock registrati sullo smartphone.<br\/>I dispositivi possono essere registrati nuovamente e utilizzati sullo stesso smartphone o su un altro.<\/p>\n\n\n\n<p>Per gli iPhone, dopo aver disattivato il dispositivo, disattivare anche l&#8217;associazione con AlterLock dalle impostazioni Bluetooth di iOS.<\/p>\n\n\n\n<p>Se la connessione Bluetooth al dispositivo AlterLock non \u00e8 pi\u00f9 disponibile, pu\u00f2 essere scollegata forzatamente.<br\/>Per registrare nuovamente un dispositivo che \u00e8 stato disattivato forzatamente, esegui un <a href=\"https:\/\/alterlock.net\/it\/user-manual\/alterlock-gen3#factory-reset\" data-type=\"page\" data-id=\"19523\">reset di fabbrica<\/a>.<\/p>\n<\/div>\n","protected":false},"excerpt":{"rendered":"<p>Allarme Allarme Puoi impostare se il dispositivo AlterLock emetter\u00e0 o meno un allarme quando viene rilevato un movimento.Puoi anche scegliere di utilizzare un suono di avviso a basso volume per il rilevamento iniziale dopo il blocco. Primo avviso sonoro e allarme sonoro Il primo rilevamento dopo il blocco emette un suono di avvertimento di 10 [&hellip;]<\/p>\n","protected":false},"author":1,"featured_media":700,"parent":21430,"menu_order":0,"comment_status":"closed","ping_status":"closed","template":"","meta":{"_seopress_robots_primary_cat":"","_seopress_titles_title":"","_seopress_titles_desc":"","_seopress_robots_index":"","_uag_custom_page_level_css":"","site-sidebar-layout":"default","site-content-layout":"","ast-site-content-layout":"default","site-content-style":"default","site-sidebar-style":"default","ast-global-header-display":"","ast-banner-title-visibility":"","ast-main-header-display":"","ast-hfb-above-header-display":"","ast-hfb-below-header-display":"","ast-hfb-mobile-header-display":"","site-post-title":"disabled","ast-breadcrumbs-content":"","ast-featured-img":"","footer-sml-layout":"","ast-disable-related-posts":"","theme-transparent-header-meta":"","adv-header-id-meta":"","stick-header-meta":"","header-above-stick-meta":"","header-main-stick-meta":"","header-below-stick-meta":"","astra-migrate-meta-layouts":"default","ast-page-background-enabled":"default","ast-page-background-meta":{"desktop":{"background-color":"var(--ast-global-color-4)","background-image":"","background-repeat":"repeat","background-position":"center center","background-size":"auto","background-attachment":"scroll","background-type":"","background-media":"","overlay-type":"","overlay-color":"","overlay-opacity":"","overlay-gradient":""},"tablet":{"background-color":"","background-image":"","background-repeat":"repeat","background-position":"center center","background-size":"auto","background-attachment":"scroll","background-type":"","background-media":"","overlay-type":"","overlay-color":"","overlay-opacity":"","overlay-gradient":""},"mobile":{"background-color":"","background-image":"","background-repeat":"repeat","background-position":"center center","background-size":"auto","background-attachment":"scroll","background-type":"","background-media":"","overlay-type":"","overlay-color":"","overlay-opacity":"","overlay-gradient":""}},"ast-content-background-meta":{"desktop":{"background-color":"var(--ast-global-color-5)","background-image":"","background-repeat":"repeat","background-position":"center center","background-size":"auto","background-attachment":"scroll","background-type":"","background-media":"","overlay-type":"","overlay-color":"","overlay-opacity":"","overlay-gradient":""},"tablet":{"background-color":"var(--ast-global-color-5)","background-image":"","background-repeat":"repeat","background-position":"center center","background-size":"auto","background-attachment":"scroll","background-type":"","background-media":"","overlay-type":"","overlay-color":"","overlay-opacity":"","overlay-gradient":""},"mobile":{"background-color":"var(--ast-global-color-5)","background-image":"","background-repeat":"repeat","background-position":"center center","background-size":"auto","background-attachment":"scroll","background-type":"","background-media":"","overlay-type":"","overlay-color":"","overlay-opacity":"","overlay-gradient":""}},"footnotes":""},"class_list":["post-21442","page","type-page","status-publish","has-post-thumbnail","hentry"],"uagb_featured_image_src":{"full":["https:\/\/alterlock.net\/wp-content\/uploads\/2022\/08\/OgImage.png",1200,630,false],"thumbnail":["https:\/\/alterlock.net\/wp-content\/uploads\/2022\/08\/OgImage-150x150.png",150,150,true],"medium":["https:\/\/alterlock.net\/wp-content\/uploads\/2022\/08\/OgImage-300x158.png",300,158,true],"medium_large":["https:\/\/alterlock.net\/wp-content\/uploads\/2022\/08\/OgImage-768x403.png",768,403,true],"large":["https:\/\/alterlock.net\/wp-content\/uploads\/2022\/08\/OgImage-1024x538.png",1024,538,true],"1536x1536":["https:\/\/alterlock.net\/wp-content\/uploads\/2022\/08\/OgImage.png",1200,630,false],"2048x2048":["https:\/\/alterlock.net\/wp-content\/uploads\/2022\/08\/OgImage.png",1200,630,false],"woocommerce_thumbnail":["https:\/\/alterlock.net\/wp-content\/uploads\/2022\/08\/OgImage-300x300.png",300,300,true],"woocommerce_single":["https:\/\/alterlock.net\/wp-content\/uploads\/2022\/08\/OgImage-600x315.png",600,315,true],"woocommerce_gallery_thumbnail":["https:\/\/alterlock.net\/wp-content\/uploads\/2022\/08\/OgImage-100x100.png",100,100,true]},"uagb_author_info":{"display_name":"Site Manager","author_link":"https:\/\/alterlock.net\/it\/author\/siteadmin"},"uagb_comment_info":0,"uagb_excerpt":"Allarme Allarme Puoi impostare se il dispositivo AlterLock emetter\u00e0 o meno un allarme quando viene rilevato un movimento.Puoi anche scegliere di utilizzare un suono di avviso a basso volume per il rilevamento iniziale dopo il blocco. Primo avviso sonoro e allarme sonoro Il primo rilevamento dopo il blocco emette un suono di avvertimento di 10&hellip;","_links":{"self":[{"href":"https:\/\/alterlock.net\/it\/wp-json\/wp\/v2\/pages\/21442","targetHints":{"allow":["GET"]}}],"collection":[{"href":"https:\/\/alterlock.net\/it\/wp-json\/wp\/v2\/pages"}],"about":[{"href":"https:\/\/alterlock.net\/it\/wp-json\/wp\/v2\/types\/page"}],"author":[{"embeddable":true,"href":"https:\/\/alterlock.net\/it\/wp-json\/wp\/v2\/users\/1"}],"replies":[{"embeddable":true,"href":"https:\/\/alterlock.net\/it\/wp-json\/wp\/v2\/comments?post=21442"}],"version-history":[{"count":6,"href":"https:\/\/alterlock.net\/it\/wp-json\/wp\/v2\/pages\/21442\/revisions"}],"predecessor-version":[{"id":26325,"href":"https:\/\/alterlock.net\/it\/wp-json\/wp\/v2\/pages\/21442\/revisions\/26325"}],"up":[{"embeddable":true,"href":"https:\/\/alterlock.net\/it\/wp-json\/wp\/v2\/pages\/21430"}],"wp:featuredmedia":[{"embeddable":true,"href":"https:\/\/alterlock.net\/it\/wp-json\/wp\/v2\/media\/700"}],"wp:attachment":[{"href":"https:\/\/alterlock.net\/it\/wp-json\/wp\/v2\/media?parent=21442"}],"curies":[{"name":"wp","href":"https:\/\/api.w.org\/{rel}","templated":true}]}}