{"id":17310,"date":"2022-10-19T06:30:41","date_gmt":"2022-10-19T06:30:41","guid":{"rendered":"https:\/\/alterlock.net\/product\/alterlock"},"modified":"2026-04-19T13:27:07","modified_gmt":"2026-04-19T13:27:07","slug":"al02jb","status":"publish","type":"product","link":"https:\/\/alterlock.net\/it\/product\/al02jb","title":{"rendered":"AlterLock Gen2"},"content":{"rendered":"<h2>Specifiche<\/h2>\n<p><strong>Dimensioni:<\/strong> 159\u00d738\u00d79 mm<br \/>\n<strong>Peso:<\/strong> 50 g<br \/>\n<strong>Tipo di batteria:<\/strong> Polimeri di litio<br \/>\n<strong>Durata della batteria:<\/strong> fino a 1,5 mesi\/carica *1<br \/>\n<strong>Presa di ricarica:<\/strong> USB Tipo-C *2<br \/>\n<strong>Temperatura di esercizio:<\/strong> da -20 a 60\u00b0C<br \/>\n<strong>Temperatura di carica:<\/strong> Da 0 a 45\u00b0C<br \/>\n<strong>Comunicazione:<\/strong> Bluetooth Low Energy \/ Sigfox<br \/>\n<strong>Tracciamento:<\/strong> GPS (GNSS) \/ Wi-Fi<br \/>\n<strong>Protezione:<\/strong> Protezione da acqua e polvere IP66<br \/>\n<sub>*1 Varia in base all&#8217;utilizzo<br \/>\n*2 Il cavo di ricarica NON \u00e8 incluso<\/sub><\/p>\n<hr>\n<h2>DOMANDE FREQUENTI<\/h2>\n<h4>AlterLock pu\u00f2 essere installato su qualsiasi bicicletta?<\/h4>\n<p>AlterLock si adatta perfettamente agli attacchi del portaborraccia della maggior parte delle biciclette sportive e pu\u00f2 essere montato sotto il portaborraccia.<\/p>\n<h4>AlterLock si rimuove facilmente da una bicicletta?<\/h4>\n<p>Quando \u00e8 in modalit\u00e0 di blocco, il dispositivo rileva un movimento di rimozione e attiva l&#8217;allarme per la notifica sul telefono. Questo render\u00e0 la rimozione del dispositivo molto impegnativa. Vendiamo anche bulloni antifurto separatamente per garantire che il dispositivo non venga rimosso.  <\/p>\n<h4>Qual \u00e8 la differenza tra un tracker Bluetooth e AlterLock?<\/h4>\n<p>I tracker basati su Bluetooth sono destinati principalmente a prevenire la perdita di oggetti portatili. Trasmettono informazioni sulla posizione quando uno smartphone si trova nelle vicinanze, ma non sono adatti a tracciare biciclette in movimento.<br \/>\nAlterLock ha una funzione di comunicazione autonoma e supporta il posizionamento GPS\/Wi-Fi, permettendoti di tracciare ovunque tu vada.<\/p>\n<h4>AlterLock pu\u00f2 ricevere costantemente dati GPS per il tracciamento?<\/h4>\n<p>I tipici tracker basati su Bluetooth possono comunicare solo all&#8217;interno del raggio d&#8217;azione di una connessione Bluetooth, il che rende difficile tracciarli una volta che si allontanano dalla mano. Tuttavia, AlterLock utilizza il posizionamento GPS e Wi-Fi, quindi pu\u00f2 essere rintracciato ovunque.<\/p>\n<h4>\u00c8 possibile regolare la sensibilit\u00e0 del suono dell&#8217;allarme e del rilevamento del movimento?<\/h4>\n<p>La frequenza e la durata dell&#8217;allarme e la sensibilit\u00e0 del rilevamento del movimento possono essere regolate tramite l&#8217;app AlterLock.<\/p>\n<h4>Aree di comunicazione<\/h4>\n<p>Per verificare se l&#8217;area che stai cercando di utilizzare AlterLock rientra nel raggio d&#8217;azione di Sigfox, visita <a href=\"https:\/\/www.sigfox.com\/it\/coverage\">questa pagina<\/a>. La versione giapponese \u00e8 disponibile solo in Giappone. L&#8217;area di copertura Sigfox in Giappone ha raggiunto il 96% della popolazione.<\/p>\n","protected":false},"excerpt":{"rendered":"<p>AlterLock \u00e8 un dispositivo di sicurezza con allarme e localizzazione GPS per biciclette. Consente di tenere sotto controllo la bicicletta a distanza e di ricevere una notifica sul telefono quando il dispositivo rileva un movimento mentre la bicicletta \u00e8 chiusa a chiave. <\/p>\n<p>Per ulteriori informazioni su questo prodotto, consultare <a href=\"https:\/\/alterlock.net\/it\/how-gen2-works\">qui<\/a>.<\/p>\n<ul>\n<li><a href=\"https:\/\/alterlock.net\/it\/how-to-start-gen2\/\">Costi di servizio<\/a> si applicano separatamente<\/li>\n<li><a href=\"https:\/\/alterlock.net\/it\/service-terms\/#article-5-30-day-satisfaction-guarantee-39\">Garanzia di soddisfazione di 30 giorni<\/a><\/li>\n<li>Servizio gratuito per i primi 30 giorni<\/li>\n<li>Per informazioni sulla consegna, fare clic <a href=\"https:\/\/alterlock.net\/it\/shipping-policy\/\">qui<\/a><\/li>\n<li>Per domande sul prodotto, fare clic <a href=\"https:\/\/alterlock.net\/it\/hc\/\">qui<\/a> <\/li>\n<\/ul>\n","protected":false},"featured_media":873,"comment_status":"open","ping_status":"closed","template":"","meta":{"_seopress_robots_primary_cat":"none","_seopress_titles_title":"AlterLock Official Store %%sep%% Allarme di rilevamento del movimento e dispositivo di tracciamento GPS","_seopress_titles_desc":"AlterLock \u00e8 un servizio di sicurezza per biciclette sportive. Consente di tenere d'occhio a distanza la bicicletta con un allarme di rilevamento del movimento e la notifica sul vostro smartphone.  Nell'improbabile eventualit\u00e0 che l'allarme non prevenga il furto, il tracciamento GPS vi aiuta a ritrovare la vostra bicicletta. \u00c8 un nuovo modo di godersi la vita da ciclista in tutta tranquillit\u00e0.","_seopress_robots_index":"","_uag_custom_page_level_css":"","site-sidebar-layout":"default","site-content-layout":"default","ast-site-content-layout":"default","site-content-style":"default","site-sidebar-style":"default","ast-global-header-display":"","ast-banner-title-visibility":"","ast-main-header-display":"","ast-hfb-above-header-display":"","ast-hfb-below-header-display":"","ast-hfb-mobile-header-display":"","site-post-title":"","ast-breadcrumbs-content":"","ast-featured-img":"","footer-sml-layout":"","ast-disable-related-posts":"","theme-transparent-header-meta":"default","adv-header-id-meta":"","stick-header-meta":"","header-above-stick-meta":"","header-main-stick-meta":"","header-below-stick-meta":"","astra-migrate-meta-layouts":"default","ast-page-background-enabled":"default","ast-page-background-meta":{"desktop":{"background-color":"var(--ast-global-color-4)","background-image":"","background-repeat":"repeat","background-position":"center center","background-size":"auto","background-attachment":"scroll","background-type":"","background-media":"","overlay-type":"","overlay-color":"","overlay-opacity":"","overlay-gradient":""},"tablet":{"background-color":"","background-image":"","background-repeat":"repeat","background-position":"center center","background-size":"auto","background-attachment":"scroll","background-type":"","background-media":"","overlay-type":"","overlay-color":"","overlay-opacity":"","overlay-gradient":""},"mobile":{"background-color":"","background-image":"","background-repeat":"repeat","background-position":"center center","background-size":"auto","background-attachment":"scroll","background-type":"","background-media":"","overlay-type":"","overlay-color":"","overlay-opacity":"","overlay-gradient":""}},"ast-content-background-meta":{"desktop":{"background-color":"var(--ast-global-color-5)","background-image":"","background-repeat":"repeat","background-position":"center center","background-size":"auto","background-attachment":"scroll","background-type":"","background-media":"","overlay-type":"","overlay-color":"","overlay-opacity":"","overlay-gradient":""},"tablet":{"background-color":"var(--ast-global-color-5)","background-image":"","background-repeat":"repeat","background-position":"center center","background-size":"auto","background-attachment":"scroll","background-type":"","background-media":"","overlay-type":"","overlay-color":"","overlay-opacity":"","overlay-gradient":""},"mobile":{"background-color":"var(--ast-global-color-5)","background-image":"","background-repeat":"repeat","background-position":"center center","background-size":"auto","background-attachment":"scroll","background-type":"","background-media":"","overlay-type":"","overlay-color":"","overlay-opacity":"","overlay-gradient":""}}},"product_brand":[],"product_cat":[148],"product_tag":[],"class_list":{"0":"post-17310","1":"product","2":"type-product","3":"status-publish","4":"has-post-thumbnail","6":"product_cat-anti-theft-devices-it","7":"desktop-align-left","8":"tablet-align-left","9":"mobile-align-left","11":"first","12":"instock","13":"sale","14":"taxable","15":"shipping-taxable","16":"purchasable","17":"product-type-variable","18":"has-default-attributes"},"uagb_featured_image_src":{"full":["https:\/\/alterlock.net\/wp-content\/uploads\/2022\/09\/product01.png",1600,1600,false],"thumbnail":["https:\/\/alterlock.net\/wp-content\/uploads\/2022\/09\/product01-150x150.png",150,150,true],"medium":["https:\/\/alterlock.net\/wp-content\/uploads\/2022\/09\/product01-300x300.png",300,300,true],"medium_large":["https:\/\/alterlock.net\/wp-content\/uploads\/2022\/09\/product01-768x768.png",768,768,true],"large":["https:\/\/alterlock.net\/wp-content\/uploads\/2022\/09\/product01-1024x1024.png",1024,1024,true],"1536x1536":["https:\/\/alterlock.net\/wp-content\/uploads\/2022\/09\/product01-1536x1536.png",1536,1536,true],"2048x2048":["https:\/\/alterlock.net\/wp-content\/uploads\/2022\/09\/product01.png",1600,1600,false],"woocommerce_thumbnail":["https:\/\/alterlock.net\/wp-content\/uploads\/2022\/09\/product01-300x300.png",300,300,true],"woocommerce_single":["https:\/\/alterlock.net\/wp-content\/uploads\/2022\/09\/product01-600x600.png",600,600,true],"woocommerce_gallery_thumbnail":["https:\/\/alterlock.net\/wp-content\/uploads\/2022\/09\/product01-100x100.png",100,100,true]},"uagb_author_info":{"display_name":"Site Manager","author_link":"https:\/\/alterlock.net\/it\/author"},"uagb_comment_info":204,"uagb_excerpt":"AlterLock \u00e8 un dispositivo di sicurezza con allarme e localizzazione GPS per biciclette. Consente di tenere sotto controllo la bicicletta a distanza e di ricevere una notifica sul telefono quando il dispositivo rileva un movimento mentre la bicicletta \u00e8 chiusa a chiave. Per ulteriori informazioni su questo prodotto, consultare qui. Costi di servizio si applicano&hellip;","_links":{"self":[{"href":"https:\/\/alterlock.net\/it\/wp-json\/wp\/v2\/product\/17310","targetHints":{"allow":["GET"]}}],"collection":[{"href":"https:\/\/alterlock.net\/it\/wp-json\/wp\/v2\/product"}],"about":[{"href":"https:\/\/alterlock.net\/it\/wp-json\/wp\/v2\/types\/product"}],"replies":[{"embeddable":true,"href":"https:\/\/alterlock.net\/it\/wp-json\/wp\/v2\/comments?post=17310"}],"wp:featuredmedia":[{"embeddable":true,"href":"https:\/\/alterlock.net\/it\/wp-json\/wp\/v2\/media\/873"}],"wp:attachment":[{"href":"https:\/\/alterlock.net\/it\/wp-json\/wp\/v2\/media?parent=17310"}],"wp:term":[{"taxonomy":"product_brand","embeddable":true,"href":"https:\/\/alterlock.net\/it\/wp-json\/wp\/v2\/product_brand?post=17310"},{"taxonomy":"product_cat","embeddable":true,"href":"https:\/\/alterlock.net\/it\/wp-json\/wp\/v2\/product_cat?post=17310"},{"taxonomy":"product_tag","embeddable":true,"href":"https:\/\/alterlock.net\/it\/wp-json\/wp\/v2\/product_tag?post=17310"}],"curies":[{"name":"wp","href":"https:\/\/api.w.org\/{rel}","templated":true}]}}