{"id":22467,"date":"2024-05-13T08:33:44","date_gmt":"2024-05-13T08:33:44","guid":{"rendered":"https:\/\/alterlock.net\/?post_type=product&#038;p=22467"},"modified":"2026-03-14T20:15:47","modified_gmt":"2026-03-14T20:15:47","slug":"al03gb","status":"publish","type":"product","link":"https:\/\/alterlock.net\/it\/product\/al03gb","title":{"rendered":"AlterLock Gen3"},"content":{"rendered":"\n<div class=\"wp-block-uagb-container uagb-block-15daed3d alignfull uagb-is-root-container\"><div class=\"uagb-container-inner-blocks-wrap\">\n<h3 class=\"wp-block-heading has-text-align-center\">Specifiche del prodotto<\/h3>\n\n\n\n<div class=\"wp-block-group is-layout-constrained wp-block-group-is-layout-constrained\">\n<figure class=\"wp-block-table no-vertical-line has-small-font-size\"><table class=\"has-border-color has-ast-global-color-3-border-color\"><tbody><tr><td>Nome del prodotto \/ Numero di modello<\/td><td>AlterLock Gen3 \/ AL03GB<\/td><\/tr><tr><td>Dimensioni dell&#8217;unit\u00e0 principale \/ Peso<\/td><td>Lunghezza: 167 mm Larghezza: 28 mm Spessore: 9 mm \/ 53 g *1<\/td><\/tr><tr><td>Batteria<\/td><td>Polimeri di litio \/ Fino a 3 mesi di autonomia *2<\/td><\/tr><tr><td>Porta di ricarica<\/td><td>USB Tipo-C *3<\/td><\/tr><tr><td>Temperatura di esercizio\/carica<\/td><td>-20 &#8211; 60\u00b0C \/ 0 &#8211; 45\u00b0C<\/td><\/tr><tr><td>Sistema di trasmissione<\/td><td>Corto raggio: Bluetooth, lungo raggio: LTE-M \/ NB-IoT *4<\/td><\/tr><tr><td>Sistema di posizionamento<\/td><td>GNSS (GPS \/ Galileo), Wi-Fi, stazioni base 4G<\/td><\/tr><tr><td>Sensore<\/td><td>Accelerometro a 3 assi<\/td><\/tr><tr><td>Allarme<\/td><td>Massimo 95dB *5<\/td><\/tr><tr><td>Resistenza all&#8217;acqua e alla polvere<\/td><td>IP66<\/td><\/tr><tr><td>Accessorio<\/td><td>Bullone di sicurezza, strumento di installazione, adesivo<\/td><\/tr><\/tbody><\/table><\/figure>\n\n\n\n<p class=\"has-small-font-size\">*1 Include i bulloni di sicurezza.<br\/>*2 Varia a seconda delle condizioni di utilizzo.<br\/>*3 Il cavo di ricarica non \u00e8 incluso.<br\/>*4 Il metodo di trasmissione a lungo raggio cambia automaticamente a seconda della regione utilizzata.<br\/>*5 Misurato a una distanza di 10 cm dal prodotto.<\/p>\n<\/div>\n\n\n\n<div class=\"wp-block-group is-layout-constrained wp-block-group-is-layout-constrained\">\n<p class=\"has-text-align-center\">AlterLock Gen3 \u00e8 disponibile nei seguenti paesi<\/p>\n\n\n\n<p class=\"has-text-align-center\" style=\"font-size:14px\">Giappone, Australia, Belgio, Croazia, Repubblica Ceca, Danimarca, Estonia, Finlandia, Francia, Germania, Lettonia, Lussemburgo, Paesi Bassi, Norvegia, Romania, Repubblica Slovacca, Slovenia, Spagna, Svezia, Stati Uniti.<\/p>\n\n\n\n<p class=\"has-text-align-center\" style=\"font-size:12px\">*Nel Regno Unito, in Irlanda, in Italia e in Canada, a causa di problemi di connettivit\u00e0 con i provider di comunicazione, il dispositivo \u00e8 stato temporaneamente rimosso dall&#8217;area di comunicazione.<\/p>\n<\/div>\n\n\n\n<div class=\"wp-block-group is-layout-constrained wp-block-group-is-layout-constrained\">\n<h2 class=\"wp-block-heading has-text-align-center\">DOMANDE FREQUENTI<\/h2>\n\n\n<div class=\"wp-block-uagb-faq uagb-faq__outer-wrap uagb-block-e056e7b3 uagb-faq-icon-row uagb-faq-layout-accordion uagb-faq-expand-first-false uagb-faq-inactive-other-true uagb-faq__wrap uagb-buttons-layout-wrap uagb-faq-equal-height     \" data-faqtoggle=\"true\" role=\"tablist\"><script type=\"application\/ld+json\">{\"@context\":\"https:\\\/\\\/schema.org\",\"@type\":\"FAQPage\",\"@id\":\"https:\\\/\\\/alterlock.net\\\/it\\\/product\\\/al03gb\",\"mainEntity\":[{\"@type\":\"Question\",\"name\":\"AlterLock pu\\u00f2 essere installato su qualsiasi bicicletta?\",\"acceptedAnswer\":{\"@type\":\"Answer\",\"text\":\"Pu\\u00f2 essere agganciato alla maggior parte delle biciclette sportive standard utilizzando l'attacco per il portaborraccia o in combinazione con il portaborraccia esistente.\"}},{\"@type\":\"Question\",\"name\":\"Pu\\u00f2 essere utilizzato su una moto?\",\"acceptedAnswer\":{\"@type\":\"Answer\",\"text\":\"Molti utenti utilizzano AlterLock anche sulle moto. Dovrebbe essere conservato sotto un sedile chiuso a chiave o in un altro luogo lontano dalle alte temperature.\"}},{\"@type\":\"Question\",\"name\":\"Possono essere rimossi facilmente?\",\"acceptedAnswer\":{\"@type\":\"Answer\",\"text\":\"Sono inclusi un bullone di sicurezza e uno strumento di installazione che rendono difficile la rimozione con i normali strumenti. Inoltre, se si tenta di rimuovere il dispositivo mentre \\u00e8 in modalit\\u00e0 di blocco, il dispositivo rilever\\u00e0 il movimento ed emetter\\u00e0 un forte allarme per scoraggiare il furto e avvisare il telefono per sollecitare il tuo intervento.\"}},{\"@type\":\"Question\",\"name\":\"Pu\\u00f2 sostituire un lucchetto fisico?\",\"acceptedAnswer\":{\"@type\":\"Answer\",\"text\":\"AlterLock non \\u00e8 un blocco fisico. Per aumentare la sicurezza, ti consigliamo di utilizzare un lucchetto a filo o un altro lucchetto fisico insieme ad AlterLock.\"}},{\"@type\":\"Question\",\"name\":\"Che differenza c'\\u00e8 con i tracker Bluetooth come AirTag?\",\"acceptedAnswer\":{\"@type\":\"Answer\",\"text\":\"I tracker basati sul Bluetooth sono stati pensati principalmente per evitare la perdita di oggetti portatili. Trasmettono informazioni sulla posizione quando uno smartphone si trova nelle vicinanze, ma non sono adatti a tracciare veicoli in movimento.<br>AlterLock ha una capacit\\u00e0 di comunicazione autonoma e supporta il posizionamento GPS\\\/Wi-Fi, quindi pu\\u00f2 essere tracciato ovunque.\"}},{\"@type\":\"Question\",\"name\":\"Posso controllare la posizione del dispositivo in qualsiasi momento?\",\"acceptedAnswer\":{\"@type\":\"Answer\",\"text\":\"AlterLock \\u00e8 un dispositivo di prevenzione dei furti e non funziona come un localizzatore GPS in tempo reale che mostra le informazioni sulla posizione in ogni momento. Inviando i dati sulla posizione solo quando rileva un movimento durante lo stato di blocco, \\u00e8 possibile ridurre il consumo di energia e seguire il percorso a lungo termine per favorire il recupero.\"}},{\"@type\":\"Question\",\"name\":\"\\u00c8 possibile regolare il suono dell'allarme e la sensibilit\\u00e0 di rilevamento?\",\"acceptedAnswer\":{\"@type\":\"Answer\",\"text\":\"\\u00c8 possibile scegliere tra 3 tipi di suono di allarme, accensione e spegnimento, durata dell'allarme e numero di allarmi consentiti. La sensibilit\\u00e0 di rilevamento pu\\u00f2 essere regolata su tre livelli.\"}}]}<\/script><div class=\"wp-block-uagb-faq-child uagb-faq-child__outer-wrap uagb-faq-item uagb-block-9500679f \" role=\"tab\" tabindex=\"0\"><div class=\"uagb-faq-questions-button uagb-faq-questions\">\t\t\t<span class=\"uagb-icon uagb-faq-icon-wrap\">\n\t\t\t\t\t\t\t\t<svg xmlns=\"https:\/\/www.w3.org\/2000\/svg\" viewBox= \"0 0 448 512\"><path d=\"M432 256c0 17.69-14.33 32.01-32 32.01H256v144c0 17.69-14.33 31.99-32 31.99s-32-14.3-32-31.99v-144H48c-17.67 0-32-14.32-32-32.01s14.33-31.99 32-31.99H192v-144c0-17.69 14.33-32.01 32-32.01s32 14.32 32 32.01v144h144C417.7 224 432 238.3 432 256z\"><\/path><\/svg>\n\t\t\t\t\t\t\t<\/span>\n\t\t\t\t\t\t<span class=\"uagb-icon-active uagb-faq-icon-wrap\">\n\t\t\t\t\t\t\t\t<svg xmlns=\"https:\/\/www.w3.org\/2000\/svg\" viewBox= \"0 0 448 512\"><path d=\"M400 288h-352c-17.69 0-32-14.32-32-32.01s14.31-31.99 32-31.99h352c17.69 0 32 14.3 32 31.99S417.7 288 400 288z\"><\/path><\/svg>\n\t\t\t\t\t\t\t<\/span>\n\t\t\t<span class=\"uagb-question\">AlterLock pu\u00f2 essere installato su qualsiasi bicicletta?<\/span><\/div><div class=\"uagb-faq-content\"><p>Pu\u00f2 essere agganciato alla maggior parte delle biciclette sportive standard utilizzando l&#8217;attacco per il portaborraccia o in combinazione con il portaborraccia esistente.<\/p><\/div><\/div><div class=\"wp-block-uagb-faq-child uagb-faq-child__outer-wrap uagb-faq-item uagb-block-cd41dc23 \" role=\"tab\" tabindex=\"0\"><div class=\"uagb-faq-questions-button uagb-faq-questions\">\t\t\t<span class=\"uagb-icon uagb-faq-icon-wrap\">\n\t\t\t\t\t\t\t\t<svg xmlns=\"https:\/\/www.w3.org\/2000\/svg\" viewBox= \"0 0 448 512\"><path d=\"M432 256c0 17.69-14.33 32.01-32 32.01H256v144c0 17.69-14.33 31.99-32 31.99s-32-14.3-32-31.99v-144H48c-17.67 0-32-14.32-32-32.01s14.33-31.99 32-31.99H192v-144c0-17.69 14.33-32.01 32-32.01s32 14.32 32 32.01v144h144C417.7 224 432 238.3 432 256z\"><\/path><\/svg>\n\t\t\t\t\t\t\t<\/span>\n\t\t\t\t\t\t<span class=\"uagb-icon-active uagb-faq-icon-wrap\">\n\t\t\t\t\t\t\t\t<svg xmlns=\"https:\/\/www.w3.org\/2000\/svg\" viewBox= \"0 0 448 512\"><path d=\"M400 288h-352c-17.69 0-32-14.32-32-32.01s14.31-31.99 32-31.99h352c17.69 0 32 14.3 32 31.99S417.7 288 400 288z\"><\/path><\/svg>\n\t\t\t\t\t\t\t<\/span>\n\t\t\t<span class=\"uagb-question\">Pu\u00f2 essere utilizzato su una moto?<\/span><\/div><div class=\"uagb-faq-content\"><p>Molti utenti utilizzano AlterLock anche sulle moto. Dovrebbe essere conservato sotto un sedile chiuso a chiave o in un altro luogo lontano dalle alte temperature.<\/p><\/div><\/div><div class=\"wp-block-uagb-faq-child uagb-faq-child__outer-wrap uagb-faq-item uagb-block-87974ae9 \" role=\"tab\" tabindex=\"0\"><div class=\"uagb-faq-questions-button uagb-faq-questions\">\t\t\t<span class=\"uagb-icon uagb-faq-icon-wrap\">\n\t\t\t\t\t\t\t\t<svg xmlns=\"https:\/\/www.w3.org\/2000\/svg\" viewBox= \"0 0 448 512\"><path d=\"M432 256c0 17.69-14.33 32.01-32 32.01H256v144c0 17.69-14.33 31.99-32 31.99s-32-14.3-32-31.99v-144H48c-17.67 0-32-14.32-32-32.01s14.33-31.99 32-31.99H192v-144c0-17.69 14.33-32.01 32-32.01s32 14.32 32 32.01v144h144C417.7 224 432 238.3 432 256z\"><\/path><\/svg>\n\t\t\t\t\t\t\t<\/span>\n\t\t\t\t\t\t<span class=\"uagb-icon-active uagb-faq-icon-wrap\">\n\t\t\t\t\t\t\t\t<svg xmlns=\"https:\/\/www.w3.org\/2000\/svg\" viewBox= \"0 0 448 512\"><path d=\"M400 288h-352c-17.69 0-32-14.32-32-32.01s14.31-31.99 32-31.99h352c17.69 0 32 14.3 32 31.99S417.7 288 400 288z\"><\/path><\/svg>\n\t\t\t\t\t\t\t<\/span>\n\t\t\t<span class=\"uagb-question\">Possono essere rimossi facilmente?<\/span><\/div><div class=\"uagb-faq-content\"><p>Sono inclusi un bullone di sicurezza e uno strumento di installazione che rendono difficile la rimozione con i normali strumenti. Inoltre, se si tenta di rimuovere il dispositivo mentre \u00e8 in modalit\u00e0 di blocco, il dispositivo rilever\u00e0 il movimento ed emetter\u00e0 un forte allarme per scoraggiare il furto e avvisare il telefono per sollecitare il tuo intervento.<\/p><\/div><\/div><div class=\"wp-block-uagb-faq-child uagb-faq-child__outer-wrap uagb-faq-item uagb-block-d63640f3 \" role=\"tab\" tabindex=\"0\"><div class=\"uagb-faq-questions-button uagb-faq-questions\">\t\t\t<span class=\"uagb-icon uagb-faq-icon-wrap\">\n\t\t\t\t\t\t\t\t<svg xmlns=\"https:\/\/www.w3.org\/2000\/svg\" viewBox= \"0 0 448 512\"><path d=\"M432 256c0 17.69-14.33 32.01-32 32.01H256v144c0 17.69-14.33 31.99-32 31.99s-32-14.3-32-31.99v-144H48c-17.67 0-32-14.32-32-32.01s14.33-31.99 32-31.99H192v-144c0-17.69 14.33-32.01 32-32.01s32 14.32 32 32.01v144h144C417.7 224 432 238.3 432 256z\"><\/path><\/svg>\n\t\t\t\t\t\t\t<\/span>\n\t\t\t\t\t\t<span class=\"uagb-icon-active uagb-faq-icon-wrap\">\n\t\t\t\t\t\t\t\t<svg xmlns=\"https:\/\/www.w3.org\/2000\/svg\" viewBox= \"0 0 448 512\"><path d=\"M400 288h-352c-17.69 0-32-14.32-32-32.01s14.31-31.99 32-31.99h352c17.69 0 32 14.3 32 31.99S417.7 288 400 288z\"><\/path><\/svg>\n\t\t\t\t\t\t\t<\/span>\n\t\t\t<span class=\"uagb-question\">Pu\u00f2 sostituire un lucchetto fisico?<\/span><\/div><div class=\"uagb-faq-content\"><p>AlterLock non \u00e8 un blocco fisico. Per aumentare la sicurezza, ti consigliamo di utilizzare un lucchetto a filo o un altro lucchetto fisico insieme ad AlterLock.<\/p><\/div><\/div><div class=\"wp-block-uagb-faq-child uagb-faq-child__outer-wrap uagb-faq-item uagb-block-9a190a52 \" role=\"tab\" tabindex=\"0\"><div class=\"uagb-faq-questions-button uagb-faq-questions\">\t\t\t<span class=\"uagb-icon uagb-faq-icon-wrap\">\n\t\t\t\t\t\t\t\t<svg xmlns=\"https:\/\/www.w3.org\/2000\/svg\" viewBox= \"0 0 448 512\"><path d=\"M432 256c0 17.69-14.33 32.01-32 32.01H256v144c0 17.69-14.33 31.99-32 31.99s-32-14.3-32-31.99v-144H48c-17.67 0-32-14.32-32-32.01s14.33-31.99 32-31.99H192v-144c0-17.69 14.33-32.01 32-32.01s32 14.32 32 32.01v144h144C417.7 224 432 238.3 432 256z\"><\/path><\/svg>\n\t\t\t\t\t\t\t<\/span>\n\t\t\t\t\t\t<span class=\"uagb-icon-active uagb-faq-icon-wrap\">\n\t\t\t\t\t\t\t\t<svg xmlns=\"https:\/\/www.w3.org\/2000\/svg\" viewBox= \"0 0 448 512\"><path d=\"M400 288h-352c-17.69 0-32-14.32-32-32.01s14.31-31.99 32-31.99h352c17.69 0 32 14.3 32 31.99S417.7 288 400 288z\"><\/path><\/svg>\n\t\t\t\t\t\t\t<\/span>\n\t\t\t<span class=\"uagb-question\">Che differenza c&#8217;\u00e8 con i tracker Bluetooth come AirTag?<\/span><\/div><div class=\"uagb-faq-content\"><p>I tracker basati sul Bluetooth sono stati pensati principalmente per evitare la perdita di oggetti portatili. Trasmettono informazioni sulla posizione quando uno smartphone si trova nelle vicinanze, ma non sono adatti a tracciare veicoli in movimento.<br>AlterLock ha una capacit\u00e0 di comunicazione autonoma e supporta il posizionamento GPS\/Wi-Fi, quindi pu\u00f2 essere tracciato ovunque.<\/p><\/div><\/div><div class=\"wp-block-uagb-faq-child uagb-faq-child__outer-wrap uagb-faq-item uagb-block-4b9aad92 \" role=\"tab\" tabindex=\"0\"><div class=\"uagb-faq-questions-button uagb-faq-questions\">\t\t\t<span class=\"uagb-icon uagb-faq-icon-wrap\">\n\t\t\t\t\t\t\t\t<svg xmlns=\"https:\/\/www.w3.org\/2000\/svg\" viewBox= \"0 0 448 512\"><path d=\"M432 256c0 17.69-14.33 32.01-32 32.01H256v144c0 17.69-14.33 31.99-32 31.99s-32-14.3-32-31.99v-144H48c-17.67 0-32-14.32-32-32.01s14.33-31.99 32-31.99H192v-144c0-17.69 14.33-32.01 32-32.01s32 14.32 32 32.01v144h144C417.7 224 432 238.3 432 256z\"><\/path><\/svg>\n\t\t\t\t\t\t\t<\/span>\n\t\t\t\t\t\t<span class=\"uagb-icon-active uagb-faq-icon-wrap\">\n\t\t\t\t\t\t\t\t<svg xmlns=\"https:\/\/www.w3.org\/2000\/svg\" viewBox= \"0 0 448 512\"><path d=\"M400 288h-352c-17.69 0-32-14.32-32-32.01s14.31-31.99 32-31.99h352c17.69 0 32 14.3 32 31.99S417.7 288 400 288z\"><\/path><\/svg>\n\t\t\t\t\t\t\t<\/span>\n\t\t\t<span class=\"uagb-question\">Posso controllare la posizione del dispositivo in qualsiasi momento?<\/span><\/div><div class=\"uagb-faq-content\"><p>AlterLock \u00e8 un dispositivo di prevenzione dei furti e non funziona come un localizzatore GPS in tempo reale che mostra le informazioni sulla posizione in ogni momento. Inviando i dati sulla posizione solo quando rileva un movimento durante lo stato di blocco, \u00e8 possibile ridurre il consumo di energia e seguire il percorso a lungo termine per favorire il recupero.<\/p><\/div><\/div><div class=\"wp-block-uagb-faq-child uagb-faq-child__outer-wrap uagb-faq-item uagb-block-94cc50c7 \" role=\"tab\" tabindex=\"0\"><div class=\"uagb-faq-questions-button uagb-faq-questions\">\t\t\t<span class=\"uagb-icon uagb-faq-icon-wrap\">\n\t\t\t\t\t\t\t\t<svg xmlns=\"https:\/\/www.w3.org\/2000\/svg\" viewBox= \"0 0 448 512\"><path d=\"M432 256c0 17.69-14.33 32.01-32 32.01H256v144c0 17.69-14.33 31.99-32 31.99s-32-14.3-32-31.99v-144H48c-17.67 0-32-14.32-32-32.01s14.33-31.99 32-31.99H192v-144c0-17.69 14.33-32.01 32-32.01s32 14.32 32 32.01v144h144C417.7 224 432 238.3 432 256z\"><\/path><\/svg>\n\t\t\t\t\t\t\t<\/span>\n\t\t\t\t\t\t<span class=\"uagb-icon-active uagb-faq-icon-wrap\">\n\t\t\t\t\t\t\t\t<svg xmlns=\"https:\/\/www.w3.org\/2000\/svg\" viewBox= \"0 0 448 512\"><path d=\"M400 288h-352c-17.69 0-32-14.32-32-32.01s14.31-31.99 32-31.99h352c17.69 0 32 14.3 32 31.99S417.7 288 400 288z\"><\/path><\/svg>\n\t\t\t\t\t\t\t<\/span>\n\t\t\t<span class=\"uagb-question\">\u00c8 possibile regolare il suono dell&#8217;allarme e la sensibilit\u00e0 di rilevamento?<\/span><\/div><div class=\"uagb-faq-content\"><p>\u00c8 possibile scegliere tra 3 tipi di suono di allarme, accensione e spegnimento, durata dell&#8217;allarme e numero di allarmi consentiti. La sensibilit\u00e0 di rilevamento pu\u00f2 essere regolata su tre livelli.<\/p><\/div><\/div><\/div><\/div>\n<\/div><\/div>\n\n<p><\/p>\n","protected":false},"excerpt":{"rendered":"<hr>\n<p>AlterLock si \u00e8 evoluta ulteriormente. Abbiamo mantenuto il concetto di allarme di rilevamento del movimento e le funzioni di tracciamento, migliorando al contempo l&#8217;area di trasmissione, le prestazioni di tracciamento del dispositivo, la durata e il tempo di attivit\u00e0.  Pensando ai ciclisti, abbiamo modernizzato la funzionalit\u00e0 in ogni modo possibile. L&#8217;avanzato sistema AlterLock Gen3 rafforza il senso di sicurezza e amplifica il piacere di guida a un nuovo livello. Per maggiori informazioni su questo prodotto, visita <a href=\"https:\/\/alterlock.net\/it\/how-gen3-works\">questa pagina<\/a>.<\/p>\n<h3>Contratto di assistenza<\/h3>\n<p>Per utilizzare la trasmissione dei dati e le altre funzioni del dispositivo AlterLock Gen3 \u00e8 necessario un contratto di assistenza.<\/p>\n<ul>\n<li>Notifica di Bluetooth fuori portata, tracciamento della posizione<\/li>\n<li>Ottenere informazioni sulla posizione attraverso la trasmissione periodica<\/li>\n<li>Rilevamento di un incidente e notifica via SMS ai contatti di emergenza<\/li>\n<li>Gestisci fino a 3 dispositivi con un solo account di servizio senza costi aggiuntivi<\/li>\n<\/ul>\n<p>Consulta <a href=\"https:\/\/alterlock.net\/it\/service-description\">questa pagina<\/a> per conoscere il contratto di assistenza.<\/p>\n<h3>Spese di spedizione e movimentazione<\/h3>\n<p>Le spese di spedizione saranno evidenziate al momento del pagamento. Le spedizioni verso l&#8217;Europa vengono effettuate dal nostro magazzino internazionale. <strong>L&#8217;IVA UE non \u00e8 inclusa nel prezzo del prodotto. Al momento della consegna potrebbero essere applicati sdoganamento, dazi e tasse, a seconda delle leggi e dei regolamenti del tuo paese di residenza.<\/strong> <\/p>\n<p><span data-teams=\"true\">Se la consegna non viene portata a termine per motivi imputabili al destinatario (ad esempio, il rifiuto di pagare dazi, tasse e altri oneri imposti dal governo), accetteremo i resi e rimborseremo il prezzo d&#8217;acquisto meno le spese di spedizione e di ritorno.<\/span><\/p>\n","protected":false},"featured_media":20754,"comment_status":"open","ping_status":"closed","template":"","meta":{"_seopress_robots_primary_cat":"none","_seopress_titles_title":"AlterLock Official Store | Motion Detection Alarm & GPS Tracking Device","_seopress_titles_desc":"","_seopress_robots_index":"","_uag_custom_page_level_css":"","site-sidebar-layout":"default","site-content-layout":"","ast-site-content-layout":"default","site-content-style":"default","site-sidebar-style":"default","ast-global-header-display":"","ast-banner-title-visibility":"","ast-main-header-display":"","ast-hfb-above-header-display":"","ast-hfb-below-header-display":"","ast-hfb-mobile-header-display":"","site-post-title":"","ast-breadcrumbs-content":"","ast-featured-img":"","footer-sml-layout":"","ast-disable-related-posts":"","theme-transparent-header-meta":"default","adv-header-id-meta":"","stick-header-meta":"","header-above-stick-meta":"","header-main-stick-meta":"","header-below-stick-meta":"","astra-migrate-meta-layouts":"set","ast-page-background-enabled":"default","ast-page-background-meta":{"desktop":{"background-color":"var(--ast-global-color-4)","background-image":"","background-repeat":"repeat","background-position":"center center","background-size":"auto","background-attachment":"scroll","background-type":"","background-media":"","overlay-type":"","overlay-color":"","overlay-opacity":"","overlay-gradient":""},"tablet":{"background-color":"","background-image":"","background-repeat":"repeat","background-position":"center center","background-size":"auto","background-attachment":"scroll","background-type":"","background-media":"","overlay-type":"","overlay-color":"","overlay-opacity":"","overlay-gradient":""},"mobile":{"background-color":"","background-image":"","background-repeat":"repeat","background-position":"center center","background-size":"auto","background-attachment":"scroll","background-type":"","background-media":"","overlay-type":"","overlay-color":"","overlay-opacity":"","overlay-gradient":""}},"ast-content-background-meta":{"desktop":{"background-color":"var(--ast-global-color-5)","background-image":"","background-repeat":"repeat","background-position":"center center","background-size":"auto","background-attachment":"scroll","background-type":"","background-media":"","overlay-type":"","overlay-color":"","overlay-opacity":"","overlay-gradient":""},"tablet":{"background-color":"var(--ast-global-color-5)","background-image":"","background-repeat":"repeat","background-position":"center center","background-size":"auto","background-attachment":"scroll","background-type":"","background-media":"","overlay-type":"","overlay-color":"","overlay-opacity":"","overlay-gradient":""},"mobile":{"background-color":"var(--ast-global-color-5)","background-image":"","background-repeat":"repeat","background-position":"center center","background-size":"auto","background-attachment":"scroll","background-type":"","background-media":"","overlay-type":"","overlay-color":"","overlay-opacity":"","overlay-gradient":""}}},"product_brand":[],"product_cat":[148],"product_tag":[],"class_list":{"0":"post-22467","1":"product","2":"type-product","3":"status-publish","4":"has-post-thumbnail","6":"product_cat-anti-theft-devices-it","7":"product_shipping_class-gen3-it","8":"desktop-align-left","9":"tablet-align-left","10":"mobile-align-left","12":"first","13":"instock","14":"taxable","15":"shipping-taxable","16":"purchasable","17":"product-type-simple"},"uagb_featured_image_src":{"full":["https:\/\/alterlock.net\/wp-content\/uploads\/2024\/03\/gen3-product-image11.jpg",1600,1600,false],"thumbnail":["https:\/\/alterlock.net\/wp-content\/uploads\/2024\/03\/gen3-product-image11-150x150.jpg",150,150,true],"medium":["https:\/\/alterlock.net\/wp-content\/uploads\/2024\/03\/gen3-product-image11-300x300.jpg",300,300,true],"medium_large":["https:\/\/alterlock.net\/wp-content\/uploads\/2024\/03\/gen3-product-image11-768x768.jpg",768,768,true],"large":["https:\/\/alterlock.net\/wp-content\/uploads\/2024\/03\/gen3-product-image11-1024x1024.jpg",1024,1024,true],"1536x1536":["https:\/\/alterlock.net\/wp-content\/uploads\/2024\/03\/gen3-product-image11-1536x1536.jpg",1536,1536,true],"2048x2048":["https:\/\/alterlock.net\/wp-content\/uploads\/2024\/03\/gen3-product-image11.jpg",1600,1600,false],"woocommerce_thumbnail":["https:\/\/alterlock.net\/wp-content\/uploads\/2024\/03\/gen3-product-image11-300x300.jpg",300,300,true],"woocommerce_single":["https:\/\/alterlock.net\/wp-content\/uploads\/2024\/03\/gen3-product-image11-600x600.jpg",600,600,true],"woocommerce_gallery_thumbnail":["https:\/\/alterlock.net\/wp-content\/uploads\/2024\/03\/gen3-product-image11-100x100.jpg",100,100,true]},"uagb_author_info":{"display_name":"Site Manager","author_link":"https:\/\/alterlock.net\/it\/author"},"uagb_comment_info":166,"uagb_excerpt":"AlterLock si \u00e8 evoluta ulteriormente. Abbiamo mantenuto il concetto di allarme di rilevamento del movimento e le funzioni di tracciamento, migliorando al contempo l'area di trasmissione, le prestazioni di tracciamento del dispositivo, la durata e il tempo di attivit\u00e0. Pensando ai ciclisti, abbiamo modernizzato la funzionalit\u00e0 in ogni modo possibile. L'avanzato sistema AlterLock Gen3 rafforza&hellip;","_links":{"self":[{"href":"https:\/\/alterlock.net\/it\/wp-json\/wp\/v2\/product\/22467","targetHints":{"allow":["GET"]}}],"collection":[{"href":"https:\/\/alterlock.net\/it\/wp-json\/wp\/v2\/product"}],"about":[{"href":"https:\/\/alterlock.net\/it\/wp-json\/wp\/v2\/types\/product"}],"replies":[{"embeddable":true,"href":"https:\/\/alterlock.net\/it\/wp-json\/wp\/v2\/comments?post=22467"}],"wp:featuredmedia":[{"embeddable":true,"href":"https:\/\/alterlock.net\/it\/wp-json\/wp\/v2\/media\/20754"}],"wp:attachment":[{"href":"https:\/\/alterlock.net\/it\/wp-json\/wp\/v2\/media?parent=22467"}],"wp:term":[{"taxonomy":"product_brand","embeddable":true,"href":"https:\/\/alterlock.net\/it\/wp-json\/wp\/v2\/product_brand?post=22467"},{"taxonomy":"product_cat","embeddable":true,"href":"https:\/\/alterlock.net\/it\/wp-json\/wp\/v2\/product_cat?post=22467"},{"taxonomy":"product_tag","embeddable":true,"href":"https:\/\/alterlock.net\/it\/wp-json\/wp\/v2\/product_tag?post=22467"}],"curies":[{"name":"wp","href":"https:\/\/api.w.org\/{rel}","templated":true}]}}